{"id":83,"date":"2016-03-25T13:07:04","date_gmt":"2016-03-25T13:07:04","guid":{"rendered":"http:\/\/stockholm12.select-themes.com\/?page_id=83"},"modified":"2017-01-11T09:35:30","modified_gmt":"2017-01-11T09:35:30","slug":"villkor","status":"publish","type":"page","link":"http:\/\/ww2.elsnordic.com\/bramhultsjuice\/villkor\/","title":{"rendered":"Villkor"},"content":{"rendered":"<p>[vc_row row_type=&#8221;row&#8221; use_row_as_full_screen_section=&#8221;no&#8221; type=&#8221;grid&#8221; text_align=&#8221;left&#8221; background_color=&#8221;#f5f3ea&#8221; padding_bottom=&#8221;100&#8243; css_animation=&#8221;&#8221;][vc_column width=&#8221;5\/6&#8243; offset=&#8221;vc_col-sm-offset-1&#8243;][vc_empty_space height=&#8221;60px&#8221;]<div class=\"q_icon_list\"><i class=\"fa fa-circle normal_icon_list  \" style=\"color:#125938;\"><\/i><p class=\"normal_icon_list \" style=\"\">L\u00e4s igenom erbjudandet och villkor noggrant innan anv\u00e4ndandet. Erbjudandet g\u00e4ller endast f\u00f6r de villkor som anges.<\/p><\/div><div class=\"q_icon_list\"><i class=\"fa fa-circle normal_icon_list  \" style=\"color:#125938;\"><\/i><p class=\"normal_icon_list \" style=\"\">Dina samlade korkar fr\u00e5n Br\u00e4mhult ska vara datumst\u00e4mplade med 01-01-2017 eller senare.<\/p><\/div><div class=\"q_icon_list\"><i class=\"fa fa-circle normal_icon_list  \" style=\"color:#125938;\"><\/i><p class=\"normal_icon_list \" style=\"\">Kampanjen g\u00e4ller f\u00f6r glasen Essence 2-pack, 35 cl fr\u00e5n Iittala (v\u00e4rde 298kr\/2-pack). Du kan erh\u00e5lla dessa glas vid ink\u00f6p av 5 valfria Br\u00e4mhult produkter. <\/p><\/div><div class=\"q_icon_list\"><i class=\"fa fa-circle normal_icon_list  \" style=\"color:#125938;\"><\/i><p class=\"normal_icon_list \" style=\"\">Erbjudandet g\u00e4ller 1 g\u00e5ng per hush\u00e5ll.<\/p><\/div><div class=\"q_icon_list\"><i class=\"fa fa-circle normal_icon_list  \" style=\"color:#125938;\"><\/i><p class=\"normal_icon_list \" style=\"\">Senast datum f\u00f6r registrering av uppgifter \u00e4r den 27 mars 2017. Kampanjbeviset och de samlade korkarna m\u00e5ste vara ELS tillhanda senast den 10 april 2017 och erh\u00e5llen v\u00e4rdekod ska anv\u00e4ndas senast den 24 april 2017 hos CDON.COM. Efter detta datum f\u00f6rfaller v\u00e4rdekoden och g\u00e5r ej att anv\u00e4nda l\u00e4ngre, dvs det g\u00e5r ej att f\u00e5 glasen efter v\u00e4rdekodens f\u00f6rfallodatum.<\/p><\/div><div class=\"q_icon_list\"><i class=\"fa fa-circle normal_icon_list  \" style=\"color:#125938;\"><\/i><p class=\"normal_icon_list \" style=\"\">Kampanjen innefattar ett begr\u00e4nsat antal glas och erbjudandet g\u00e4ller s\u00e5 l\u00e5ngt lagret r\u00e4cker. Observera att glasen kan ta slut innan sista registreringsdatum. Har ni registrerat er \u00e4r ni ber\u00e4ttigade glas.<\/p><\/div><div class=\"q_icon_list\"><i class=\"fa fa-circle normal_icon_list  \" style=\"color:#125938;\"><\/i><p class=\"normal_icon_list \" style=\"\">Vid best\u00e4llning av glasen tillkommer en avgift f\u00f6r frakt och hantering p\u00e5 49 kr. G\u00e4ller endast leverans inom Sverige.<\/p><\/div><div class=\"q_icon_list\"><i class=\"fa fa-circle normal_icon_list  \" style=\"color:#125938;\"><\/i><p class=\"normal_icon_list \" style=\"\">V\u00e4rdekoden kan aldrig l\u00f6sas in eller bytas mot n\u00e5gon form av pengar och ej heller ges bort eller s\u00e4ljas vidare. Kopierad, manipulerad eller defekt kod accepteras ej och stulen eller f\u00f6rlorad s\u00e5dan ers\u00e4tts ej.<\/p><\/div><div class=\"q_icon_list\"><i class=\"fa fa-circle normal_icon_list  \" style=\"color:#125938;\"><\/i><p class=\"normal_icon_list \" style=\"\">F\u00f6r att anv\u00e4nda erbjudandet, ska innehavaren av v\u00e4rdekoden vara \u00f6ver 18 \u00e5r.<\/p><\/div><div class=\"q_icon_list\"><i class=\"fa fa-circle normal_icon_list  \" style=\"color:#125938;\"><\/i><p class=\"normal_icon_list \" style=\"\">Vid eventuella tveksamheter ang\u00e5ende vad som omfattas av erbjudandet, villkor och dylikt, \u00e5ligger det alltid kunden\/innehavaren av v\u00e4rdekoden att kontrollera vad som g\u00e4ller innan anv\u00e4ndande. Om villkoren och reglerna som anges h\u00e4r ej f\u00f6ljs eller missbrukas, har ni ej n\u00e5gon r\u00e4tt att anv\u00e4nda angivet erbjudande<\/p><\/div><div class=\"q_icon_list\"><i class=\"fa fa-circle normal_icon_list  \" style=\"color:#125938;\"><\/i><p class=\"normal_icon_list \" style=\"\">European Loyalty Systems AB och Br\u00e4mhult reserverar sig f\u00f6r felaktig information och \u00e4r ej ansvariga f\u00f6r f\u00f6rsvunna eller felskickade mail eller bortkommen post med samlade korkar. European Loyalty Systems AB och Br\u00e4mhult ansvarar inte f\u00f6r tryckfel eller skada p.g.a. force majeure s\u00e5som brand, olycksfall, strejk eller dylikt.<\/p><\/div><div class=\"q_icon_list\"><i class=\"fa fa-circle normal_icon_list  \" style=\"color:#125938;\"><\/i><p class=\"normal_icon_list \" style=\"\">Genom att registrera dina uppgifter har du ocks\u00e5 accepterat villkoren som n\u00e4mns h\u00e4r. Villkoren i kampanjen kan \u00e4ven \u00e4ndras utan f\u00f6rvarning.<\/p><\/div><div class=\"q_icon_list\"><i class=\"fa fa-circle normal_icon_list  \" style=\"color:#125938;\"><\/i><p class=\"normal_icon_list \" style=\"\">Fr\u00e5gor som r\u00f6r sj\u00e4lva leveransen av glasen, dvs efter best\u00e4llning, st\u00e4lls direkt till CDON.COM. Alla \u00f6vriga fr\u00e5gor och synpunkter r\u00f6rande denna kampanj st\u00e4lls till European Loyalty Systems AB, tel kundservice 031-742 55 66 eller e-post info@elssverige.se.<\/p><\/div>[\/vc_column][\/vc_row]<\/p>\n","protected":false},"excerpt":{"rendered":"<p>[vc_row row_type=&#8221;row&#8221; use_row_as_full_screen_section=&#8221;no&#8221; type=&#8221;grid&#8221; text_align=&#8221;left&#8221; background_color=&#8221;#f5f3ea&#8221; padding_bottom=&#8221;100&#8243; css_animation=&#8221;&#8221;][vc_column width=&#8221;5\/6&#8243; offset=&#8221;vc_col-sm-offset-1&#8243;][vc_empty_space height=&#8221;60px&#8221;][\/vc_column][\/vc_row]<\/p>\n","protected":false},"author":10,"featured_media":0,"parent":0,"menu_order":0,"comment_status":"closed","ping_status":"closed","template":"full_width.php","meta":[],"_links":{"self":[{"href":"http:\/\/ww2.elsnordic.com\/bramhultsjuice\/wp-json\/wp\/v2\/pages\/83"}],"collection":[{"href":"http:\/\/ww2.elsnordic.com\/bramhultsjuice\/wp-json\/wp\/v2\/pages"}],"about":[{"href":"http:\/\/ww2.elsnordic.com\/bramhultsjuice\/wp-json\/wp\/v2\/types\/page"}],"author":[{"embeddable":true,"href":"http:\/\/ww2.elsnordic.com\/bramhultsjuice\/wp-json\/wp\/v2\/users\/10"}],"replies":[{"embeddable":true,"href":"http:\/\/ww2.elsnordic.com\/bramhultsjuice\/wp-json\/wp\/v2\/comments?post=83"}],"version-history":[{"count":4,"href":"http:\/\/ww2.elsnordic.com\/bramhultsjuice\/wp-json\/wp\/v2\/pages\/83\/revisions"}],"predecessor-version":[{"id":440,"href":"http:\/\/ww2.elsnordic.com\/bramhultsjuice\/wp-json\/wp\/v2\/pages\/83\/revisions\/440"}],"wp:attachment":[{"href":"http:\/\/ww2.elsnordic.com\/bramhultsjuice\/wp-json\/wp\/v2\/media?parent=83"}],"curies":[{"name":"wp","href":"https:\/\/api.w.org\/{rel}","templated":true}]}}