{"id":2,"date":"2016-06-07T12:54:23","date_gmt":"2016-06-07T12:54:23","guid":{"rendered":"http:\/\/ww2.elsnordic.com\/fazerchoklad\/?page_id=2"},"modified":"2017-01-18T16:14:16","modified_gmt":"2017-01-18T16:14:16","slug":"sample-page","status":"publish","type":"page","link":"http:\/\/ww2.elsnordic.com\/fazerchoklad\/","title":{"rendered":""},"content":{"rendered":"<p>[vc_row full_height=&#8221;yes&#8221; bg_type=&#8221;image&#8221; bg_image_new=&#8221;157&#8243; ult_hide_row=&#8221;ult_hide_row_value&#8221; ult_hide_row_large_screen=&#8221;off&#8221; ult_hide_row_desktop=&#8221;off&#8221; ult_hide_row_tablet=&#8221;off&#8221; ult_hide_row_tablet_small=&#8221;off&#8221; ult_hide_row_mobile=&#8221;mobile&#8221; ult_hide_row_mobile_large=&#8221;xl_mobile&#8221;][vc_column css=&#8221;.vc_custom_1465913915721{padding-top: 380px !important;padding-right: 200px !important;padding-left: 200px !important;}&#8221; offset=&#8221;vc_hidden-xs&#8221;][vc_column_text css=&#8221;.vc_custom_1466069196557{padding-bottom: 0px !important;}&#8221;]<\/p>\n<h1 style=\"text-align: center;\"><span style=\"color: #ffffff;\">F\u00c5 ETT 2-PACK SWEDISH GRACE MUGGAR FR\u00c5N R\u00d6RSTRAND<\/span><\/h1>\n<p>[\/vc_column_text][vc_column_text css=&#8221;.vc_custom_1466069727190{padding-bottom: 25px !important;}&#8221;]<\/p>\n<h5 style=\"text-align: center;\"><span style=\"color: #ffffff;\"><span style=\"color: #ffffff;\"><span style=\"font-size: 20px;\">(V\u00e4rde 298 kr\/2p)<\/span><\/span><\/span><\/h5>\n<p>[\/vc_column_text]<div class=\"ubtn-ctn-center\"><a class=\"ubtn-link ubtn-center tooltip-69e2041e18ee3\"  href = \"http:\/\/fazer.elskampanj.se\/\" target=\"_self\"><span class=\" ubtn ubtn-large ubtn-no-hover-bg    ubtn-sep-icon ubtn-sep-icon-left-push  ubtn-center  \"  data-hover=\"#ffffff\" data-border-color=\"\" data-hover-bg=\"#29549e\" data-border-hover=\"\" data-shadow-hover=\"\" data-shadow-click=\"none\" data-shadow=\"\" data-shd-shadow=\"\" style=\"font-family:'Open Sans Condensed';font-weight:700;font-size:19px;border-radius:6px;border-width:px;border-color:;border-style:solid;background: #29549e;color: #ffffff;\"><span class=\"ubtn-data ubtn-icon\"><i class=\"dfd-icon-pencil_2\" style=\"font-size:30px;color:#ffffff;\"><\/i><\/span><span class=\"ubtn-hover\"><\/span><span class=\"ubtn-data ubtn-text\" data-lang=\"en\">REGISTRERA DIG<\/span><\/span><\/a><\/div>[\/vc_column][\/vc_row][vc_row full_height=&#8221;yes&#8221; bg_type=&#8221;image&#8221; bg_image_new=&#8221;370&#8243; ult_hide_row=&#8221;ult_hide_row_value&#8221; ult_hide_row_large_screen=&#8221;large_screen&#8221; ult_hide_row_desktop=&#8221;desktop&#8221; ult_hide_row_tablet=&#8221;tablet&#8221; ult_hide_row_tablet_small=&#8221;xs_tablet&#8221; ult_hide_row_mobile=&#8221;off&#8221; ult_hide_row_mobile_large=&#8221;off&#8221; css=&#8221;.vc_custom_1466149029889{padding-bottom: 25px !important;}&#8221;][vc_column css=&#8221;.vc_custom_1465915165211{padding-top: 0px !important;padding-right: 7px !important;padding-left: 7px !important;}&#8221; offset=&#8221;vc_hidden-lg vc_hidden-md vc_hidden-sm&#8221;][vc_column_text css=&#8221;.vc_custom_1471589951838{padding-top: 300px !important;padding-bottom: 0px !important;}&#8221;]<\/p>\n<h4 style=\"text-align: center;\"><span style=\"color: #ffffff; font-size: 26px; line-height: 0px;\">F\u00c5 ETT 2-PACK SWEDISH GRACE MUGGAR FR\u00c5N R\u00d6RSTRAND<\/span><\/h4>\n<p>[\/vc_column_text][vc_column_text css=&#8221;.vc_custom_1466080729408{padding-bottom: 15px !important;}&#8221;]<\/p>\n<h5 style=\"text-align: center;\"><span style=\"color: #ffffff;\"><span style=\"color: #ffffff;\"><span style=\"font-size: 14px;\">(V\u00e4rde 298 kr\/2p)<\/span><\/span><\/span><\/h5>\n<p>[\/vc_column_text]<div class=\"ubtn-ctn-center\"><a class=\"ubtn-link ubtn-center tooltip-69e2041e18fab\"  href = \"http:\/\/fazer.elskampanj.se\/\" target=\"_self\"><span class=\" ubtn ubtn-large ubtn-no-hover-bg    ubtn-sep-icon ubtn-sep-icon-left-push  ubtn-center  \"  data-hover=\"#ffffff\" data-border-color=\"\" data-hover-bg=\"#29549e\" data-border-hover=\"\" data-shadow-hover=\"\" data-shadow-click=\"none\" data-shadow=\"\" data-shd-shadow=\"\" style=\"font-family:'Open Sans Condensed';font-weight:700;font-size:19px;border-radius:6px;border-width:px;border-color:;border-style:solid;background: #29549e;color: #ffffff;\"><span class=\"ubtn-data ubtn-icon\"><i class=\"dfd-icon-pencil_2\" style=\"font-size:30px;color:#ffffff;\"><\/i><\/span><span class=\"ubtn-hover\"><\/span><span class=\"ubtn-data ubtn-text\" data-lang=\"en\">REGISTRERA DIG<\/span><\/span><\/a><\/div>[\/vc_column][\/vc_row][vc_row force_equal_height_columns=&#8221;off&#8221; dfd_row_config=&#8221;full_width_content&#8221; dfd_row_parallax=&#8221;off&#8221; dfd_row_responsive_enable=&#8221;off&#8221; bg_type=&#8221;image&#8221; bg_image_new=&#8221;110&#8243; ult_hide_row=&#8221;ult_hide_row_value&#8221; ult_hide_row_large_screen=&#8221;off&#8221; ult_hide_row_desktop=&#8221;off&#8221; ult_hide_row_tablet=&#8221;off&#8221; ult_hide_row_tablet_small=&#8221;off&#8221; ult_hide_row_mobile=&#8221;mobile&#8221; ult_hide_row_mobile_large=&#8221;xl_mobile&#8221; css=&#8221;.vc_custom_1465916467114{padding-top: 0px !important;}&#8221;][vc_column column_parallax=&#8221;dfd-column-parallax&#8221; css=&#8221;.vc_custom_1465916473799{background-position: center !important;background-repeat: no-repeat !important;background-size: cover !important;}&#8221; offset=&#8221;vc_hidden-xs&#8221;]<div class=\"dfd-service-module-wrap \"><ul class=\"dfd-service-list dfd-equal-height-children dfd-mobile-keep-height clearfix icon-left quarter-width-elements \"><li class=\"dfd-service-item dfd-eq-height \"  style=\"border-style: none; border-color: #333333;\"><div class=\"dfd-service-front\" ><div class=\"dfd-vertical-aligned\"><div class=\"dfd-front-wrap\"><div class=\"dfd-service-icon\" data-animation=\"\" data-animation-delay=\"03\" style=\"font-size:24px;color:#333333;\"><img class=\"dfd-service-img-icon\" alt=\"icon\" src=\"http:\/\/ww2.elsnordic.com\/fazerchoklad\/wp-content\/uploads\/sites\/70\/2016\/06\/FAZER1.png\"\/><\/div><\/div><\/div><\/div><div class=\"dfd-service-description dfd-service-back\" style=\"\"><div class=\"dfd-service-description-text dfd-vertical-aligned\" style=\"font-size:13px;line-height:18px;\"><h6>Familjef\u00f6retaget Fazer grundades \u00e5r 1891 n\u00e4r Karl Fazer \u00f6ppnade sitt f\u00f6rsta konditori i Helsingfors. Idag erbjuder Fazer-koncernen m\u00e5ltidstj\u00e4nster samt bageri- och konfektyrprodukter med verksamhet i \u00e5tta l\u00e4nder.<\/h6>\n<\/div><\/div><a href=\"http:\/\/www.fazergroup.com\/sv\/\" class=\"ulimate-info-list-link\" target=\"_blank\"><\/a><\/li><li class=\"dfd-service-item dfd-eq-height \"  style=\"border-style: none; border-color: #333333;\"><div class=\"dfd-service-front\" ><div class=\"dfd-vertical-aligned\"><div class=\"dfd-front-wrap\"><div class=\"dfd-service-icon\" data-animation=\"\" data-animation-delay=\"03\" style=\"font-size:24px;color:#333333;\"><img class=\"dfd-service-img-icon\" alt=\"icon\" src=\"http:\/\/ww2.elsnordic.com\/fazerchoklad\/wp-content\/uploads\/sites\/70\/2016\/06\/cdon103.png\"\/><\/div><\/div><\/div><\/div><div class=\"dfd-service-description dfd-service-back\" style=\"\"><div class=\"dfd-service-description-text dfd-vertical-aligned\" style=\"font-size:13px;line-height:18px;\"><h6>P\u00e5 CDON.COM v\u00e4ljer du mellan m\u00e4ngder av filmer, b\u00f6cker, CD-skivor, spel, leksaker och mobil-, hush\u00e5lls- och elektronikprodukter. V\u00e5rt sortiment v\u00e4xer hela tiden och du hittar garanterat n\u00e5got du gillar.<\/h6>\n<\/div><\/div><a href=\"http:\/\/cdon.se\/\" class=\"ulimate-info-list-link\" target=\"_blank\"><\/a><\/li><li class=\"dfd-service-item dfd-eq-height \"  style=\"border-style: none; border-color: #333333;\"><div class=\"dfd-service-front\" style=\"min-height: 500px;\"><div class=\"dfd-vertical-aligned\"><div class=\"dfd-front-wrap\"><div class=\"dfd-service-icon\" data-animation=\"\" data-animation-delay=\"03\" style=\"font-size:24px;color:#333333;\"><img class=\"dfd-service-img-icon\" alt=\"icon\" src=\"http:\/\/ww2.elsnordic.com\/fazerchoklad\/wp-content\/uploads\/sites\/70\/2016\/06\/rorstrand31.png\"\/><\/div><\/div><\/div><\/div><div class=\"dfd-service-description dfd-service-back\" style=\"\"><div class=\"dfd-service-description-text dfd-vertical-aligned\" style=\"font-size:13px;line-height:18px;\"><h6>I snart 300 \u00e5r har R\u00f6rstrands varit synonymt med kvalitet och gott hantverk. Tallrikarna och serviserna fr\u00e5n R\u00f6rstrand har g<span class=\"text_exposed_show\">\u00e5tt i arv, blivit sl\u00e4ktklenoder, klassiker, samlarobjekt och skrivit in sig i svensk designhistoria. Kanske f\u00f6r att vi alltid f\u00f6rst\u00e5tt att kvalitet inte bara handlar om att h\u00e5lla och fungera \u00f6ver l\u00e5ng tid.<\/span><\/h6>\n<\/div><\/div><a href=\"http:\/\/www.rorstrand.se\/\" class=\"ulimate-info-list-link\" target=\"_blank\"><\/a><\/li><li class=\"dfd-service-item dfd-eq-height \"  style=\"border-style: none; border-color: #333333;\"><div class=\"dfd-service-front\" ><div class=\"dfd-vertical-aligned\"><div class=\"dfd-front-wrap\"><div class=\"dfd-service-icon\" data-animation=\"\" data-animation-delay=\"03\" style=\"font-size:24px;color:#333333;\"><img class=\"dfd-service-img-icon\" alt=\"icon\" src=\"http:\/\/ww2.elsnordic.com\/fazerchoklad\/wp-content\/uploads\/sites\/70\/2016\/06\/els.png\"\/><\/div><\/div><\/div><\/div><div class=\"dfd-service-description dfd-service-back\" style=\"\"><div class=\"dfd-service-description-text dfd-vertical-aligned\" style=\"font-size:13px;line-height:18px;\"><h6>Vi p\u00e5 European Loyalty Systems arbetar med att utveckla k\u00f6putl\u00f6sande och lojalitetsbyggande kampanjer f\u00f6r v\u00e5ra kunder i hela Norden. Kampanjernas syfte \u00e4r att attrahera nya kunder och v\u00e5rda de befintliga.<\/h6>\n<\/div><\/div><a href=\"http:\/\/www.elssverige.se\/\" class=\"ulimate-info-list-link\" target=\"_blank\"><\/a><\/li><\/ul><\/div>[\/vc_column][\/vc_row][vc_row force_equal_height_columns=&#8221;main_row&#8221; mobile_destroy_equal_heights=&#8221;off&#8221; dfd_row_config=&#8221;full_width_content&#8221; dfd_row_parallax=&#8221;off&#8221; dfd_row_responsive_enable=&#8221;off&#8221; bg_type=&#8221;image&#8221; bg_image_new=&#8221;110&#8243; ult_hide_row=&#8221;ult_hide_row_value&#8221; ult_hide_row_large_screen=&#8221;large_screen&#8221; ult_hide_row_desktop=&#8221;desktop&#8221; ult_hide_row_tablet=&#8221;tablet&#8221; ult_hide_row_tablet_small=&#8221;xs_tablet&#8221; ult_hide_row_mobile=&#8221;off&#8221; ult_hide_row_mobile_large=&#8221;off&#8221; css=&#8221;.vc_custom_1466673032057{padding-top: 0px !important;}&#8221;][vc_column width=&#8221;1\/2&#8243; css=&#8221;.vc_custom_1466066445680{background-position: center !important;background-repeat: no-repeat !important;background-size: cover !important;}&#8221; offset=&#8221;vc_hidden-lg vc_hidden-md vc_hidden-sm vc_col-xs-6&#8243;][vc_single_image image=&#8221;223&#8243; img_size=&#8221;full&#8221;][vc_single_image image=&#8221;537&#8243; img_size=&#8221;full&#8221;][vc_single_image image=&#8221;312&#8243; img_size=&#8221;full&#8221;][vc_single_image image=&#8221;535&#8243; img_size=&#8221;full&#8221;][\/vc_column][vc_column width=&#8221;1\/2&#8243; offset=&#8221;vc_hidden-lg vc_hidden-md vc_hidden-sm vc_col-xs-6&#8243;][vc_single_image image=&#8221;536&#8243; img_size=&#8221;full&#8221;][vc_single_image image=&#8221;321&#8243; img_size=&#8221;full&#8221;][vc_single_image image=&#8221;534&#8243; img_size=&#8221;full&#8221;][vc_single_image image=&#8221;226&#8243; img_size=&#8221;full&#8221;][\/vc_column][\/vc_row]<\/p>\n","protected":false},"excerpt":{"rendered":"<p>[vc_row full_height=&#8221;yes&#8221; bg_type=&#8221;image&#8221; bg_image_new=&#8221;157&#8243; ult_hide_row=&#8221;ult_hide_row_value&#8221; ult_hide_row_large_screen=&#8221;off&#8221; ult_hide_row_desktop=&#8221;off&#8221; ult_hide_row_tablet=&#8221;off&#8221; ult_hide_row_tablet_small=&#8221;off&#8221; ult_hide_row_mobile=&#8221;mobile&#8221; ult_hide_row_mobile_large=&#8221;xl_mobile&#8221;][vc_column css=&#8221;.vc_custom_1465913915721{padding-top: 380px !important;padding-right: 200px !important;padding-left: 200px !important;}&#8221; offset=&#8221;vc_hidden-xs&#8221;][vc_column_text css=&#8221;.vc_custom_1466069196557{padding-bottom: 0px !important;}&#8221;] F\u00c5 ETT 2-PACK SWEDISH GRACE MUGGAR FR\u00c5N R\u00d6RSTRAND<\/p>\n","protected":false},"author":10,"featured_media":0,"parent":0,"menu_order":0,"comment_status":"open","ping_status":"open","template":"page-custom.php","meta":[],"_links":{"self":[{"href":"http:\/\/ww2.elsnordic.com\/fazerchoklad\/wp-json\/wp\/v2\/pages\/2"}],"collection":[{"href":"http:\/\/ww2.elsnordic.com\/fazerchoklad\/wp-json\/wp\/v2\/pages"}],"about":[{"href":"http:\/\/ww2.elsnordic.com\/fazerchoklad\/wp-json\/wp\/v2\/types\/page"}],"author":[{"embeddable":true,"href":"http:\/\/ww2.elsnordic.com\/fazerchoklad\/wp-json\/wp\/v2\/users\/10"}],"replies":[{"embeddable":true,"href":"http:\/\/ww2.elsnordic.com\/fazerchoklad\/wp-json\/wp\/v2\/comments?post=2"}],"version-history":[{"count":382,"href":"http:\/\/ww2.elsnordic.com\/fazerchoklad\/wp-json\/wp\/v2\/pages\/2\/revisions"}],"predecessor-version":[{"id":545,"href":"http:\/\/ww2.elsnordic.com\/fazerchoklad\/wp-json\/wp\/v2\/pages\/2\/revisions\/545"}],"wp:attachment":[{"href":"http:\/\/ww2.elsnordic.com\/fazerchoklad\/wp-json\/wp\/v2\/media?parent=2"}],"curies":[{"name":"wp","href":"https:\/\/api.w.org\/{rel}","templated":true}]}}