{"id":73,"date":"2016-06-08T08:39:00","date_gmt":"2016-06-08T08:39:00","guid":{"rendered":"http:\/\/ww2.elsnordic.com\/fazerchoklad\/?page_id=73"},"modified":"2016-08-08T12:01:28","modified_gmt":"2016-08-08T12:01:28","slug":"gor-sa-har","status":"publish","type":"page","link":"http:\/\/ww2.elsnordic.com\/fazerchoklad\/gor-sa-har\/","title":{"rendered":"G\u00d6R S\u00c5 H\u00c4R"},"content":{"rendered":"<p>[vc_row full_height=&#8221;yes&#8221; bg_type=&#8221;image&#8221; bg_image_new=&#8221;110&#8243; ult_hide_row=&#8221;ult_hide_row_value&#8221; ult_hide_row_large_screen=&#8221;off&#8221; ult_hide_row_desktop=&#8221;off&#8221; ult_hide_row_tablet=&#8221;off&#8221; ult_hide_row_tablet_small=&#8221;off&#8221; ult_hide_row_mobile=&#8221;mobile&#8221; ult_hide_row_mobile_large=&#8221;xl_mobile&#8221;][vc_column width=&#8221;1\/6&#8243; offset=&#8221;vc_hidden-xs&#8221;][\/vc_column][vc_column width=&#8221;2\/3&#8243; css=&#8221;.vc_custom_1465911068066{padding-top: 150px !important;padding-bottom: 150px !important;}&#8221; offset=&#8221;vc_hidden-xs&#8221;][vc_column_text css=&#8221;.vc_custom_1465381946438{padding-bottom: 30px !important;}&#8221;]<\/p>\n<h1><span style=\"color: #ffffff;\">G\u00d6R S\u00c5 H\u00c4R<\/span><\/h1>\n<p>[\/vc_column_text]<div class=\"uavc-list-icon  \" ><ul class=\"uavc-list\"><li><div class=\"uavc-list-content\" style=\"margin-bottom:15px;\">\n<div class=\"uavc-list-icon \" style=\"margin-right:12px;\"><div class=\"align-icon\" style=\"text-align: center;\">\n<div class=\"aio-icon-img  \" style=\"font-size:20px;display:inline-block !important;\" >\n\t<img class=\"img-icon\" alt=\"\" src=\"http:\/\/ww2.elsnordic.com\/fazerchoklad\/wp-content\/uploads\/sites\/70\/2016\/06\/11.png\"\/>\n<\/div><\/div>\n<\/div><div class=\"uavc-list-desc\"><h6>K\u00f6p 4 stycken 200g chokladkakor fr\u00e5n Fazer.<\/h6>\n<\/div><\/div><\/li><li><div class=\"uavc-list-content\" style=\"margin-bottom:15px;\">\n<div class=\"uavc-list-icon \" style=\"margin-right:12px;\"><div class=\"align-icon\" style=\"text-align: center;\">\n<div class=\"aio-icon-img  \" style=\"font-size:20px;display:inline-block !important;\" >\n\t<img class=\"img-icon\" alt=\"\" src=\"http:\/\/ww2.elsnordic.com\/fazerchoklad\/wp-content\/uploads\/sites\/70\/2016\/06\/2.png\"\/>\n<\/div><\/div>\n<\/div><div class=\"uavc-list-desc\"><h6><strong><a style=\"color: #29549e;\" href=\"http:\/\/fazer.elskampanj.se\/\">Klicka h\u00e4r <\/a><\/strong> och registrera dina uppgifter senast den 31 oktober 2016. N\u00e4r du klickat p\u00e5 knappen \u201dskicka\u201d kommer du inom kort att f\u00e5 ett mail till den e-postadress du angivit. (Inte f\u00e5tt n\u00e5got mail? Ta en titt i din skr\u00e4ppost.)<\/h6>\n<\/div><\/div><\/li><li><div class=\"uavc-list-content\" style=\"margin-bottom:15px;\">\n<div class=\"uavc-list-icon \" style=\"margin-right:12px;\"><div class=\"align-icon\" style=\"text-align: center;\">\n<div class=\"aio-icon-img  \" style=\"font-size:20px;display:inline-block !important;\" >\n\t<img class=\"img-icon\" alt=\"\" src=\"http:\/\/ww2.elsnordic.com\/fazerchoklad\/wp-content\/uploads\/sites\/70\/2016\/06\/3.png\"\/>\n<\/div><\/div>\n<\/div><div class=\"uavc-list-desc\"><h6>Skriv ut kampanjbeviset (pdf:en som ligger bifogad i mailet).<\/h6>\n<\/div><\/div><\/li><li><div class=\"uavc-list-content\" style=\"margin-bottom:15px;\">\n<div class=\"uavc-list-icon \" style=\"margin-right:12px;\"><div class=\"align-icon\" style=\"text-align: center;\">\n<div class=\"aio-icon-img  \" style=\"font-size:20px;display:inline-block !important;\" >\n\t<img class=\"img-icon\" alt=\"\" src=\"http:\/\/ww2.elsnordic.com\/fazerchoklad\/wp-content\/uploads\/sites\/70\/2016\/06\/41.png\"\/>\n<\/div><\/div>\n<\/div><div class=\"uavc-list-desc\"><h6>Klipp ut dina streckkoder och l\u00e4gg streckoderna tillsammans med kampanjbeviset i ett kuvert och skicka till:<\/h6>\n<h6><span style=\"color: #29549e;\"><strong><em>FAZER C\/O ELS SVERIGE AB, M\u00d6LNDALSV\u00c4GEN 91, 412 63 G\u00d6TEBORG<\/em><\/strong><\/span><\/h6>\n<h6>Inom 14 dagar efter att vi mottagit och kontrollerat dina streckkoder kommer du att f\u00e5 ytterligare ett e-mail med en unik v\u00e4rdekod.\u00a0Koden ber\u00e4ttigar dig till ett 2-pack Swedish Grace muggar fr\u00e5n R\u00f6rstrand.<\/h6>\n<\/div><\/div><\/li><li><div class=\"uavc-list-content\" style=\"margin-bottom:15px;\">\n<div class=\"uavc-list-icon \" style=\"margin-right:12px;\"><div class=\"align-icon\" style=\"text-align: center;\">\n<div class=\"aio-icon-img  \" style=\"font-size:20px;display:inline-block !important;\" >\n\t<img class=\"img-icon\" alt=\"\" src=\"http:\/\/ww2.elsnordic.com\/fazerchoklad\/wp-content\/uploads\/sites\/70\/2016\/06\/5.png\"\/>\n<\/div><\/div>\n<\/div><div class=\"uavc-list-desc\"><h6>Best\u00e4ll dina muggar med v\u00e4rdekoden p\u00e5 CDON.COM. Dina muggar skickas sedan till dig inom 4 veckor. Notera att en fast kostnad p\u00e5 49 kr tillkommer f\u00f6r frakt och hantering. G\u00e4ller endast leverans inom Sverige.<\/h6>\n<h6>Ditt kampanjbevis och dina streckkoder ska vara oss tillhanda senast den 14 november 2016 och v\u00e4rdekoden hos CDON.COM \u00e4r giltig t o m 28 november 2016.<\/h6>\n<h6>Erbjudandet\u00a0g\u00e4ller max 2 g\u00e5nger per hush\u00e5ll och s\u00e5 l\u00e5ngt lagret r\u00e4cker.<\/h6>\n<h6><em>Observera att muggarna kan ta slut innan utsatta datum!<\/em><\/h6>\n<\/div><\/div><\/li><\/ul><\/div>[\/vc_column][vc_column width=&#8221;1\/6&#8243; offset=&#8221;vc_hidden-xs&#8221;][\/vc_column][\/vc_row][vc_row full_height=&#8221;yes&#8221; bg_type=&#8221;image&#8221; bg_image_new=&#8221;110&#8243; ult_hide_row=&#8221;ult_hide_row_value&#8221; ult_hide_row_large_screen=&#8221;large_screen&#8221; ult_hide_row_desktop=&#8221;desktop&#8221; ult_hide_row_tablet=&#8221;tablet&#8221; ult_hide_row_tablet_small=&#8221;xs_tablet&#8221; ult_hide_row_mobile=&#8221;off&#8221; ult_hide_row_mobile_large=&#8221;off&#8221;][vc_column width=&#8221;1\/6&#8243; offset=&#8221;vc_hidden-lg vc_hidden-md vc_hidden-sm&#8221;][\/vc_column][vc_column width=&#8221;2\/3&#8243; css=&#8221;.vc_custom_1465911168890{padding-top: 0px !important;padding-bottom: 5px !important;}&#8221; offset=&#8221;vc_hidden-lg vc_hidden-md vc_hidden-sm&#8221;][vc_column_text css=&#8221;.vc_custom_1465911184866{padding-top: 35px !important;padding-bottom: 30px !important;}&#8221;]<\/p>\n<h1><span style=\"color: #ffffff;\">G\u00d6R S\u00c5 H\u00c4R<\/span><\/h1>\n<p>[\/vc_column_text]<div class=\"uavc-list-icon  \" ><ul class=\"uavc-list\"><li><div class=\"uavc-list-content\" style=\"margin-bottom:15px;\">\n<div class=\"uavc-list-icon \" style=\"margin-right:12px;\"><div class=\"align-icon\" style=\"text-align: center;\">\n<div class=\"aio-icon-img  \" style=\"font-size:20px;display:inline-block !important;\" >\n\t<img class=\"img-icon\" alt=\"\" src=\"http:\/\/ww2.elsnordic.com\/fazerchoklad\/wp-content\/uploads\/sites\/70\/2016\/06\/11.png\"\/>\n<\/div><\/div>\n<\/div><div class=\"uavc-list-desc\"><h6><span style=\"font-size: 12px; line-height: 14px;\">K\u00f6p 4 stycken 200g chokladkakor fr\u00e5n Fazer.<\/span><\/h6>\n<\/div><\/div><\/li><li><div class=\"uavc-list-content\" style=\"margin-bottom:15px;\">\n<div class=\"uavc-list-icon \" style=\"margin-right:12px;\"><div class=\"align-icon\" style=\"text-align: center;\">\n<div class=\"aio-icon-img  \" style=\"font-size:20px;display:inline-block !important;\" >\n\t<img class=\"img-icon\" alt=\"\" src=\"http:\/\/ww2.elsnordic.com\/fazerchoklad\/wp-content\/uploads\/sites\/70\/2016\/06\/2.png\"\/>\n<\/div><\/div>\n<\/div><div class=\"uavc-list-desc\"><h6><span style=\"font-size: 12px; line-height: 14px;\"><strong><a style=\"color: #29549e;\" href=\"http:\/\/fazer.elskampanj.se\/\">Klicka h\u00e4r <\/a><\/strong> och registrera dina uppgifter senast den 31 oktober 2016. N\u00e4r du klickat p\u00e5 knappen \u201dskicka\u201d kommer du inom kort att f\u00e5 ett mail till den e-postadress du angivit. (Inte f\u00e5tt n\u00e5got mail? Ta en titt i din skr\u00e4ppost.)<\/span><\/h6>\n<\/div><\/div><\/li><li><div class=\"uavc-list-content\" style=\"margin-bottom:15px;\">\n<div class=\"uavc-list-icon \" style=\"margin-right:12px;\"><div class=\"align-icon\" style=\"text-align: center;\">\n<div class=\"aio-icon-img  \" style=\"font-size:20px;display:inline-block !important;\" >\n\t<img class=\"img-icon\" alt=\"\" src=\"http:\/\/ww2.elsnordic.com\/fazerchoklad\/wp-content\/uploads\/sites\/70\/2016\/06\/3.png\"\/>\n<\/div><\/div>\n<\/div><div class=\"uavc-list-desc\"><h6><span style=\"font-size: 12px; line-height: 14px;\">Skriv ut kampanjbeviset (pdf:en som ligger bifogad i mailet).<\/span><\/h6>\n<\/div><\/div><\/li><li><div class=\"uavc-list-content\" style=\"margin-bottom:15px;\">\n<div class=\"uavc-list-icon \" style=\"margin-right:12px;\"><div class=\"align-icon\" style=\"text-align: center;\">\n<div class=\"aio-icon-img  \" style=\"font-size:20px;display:inline-block !important;\" >\n\t<img class=\"img-icon\" alt=\"\" src=\"http:\/\/ww2.elsnordic.com\/fazerchoklad\/wp-content\/uploads\/sites\/70\/2016\/06\/41.png\"\/>\n<\/div><\/div>\n<\/div><div class=\"uavc-list-desc\"><h6><span style=\"font-size: 12px; line-height: 14px;\">Klipp ut dina streckkoder och l\u00e4gg streckoderna tillsammans med kampanjbeviset i ett kuvert och skicka till:<\/span><\/h6>\n<h6><span style=\"color: #29549e; font-size: 12px; line-height: 14px;\"><strong><em>FAZER C\/O ELS SVERIGE AB, M\u00d6LNDALSV\u00c4GEN 91, 412 63 G\u00d6TEBORG<\/em><\/strong><\/span><\/h6>\n<h6><span style=\"font-size: 12px; line-height: 14px;\">Inom 14 dagar efter att vi mottagit och kontrollerat dina streckkoder kommer du att f\u00e5 ytterligare ett e-mail med en unik v\u00e4rdekod.\u00a0Koden ber\u00e4ttigar dig till ett 2-pack Swedish Grace muggar fr\u00e5n R\u00f6rstrand.<\/span><\/h6>\n<\/div><\/div><\/li><li><div class=\"uavc-list-content\" style=\"margin-bottom:15px;\">\n<div class=\"uavc-list-icon \" style=\"margin-right:12px;\"><div class=\"align-icon\" style=\"text-align: center;\">\n<div class=\"aio-icon-img  \" style=\"font-size:20px;display:inline-block !important;\" >\n\t<img class=\"img-icon\" alt=\"\" src=\"http:\/\/ww2.elsnordic.com\/fazerchoklad\/wp-content\/uploads\/sites\/70\/2016\/06\/5.png\"\/>\n<\/div><\/div>\n<\/div><div class=\"uavc-list-desc\"><h6><span style=\"font-size: 12px; line-height: 14px;\">Best\u00e4ll dina muggar med v\u00e4rdekoden p\u00e5 CDON.COM. Dina muggar skickas sedan till dig inom 4 veckor. Notera att en fast kostnad p\u00e5 49 kr tillkommer f\u00f6r frakt och hantering. G\u00e4ller endast leverans inom Sverige.<\/span><\/h6>\n<h6><span style=\"font-size: 12px; line-height: 14px;\">Ditt kampanjbevis och dina streckkoder ska vara oss tillhanda senast den 14 november 2016 och v\u00e4rdekoden hos CDON.COM \u00e4r giltig t o m 28 november 2016.<\/span><\/h6>\n<h6><span style=\"font-size: 12px; line-height: 14px;\">Erbjudandet\u00a0g\u00e4ller max 2 g\u00e5nger per hush\u00e5ll och s\u00e5 l\u00e5ngt lagret r\u00e4cker.<\/span><\/h6>\n<h6><span style=\"font-size: 12px; line-height: 14px;\"><em>Observera att muggarna kan ta slut innan utsatta datum!<\/em><\/span><\/h6>\n<\/div><\/div><\/li><\/ul><\/div>[\/vc_column][vc_column width=&#8221;1\/6&#8243; offset=&#8221;vc_hidden-lg vc_hidden-md vc_hidden-sm&#8221;][\/vc_column][\/vc_row]<\/p>\n","protected":false},"excerpt":{"rendered":"<p>[vc_row full_height=&#8221;yes&#8221; bg_type=&#8221;image&#8221; bg_image_new=&#8221;110&#8243; ult_hide_row=&#8221;ult_hide_row_value&#8221; ult_hide_row_large_screen=&#8221;off&#8221; ult_hide_row_desktop=&#8221;off&#8221; ult_hide_row_tablet=&#8221;off&#8221; ult_hide_row_tablet_small=&#8221;off&#8221; ult_hide_row_mobile=&#8221;mobile&#8221; ult_hide_row_mobile_large=&#8221;xl_mobile&#8221;][vc_column width=&#8221;1\/6&#8243; offset=&#8221;vc_hidden-xs&#8221;][\/vc_column][vc_column width=&#8221;2\/3&#8243; css=&#8221;.vc_custom_1465911068066{padding-top: 150px !important;padding-bottom: 150px !important;}&#8221; offset=&#8221;vc_hidden-xs&#8221;][vc_column_text css=&#8221;.vc_custom_1465381946438{padding-bottom: 30px !important;}&#8221;] G\u00d6R S\u00c5 H\u00c4R [\/vc_column_text][\/vc_column][vc_column width=&#8221;1\/6&#8243; offset=&#8221;vc_hidden-xs&#8221;][\/vc_column][\/vc_row][vc_row full_height=&#8221;yes&#8221;<\/p>\n","protected":false},"author":10,"featured_media":0,"parent":0,"menu_order":0,"comment_status":"open","ping_status":"open","template":"page-custom.php","meta":[],"_links":{"self":[{"href":"http:\/\/ww2.elsnordic.com\/fazerchoklad\/wp-json\/wp\/v2\/pages\/73"}],"collection":[{"href":"http:\/\/ww2.elsnordic.com\/fazerchoklad\/wp-json\/wp\/v2\/pages"}],"about":[{"href":"http:\/\/ww2.elsnordic.com\/fazerchoklad\/wp-json\/wp\/v2\/types\/page"}],"author":[{"embeddable":true,"href":"http:\/\/ww2.elsnordic.com\/fazerchoklad\/wp-json\/wp\/v2\/users\/10"}],"replies":[{"embeddable":true,"href":"http:\/\/ww2.elsnordic.com\/fazerchoklad\/wp-json\/wp\/v2\/comments?post=73"}],"version-history":[{"count":27,"href":"http:\/\/ww2.elsnordic.com\/fazerchoklad\/wp-json\/wp\/v2\/pages\/73\/revisions"}],"predecessor-version":[{"id":542,"href":"http:\/\/ww2.elsnordic.com\/fazerchoklad\/wp-json\/wp\/v2\/pages\/73\/revisions\/542"}],"wp:attachment":[{"href":"http:\/\/ww2.elsnordic.com\/fazerchoklad\/wp-json\/wp\/v2\/media?parent=73"}],"curies":[{"name":"wp","href":"https:\/\/api.w.org\/{rel}","templated":true}]}}