{"id":2,"date":"2016-06-07T12:54:23","date_gmt":"2016-06-07T12:54:23","guid":{"rendered":"http:\/\/ww2.elsnordic.com\/fazergodis\/?page_id=2"},"modified":"2017-06-02T11:42:09","modified_gmt":"2017-06-02T11:42:09","slug":"sample-page","status":"publish","type":"page","link":"http:\/\/ww2.elsnordic.com\/fazergodis\/","title":{"rendered":""},"content":{"rendered":"<p>[vc_row full_height=&#8221;yes&#8221; bg_type=&#8221;image&#8221; bg_image_new=&#8221;609&#8243; bg_img_attach=&#8221;fixed&#8221; ult_hide_row=&#8221;ult_hide_row_value&#8221; ult_hide_row_large_screen=&#8221;off&#8221; ult_hide_row_desktop=&#8221;off&#8221; ult_hide_row_tablet=&#8221;off&#8221; ult_hide_row_tablet_small=&#8221;off&#8221; ult_hide_row_mobile=&#8221;mobile&#8221; ult_hide_row_mobile_large=&#8221;xl_mobile&#8221;][vc_column css=&#8221;.vc_custom_1493993607175{padding-right: 175px !important;padding-left: 175px !important;}&#8221; offset=&#8221;vc_hidden-xs&#8221;][vc_single_image image=&#8221;599&#8243; img_size=&#8221;full&#8221; css=&#8221;.vc_custom_1493992751103{padding-bottom: 25px !important;}&#8221;][vc_column_text css=&#8221;.vc_custom_1496152002385{padding-bottom: 4px !important;}&#8221;]<\/p>\n<h1 style=\"text-align: center;\"><span style=\"color: #ffffff;\">K\u00d6P 4 ST FAZERPRODUKTER OCH F\u00c5 ETT 2-PACK SWEDISH GRACE SK\u00c5LAR (30 CL) FR\u00c5N R\u00d6RSTRAND<\/span><\/h1>\n<p>[\/vc_column_text][vc_column_text css=&#8221;.vc_custom_1493993324857{padding-bottom: 25px !important;}&#8221;]<\/p>\n<h5 style=\"text-align: center;\">G\u00e4ller chokladkakor 200g och chokladp\u00e5sar 160-220g<\/h5>\n<p>[\/vc_column_text]<div class=\"ubtn-ctn-center\"><a class=\"ubtn-link ubtn-center tooltip-69f41147cfad5\"  href = \"http:\/\/fazergodis.elskampanj.se\/\" target=\"_self\"><span class=\" ubtn ubtn-large ubtn-no-hover-bg    ubtn-sep-icon ubtn-sep-icon-left-push  ubtn-center  \"  data-hover=\"#ffffff\" data-border-color=\"\" data-hover-bg=\"#bba464\" data-border-hover=\"\" data-shadow-hover=\"\" data-shadow-click=\"none\" data-shadow=\"\" data-shd-shadow=\"\" style=\"font-family:'Lato';font-weight:700;font-size:19px;border-radius:6px;border-width:px;border-color:;border-style:solid;background: #bba464;color: #ffffff;\"><span class=\"ubtn-data ubtn-icon\"><i class=\"dfd-icon-pencil_2\" style=\"font-size:30px;color:#ffffff;\"><\/i><\/span><span class=\"ubtn-hover\"><\/span><span class=\"ubtn-data ubtn-text\" data-lang=\"en\">REGISTRERA DIG<\/span><\/span><\/a><\/div>[\/vc_column][\/vc_row][vc_row bg_type=&#8221;image&#8221; bg_image_new=&#8221;609&#8243; ult_hide_row=&#8221;ult_hide_row_value&#8221; ult_hide_row_large_screen=&#8221;large_screen&#8221; ult_hide_row_desktop=&#8221;desktop&#8221; ult_hide_row_tablet=&#8221;tablet&#8221; ult_hide_row_tablet_small=&#8221;xs_tablet&#8221; ult_hide_row_mobile=&#8221;off&#8221; ult_hide_row_mobile_large=&#8221;off&#8221; css=&#8221;.vc_custom_1493997184171{padding-top: 170px !important;padding-bottom: 50px !important;}&#8221;][vc_column css=&#8221;.vc_custom_1493995583808{padding-top: 0px !important;padding-right: 9px !important;padding-left: 9px !important;}&#8221; offset=&#8221;vc_hidden-lg vc_hidden-md vc_hidden-sm&#8221;][vc_single_image image=&#8221;599&#8243; img_size=&#8221;full&#8221; css=&#8221;.vc_custom_1493995567888{padding-bottom: 25px !important;}&#8221;][vc_column_text css=&#8221;.vc_custom_1496151975839{padding-top: 0px !important;padding-bottom: 15px !important;}&#8221;]<\/p>\n<h4 style=\"text-align: center;\">K\u00d6P 4 ST FAZERPRODUKTER OCH F\u00c5 ETT 2-PACK SWEDISH GRACE SK\u00c5LAR (3o CL) FR\u00c5N R\u00d6RSTRAND<\/h4>\n<p>[\/vc_column_text]<div class=\"ubtn-ctn-center\"><a class=\"ubtn-link ubtn-center tooltip-69f41147cfbaa\"  href = \"http:\/\/fazergodis.elskampanj.se\/\" target=\"_self\"><span class=\" ubtn ubtn-large ubtn-no-hover-bg    ubtn-sep-icon ubtn-sep-icon-left-push  ubtn-center  \"  data-hover=\"#ffffff\" data-border-color=\"\" data-hover-bg=\"#bba464\" data-border-hover=\"\" data-shadow-hover=\"\" data-shadow-click=\"none\" data-shadow=\"\" data-shd-shadow=\"\" style=\"font-family:'Lato';font-weight:700;font-size:16px;border-radius:6px;border-width:px;border-color:;border-style:solid;background: #bba464;color: #ffffff;\"><span class=\"ubtn-data ubtn-icon\"><i class=\"dfd-icon-pencil_2\" style=\"font-size:30px;color:#ffffff;\"><\/i><\/span><span class=\"ubtn-hover\"><\/span><span class=\"ubtn-data ubtn-text\" data-lang=\"en\">REGISTRERA DIG<\/span><\/span><\/a><\/div>[\/vc_column][\/vc_row][vc_row force_equal_height_columns=&#8221;off&#8221; dfd_row_config=&#8221;full_width_content&#8221; dfd_row_parallax=&#8221;off&#8221; dfd_row_responsive_enable=&#8221;off&#8221; bg_type=&#8221;image&#8221; bg_image_new=&#8221;609&#8243; bg_img_attach=&#8221;fixed&#8221; ult_hide_row=&#8221;ult_hide_row_value&#8221; ult_hide_row_large_screen=&#8221;off&#8221; ult_hide_row_desktop=&#8221;off&#8221; ult_hide_row_tablet=&#8221;off&#8221; ult_hide_row_tablet_small=&#8221;off&#8221; ult_hide_row_mobile=&#8221;mobile&#8221; ult_hide_row_mobile_large=&#8221;xl_mobile&#8221; css=&#8221;.vc_custom_1493981429261{padding-top: 0px !important;}&#8221;][vc_column column_parallax=&#8221;dfd-column-parallax&#8221; css=&#8221;.vc_custom_1465916473799{background-position: center !important;background-repeat: no-repeat !important;background-size: cover !important;}&#8221; offset=&#8221;vc_hidden-xs&#8221;]<div class=\"dfd-service-module-wrap \"><ul class=\"dfd-service-list dfd-equal-height-children dfd-mobile-keep-height clearfix icon-left quarter-width-elements \"><li class=\"dfd-service-item dfd-eq-height \"  style=\"border-style: none; border-color: #333333;\"><div class=\"dfd-service-front\" ><div class=\"dfd-vertical-aligned\"><div class=\"dfd-front-wrap\"><div class=\"dfd-service-icon\" data-animation=\"\" data-animation-delay=\"03\" style=\"font-size:24px;color:#333333;\"><img class=\"dfd-service-img-icon\" alt=\"icon\" src=\"http:\/\/ww2.elsnordic.com\/fazergodis\/wp-content\/uploads\/sites\/102\/2016\/06\/dumle.png\"\/><\/div><\/div><\/div><\/div><div class=\"dfd-service-description dfd-service-back\" style=\"\"><div class=\"dfd-service-description-text dfd-vertical-aligned\" style=\"font-family:Open Sans Condensed;font-size:16px;line-height:20px;\"><h6>1987 lanserades Dumlekolan som idag \u00e4r Sveriges mest \u00e4lskade kola. &#8211; Visste du f\u00f6rresten att det \u00e4ts ca 13 Dumlekolor i minuten?<\/h6>\n<\/div><\/div><a href=\"http:\/\/www.fazer.se\/konfektyr\/vart-sortiment\/dumle\/\" class=\"ulimate-info-list-link\" target=\"_blank\"><\/a><\/li><li class=\"dfd-service-item dfd-eq-height \"  style=\"border-style: none; border-color: #333333;\"><div class=\"dfd-service-front\" ><div class=\"dfd-vertical-aligned\"><div class=\"dfd-front-wrap\"><div class=\"dfd-service-icon\" data-animation=\"\" data-animation-delay=\"03\" style=\"font-size:24px;color:#333333;\"><img class=\"dfd-service-img-icon\" alt=\"icon\" src=\"http:\/\/ww2.elsnordic.com\/fazergodis\/wp-content\/uploads\/sites\/102\/2016\/06\/fazer.jpg\"\/><\/div><\/div><\/div><\/div><div class=\"dfd-service-description dfd-service-back\" style=\"\"><div class=\"dfd-service-description-text dfd-vertical-aligned\" style=\"font-size:13px;line-height:18px;\"><h6>Familjef\u00f6retaget Fazer grundades \u00e5r 1891 n\u00e4r Karl Fazer \u00f6ppnade sitt f\u00f6rsta konditori i Helsingfors. Idag erbjuder Fazer-koncernen m\u00e5ltidstj\u00e4nster samt bageri- och konfektyrprodukter med verksamhet i \u00e5tta l\u00e4nder.<\/h6>\n<\/div><\/div><a href=\"http:\/\/www.fazer.se\/konfektyr\/vart-sortiment\/karl-fazer\/\" class=\"ulimate-info-list-link\" target=\"_blank\"><\/a><\/li><li class=\"dfd-service-item dfd-eq-height \"  style=\"border-style: none; border-color: #333333;\"><div class=\"dfd-service-front\" ><div class=\"dfd-vertical-aligned\"><div class=\"dfd-front-wrap\"><div class=\"dfd-service-icon\" data-animation=\"\" data-animation-delay=\"03\" style=\"font-size:24px;color:#333333;\"><img class=\"dfd-service-img-icon\" alt=\"icon\" src=\"http:\/\/ww2.elsnordic.com\/fazergodis\/wp-content\/uploads\/sites\/102\/2016\/06\/kina.png\"\/><\/div><\/div><\/div><\/div><div class=\"dfd-service-description dfd-service-back\" style=\"\"><div class=\"dfd-service-description-text dfd-vertical-aligned\" style=\"font-size:13px;line-height:18px;\"><h6>Kina snacks \u00e4r krispiga vetepuffar \u00f6verdragna med mj\u00f6lkchoklad som funnits i Sverige sedan 1961.<\/h6>\n<\/div><\/div><a href=\"http:\/\/www.fazer.se\/konfektyr\/vart-sortiment\/kina\/\" class=\"ulimate-info-list-link\" target=\"_blank\"><\/a><\/li><li class=\"dfd-service-item dfd-eq-height \"  style=\"border-style: none; border-color: #333333;\"><div class=\"dfd-service-front\" style=\"min-height: 500px;\"><div class=\"dfd-vertical-aligned\"><div class=\"dfd-front-wrap\"><div class=\"dfd-service-icon\" data-animation=\"\" data-animation-delay=\"03\" style=\"font-size:24px;color:#333333;\"><img class=\"dfd-service-img-icon\" alt=\"icon\" src=\"http:\/\/ww2.elsnordic.com\/fazergodis\/wp-content\/uploads\/sites\/102\/2016\/06\/skal-1.jpg\"\/><\/div><\/div><\/div><\/div><div class=\"dfd-service-description dfd-service-back\" style=\"\"><div class=\"dfd-service-description-text dfd-vertical-aligned\" style=\"font-size:13px;line-height:18px;\"><h6>I snart 300 \u00e5r har R\u00f6rstrands varit synonymt med kvalitet och gott hantverk. Tallrikarna och serviserna fr\u00e5n R\u00f6rstrand har g<span class=\"text_exposed_show\">\u00e5tt i arv, blivit sl\u00e4ktklenoder, klassiker, samlarobjekt och skrivit in sig i svensk designhistoria. Kanske f\u00f6r att vi alltid f\u00f6rst\u00e5tt att kvalitet inte bara handlar om att h\u00e5lla och fungera \u00f6ver l\u00e5ng tid.<\/span><\/h6>\n<\/div><\/div><a href=\"http:\/\/www.rorstrand.se\/\" class=\"ulimate-info-list-link\" target=\"_blank\"><\/a><\/li><\/ul><\/div>[vc_row_inner][vc_column_inner]<div class=\"dfd-spacer-module\"  data-units=\"px\" data-wide_resolution=\"1280\" data-wide_size=\"120\" data-normal_resolution=\"1024\" data-normal_size=\"120\" data-tablet_resolution=\"800\" data-tablet_size=\"120\" data-mobile_resolution=\"480\" data-mobile_size=\"120\" style=\"height: 120px;\"><\/div><div id=\"dfdsoc-191478905169f41147d0327\" class=\"dfd-socicon-module  \" ><div class=\"soc-icon-aligment text-center\"><div class=\"widget soc-icons dfd-soc-icons-hover-style-26\"><a href=\"https:\/\/www.facebook.com\/fazersverige\/\" class=\"soc_icon-facebook\" style=\"\" target=\"_blank\"><span class=\"line-top-left soc_icon-facebook\"><\/span><span class=\"line-top-center soc_icon-facebook\"><\/span><span class=\"line-top-right soc_icon-facebook\"><\/span><span class=\"line-bottom-left soc_icon-facebook\"><\/span><span class=\"line-bottom-center soc_icon-facebook\"><\/span><span class=\"line-bottom-right soc_icon-facebook\"><\/span><i class=\"soc_icon-facebook\"><\/i><\/a><a href=\"https:\/\/www.instagram.com\/fazersverige\/\" class=\"soc_icon-instagram\" style=\"\" target=\"_blank\"><span class=\"line-top-left soc_icon-instagram\"><\/span><span class=\"line-top-center soc_icon-instagram\"><\/span><span class=\"line-top-right soc_icon-instagram\"><\/span><span class=\"line-bottom-left soc_icon-instagram\"><\/span><span class=\"line-bottom-center soc_icon-instagram\"><\/span><span class=\"line-bottom-right soc_icon-instagram\"><\/span><i class=\"soc_icon-instagram\"><\/i><\/a><a href=\"https:\/\/se.pinterest.com\/thefazergroup\/\" class=\"soc_icon-pinterest\" style=\"\" target=\"_blank\"><span class=\"line-top-left soc_icon-pinterest\"><\/span><span class=\"line-top-center soc_icon-pinterest\"><\/span><span class=\"line-top-right soc_icon-pinterest\"><\/span><span class=\"line-bottom-left soc_icon-pinterest\"><\/span><span class=\"line-bottom-center soc_icon-pinterest\"><\/span><span class=\"line-bottom-right soc_icon-pinterest\"><\/span><i class=\"soc_icon-pinterest\"><\/i><\/a><a href=\"https:\/\/twitter.com\/FazerSverige\" class=\"soc_icon-twitter-3\" style=\"\" target=\"_blank\"><span class=\"line-top-left soc_icon-twitter-3\"><\/span><span class=\"line-top-center soc_icon-twitter-3\"><\/span><span class=\"line-top-right soc_icon-twitter-3\"><\/span><span class=\"line-bottom-left soc_icon-twitter-3\"><\/span><span class=\"line-bottom-center soc_icon-twitter-3\"><\/span><span class=\"line-bottom-right soc_icon-twitter-3\"><\/span><i class=\"soc_icon-twitter-3\"><\/i><\/a><a href=\"https:\/\/www.youtube.com\/user\/TheFazerGroup\" class=\"soc_icon-youtube\" style=\"\" target=\"_blank\"><span class=\"line-top-left soc_icon-youtube\"><\/span><span class=\"line-top-center soc_icon-youtube\"><\/span><span class=\"line-top-right soc_icon-youtube\"><\/span><span class=\"line-bottom-left soc_icon-youtube\"><\/span><span class=\"line-bottom-center soc_icon-youtube\"><\/span><span class=\"line-bottom-right soc_icon-youtube\"><\/span><i class=\"soc_icon-youtube\"><\/i><\/a><\/div><\/div><\/div>[vc_column_text css=&#8221;.vc_custom_1493988816937{padding-top: 40px !important;padding-bottom: 60px !important;}&#8221;]<\/p>\n<p style=\"text-align: center;\"><span style=\"color: #ffffff;\">ANSVARIG UTGIVARE: EUROPEAN LOYALTY SYSTEMS AB<\/span><br \/>\n<span style=\"color: #ffffff;\">031-742 55 66 | INFO@ELSSVERIGE.SE<\/span><\/p>\n<p>[\/vc_column_text][\/vc_column_inner][\/vc_row_inner][\/vc_column][\/vc_row][vc_row force_equal_height_columns=&#8221;main_row&#8221; mobile_destroy_equal_heights=&#8221;off&#8221; dfd_row_config=&#8221;full_width_content&#8221; dfd_row_parallax=&#8221;off&#8221; dfd_row_responsive_enable=&#8221;off&#8221; bg_type=&#8221;image&#8221; bg_image_new=&#8221;110&#8243; ult_hide_row=&#8221;ult_hide_row_value&#8221; ult_hide_row_large_screen=&#8221;large_screen&#8221; ult_hide_row_desktop=&#8221;desktop&#8221; ult_hide_row_tablet=&#8221;tablet&#8221; ult_hide_row_tablet_small=&#8221;xs_tablet&#8221; ult_hide_row_mobile=&#8221;off&#8221; ult_hide_row_mobile_large=&#8221;off&#8221; css=&#8221;.vc_custom_1493997194692{padding-top: 0px !important;}&#8221;][vc_column width=&#8221;1\/2&#8243; css=&#8221;.vc_custom_1466066445680{background-position: center !important;background-repeat: no-repeat !important;background-size: cover !important;}&#8221; offset=&#8221;vc_hidden-lg vc_hidden-md vc_hidden-sm vc_col-xs-6&#8243;][vc_single_image image=&#8221;723&#8243; img_size=&#8221;full&#8221;][vc_single_image image=&#8221;683&#8243; img_size=&#8221;full&#8221;][vc_single_image image=&#8221;725&#8243; img_size=&#8221;full&#8221;][vc_single_image image=&#8221;685&#8243; img_size=&#8221;full&#8221;][\/vc_column][vc_column width=&#8221;1\/2&#8243; offset=&#8221;vc_hidden-lg vc_hidden-md vc_hidden-sm vc_col-xs-6&#8243;][vc_single_image image=&#8221;728&#8243; img_size=&#8221;full&#8221;][vc_single_image image=&#8221;564&#8243; img_size=&#8221;full&#8221;][vc_single_image image=&#8221;729&#8243; img_size=&#8221;full&#8221;][vc_single_image image=&#8221;568&#8243; img_size=&#8221;full&#8221;][\/vc_column][\/vc_row][vc_row bg_type=&#8221;image&#8221; bg_image_new=&#8221;609&#8243; ult_hide_row=&#8221;ult_hide_row_value&#8221; ult_hide_row_large_screen=&#8221;large_screen&#8221; ult_hide_row_desktop=&#8221;desktop&#8221; ult_hide_row_tablet=&#8221;tablet&#8221; ult_hide_row_tablet_small=&#8221;xs_tablet&#8221; ult_hide_row_mobile=&#8221;off&#8221; ult_hide_row_mobile_large=&#8221;off&#8221;][vc_column offset=&#8221;vc_hidden-lg vc_hidden-md vc_hidden-sm&#8221;]<div class=\"dfd-spacer-module\"  data-units=\"px\" data-wide_resolution=\"1280\" data-wide_size=\"110\" data-normal_resolution=\"1024\" data-normal_size=\"110\" data-tablet_resolution=\"800\" data-tablet_size=\"110\" data-mobile_resolution=\"480\" data-mobile_size=\"110\" style=\"height: 110px;\"><\/div><div id=\"dfdsoc-4296309469f41147d03ee\" class=\"dfd-socicon-module  \" ><div class=\"soc-icon-aligment text-center\"><div class=\"widget soc-icons dfd-soc-icons-hover-style-26\"><a href=\"https:\/\/www.facebook.com\/fazersverige\/\" class=\"soc_icon-facebook\" style=\"\" target=\"_blank\"><span class=\"line-top-left soc_icon-facebook\"><\/span><span class=\"line-top-center soc_icon-facebook\"><\/span><span class=\"line-top-right soc_icon-facebook\"><\/span><span class=\"line-bottom-left soc_icon-facebook\"><\/span><span class=\"line-bottom-center soc_icon-facebook\"><\/span><span class=\"line-bottom-right soc_icon-facebook\"><\/span><i class=\"soc_icon-facebook\"><\/i><\/a><a href=\"https:\/\/www.instagram.com\/fazersverige\/\" class=\"soc_icon-instagram\" style=\"\" target=\"_blank\"><span class=\"line-top-left soc_icon-instagram\"><\/span><span class=\"line-top-center soc_icon-instagram\"><\/span><span class=\"line-top-right soc_icon-instagram\"><\/span><span class=\"line-bottom-left soc_icon-instagram\"><\/span><span class=\"line-bottom-center soc_icon-instagram\"><\/span><span class=\"line-bottom-right soc_icon-instagram\"><\/span><i class=\"soc_icon-instagram\"><\/i><\/a><a href=\"https:\/\/se.pinterest.com\/thefazergroup\/\" class=\"soc_icon-pinterest\" style=\"\" target=\"_blank\"><span class=\"line-top-left soc_icon-pinterest\"><\/span><span class=\"line-top-center soc_icon-pinterest\"><\/span><span class=\"line-top-right soc_icon-pinterest\"><\/span><span class=\"line-bottom-left soc_icon-pinterest\"><\/span><span class=\"line-bottom-center soc_icon-pinterest\"><\/span><span class=\"line-bottom-right soc_icon-pinterest\"><\/span><i class=\"soc_icon-pinterest\"><\/i><\/a><a href=\"https:\/\/twitter.com\/FazerSverige\" class=\"soc_icon-twitter-3\" style=\"\" target=\"_blank\"><span class=\"line-top-left soc_icon-twitter-3\"><\/span><span class=\"line-top-center soc_icon-twitter-3\"><\/span><span class=\"line-top-right soc_icon-twitter-3\"><\/span><span class=\"line-bottom-left soc_icon-twitter-3\"><\/span><span class=\"line-bottom-center soc_icon-twitter-3\"><\/span><span class=\"line-bottom-right soc_icon-twitter-3\"><\/span><i class=\"soc_icon-twitter-3\"><\/i><\/a><a href=\"https:\/\/www.youtube.com\/user\/TheFazerGroup\" class=\"soc_icon-youtube\" style=\"\" target=\"_blank\"><span class=\"line-top-left soc_icon-youtube\"><\/span><span class=\"line-top-center soc_icon-youtube\"><\/span><span class=\"line-top-right soc_icon-youtube\"><\/span><span class=\"line-bottom-left soc_icon-youtube\"><\/span><span class=\"line-bottom-center soc_icon-youtube\"><\/span><span class=\"line-bottom-right soc_icon-youtube\"><\/span><i class=\"soc_icon-youtube\"><\/i><\/a><\/div><\/div><\/div>[vc_column_text css=&#8221;.vc_custom_1493988816937{padding-top: 40px !important;padding-bottom: 60px !important;}&#8221;]<\/p>\n<p style=\"text-align: center;\"><span style=\"color: #ffffff;\">ANSVARIG UTGIVARE: EUROPEAN LOYALTY SYSTEMS AB<\/span><br \/>\n<span style=\"color: #ffffff;\">031-742 55 66 | INFO@ELSSVERIGE.SE<\/span><\/p>\n<p>[\/vc_column_text][\/vc_column][\/vc_row]<\/p>\n","protected":false},"excerpt":{"rendered":"<p>[vc_row full_height=&#8221;yes&#8221; bg_type=&#8221;image&#8221; bg_image_new=&#8221;609&#8243; bg_img_attach=&#8221;fixed&#8221; ult_hide_row=&#8221;ult_hide_row_value&#8221; ult_hide_row_large_screen=&#8221;off&#8221; ult_hide_row_desktop=&#8221;off&#8221; ult_hide_row_tablet=&#8221;off&#8221; ult_hide_row_tablet_small=&#8221;off&#8221; ult_hide_row_mobile=&#8221;mobile&#8221; ult_hide_row_mobile_large=&#8221;xl_mobile&#8221;][vc_column css=&#8221;.vc_custom_1493993607175{padding-right: 175px !important;padding-left: 175px !important;}&#8221; offset=&#8221;vc_hidden-xs&#8221;][vc_single_image image=&#8221;599&#8243; img_size=&#8221;full&#8221; css=&#8221;.vc_custom_1493992751103{padding-bottom: 25px !important;}&#8221;][vc_column_text css=&#8221;.vc_custom_1496152002385{padding-bottom: 4px !important;}&#8221;] K\u00d6P 4 ST FAZERPRODUKTER<\/p>\n","protected":false},"author":10,"featured_media":0,"parent":0,"menu_order":0,"comment_status":"open","ping_status":"open","template":"page-custom.php","meta":[],"_links":{"self":[{"href":"http:\/\/ww2.elsnordic.com\/fazergodis\/wp-json\/wp\/v2\/pages\/2"}],"collection":[{"href":"http:\/\/ww2.elsnordic.com\/fazergodis\/wp-json\/wp\/v2\/pages"}],"about":[{"href":"http:\/\/ww2.elsnordic.com\/fazergodis\/wp-json\/wp\/v2\/types\/page"}],"author":[{"embeddable":true,"href":"http:\/\/ww2.elsnordic.com\/fazergodis\/wp-json\/wp\/v2\/users\/10"}],"replies":[{"embeddable":true,"href":"http:\/\/ww2.elsnordic.com\/fazergodis\/wp-json\/wp\/v2\/comments?post=2"}],"version-history":[{"count":472,"href":"http:\/\/ww2.elsnordic.com\/fazergodis\/wp-json\/wp\/v2\/pages\/2\/revisions"}],"predecessor-version":[{"id":733,"href":"http:\/\/ww2.elsnordic.com\/fazergodis\/wp-json\/wp\/v2\/pages\/2\/revisions\/733"}],"wp:attachment":[{"href":"http:\/\/ww2.elsnordic.com\/fazergodis\/wp-json\/wp\/v2\/media?parent=2"}],"curies":[{"name":"wp","href":"https:\/\/api.w.org\/{rel}","templated":true}]}}