{"id":73,"date":"2016-06-08T08:39:00","date_gmt":"2016-06-08T08:39:00","guid":{"rendered":"http:\/\/ww2.elsnordic.com\/fazergodis\/?page_id=73"},"modified":"2017-08-16T08:19:49","modified_gmt":"2017-08-16T08:19:49","slug":"gor-sa-har","status":"publish","type":"page","link":"http:\/\/ww2.elsnordic.com\/fazergodis\/gor-sa-har\/","title":{"rendered":"G\u00d6R S\u00c5 H\u00c4R"},"content":{"rendered":"<p>[vc_row full_height=&#8221;yes&#8221; bg_type=&#8221;image&#8221; bg_image_new=&#8221;609&#8243; ult_hide_row=&#8221;ult_hide_row_value&#8221; ult_hide_row_large_screen=&#8221;off&#8221; ult_hide_row_desktop=&#8221;off&#8221; ult_hide_row_tablet=&#8221;off&#8221; ult_hide_row_tablet_small=&#8221;off&#8221; ult_hide_row_mobile=&#8221;mobile&#8221; ult_hide_row_mobile_large=&#8221;xl_mobile&#8221;][vc_column width=&#8221;1\/6&#8243; offset=&#8221;vc_hidden-xs&#8221;][\/vc_column][vc_column width=&#8221;2\/3&#8243; css=&#8221;.vc_custom_1493989088003{padding-top: 150px !important;padding-bottom: 0px !important;}&#8221; offset=&#8221;vc_hidden-xs&#8221;][vc_column_text css=&#8221;.vc_custom_1465381946438{padding-bottom: 30px !important;}&#8221;]<\/p>\n<h1><span style=\"color: #ffffff;\">G\u00d6R S\u00c5 H\u00c4R<\/span><\/h1>\n<p>[\/vc_column_text]<div class=\"uavc-list-icon  \" ><ul class=\"uavc-list\"><li><div class=\"uavc-list-content\" style=\"margin-bottom:15px;\">\n<div class=\"uavc-list-icon \" style=\"margin-right:12px;\"><div class=\"align-icon\" style=\"text-align: center;\">\n<div class=\"aio-icon-img  \" style=\"font-size:20px;display:inline-block !important;\" >\n\t<img class=\"img-icon\" alt=\"\" src=\"http:\/\/ww2.elsnordic.com\/fazergodis\/wp-content\/uploads\/sites\/102\/2016\/06\/1-2.png\"\/>\n<\/div><\/div>\n<\/div><div class=\"uavc-list-desc\"><h6>K\u00f6p 4 stycken Fazerprodukter (g\u00e4ller chokladkakor 200g samt chokladp\u00e5sar 160-220g).<\/h6>\n<\/div><\/div><\/li><li><div class=\"uavc-list-content\" style=\"margin-bottom:15px;\">\n<div class=\"uavc-list-icon \" style=\"margin-right:12px;\"><div class=\"align-icon\" style=\"text-align: center;\">\n<div class=\"aio-icon-img  \" style=\"font-size:20px;display:inline-block !important;\" >\n\t<img class=\"img-icon\" alt=\"\" src=\"http:\/\/ww2.elsnordic.com\/fazergodis\/wp-content\/uploads\/sites\/102\/2016\/06\/2-2.png\"\/>\n<\/div><\/div>\n<\/div><div class=\"uavc-list-desc\"><h6><strong><a style=\"color: #bba464;\" href=\"http:\/\/fazergodis.elskampanj.se\/\">Klicka h\u00e4r<\/a><\/strong> och registrera dina uppgifter senast den 18 september 2017. N\u00e4r du klickat p\u00e5 knappen \u201dskicka\u201d kommer du inom kort att f\u00e5 ett mail till den e-postadress du angivit. (Inte f\u00e5tt n\u00e5got mail? Ta en titt i din skr\u00e4ppost.)<\/h6>\n<\/div><\/div><\/li><li><div class=\"uavc-list-content\" style=\"margin-bottom:15px;\">\n<div class=\"uavc-list-icon \" style=\"margin-right:12px;\"><div class=\"align-icon\" style=\"text-align: center;\">\n<div class=\"aio-icon-img  \" style=\"font-size:20px;display:inline-block !important;\" >\n\t<img class=\"img-icon\" alt=\"\" src=\"http:\/\/ww2.elsnordic.com\/fazergodis\/wp-content\/uploads\/sites\/102\/2016\/06\/3-3.png\"\/>\n<\/div><\/div>\n<\/div><div class=\"uavc-list-desc\"><h6>Skriv ut kampanjbeviset (pdf:en som ligger bifogad i mailet).<\/h6>\n<\/div><\/div><\/li><li><div class=\"uavc-list-content\" style=\"margin-bottom:15px;\">\n<div class=\"uavc-list-icon \" style=\"margin-right:12px;\"><div class=\"align-icon\" style=\"text-align: center;\">\n<div class=\"aio-icon-img  \" style=\"font-size:20px;display:inline-block !important;\" >\n\t<img class=\"img-icon\" alt=\"\" src=\"http:\/\/ww2.elsnordic.com\/fazergodis\/wp-content\/uploads\/sites\/102\/2016\/06\/4-2.png\"\/>\n<\/div><\/div>\n<\/div><div class=\"uavc-list-desc\"><h6>Klipp ut dina streckkoder och l\u00e4gg streckkoderna tillsammans med kampanjbeviset i ett kuvert och skicka till:<\/h6>\n<h6><span style=\"color: #bba464;\"><strong>FAZER C\/O ELS SVERIGE AB, M\u00d6LNDALSV\u00c4GEN 91, 412 63 G\u00d6TEBORG<\/strong><\/span><\/h6>\n<\/div><\/div><\/li><li><div class=\"uavc-list-content\" style=\"margin-bottom:15px;\">\n<div class=\"uavc-list-icon \" style=\"margin-right:12px;\"><div class=\"align-icon\" style=\"text-align: center;\">\n<div class=\"aio-icon-img  \" style=\"font-size:20px;display:inline-block !important;\" >\n\t<img class=\"img-icon\" alt=\"\" src=\"http:\/\/ww2.elsnordic.com\/fazergodis\/wp-content\/uploads\/sites\/102\/2016\/06\/5-3.png\"\/>\n<\/div><\/div>\n<\/div><div class=\"uavc-list-desc\"><h6>Inom ca 4 veckor efter att vi mottagit och kontrollerat dina streckkoder kommer dina sk\u00e5lar skickas till dig.<\/h6>\n<h6>Notera att en fast kostnad p\u00e5 49 kr tillkommer f\u00f6r frakt och hantering och betalas i samband med din registrering. G\u00e4ller endast leverans inom Sverige. Ditt kampanjbevis och dina streckkoder ska vara oss tillhanda senast den 28 september 2017.<\/h6>\n<h6>Erbjudandet\u00a0g\u00e4ller max 2 g\u00e5nger per hush\u00e5ll och s\u00e5 l\u00e5ngt lagret r\u00e4cker.<\/h6>\n<h6><em>Observera att sk\u00e5larna kan ta slut innan sista registreringsdatum.<\/em><\/h6>\n<\/div><\/div><\/li><\/ul><\/div>[vc_row_inner][vc_column_inner]<div class=\"dfd-spacer-module\"  data-units=\"px\" data-wide_resolution=\"1280\" data-wide_size=\"200\" data-normal_resolution=\"1024\" data-normal_size=\"200\" data-tablet_resolution=\"800\" data-tablet_size=\"200\" data-mobile_resolution=\"480\" data-mobile_size=\"200\" style=\"height: 200px;\"><\/div><div id=\"dfdsoc-149509746869f40211469b1\" class=\"dfd-socicon-module  \" ><div class=\"soc-icon-aligment text-center\"><div class=\"widget soc-icons dfd-soc-icons-hover-style-26\"><a href=\"https:\/\/www.facebook.com\/fazersverige\/\" class=\"soc_icon-facebook\" style=\"\" target=\"_blank\"><span class=\"line-top-left soc_icon-facebook\"><\/span><span class=\"line-top-center soc_icon-facebook\"><\/span><span class=\"line-top-right soc_icon-facebook\"><\/span><span class=\"line-bottom-left soc_icon-facebook\"><\/span><span class=\"line-bottom-center soc_icon-facebook\"><\/span><span class=\"line-bottom-right soc_icon-facebook\"><\/span><i class=\"soc_icon-facebook\"><\/i><\/a><a href=\"https:\/\/www.instagram.com\/fazersverige\/\" class=\"soc_icon-instagram\" style=\"\" target=\"_blank\"><span class=\"line-top-left soc_icon-instagram\"><\/span><span class=\"line-top-center soc_icon-instagram\"><\/span><span class=\"line-top-right soc_icon-instagram\"><\/span><span class=\"line-bottom-left soc_icon-instagram\"><\/span><span class=\"line-bottom-center soc_icon-instagram\"><\/span><span class=\"line-bottom-right soc_icon-instagram\"><\/span><i class=\"soc_icon-instagram\"><\/i><\/a><a href=\"https:\/\/se.pinterest.com\/thefazergroup\/\" class=\"soc_icon-pinterest\" style=\"\" target=\"_blank\"><span class=\"line-top-left soc_icon-pinterest\"><\/span><span class=\"line-top-center soc_icon-pinterest\"><\/span><span class=\"line-top-right soc_icon-pinterest\"><\/span><span class=\"line-bottom-left soc_icon-pinterest\"><\/span><span class=\"line-bottom-center soc_icon-pinterest\"><\/span><span class=\"line-bottom-right soc_icon-pinterest\"><\/span><i class=\"soc_icon-pinterest\"><\/i><\/a><a href=\"https:\/\/twitter.com\/FazerSverige\" class=\"soc_icon-twitter-3\" style=\"\" target=\"_blank\"><span class=\"line-top-left soc_icon-twitter-3\"><\/span><span class=\"line-top-center soc_icon-twitter-3\"><\/span><span class=\"line-top-right soc_icon-twitter-3\"><\/span><span class=\"line-bottom-left soc_icon-twitter-3\"><\/span><span class=\"line-bottom-center soc_icon-twitter-3\"><\/span><span class=\"line-bottom-right soc_icon-twitter-3\"><\/span><i class=\"soc_icon-twitter-3\"><\/i><\/a><a href=\"https:\/\/www.youtube.com\/user\/TheFazerGroup\" class=\"soc_icon-youtube\" style=\"\" target=\"_blank\"><span class=\"line-top-left soc_icon-youtube\"><\/span><span class=\"line-top-center soc_icon-youtube\"><\/span><span class=\"line-top-right soc_icon-youtube\"><\/span><span class=\"line-bottom-left soc_icon-youtube\"><\/span><span class=\"line-bottom-center soc_icon-youtube\"><\/span><span class=\"line-bottom-right soc_icon-youtube\"><\/span><i class=\"soc_icon-youtube\"><\/i><\/a><\/div><\/div><\/div>[vc_column_text css=&#8221;.vc_custom_1493988941367{padding-top: 40px !important;padding-bottom: 60px !important;}&#8221;]<\/p>\n<p style=\"text-align: center;\"><span style=\"color: #ffffff;\">ANSVARIG UTGIVARE: EUROPEAN LOYALTY SYSTEMS AB<\/span><br \/>\n<span style=\"color: #ffffff;\">031-742 55 66 | INFO@ELSSVERIGE.SE<\/span><\/p>\n<p>[\/vc_column_text][\/vc_column_inner][\/vc_row_inner][\/vc_column][vc_column width=&#8221;1\/6&#8243; offset=&#8221;vc_hidden-xs&#8221;][\/vc_column][\/vc_row][vc_row full_height=&#8221;yes&#8221; bg_type=&#8221;image&#8221; bg_image_new=&#8221;609&#8243; ult_hide_row=&#8221;ult_hide_row_value&#8221; ult_hide_row_large_screen=&#8221;large_screen&#8221; ult_hide_row_desktop=&#8221;desktop&#8221; ult_hide_row_tablet=&#8221;tablet&#8221; ult_hide_row_tablet_small=&#8221;xs_tablet&#8221; ult_hide_row_mobile=&#8221;off&#8221; ult_hide_row_mobile_large=&#8221;off&#8221; css=&#8221;.vc_custom_1493996956455{padding-top: 200px !important;}&#8221;][vc_column width=&#8221;1\/6&#8243; offset=&#8221;vc_hidden-lg vc_hidden-md vc_hidden-sm&#8221;][\/vc_column][vc_column width=&#8221;2\/3&#8243; css=&#8221;.vc_custom_1465911168890{padding-top: 0px !important;padding-bottom: 5px !important;}&#8221; offset=&#8221;vc_hidden-lg vc_hidden-md vc_hidden-sm&#8221;][vc_column_text css=&#8221;.vc_custom_1494489100396{padding-bottom: 30px !important;}&#8221;]<\/p>\n<h1><span style=\"color: #ffffff;\">G\u00d6R S\u00c5 H\u00c4R<\/span><\/h1>\n<p>[\/vc_column_text]<div class=\"uavc-list-icon  \" ><ul class=\"uavc-list\"><li><div class=\"uavc-list-content\" style=\"margin-bottom:15px;\">\n<div class=\"uavc-list-icon \" style=\"margin-right:12px;\"><div class=\"align-icon\" style=\"text-align: center;\">\n<div class=\"aio-icon-img  \" style=\"font-size:20px;display:inline-block !important;\" >\n\t<img class=\"img-icon\" alt=\"\" src=\"http:\/\/ww2.elsnordic.com\/fazergodis\/wp-content\/uploads\/sites\/102\/2016\/06\/1-2.png\"\/>\n<\/div><\/div>\n<\/div><div class=\"uavc-list-desc\"><h6><span style=\"font-size: 12px; line-height: 14px;\">K\u00f6p 4 stycken Fazerprodukter (g\u00e4ller chokladkakor 200g samt chokladp\u00e5sar 160-220g).<\/span><\/h6>\n<\/div><\/div><\/li><li><div class=\"uavc-list-content\" style=\"margin-bottom:15px;\">\n<div class=\"uavc-list-icon \" style=\"margin-right:12px;\"><div class=\"align-icon\" style=\"text-align: center;\">\n<div class=\"aio-icon-img  \" style=\"font-size:20px;display:inline-block !important;\" >\n\t<img class=\"img-icon\" alt=\"\" src=\"http:\/\/ww2.elsnordic.com\/fazergodis\/wp-content\/uploads\/sites\/102\/2016\/06\/2-2.png\"\/>\n<\/div><\/div>\n<\/div><div class=\"uavc-list-desc\"><h6><span style=\"font-size: 12px; line-height: 14px;\"><strong><a style=\"color: #bba464;\" href=\"http:\/\/fazergodis.elskampanj.se\/\">Klicka h\u00e4r <\/a><\/strong> och registrera dina uppgifter senast den 18 september 2017. N\u00e4r du klickat p\u00e5 knappen \u201dskicka\u201d kommer du inom kort att f\u00e5 ett mail till den e-postadress du angivit. (Inte f\u00e5tt n\u00e5got mail? Ta en titt i din skr\u00e4ppost.)<\/span><\/h6>\n<\/div><\/div><\/li><li><div class=\"uavc-list-content\" style=\"margin-bottom:15px;\">\n<div class=\"uavc-list-icon \" style=\"margin-right:12px;\"><div class=\"align-icon\" style=\"text-align: center;\">\n<div class=\"aio-icon-img  \" style=\"font-size:20px;display:inline-block !important;\" >\n\t<img class=\"img-icon\" alt=\"\" src=\"http:\/\/ww2.elsnordic.com\/fazergodis\/wp-content\/uploads\/sites\/102\/2016\/06\/3-3.png\"\/>\n<\/div><\/div>\n<\/div><div class=\"uavc-list-desc\"><h6><span style=\"font-size: 12px; line-height: 14px;\">Skriv ut kampanjbeviset (pdf:en som ligger bifogad i mailet).<\/span><\/h6>\n<\/div><\/div><\/li><li><div class=\"uavc-list-content\" style=\"margin-bottom:15px;\">\n<div class=\"uavc-list-icon \" style=\"margin-right:12px;\"><div class=\"align-icon\" style=\"text-align: center;\">\n<div class=\"aio-icon-img  \" style=\"font-size:20px;display:inline-block !important;\" >\n\t<img class=\"img-icon\" alt=\"\" src=\"http:\/\/ww2.elsnordic.com\/fazergodis\/wp-content\/uploads\/sites\/102\/2016\/06\/4-2.png\"\/>\n<\/div><\/div>\n<\/div><div class=\"uavc-list-desc\"><h6><span style=\"font-size: 12px; line-height: 14px;\">Klipp ut dina streckkoder och l\u00e4gg streckkoderna tillsammans med kampanjbeviset i ett kuvert och skicka till:<\/span><\/h6>\n<h6><span style=\"color: #bba464; font-size: 12px; line-height: 14px;\"><strong><em>FAZER C\/O ELS SVERIGE AB, M\u00d6LNDALSV\u00c4GEN 91, 412 63 G\u00d6TEBORG<\/em><\/strong><\/span><\/h6>\n<\/div><\/div><\/li><li><div class=\"uavc-list-content\" style=\"margin-bottom:15px;\">\n<div class=\"uavc-list-icon \" style=\"margin-right:12px;\"><div class=\"align-icon\" style=\"text-align: center;\">\n<div class=\"aio-icon-img  \" style=\"font-size:20px;display:inline-block !important;\" >\n\t<img class=\"img-icon\" alt=\"\" src=\"http:\/\/ww2.elsnordic.com\/fazergodis\/wp-content\/uploads\/sites\/102\/2016\/06\/5-3.png\"\/>\n<\/div><\/div>\n<\/div><div class=\"uavc-list-desc\"><h6><span style=\"font-size: 12px; line-height: 14px;\">Inom ca 4 veckor efter att vi mottagit och kontrollerat dina streckkoder kommer dina sk\u00e5lar skickas till dig.<\/span><\/h6>\n<h6><span style=\"font-size: 12px; line-height: 14px;\">Notera att en fast kostnad p\u00e5 49 kr tillkommer f\u00f6r frakt och hantering och betalas i samband med din registrering. G\u00e4ller endast leverans inom Sverige. Ditt kampanjbevis och dina streckkoder ska vara oss tillhanda senast den 28 september 2017.<\/span><\/h6>\n<h6><span style=\"font-size: 12px; line-height: 14px;\">Erbjudandet\u00a0g\u00e4ller max 2 g\u00e5nger per hush\u00e5ll och s\u00e5 l\u00e5ngt lagret r\u00e4cker.<\/span><\/h6>\n<h6><span style=\"font-size: 12px; line-height: 14px;\"><em>Observera att sk\u00e5larna kan ta slut innan sista registreringsdatum.<\/em><\/span><\/h6>\n<\/div><\/div><\/li><\/ul><\/div>[vc_row_inner][vc_column_inner]<div class=\"dfd-spacer-module\"  data-units=\"px\" data-wide_resolution=\"1280\" data-wide_size=\"110\" data-normal_resolution=\"1024\" data-normal_size=\"110\" data-tablet_resolution=\"800\" data-tablet_size=\"110\" data-mobile_resolution=\"480\" data-mobile_size=\"110\" style=\"height: 110px;\"><\/div><div id=\"dfdsoc-140831687569f4021146db5\" class=\"dfd-socicon-module  \" ><div class=\"soc-icon-aligment text-center\"><div class=\"widget soc-icons dfd-soc-icons-hover-style-26\"><a href=\"https:\/\/www.facebook.com\/fazersverige\/\" class=\"soc_icon-facebook\" style=\"\" target=\"_blank\"><span class=\"line-top-left soc_icon-facebook\"><\/span><span class=\"line-top-center soc_icon-facebook\"><\/span><span class=\"line-top-right soc_icon-facebook\"><\/span><span class=\"line-bottom-left soc_icon-facebook\"><\/span><span class=\"line-bottom-center soc_icon-facebook\"><\/span><span class=\"line-bottom-right soc_icon-facebook\"><\/span><i class=\"soc_icon-facebook\"><\/i><\/a><a href=\"https:\/\/www.instagram.com\/fazersverige\/\" class=\"soc_icon-instagram\" style=\"\" target=\"_blank\"><span class=\"line-top-left soc_icon-instagram\"><\/span><span class=\"line-top-center soc_icon-instagram\"><\/span><span class=\"line-top-right soc_icon-instagram\"><\/span><span class=\"line-bottom-left soc_icon-instagram\"><\/span><span class=\"line-bottom-center soc_icon-instagram\"><\/span><span class=\"line-bottom-right soc_icon-instagram\"><\/span><i class=\"soc_icon-instagram\"><\/i><\/a><a href=\"https:\/\/se.pinterest.com\/thefazergroup\/\" class=\"soc_icon-pinterest\" style=\"\" target=\"_blank\"><span class=\"line-top-left soc_icon-pinterest\"><\/span><span class=\"line-top-center soc_icon-pinterest\"><\/span><span class=\"line-top-right soc_icon-pinterest\"><\/span><span class=\"line-bottom-left soc_icon-pinterest\"><\/span><span class=\"line-bottom-center soc_icon-pinterest\"><\/span><span class=\"line-bottom-right soc_icon-pinterest\"><\/span><i class=\"soc_icon-pinterest\"><\/i><\/a><a href=\"https:\/\/twitter.com\/FazerSverige\" class=\"soc_icon-twitter-3\" style=\"\" target=\"_blank\"><span class=\"line-top-left soc_icon-twitter-3\"><\/span><span class=\"line-top-center soc_icon-twitter-3\"><\/span><span class=\"line-top-right soc_icon-twitter-3\"><\/span><span class=\"line-bottom-left soc_icon-twitter-3\"><\/span><span class=\"line-bottom-center soc_icon-twitter-3\"><\/span><span class=\"line-bottom-right soc_icon-twitter-3\"><\/span><i class=\"soc_icon-twitter-3\"><\/i><\/a><a href=\"https:\/\/www.youtube.com\/user\/TheFazerGroup\" class=\"soc_icon-youtube\" style=\"\" target=\"_blank\"><span class=\"line-top-left soc_icon-youtube\"><\/span><span class=\"line-top-center soc_icon-youtube\"><\/span><span class=\"line-top-right soc_icon-youtube\"><\/span><span class=\"line-bottom-left soc_icon-youtube\"><\/span><span class=\"line-bottom-center soc_icon-youtube\"><\/span><span class=\"line-bottom-right soc_icon-youtube\"><\/span><i class=\"soc_icon-youtube\"><\/i><\/a><\/div><\/div><\/div>[vc_column_text css=&#8221;.vc_custom_1493988941367{padding-top: 40px !important;padding-bottom: 60px !important;}&#8221;]<\/p>\n<p style=\"text-align: center;\"><span style=\"color: #ffffff;\">ANSVARIG UTGIVARE: EUROPEAN LOYALTY SYSTEMS AB<\/span><br \/>\n<span style=\"color: #ffffff;\">031-742 55 66 | INFO@ELSSVERIGE.SE<\/span><\/p>\n<p>[\/vc_column_text][\/vc_column_inner][\/vc_row_inner][\/vc_column][vc_column width=&#8221;1\/6&#8243; offset=&#8221;vc_hidden-lg vc_hidden-md vc_hidden-sm&#8221;][\/vc_column][\/vc_row]<\/p>\n","protected":false},"excerpt":{"rendered":"<p>[vc_row full_height=&#8221;yes&#8221; bg_type=&#8221;image&#8221; bg_image_new=&#8221;609&#8243; ult_hide_row=&#8221;ult_hide_row_value&#8221; ult_hide_row_large_screen=&#8221;off&#8221; ult_hide_row_desktop=&#8221;off&#8221; ult_hide_row_tablet=&#8221;off&#8221; ult_hide_row_tablet_small=&#8221;off&#8221; ult_hide_row_mobile=&#8221;mobile&#8221; ult_hide_row_mobile_large=&#8221;xl_mobile&#8221;][vc_column width=&#8221;1\/6&#8243; offset=&#8221;vc_hidden-xs&#8221;][\/vc_column][vc_column width=&#8221;2\/3&#8243; css=&#8221;.vc_custom_1493989088003{padding-top: 150px !important;padding-bottom: 0px !important;}&#8221; offset=&#8221;vc_hidden-xs&#8221;][vc_column_text css=&#8221;.vc_custom_1465381946438{padding-bottom: 30px !important;}&#8221;] G\u00d6R S\u00c5 H\u00c4R [\/vc_column_text][vc_row_inner][vc_column_inner][vc_column_text css=&#8221;.vc_custom_1493988941367{padding-top: 40px !important;padding-bottom:<\/p>\n","protected":false},"author":10,"featured_media":0,"parent":0,"menu_order":0,"comment_status":"open","ping_status":"open","template":"page-custom.php","meta":[],"_links":{"self":[{"href":"http:\/\/ww2.elsnordic.com\/fazergodis\/wp-json\/wp\/v2\/pages\/73"}],"collection":[{"href":"http:\/\/ww2.elsnordic.com\/fazergodis\/wp-json\/wp\/v2\/pages"}],"about":[{"href":"http:\/\/ww2.elsnordic.com\/fazergodis\/wp-json\/wp\/v2\/types\/page"}],"author":[{"embeddable":true,"href":"http:\/\/ww2.elsnordic.com\/fazergodis\/wp-json\/wp\/v2\/users\/10"}],"replies":[{"embeddable":true,"href":"http:\/\/ww2.elsnordic.com\/fazergodis\/wp-json\/wp\/v2\/comments?post=73"}],"version-history":[{"count":48,"href":"http:\/\/ww2.elsnordic.com\/fazergodis\/wp-json\/wp\/v2\/pages\/73\/revisions"}],"predecessor-version":[{"id":736,"href":"http:\/\/ww2.elsnordic.com\/fazergodis\/wp-json\/wp\/v2\/pages\/73\/revisions\/736"}],"wp:attachment":[{"href":"http:\/\/ww2.elsnordic.com\/fazergodis\/wp-json\/wp\/v2\/media?parent=73"}],"curies":[{"name":"wp","href":"https:\/\/api.w.org\/{rel}","templated":true}]}}