{"id":77,"date":"2016-06-08T08:39:46","date_gmt":"2016-06-08T08:39:46","guid":{"rendered":"http:\/\/ww2.elsnordic.com\/fazergodis\/?page_id=77"},"modified":"2017-05-11T07:49:45","modified_gmt":"2017-05-11T07:49:45","slug":"kontakta-oss","status":"publish","type":"page","link":"http:\/\/ww2.elsnordic.com\/fazergodis\/kontakta-oss\/","title":{"rendered":"KONTAKTA OSS"},"content":{"rendered":"<p>[vc_row full_height=&#8221;yes&#8221; bg_type=&#8221;image&#8221; bg_image_new=&#8221;609&#8243; ult_hide_row=&#8221;ult_hide_row_value&#8221; ult_hide_row_large_screen=&#8221;off&#8221; ult_hide_row_desktop=&#8221;off&#8221; ult_hide_row_tablet=&#8221;off&#8221; ult_hide_row_tablet_small=&#8221;off&#8221; ult_hide_row_mobile=&#8221;mobile&#8221; ult_hide_row_mobile_large=&#8221;xl_mobile&#8221; css=&#8221;.vc_custom_1493990207069{padding-top: 260px !important;}&#8221;][vc_column width=&#8221;1\/2&#8243; css=&#8221;.vc_custom_1466062271992{padding-left: 13% !important;}&#8221; offset=&#8221;vc_hidden-xs&#8221;][vc_column_text css=&#8221;.vc_custom_1465464839169{padding-bottom: 15px !important;}&#8221;]<\/p>\n<h1><span style=\"color: #ffffff;\">KONTAKTA OSS<\/span><\/h1>\n<p>[\/vc_column_text][vc_column_text]<\/p>\n<h6><em>ELS Sverige<\/em><br \/>\n<em> M\u00f6lndalsv\u00e4gen 91<\/em><br \/>\n<em> 412 63 G\u00f6teborg<\/em><\/h6>\n<h6>Kundtj\u00e4nst: 031-742 55 66<br \/>\nE-post: info@elssverige.se<br \/>\n\u00d6ppettider: m\u00e5n-fre 09.00-17.00<\/h6>\n<p>[\/vc_column_text][\/vc_column][vc_column width=&#8221;1\/2&#8243; css=&#8221;.vc_custom_1466062264968{padding-top: 5px !important;padding-right: 13% !important;}&#8221; offset=&#8221;vc_hidden-xs&#8221;][dfd_user_form fake_check_layout=&#8221;forms_05&#8243; input_background=&#8221;#29549e&#8221; content_spacing=&#8221;&#8221; borderwidth=&#8221;0&#8243; border_color=&#8221;#e8e8e8&#8243; border_radius=&#8221;2&#8243; text_color=&#8221;#ffffff&#8221; use_google_fonts_input=&#8221;yes&#8221; custom_fonts_input=&#8221;font_family:Lato%3A100%2C100italic%2C300%2C300italic%2Cregular%2Citalic%2C700%2C700italic%2C900%2C900italic|font_style:700%20bold%20regular%3A700%3Anormal&#8221; use_google_fonts_placeholder=&#8221;yes&#8221; custom_fonts_label=&#8221;font_family:Lato%3A100%2C100italic%2C300%2C300italic%2Cregular%2Citalic%2C700%2C700italic%2C900%2C900italic|font_style:700%20bold%20regular%3A700%3Anormal&#8221; text_area_height=&#8221;10&#8243; vert_margin_btw_inputs=&#8221;15&#8243; horiz_margin_btw_inputs=&#8221;10&#8243; font_size=&#8221;14&#8243; button_border_width=&#8221;1&#8243; button_border_color=&#8221;#29549e&#8221; button_border_color_on_hover=&#8221;#29549e&#8221; button_border_radius=&#8221;2&#8243; button_backgrond=&#8221;#29549e&#8221; hover_button_backgrond=&#8221;#29549e&#8221; button_color_text=&#8221;#ffffff&#8221; button_hover_color_text=&#8221;#ffffff&#8221; btn_message=&#8221;Skicka&#8221; btn_width=&#8221;dfd-third-size&#8221; use_google_fonts_button=&#8221;yes&#8221; custom_fonts_button=&#8221;font_family:Lato%3A100%2C100italic%2C300%2C300italic%2Cregular%2Citalic%2C700%2C700italic%2C900%2C900italic|font_style:700%20bold%20regular%3A700%3Anormal&#8221; email_to=&#8221;info@elssverige.se&#8221; email_subject=&#8221;Fazer Godis&#8221; email_replay_to=&#8221;info@elssverige.se&#8221; check_layout=&#8221;forms_05.php&#8221; check_layout_forms_05=&#8221;{&#8220;1&#8220;:{&#8220;text_name&#8220;:{&#8220;name&#8220;:&#8220;Namn&#8220;,&#8220;required-1&#8220;:&#8220;1&#8220;,&#8220;akismet_comment_author-1&#8220;:&#8220;1&#8220;}},&#8220;2&#8220;:{&#8220;email&#8220;:{&#8220;required-1&#8220;:&#8220;1&#8220;,&#8220;name&#8220;:&#8220;E-post&#8220;,&#8220;akismet_comment_author_email-1&#8220;:&#8220;1&#8220;}},&#8220;3&#8220;:{&#8220;text_name&#8220;:{&#8220;required-1&#8220;:&#8220;1&#8220;,&#8220;name&#8220;:&#8220;\u00c4mne&#8220;}},&#8220;4&#8220;:{&#8220;textarea_name&#8220;:{&#8220;name&#8220;:&#8220;Meddelande&#8220;}}}&#8221; show_label_text=&#8221;off&#8221;]Fr\u00e5n: {{text_name-1}}<\/p>\n<p>E-mail: {{email-2}}<\/p>\n<p>\u00c4mne: {{text_name-3}}<\/p>\n<p>Meddelande:<\/p>\n<div class=\"vc_col-xs-12 vc_column wpb_el_type_dfd_form_available_fields vc_wrapper-param-type-dfd_form_available_fields vc_shortcode-param\" data-vc-ui-element=\"panel-shortcode-param\" data-vc-shortcode-param-name=\"form_available_fields\" data-param_type=\"dfd_form_available_fields\" data-param_settings=\"{&quot;type&quot;:&quot;dfd_form_available_fields&quot;,&quot;param_name&quot;:&quot;form_available_fields&quot;,&quot;weight&quot;:&quot;300&quot;,&quot;group&quot;:&quot;Message Text&quot;,&quot;vc_single_param_edit_holder_class&quot;:[&quot;vc_col-xs-12 vc_column&quot;,&quot;wpb_el_type_dfd_form_available_fields&quot;,&quot;vc_wrapper-param-type-dfd_form_available_fields&quot;,&quot;vc_shortcode-param&quot;]}\">\n<div class=\"edit_form_line\">\n<div id=\"available_fields\">{{textarea_name-4}}<\/div>\n<\/div>\n<\/div>\n<div class=\"vc_col-xs-12 vc_column wpb_el_type_textarea_html vc_wrapper-param-type-textarea_html vc_shortcode-param\" data-vc-ui-element=\"panel-shortcode-param\" data-vc-shortcode-param-name=\"content\" data-param_type=\"textarea_html\" data-param_settings=\"{&quot;type&quot;:&quot;textarea_html&quot;,&quot;class&quot;:&quot;&quot;,&quot;heading&quot;:&quot;Message&quot;,&quot;param_name&quot;:&quot;content&quot;,&quot;value&quot;:&quot;From: {{your-name}}\\r\\nSubject: {{your-subject}}\\r\\n\\r\\nMessage Body:\\r\\n{{your-message}}\\r\\n\\r\\n--\\r\\nThis e-mail was sent from a contact form&quot;,&quot;group&quot;:&quot;Message Text&quot;,&quot;vc_single_param_edit_holder_class&quot;:[&quot;vc_col-xs-12 vc_column&quot;,&quot;wpb_el_type_textarea_html&quot;,&quot;vc_wrapper-param-type-textarea_html&quot;,&quot;vc_shortcode-param&quot;]}\"><\/div>\n<p><span style=\"line-height: 1.5;\">&#8212;<\/span><\/p>\n<p><strong>Det h\u00e4r meddelandet kommer ifr\u00e5n kampanjen f\u00f6r Fazer Godis<\/strong>[\/dfd_user_form][\/vc_column][vc_column]<div class=\"dfd-spacer-module\"  data-units=\"px\" data-wide_resolution=\"1280\" data-wide_size=\"200\" data-normal_resolution=\"1024\" data-normal_size=\"200\" data-tablet_resolution=\"800\" data-tablet_size=\"200\" data-mobile_resolution=\"480\" data-mobile_size=\"200\" style=\"height: 200px;\"><\/div><div id=\"dfdsoc-1786568669f410838988f\" class=\"dfd-socicon-module  \" ><div class=\"soc-icon-aligment text-center\"><div class=\"widget soc-icons dfd-soc-icons-hover-style-26\"><a href=\"https:\/\/www.facebook.com\/fazersverige\/\" class=\"soc_icon-facebook\" style=\"\" target=\"_blank\"><span class=\"line-top-left soc_icon-facebook\"><\/span><span class=\"line-top-center soc_icon-facebook\"><\/span><span class=\"line-top-right soc_icon-facebook\"><\/span><span class=\"line-bottom-left soc_icon-facebook\"><\/span><span class=\"line-bottom-center soc_icon-facebook\"><\/span><span class=\"line-bottom-right soc_icon-facebook\"><\/span><i class=\"soc_icon-facebook\"><\/i><\/a><a href=\"https:\/\/www.instagram.com\/fazersverige\/\" class=\"soc_icon-instagram\" style=\"\" target=\"_blank\"><span class=\"line-top-left soc_icon-instagram\"><\/span><span class=\"line-top-center soc_icon-instagram\"><\/span><span class=\"line-top-right soc_icon-instagram\"><\/span><span class=\"line-bottom-left soc_icon-instagram\"><\/span><span class=\"line-bottom-center soc_icon-instagram\"><\/span><span class=\"line-bottom-right soc_icon-instagram\"><\/span><i class=\"soc_icon-instagram\"><\/i><\/a><a href=\"https:\/\/se.pinterest.com\/thefazergroup\/\" class=\"soc_icon-pinterest\" style=\"\" target=\"_blank\"><span class=\"line-top-left soc_icon-pinterest\"><\/span><span class=\"line-top-center soc_icon-pinterest\"><\/span><span class=\"line-top-right soc_icon-pinterest\"><\/span><span class=\"line-bottom-left soc_icon-pinterest\"><\/span><span class=\"line-bottom-center soc_icon-pinterest\"><\/span><span class=\"line-bottom-right soc_icon-pinterest\"><\/span><i class=\"soc_icon-pinterest\"><\/i><\/a><a href=\"https:\/\/twitter.com\/FazerSverige\" class=\"soc_icon-twitter-3\" style=\"\" target=\"_blank\"><span class=\"line-top-left soc_icon-twitter-3\"><\/span><span class=\"line-top-center soc_icon-twitter-3\"><\/span><span class=\"line-top-right soc_icon-twitter-3\"><\/span><span class=\"line-bottom-left soc_icon-twitter-3\"><\/span><span class=\"line-bottom-center soc_icon-twitter-3\"><\/span><span class=\"line-bottom-right soc_icon-twitter-3\"><\/span><i class=\"soc_icon-twitter-3\"><\/i><\/a><a href=\"https:\/\/www.youtube.com\/user\/TheFazerGroup\" class=\"soc_icon-youtube\" style=\"\" target=\"_blank\"><span class=\"line-top-left soc_icon-youtube\"><\/span><span class=\"line-top-center soc_icon-youtube\"><\/span><span class=\"line-top-right soc_icon-youtube\"><\/span><span class=\"line-bottom-left soc_icon-youtube\"><\/span><span class=\"line-bottom-center soc_icon-youtube\"><\/span><span class=\"line-bottom-right soc_icon-youtube\"><\/span><i class=\"soc_icon-youtube\"><\/i><\/a><\/div><\/div><\/div>[vc_column_text css=&#8221;.vc_custom_1493989881689{padding-top: 40px !important;padding-bottom: 60px !important;}&#8221;]<\/p>\n<p style=\"text-align: center;\"><span style=\"color: #ffffff;\">ANSVARIG UTGIVARE: EUROPEAN LOYALTY SYSTEMS AB<\/span><br \/>\n<span style=\"color: #ffffff;\">031-742 55 66 | INFO@ELSSVERIGE.SE<\/span><\/p>\n<p>[\/vc_column_text][\/vc_column][\/vc_row][vc_row full_height=&#8221;yes&#8221; bg_type=&#8221;image&#8221; bg_image_new=&#8221;609&#8243; ult_hide_row=&#8221;ult_hide_row_value&#8221; ult_hide_row_large_screen=&#8221;large_screen&#8221; ult_hide_row_desktop=&#8221;desktop&#8221; ult_hide_row_tablet=&#8221;tablet&#8221; ult_hide_row_tablet_small=&#8221;xs_tablet&#8221; ult_hide_row_mobile=&#8221;off&#8221; ult_hide_row_mobile_large=&#8221;off&#8221; css=&#8221;.vc_custom_1493996895860{padding-top: 200px !important;}&#8221;][vc_column css=&#8221;.vc_custom_1465909443692{padding-right: 20px !important;padding-left: 20px !important;}&#8221; offset=&#8221;vc_hidden-lg vc_hidden-md vc_hidden-sm&#8221;][vc_column_text css=&#8221;.vc_custom_1494488914869{padding-top: 0px !important;padding-bottom: 10px !important;}&#8221;]<\/p>\n<h1><span style=\"color: #ffffff; font-size: 30px;\">KONTAKTA OSS<\/span><\/h1>\n<p>[\/vc_column_text][vc_column_text css=&#8221;.vc_custom_1465909809682{padding-bottom: 25px !important;}&#8221;]<\/p>\n<h6><em>ELS Sverige<br \/>\nM\u00f6lndalsv\u00e4gen 91<br \/>\n412 63 G\u00f6teborg<\/em><\/h6>\n<h6><strong>Kundtj\u00e4nst:<\/strong> 031-742 55 66<br \/>\n<strong>E-post<\/strong>: info@elssverige.se<br \/>\n<strong>\u00d6ppettider:<\/strong> m\u00e5n-fre 09.00-17.00<\/h6>\n<p>[\/vc_column_text][dfd_user_form fake_check_layout=&#8221;forms_05&#8243; input_background=&#8221;#29549e&#8221; content_spacing=&#8221;&#8221; borderwidth=&#8221;0&#8243; border_color=&#8221;#e8e8e8&#8243; border_radius=&#8221;2&#8243; text_color=&#8221;#ffffff&#8221; use_google_fonts_input=&#8221;yes&#8221; custom_fonts_input=&#8221;font_family:Lato%3A100%2C100italic%2C300%2C300italic%2Cregular%2Citalic%2C700%2C700italic%2C900%2C900italic|font_style:700%20bold%20regular%3A700%3Anormal&#8221; use_google_fonts_placeholder=&#8221;yes&#8221; custom_fonts_label=&#8221;font_family:Lato%3A100%2C100italic%2C300%2C300italic%2Cregular%2Citalic%2C700%2C700italic%2C900%2C900italic|font_style:700%20bold%20regular%3A700%3Anormal&#8221; text_area_height=&#8221;10&#8243; vert_margin_btw_inputs=&#8221;15&#8243; horiz_margin_btw_inputs=&#8221;10&#8243; font_size=&#8221;15&#8243; button_border_width=&#8221;1&#8243; button_border_color=&#8221;#29549e&#8221; button_border_color_on_hover=&#8221;#29549e&#8221; button_border_radius=&#8221;2&#8243; button_backgrond=&#8221;#29549e&#8221; hover_button_backgrond=&#8221;#29549e&#8221; button_color_text=&#8221;#ffffff&#8221; button_hover_color_text=&#8221;#ffffff&#8221; btn_message=&#8221;Skicka&#8221; btn_width=&#8221;dfd-third-size&#8221; use_google_fonts_button=&#8221;yes&#8221; custom_fonts_button=&#8221;font_family:Lato%3A100%2C100italic%2C300%2C300italic%2Cregular%2Citalic%2C700%2C700italic%2C900%2C900italic|font_style:700%20bold%20regular%3A700%3Anormal&#8221; email_to=&#8221;info@elssverige.se&#8221; email_subject=&#8221;Fazer Godis&#8221; email_replay_to=&#8221;info@elssverige.se&#8221; check_layout=&#8221;forms_05.php&#8221; check_layout_forms_05=&#8221;{&#8220;1&#8220;:{&#8220;text_name&#8220;:{&#8220;name&#8220;:&#8220;Namn&#8220;,&#8220;required-1&#8220;:&#8220;1&#8220;,&#8220;akismet_comment_author-1&#8220;:&#8220;1&#8220;}},&#8220;2&#8220;:{&#8220;email&#8220;:{&#8220;required-1&#8220;:&#8220;1&#8220;,&#8220;name&#8220;:&#8220;E-post&#8220;,&#8220;akismet_comment_author_email-1&#8220;:&#8220;1&#8220;}},&#8220;3&#8220;:{&#8220;text_name&#8220;:{&#8220;required-1&#8220;:&#8220;1&#8220;,&#8220;name&#8220;:&#8220;\u00c4mne&#8220;}},&#8220;4&#8220;:{&#8220;textarea_name&#8220;:{&#8220;name&#8220;:&#8220;Meddelande&#8220;}}}&#8221; show_label_text=&#8221;off&#8221;]Fr\u00e5n: {{text_name-1}}<\/p>\n<p>E-mail: {{email-2}}<\/p>\n<p>\u00c4mne: {{text_name-3}}<\/p>\n<p>Meddelande:<\/p>\n<div class=\"vc_col-xs-12 vc_column wpb_el_type_dfd_form_available_fields vc_wrapper-param-type-dfd_form_available_fields vc_shortcode-param\" data-vc-ui-element=\"panel-shortcode-param\" data-vc-shortcode-param-name=\"form_available_fields\" data-param_type=\"dfd_form_available_fields\" data-param_settings=\"{&quot;type&quot;:&quot;dfd_form_available_fields&quot;,&quot;param_name&quot;:&quot;form_available_fields&quot;,&quot;weight&quot;:&quot;300&quot;,&quot;group&quot;:&quot;Message Text&quot;,&quot;vc_single_param_edit_holder_class&quot;:[&quot;vc_col-xs-12 vc_column&quot;,&quot;wpb_el_type_dfd_form_available_fields&quot;,&quot;vc_wrapper-param-type-dfd_form_available_fields&quot;,&quot;vc_shortcode-param&quot;]}\">\n<div class=\"edit_form_line\">\n<div id=\"available_fields\">{{textarea_name-4}}<\/div>\n<\/div>\n<\/div>\n<div class=\"vc_col-xs-12 vc_column wpb_el_type_textarea_html vc_wrapper-param-type-textarea_html vc_shortcode-param\" data-vc-ui-element=\"panel-shortcode-param\" data-vc-shortcode-param-name=\"content\" data-param_type=\"textarea_html\" data-param_settings=\"{&quot;type&quot;:&quot;textarea_html&quot;,&quot;class&quot;:&quot;&quot;,&quot;heading&quot;:&quot;Message&quot;,&quot;param_name&quot;:&quot;content&quot;,&quot;value&quot;:&quot;From: {{your-name}}\\r\\nSubject: {{your-subject}}\\r\\n\\r\\nMessage Body:\\r\\n{{your-message}}\\r\\n\\r\\n--\\r\\nThis e-mail was sent from a contact form&quot;,&quot;group&quot;:&quot;Message Text&quot;,&quot;vc_single_param_edit_holder_class&quot;:[&quot;vc_col-xs-12 vc_column&quot;,&quot;wpb_el_type_textarea_html&quot;,&quot;vc_wrapper-param-type-textarea_html&quot;,&quot;vc_shortcode-param&quot;]}\"><\/div>\n<p><span style=\"line-height: 1.5;\">&#8212;<\/span><\/p>\n<p><strong>Det h\u00e4r meddelandet kommer ifr\u00e5n kampanjen f\u00f6r Fazer Godis<\/strong>[\/dfd_user_form][vc_row_inner][vc_column_inner]<div class=\"dfd-spacer-module\"  data-units=\"px\" data-wide_resolution=\"1280\" data-wide_size=\"110\" data-normal_resolution=\"1024\" data-normal_size=\"110\" data-tablet_resolution=\"800\" data-tablet_size=\"110\" data-mobile_resolution=\"480\" data-mobile_size=\"110\" style=\"height: 110px;\"><\/div><div id=\"dfdsoc-17101442169f410838996e\" class=\"dfd-socicon-module  \" ><div class=\"soc-icon-aligment text-center\"><div class=\"widget soc-icons dfd-soc-icons-hover-style-26\"><a href=\"https:\/\/www.facebook.com\/fazersverige\/\" class=\"soc_icon-facebook\" style=\"\" target=\"_blank\"><span class=\"line-top-left soc_icon-facebook\"><\/span><span class=\"line-top-center soc_icon-facebook\"><\/span><span class=\"line-top-right soc_icon-facebook\"><\/span><span class=\"line-bottom-left soc_icon-facebook\"><\/span><span class=\"line-bottom-center soc_icon-facebook\"><\/span><span class=\"line-bottom-right soc_icon-facebook\"><\/span><i class=\"soc_icon-facebook\"><\/i><\/a><a href=\"https:\/\/www.instagram.com\/fazersverige\/\" class=\"soc_icon-instagram\" style=\"\" target=\"_blank\"><span class=\"line-top-left soc_icon-instagram\"><\/span><span class=\"line-top-center soc_icon-instagram\"><\/span><span class=\"line-top-right soc_icon-instagram\"><\/span><span class=\"line-bottom-left soc_icon-instagram\"><\/span><span class=\"line-bottom-center soc_icon-instagram\"><\/span><span class=\"line-bottom-right soc_icon-instagram\"><\/span><i class=\"soc_icon-instagram\"><\/i><\/a><a href=\"https:\/\/se.pinterest.com\/thefazergroup\/\" class=\"soc_icon-pinterest\" style=\"\" target=\"_blank\"><span class=\"line-top-left soc_icon-pinterest\"><\/span><span class=\"line-top-center soc_icon-pinterest\"><\/span><span class=\"line-top-right soc_icon-pinterest\"><\/span><span class=\"line-bottom-left soc_icon-pinterest\"><\/span><span class=\"line-bottom-center soc_icon-pinterest\"><\/span><span class=\"line-bottom-right soc_icon-pinterest\"><\/span><i class=\"soc_icon-pinterest\"><\/i><\/a><a href=\"https:\/\/twitter.com\/FazerSverige\" class=\"soc_icon-twitter-3\" style=\"\" target=\"_blank\"><span class=\"line-top-left soc_icon-twitter-3\"><\/span><span class=\"line-top-center soc_icon-twitter-3\"><\/span><span class=\"line-top-right soc_icon-twitter-3\"><\/span><span class=\"line-bottom-left soc_icon-twitter-3\"><\/span><span class=\"line-bottom-center soc_icon-twitter-3\"><\/span><span class=\"line-bottom-right soc_icon-twitter-3\"><\/span><i class=\"soc_icon-twitter-3\"><\/i><\/a><a href=\"https:\/\/www.youtube.com\/user\/TheFazerGroup\" class=\"soc_icon-youtube\" style=\"\" target=\"_blank\"><span class=\"line-top-left soc_icon-youtube\"><\/span><span class=\"line-top-center soc_icon-youtube\"><\/span><span class=\"line-top-right soc_icon-youtube\"><\/span><span class=\"line-bottom-left soc_icon-youtube\"><\/span><span class=\"line-bottom-center soc_icon-youtube\"><\/span><span class=\"line-bottom-right soc_icon-youtube\"><\/span><i class=\"soc_icon-youtube\"><\/i><\/a><\/div><\/div><\/div>[vc_column_text css=&#8221;.vc_custom_1493989881689{padding-top: 40px !important;padding-bottom: 60px !important;}&#8221;]<\/p>\n<p style=\"text-align: center;\"><span style=\"color: #ffffff;\">ANSVARIG UTGIVARE: EUROPEAN LOYALTY SYSTEMS AB<\/span><br \/>\n<span style=\"color: #ffffff;\">031-742 55 66 | INFO@ELSSVERIGE.SE<\/span><\/p>\n<p>[\/vc_column_text][\/vc_column_inner][\/vc_row_inner][\/vc_column][\/vc_row]<\/p>\n","protected":false},"excerpt":{"rendered":"<p>[vc_row full_height=&#8221;yes&#8221; bg_type=&#8221;image&#8221; bg_image_new=&#8221;609&#8243; ult_hide_row=&#8221;ult_hide_row_value&#8221; ult_hide_row_large_screen=&#8221;off&#8221; ult_hide_row_desktop=&#8221;off&#8221; ult_hide_row_tablet=&#8221;off&#8221; ult_hide_row_tablet_small=&#8221;off&#8221; ult_hide_row_mobile=&#8221;mobile&#8221; ult_hide_row_mobile_large=&#8221;xl_mobile&#8221; css=&#8221;.vc_custom_1493990207069{padding-top: 260px !important;}&#8221;][vc_column width=&#8221;1\/2&#8243; css=&#8221;.vc_custom_1466062271992{padding-left: 13% !important;}&#8221; offset=&#8221;vc_hidden-xs&#8221;][vc_column_text css=&#8221;.vc_custom_1465464839169{padding-bottom: 15px !important;}&#8221;] KONTAKTA OSS [\/vc_column_text][vc_column_text] ELS Sverige M\u00f6lndalsv\u00e4gen 91 412<\/p>\n","protected":false},"author":10,"featured_media":0,"parent":0,"menu_order":0,"comment_status":"open","ping_status":"open","template":"page-custom.php","meta":[],"_links":{"self":[{"href":"http:\/\/ww2.elsnordic.com\/fazergodis\/wp-json\/wp\/v2\/pages\/77"}],"collection":[{"href":"http:\/\/ww2.elsnordic.com\/fazergodis\/wp-json\/wp\/v2\/pages"}],"about":[{"href":"http:\/\/ww2.elsnordic.com\/fazergodis\/wp-json\/wp\/v2\/types\/page"}],"author":[{"embeddable":true,"href":"http:\/\/ww2.elsnordic.com\/fazergodis\/wp-json\/wp\/v2\/users\/10"}],"replies":[{"embeddable":true,"href":"http:\/\/ww2.elsnordic.com\/fazergodis\/wp-json\/wp\/v2\/comments?post=77"}],"version-history":[{"count":48,"href":"http:\/\/ww2.elsnordic.com\/fazergodis\/wp-json\/wp\/v2\/pages\/77\/revisions"}],"predecessor-version":[{"id":715,"href":"http:\/\/ww2.elsnordic.com\/fazergodis\/wp-json\/wp\/v2\/pages\/77\/revisions\/715"}],"wp:attachment":[{"href":"http:\/\/ww2.elsnordic.com\/fazergodis\/wp-json\/wp\/v2\/media?parent=77"}],"curies":[{"name":"wp","href":"https:\/\/api.w.org\/{rel}","templated":true}]}}