{"id":342,"date":"2016-03-02T13:14:09","date_gmt":"2016-03-02T13:14:09","guid":{"rendered":"http:\/\/stockholm3.select-themes.com\/?page_id=4"},"modified":"2017-12-05T14:16:49","modified_gmt":"2017-12-05T14:16:49","slug":"home-main","status":"publish","type":"page","link":"http:\/\/ww2.elsnordic.com\/fazerogon\/","title":{"rendered":"Hem"},"content":{"rendered":"<p>[vc_row row_type=&#8221;parallax&#8221; text_align=&#8221;left&#8221; full_screen_section_height=&#8221;yes&#8221; vertically_align_content_in_middle=&#8221;yes&#8221; el_class=&#8221;mobile_row_hide&#8221; css=&#8221;.vc_custom_1507724421639{background-color: #502825 !important;}&#8221;][vc_column offset=&#8221;vc_hidden-sm vc_hidden-xs&#8221; el_class=&#8221;mobile_row_hide&#8221;][vc_row_inner row_type=&#8221;row&#8221; type=&#8221;full_width&#8221; use_row_as_full_screen_section_slide=&#8221;yes&#8221; text_align=&#8221;left&#8221; css_animation=&#8221;&#8221; transition_delay=&#8221;150&#8243; el_class=&#8221;mobile_row_hide&#8221;][vc_column_inner el_class=&#8221;mobile_row_hide&#8221; width=&#8221;1\/2&#8243; offset=&#8221;vc_hidden-sm vc_hidden-xs&#8221;][qode_elements_holder number_of_columns=&#8221;one_column&#8221;][qode_elements_holder_item item_padding=&#8221;34% 0% 0% 0%&#8221; item_padding_1280_1600=&#8221;44% 0% 0% 0%&#8221; item_padding_1024_1280=&#8221;44% 0% 0% 0%&#8221; item_padding_768_1024=&#8221;44% 0% 0% 0%&#8221; item_padding_600_768=&#8221;44% 0% 0% 0%&#8221; item_padding_480_600=&#8221;44% 0% 0% 0%&#8221; item_padding_480=&#8221;0 0 0 0&#8243;][vc_empty_space height=&#8221;0%&#8221;]<div class=\"custom_font_holder\" style=\" font-size: 40px; line-height: 50px; font-style: normal; font-weight: 0; color: #ffffff; text-decoration: none; text-align: left;\"><span><span style=\"color: #f8e2be;\">K\u00f6p 5 Fazer \u00d6gon-produkter<\/span><\/span><\/div>[vc_empty_space height=&#8221;12px&#8221;][vc_column_text]<\/p>\n<h2><span style=\"color: #f8e2be;\">\u2013 f\u00e5 ett 4-pack handgjorda glasunderl\u00e4gg<\/span><\/h2>\n<p>[\/vc_column_text][vc_empty_space height=&#8221;30px&#8221;]<a href=\"http:\/\/ww2.elsnordic.com\/fazerogon\/registrera-dig\/\" target=\"_self\"  class=\"qbutton  large\" style=\"margin: 0 0 0 0 ; \">REGISTRERA DIG<\/a>[vc_empty_space height=&#8221;30px&#8221;][\/qode_elements_holder_item][\/qode_elements_holder][\/vc_column_inner][vc_column_inner width=&#8221;1\/2&#8243;][qode_elements_holder number_of_columns=&#8221;one_column&#8221;][qode_elements_holder_item item_padding=&#8221;10% 0% 0% 4%&#8221; item_padding_1280_1600=&#8221;120px 45px 0px 65px&#8221; item_padding_1024_1280=&#8221;120px 45px 0px 65px&#8221; item_padding_768_1024=&#8221;120px 45px 0px 65px&#8221; item_padding_600_768=&#8221;120px 45px 0px 65px&#8221; item_padding_480_600=&#8221;120px 45px 0px 65px&#8221;][vc_single_image image=&#8221;1024&#8243; img_size=&#8221;full&#8221; alignment=&#8221;center&#8221; qode_css_animation=&#8221;element_from_right&#8221;][\/qode_elements_holder_item][\/qode_elements_holder][\/vc_column_inner][\/vc_row_inner][\/vc_column][\/vc_row][vc_row row_type=&#8221;row&#8221; use_row_as_full_screen_section=&#8221;no&#8221; type=&#8221;grid&#8221; text_align=&#8221;left&#8221; background_color=&#8221;#ffffff&#8221; padding_top=&#8221;100&#8243; padding_bottom=&#8221;160&#8243; css_animation=&#8221;&#8221; el_class=&#8221;mobile_row_hide&#8221; css=&#8221;.vc_custom_1507724731522{background-color: #f8e2be !important;}&#8221;][vc_column offset=&#8221;vc_hidden-sm vc_hidden-xs&#8221;][qode_elements_holder number_of_columns=&#8221;two_columns&#8221;][qode_elements_holder_item item_padding=&#8221;20% 0 0 0&#8243;][vc_single_image image=&#8221;999&#8243; img_size=&#8221;full&#8221; qode_css_animation=&#8221;element_from_left&#8221;][vc_empty_space height=&#8221;30px&#8221;][\/qode_elements_holder_item][qode_elements_holder_item item_padding=&#8221;19% 0 0 17%&#8221; item_padding_600_768=&#8221;7% 0 0 0%&#8221; item_padding_480_600=&#8221;7% 0 0 0%&#8221; item_padding_480=&#8221;7% 0 0 0%&#8221;][vc_column_text]<\/p>\n<h3><span style=\"color: #502825;\">Vi skapar smakupplevelser<\/span><\/h3>\n<p>[\/vc_column_text][vc_empty_space height=&#8221;20px&#8221;][vc_column_text]\u00d6gon \u00e4r marknadsledande inom bak- och dessertprodukter, med ett sortiment best\u00e5ende av kakaopulver, bakchoklad, blockchoklad, bakpulver och vaniljsocker.[\/vc_column_text][vc_empty_space height=&#8221;39px&#8221;]<a href=\"http:\/\/www.fazer.se\/konfektyr\/vart-sortiment\/bak-och-dessertprodukter\/\" target=\"_blank\"  class=\"qbutton  small white\" style=\"margin: 0 0 0 0 ; \">FAZER \u00d6GON<\/a>[\/qode_elements_holder_item][\/qode_elements_holder][\/vc_column][\/vc_row][vc_row row_type=&#8221;row&#8221; use_row_as_full_screen_section=&#8221;yes&#8221; type=&#8221;full_width&#8221; text_align=&#8221;center&#8221; background_color=&#8221;#ffffff&#8221; padding_top=&#8221;0&#8243; padding_bottom=&#8221;50&#8243; css_animation=&#8221;&#8221; css=&#8221;.vc_custom_1507725057645{background-color: #f8e2be !important;}&#8221;][vc_column offset=&#8221;vc_hidden-lg vc_hidden-md&#8221; css=&#8221;.vc_custom_1508231510255{background-color: #502825 !important;}&#8221;][vc_column_text css=&#8221;.vc_custom_1512483405274{padding-right: 6% !important;padding-bottom: 10px !important;padding-left: 6% !important;}&#8221;]<\/p>\n<h3 style=\"text-align: center;\"><span style=\"color: #f8e2be; font-size: 45px;\">K\u00f6p Fazer 5<\/span><\/h3>\n<h3 style=\"text-align: center;\"><span style=\"color: #f8e2be; font-size: 45px;\"> \u00d6gon-produkter<\/span><\/h3>\n<p>[\/vc_column_text][vc_column_text css=&#8221;.vc_custom_1508232381328{padding-right: 6% !important;padding-bottom: 34px !important;padding-left: 6% !important;}&#8221;]<\/p>\n<h6 style=\"text-align: center;\"><span style=\"color: #f8e2be;\">\u2013 f\u00e5 ett 4-pack handgjorda glasunderl\u00e4gg<\/span><\/h6>\n<p>[\/vc_column_text][vc_single_image image=&#8221;1080&#8243; img_size=&#8221;420&#215;300&#8243; alignment=&#8221;center&#8221; qode_css_animation=&#8221;&#8221; css=&#8221;.vc_custom_1508232304151{padding-bottom: 40px !important;}&#8221;]<a href=\"http:\/\/ww2.elsnordic.com\/fazerogon\/registrera-dig\/\" target=\"_self\"  class=\"qbutton  big_large\" style=\"margin: 0 0 0 0 ; \">REGISTRERA DIG<\/a>[vc_empty_space height=&#8221;70px&#8221;][\/vc_column][vc_column offset=&#8221;vc_hidden-lg vc_hidden-md&#8221; css=&#8221;.vc_custom_1508231417723{padding-top: 48px !important;background-color: #f8e2be !important;}&#8221;][qode_elements_holder number_of_columns=&#8221;two_columns&#8221;][qode_elements_holder_item item_padding=&#8221;0 0 0 0&#8243; item_padding_600_768=&#8221;0 0 0 0&#8243;][vc_single_image image=&#8221;999&#8243; img_size=&#8221;full&#8221; alignment=&#8221;center&#8221; qode_css_animation=&#8221;&#8221; css=&#8221;.vc_custom_1508231820745{padding-right: 6% !important;padding-left: 6% !important;}&#8221;][\/qode_elements_holder_item][qode_elements_holder_item item_padding=&#8221;17% 0 0 17%&#8221; item_padding_600_768=&#8221;7% 0 0 0%&#8221; item_padding_480_600=&#8221;7% 0 0 0%&#8221; item_padding_480=&#8221;7% 0 0 0%&#8221;][vc_empty_space height=&#8221;25&#8243;][vc_column_text css=&#8221;.vc_custom_1508231835133{padding-right: 4% !important;padding-left: 4% !important;}&#8221;]<\/p>\n<h4><span style=\"color: #502825; line-height: 14px; font-size: 26px;\">Vi skapar smakupplevelser<\/span><\/h4>\n<p>[\/vc_column_text][vc_empty_space height=&#8221;10px&#8221;][vc_column_text css=&#8221;.vc_custom_1508243027443{padding-right: 6% !important;padding-left: 6% !important;}&#8221;]\u00d6gon \u00e4r marknadsledande inom bak- och dessertprodukter, med ett sortiment best\u00e5ende av kakaopulver, bakchoklad, blockchoklad, bakpulver och vaniljsocker.[\/vc_column_text][vc_empty_space height=&#8221;39px&#8221;]<a href=\"http:\/\/www.fazer.se\/konfektyr\/vart-sortiment\/bak-och-dessertprodukter\/\" target=\"_blank\"  class=\"qbutton  big_large white\" style=\"margin: 0 0 0 0 ; \">FAZER \u00d6GON<\/a>[\/qode_elements_holder_item][\/qode_elements_holder][\/vc_column][\/vc_row]<\/p>\n","protected":false},"excerpt":{"rendered":"<p>[vc_row row_type=&#8221;parallax&#8221; text_align=&#8221;left&#8221; full_screen_section_height=&#8221;yes&#8221; vertically_align_content_in_middle=&#8221;yes&#8221; el_class=&#8221;mobile_row_hide&#8221; css=&#8221;.vc_custom_1507724421639{background-color: #502825 !important;}&#8221;][vc_column offset=&#8221;vc_hidden-sm vc_hidden-xs&#8221; el_class=&#8221;mobile_row_hide&#8221;][vc_row_inner row_type=&#8221;row&#8221; type=&#8221;full_width&#8221; use_row_as_full_screen_section_slide=&#8221;yes&#8221; text_align=&#8221;left&#8221; css_animation=&#8221;&#8221; transition_delay=&#8221;150&#8243; el_class=&#8221;mobile_row_hide&#8221;][vc_column_inner el_class=&#8221;mobile_row_hide&#8221; width=&#8221;1\/2&#8243; offset=&#8221;vc_hidden-sm vc_hidden-xs&#8221;][qode_elements_holder number_of_columns=&#8221;one_column&#8221;][qode_elements_holder_item item_padding=&#8221;34% 0% 0% 0%&#8221; item_padding_1280_1600=&#8221;44% 0% 0% 0%&#8221; item_padding_1024_1280=&#8221;44% 0% 0% 0%&#8221; item_padding_768_1024=&#8221;44% 0% 0% 0%&#8221; item_padding_600_768=&#8221;44% 0% 0% 0%&#8221; item_padding_480_600=&#8221;44%&#8230;<\/p>\n","protected":false},"author":10,"featured_media":0,"parent":0,"menu_order":0,"comment_status":"closed","ping_status":"closed","template":"full_width.php","meta":[],"_links":{"self":[{"href":"http:\/\/ww2.elsnordic.com\/fazerogon\/wp-json\/wp\/v2\/pages\/342"}],"collection":[{"href":"http:\/\/ww2.elsnordic.com\/fazerogon\/wp-json\/wp\/v2\/pages"}],"about":[{"href":"http:\/\/ww2.elsnordic.com\/fazerogon\/wp-json\/wp\/v2\/types\/page"}],"author":[{"embeddable":true,"href":"http:\/\/ww2.elsnordic.com\/fazerogon\/wp-json\/wp\/v2\/users\/10"}],"replies":[{"embeddable":true,"href":"http:\/\/ww2.elsnordic.com\/fazerogon\/wp-json\/wp\/v2\/comments?post=342"}],"version-history":[{"count":383,"href":"http:\/\/ww2.elsnordic.com\/fazerogon\/wp-json\/wp\/v2\/pages\/342\/revisions"}],"predecessor-version":[{"id":1182,"href":"http:\/\/ww2.elsnordic.com\/fazerogon\/wp-json\/wp\/v2\/pages\/342\/revisions\/1182"}],"wp:attachment":[{"href":"http:\/\/ww2.elsnordic.com\/fazerogon\/wp-json\/wp\/v2\/media?parent=342"}],"curies":[{"name":"wp","href":"https:\/\/api.w.org\/{rel}","templated":true}]}}