{"id":394,"date":"2017-01-16T13:22:30","date_gmt":"2017-01-16T13:22:30","guid":{"rendered":"http:\/\/ww2.elsnordic.com\/fazerogon\/?page_id=394"},"modified":"2017-10-17T13:50:47","modified_gmt":"2017-10-17T13:50:47","slug":"las-villkor","status":"publish","type":"page","link":"http:\/\/ww2.elsnordic.com\/fazerogon\/las-villkor\/","title":{"rendered":"Villkor"},"content":{"rendered":"<p>[vc_row row_type=&#8221;row&#8221; use_row_as_full_screen_section=&#8221;no&#8221; type=&#8221;grid&#8221; text_align=&#8221;left&#8221; background_color=&#8221;#ffffff&#8221; padding_bottom=&#8221;100&#8243; css_animation=&#8221;&#8221; css=&#8221;.vc_custom_1507726764599{padding-right: 3% !important;padding-left: 3% !important;background-color: #f8e2be !important;}&#8221; el_class=&#8221;mobile_row_hide &#8221;][vc_column width=&#8221;5\/6&#8243; offset=&#8221;vc_col-sm-offset-1&#8243; css=&#8221;.vc_custom_1502809596570{padding-right: 10% !important;padding-left: 10% !important;}&#8221;][vc_empty_space height=&#8221;100&#8243;]<div class=\"q_icon_list\"><i class=\"fa fa-circle normal_icon_list  \" style=\"color:#502825;\"><\/i><p class=\"normal_icon_list \" style=\"\">L\u00e4s igenom erbjudandet och villkor noggrant innan anv\u00e4ndandet. Erbjudandet g\u00e4ller endast f\u00f6r de villkor som anges.<\/p><\/div><div class=\"q_icon_list\"><i class=\"fa fa-circle normal_icon_list  \" style=\"color:#502825;\"><\/i><p class=\"normal_icon_list \" style=\"\">Kampanjen g\u00e4ller f\u00f6r 4 st glasunderl\u00e4gg fr\u00e5n Olle Eksell. Du kan erh\u00e5lla dessa glasunderl\u00e4gg vid ink\u00f6p av 5 st Fazer \u00d6gon produkter. G\u00e4ller f\u00f6r Fazer \u00d6gon Vit Choklad 100g, \u00d6gon 70% Premium Choklad 100g, \u00d6gon Ljus Choklad 250g, \u00d6gon M\u00f6rk Choklad 250g, \u00d6gon Ljus Block 175g, \u00d6gon M\u00f6rk Block 175g, \u00d6gon Cacao 200g, \u00d6gon Cacao 400g.<\/p><\/div><div class=\"q_icon_list\"><i class=\"fa fa-circle normal_icon_list  \" style=\"color:#502825;\"><\/i><p class=\"normal_icon_list \" style=\"\">Dina produkter fr\u00e5n Fazer \u00d6gon ska vara ink\u00f6pta mellan 23 oktober och 28 december 2017.<\/p><\/div><div class=\"q_icon_list\"><i class=\"fa fa-circle normal_icon_list  \" style=\"color:#502825;\"><\/i><p class=\"normal_icon_list \" style=\"\">Erbjudandet g\u00e4ller f\u00f6r 4 st glasunderl\u00e4gg och max 1 g\u00e5ng per hush\u00e5ll.<\/p><\/div><div class=\"q_icon_list\"><i class=\"fa fa-circle normal_icon_list  \" style=\"color:#502825;\"><\/i><p class=\"normal_icon_list \" style=\"\">F\u00f6r att ta del av erbjudandet kr\u00e4vs det att du laddar upp ett foto p\u00e5 ditt kvitto p\u00e5 dina k\u00f6pta produkter vid registreringen. Kvittot som laddas upp m\u00e5ste vara v\u00e4l synligt p\u00e5 alla k\u00f6pta produkter med datum och pris per produkt likas\u00e5 kvittonummer. Uppt\u00e4cker vi att n\u00e5got inte st\u00e4mmer i er registrering s\u00e5 som felaktigt kvitto kommer er registrering inte att bli godk\u00e4nd. Var d\u00e4rf\u00f6r noga med att ladda upp giltigt kvitto. Senast datum f\u00f6r registrering av uppgifter \u00e4r den 28 december 2017. <\/p><\/div><div class=\"q_icon_list\"><i class=\"fa fa-circle normal_icon_list  \" style=\"color:#502825;\"><\/i><p class=\"normal_icon_list \" style=\"\">Inom cirka 2-4 veckor efter att vi mottagit och kontrollerat er registrering kommer dina glasunderl\u00e4gg samt en faktura p\u00e5 39kr f\u00f6r frakt och hantering att skickas till dig. G\u00e4ller endast leverans inom Sverige.<\/p><\/div><div class=\"q_icon_list\"><i class=\"fa fa-circle normal_icon_list  \" style=\"color:#502825;\"><\/i><p class=\"normal_icon_list \" style=\"\">Kampanjen innefattar ett begr\u00e4nsat antal glasunderl\u00e4gg och erbjudandet g\u00e4ller s\u00e5 l\u00e5ngt lagret r\u00e4cker. Observera att premien kan ta slut innan sista registreringsdatum.<\/p><\/div><div class=\"q_icon_list\"><i class=\"fa fa-circle normal_icon_list  \" style=\"color:#502825;\"><\/i><p class=\"normal_icon_list \" style=\"\">L\u00e4s mer under \u201dG\u00f6r s\u00e5 h\u00e4r\u201d f\u00f6r att f\u00e5 reda p\u00e5 hur du g\u00e5r tillv\u00e4ga.<\/p><\/div><div class=\"q_icon_list\"><i class=\"fa fa-circle normal_icon_list  \" style=\"color:#502825;\"><\/i><p class=\"normal_icon_list \" style=\"\">De uppgifter du l\u00e4mnar om dig sj\u00e4lv i samband med deltagande i denna kampanjaktivitet kommer att behandlas f\u00f6r att kunna administrera aktiviteten. Observera att f\u00f6r aktivitetsdeltagare under 18 \u00e5r kr\u00e4vs v\u00e5rdnadshavares samtycke till personuppgiftsbehandling. Genom att godk\u00e4nna dessa Allm\u00e4nna Aktivitetsvillkor samtycker du till personuppgiftsbehandling enligt ovan.<\/p><\/div><div class=\"q_icon_list\"><i class=\"fa fa-circle normal_icon_list  \" style=\"color:#502825;\"><\/i><p class=\"normal_icon_list \" style=\"\">Vid eventuella tveksamheter ang\u00e5ende vad som omfattas av erbjudandet, villkor och dylikt, \u00e5ligger det alltid kunden att kontrollera vad som g\u00e4ller innan anv\u00e4ndande. Om villkoren och reglerna som anges h\u00e4r ej f\u00f6ljs eller missbrukas, har ni ej n\u00e5gon r\u00e4tt att anv\u00e4nda angivet erbjudande.<\/p><\/div><div class=\"q_icon_list\"><i class=\"fa fa-circle normal_icon_list  \" style=\"color:#502825;\"><\/i><p class=\"normal_icon_list \" style=\"\">European Loyalty Systems AB och Fazer \u00d6gon reserverar sig f\u00f6r felaktig information och \u00e4r ej ansvariga f\u00f6r f\u00f6rsvunna eller felskickade mail eller bortkommen post med streckkoder. European Loyalty Systems AB och Fazer \u00d6gon ansvarar inte f\u00f6r tryckfel eller skada p.g.a. force majeure s\u00e5som brand, olycksfall, strejk eller dylikt.<\/p><\/div><div class=\"q_icon_list\"><i class=\"fa fa-circle normal_icon_list  \" style=\"color:#502825;\"><\/i><p class=\"normal_icon_list \" style=\"\">Genom att registrera dina uppgifter har du accepterat villkoren f\u00f6r kampanjen. Observera att \u00e4ndringar i villkoren kan f\u00f6rekomma under kampanjens giltighetstid.<\/p><\/div><div class=\"q_icon_list\"><i class=\"fa fa-circle normal_icon_list  \" style=\"color:#502825;\"><\/i><p class=\"normal_icon_list \" style=\"\">Fr\u00e5gor och synpunkter r\u00f6rande denna kampanj st\u00e4lls till European Loyalty Systems AB, tel kundservice 031-742 55 66 eller e-post info@elssverige.se.<\/p><\/div><div class=\"q_icon_list\"><i class=\"fa fa-circle normal_icon_list  \" style=\"color:#502825;\"><\/i><p class=\"normal_icon_list \" style=\"\">Denna kampanj \u00e4r framtagen och hanteras av European Loyalty Systems AB p\u00e5 uppdrag av Fazer \u00d6gon.<\/p><\/div>[\/vc_column][\/vc_row][vc_row row_type=&#8221;row&#8221; use_row_as_full_screen_section=&#8221;no&#8221; type=&#8221;grid&#8221; text_align=&#8221;left&#8221; background_color=&#8221;#ffffff&#8221; padding_bottom=&#8221;100&#8243; css_animation=&#8221;&#8221; css=&#8221;.vc_custom_1507726776499{padding-right: 3% !important;padding-left: 3% !important;background-color: #f8e2be !important;}&#8221;][vc_column width=&#8221;5\/6&#8243; offset=&#8221;vc_hidden-lg vc_col-sm-offset-1&#8243; css=&#8221;.vc_custom_1504019370245{padding-right: 4% !important;padding-left: 4% !important;}&#8221;][vc_empty_space height=&#8221;50&#8243;]<div class=\"q_icon_list\"><i class=\"fa fa-circle small_icon_list  \" style=\"color:#502825;\"><\/i><p class=\"small_icon_list \" style=\"\">L\u00e4s igenom erbjudandet och villkor noggrant innan anv\u00e4ndandet. Erbjudandet g\u00e4ller endast f\u00f6r de villkor som anges.<\/p><\/div><div class=\"q_icon_list\"><i class=\"fa fa-circle small_icon_list  \" style=\"color:#502825;\"><\/i><p class=\"small_icon_list \" style=\"\">Kampanjen g\u00e4ller f\u00f6r 4 st glasunderl\u00e4gg fr\u00e5n Olle Eksell. Du kan erh\u00e5lla dessa glasunderl\u00e4gg vid ink\u00f6p av 5 st Fazer \u00d6gon produkter. G\u00e4ller f\u00f6r Fazer \u00d6gon Vit Choklad 100g, \u00d6gon 70% Premium Choklad 100g, \u00d6gon Ljus Choklad 250g, \u00d6gon M\u00f6rk Choklad 250g, \u00d6gon Ljus Block 175g, \u00d6gon M\u00f6rk Block 175g, \u00d6gon Cacao 200g, \u00d6gon Cacao 400g.<\/p><\/div><div class=\"q_icon_list\"><i class=\"fa fa-circle small_icon_list  \" style=\"color:#502825;\"><\/i><p class=\"small_icon_list \" style=\"\">Dina produkter fr\u00e5n Fazer \u00d6gon ska vara ink\u00f6pta mellan 23 oktober och 28 december 2017.<\/p><\/div><div class=\"q_icon_list\"><i class=\"fa fa-circle small_icon_list  \" style=\"color:#502825;\"><\/i><p class=\"small_icon_list \" style=\"\">Erbjudandet g\u00e4ller f\u00f6r 4 st glasunderl\u00e4gg och max 1 g\u00e5ng per hush\u00e5ll.<\/p><\/div><div class=\"q_icon_list\"><i class=\"fa fa-circle small_icon_list  \" style=\"color:#502825;\"><\/i><p class=\"small_icon_list \" style=\"\">F\u00f6r att ta del av erbjudandet kr\u00e4vs det att du laddar upp ett foto p\u00e5 ditt kvitto p\u00e5 dina k\u00f6pta produkter vid registreringen. Kvittot som laddas upp m\u00e5ste vara v\u00e4l synligt p\u00e5 alla k\u00f6pta produkter med datum och pris per produkt likas\u00e5 kvittonummer. Uppt\u00e4cker vi att n\u00e5got inte st\u00e4mmer i er registrering s\u00e5 som felaktigt kvitto kommer er registrering inte att bli godk\u00e4nd. Var d\u00e4rf\u00f6r noga med att ladda upp giltigt kvitto. Senast datum f\u00f6r registrering av uppgifter \u00e4r den 28 december 2017. <\/p><\/div><div class=\"q_icon_list\"><i class=\"fa fa-circle small_icon_list  \" style=\"color:#502825;\"><\/i><p class=\"small_icon_list \" style=\"\">Inom cirka 2-4 veckor efter att vi mottagit och kontrollerat er registrering kommer dina glasunderl\u00e4gg samt en faktura p\u00e5 39kr f\u00f6r frakt och hantering att skickas till dig. G\u00e4ller endast leverans inom Sverige.<\/p><\/div><div class=\"q_icon_list\"><i class=\"fa fa-circle small_icon_list  \" style=\"color:#502825;\"><\/i><p class=\"small_icon_list \" style=\"\">Kampanjen innefattar ett begr\u00e4nsat antal glasunderl\u00e4gg och erbjudandet g\u00e4ller s\u00e5 l\u00e5ngt lagret r\u00e4cker. Observera att premien kan ta slut innan sista registreringsdatum.<\/p><\/div><div class=\"q_icon_list\"><i class=\"fa fa-circle small_icon_list  \" style=\"color:#502825;\"><\/i><p class=\"small_icon_list \" style=\"\">L\u00e4s mer under \u201dG\u00f6r s\u00e5 h\u00e4r\u201d f\u00f6r att f\u00e5 reda p\u00e5 hur du g\u00e5r tillv\u00e4ga.<\/p><\/div><div class=\"q_icon_list\"><i class=\"fa fa-circle small_icon_list  \" style=\"color:#502825;\"><\/i><p class=\"small_icon_list \" style=\"\">De uppgifter du l\u00e4mnar om dig sj\u00e4lv i samband med deltagande i denna kampanjaktivitet kommer att behandlas f\u00f6r att kunna administrera aktiviteten. Observera att f\u00f6r aktivitetsdeltagare under 18 \u00e5r kr\u00e4vs v\u00e5rdnadshavares samtycke till personuppgiftsbehandling. Genom att godk\u00e4nna dessa Allm\u00e4nna Aktivitetsvillkor samtycker du till personuppgiftsbehandling enligt ovan.<\/p><\/div><div class=\"q_icon_list\"><i class=\"fa fa-circle small_icon_list  \" style=\"color:#502825;\"><\/i><p class=\"small_icon_list \" style=\"\">Vid eventuella tveksamheter ang\u00e5ende vad som omfattas av erbjudandet, villkor och dylikt, \u00e5ligger det alltid kunden att kontrollera vad som g\u00e4ller innan anv\u00e4ndande. Om villkoren och reglerna som anges h\u00e4r ej f\u00f6ljs eller missbrukas, har ni ej n\u00e5gon r\u00e4tt att anv\u00e4nda angivet erbjudande.<\/p><\/div><div class=\"q_icon_list\"><i class=\"fa fa-circle small_icon_list  \" style=\"color:#502825;\"><\/i><p class=\"small_icon_list \" style=\"\">European Loyalty Systems AB och Fazer \u00d6gon reserverar sig f\u00f6r felaktig information och \u00e4r ej ansvariga f\u00f6r f\u00f6rsvunna eller felskickade mail eller bortkommen post med streckkoder. European Loyalty Systems AB och Fazer \u00d6gon ansvarar inte f\u00f6r tryckfel eller skada p.g.a. force majeure s\u00e5som brand, olycksfall, strejk eller dylikt.<\/p><\/div><div class=\"q_icon_list\"><i class=\"fa fa-circle small_icon_list  \" style=\"color:#502825;\"><\/i><p class=\"small_icon_list \" style=\"\">Genom att registrera dina uppgifter har du accepterat villkoren f\u00f6r kampanjen. Observera att \u00e4ndringar i villkoren kan f\u00f6rekomma under kampanjens giltighetstid.<\/p><\/div><div class=\"q_icon_list\"><i class=\"fa fa-circle small_icon_list  \" style=\"color:#502825;\"><\/i><p class=\"small_icon_list \" style=\"\">Fr\u00e5gor och synpunkter r\u00f6rande denna kampanj st\u00e4lls till European Loyalty Systems AB, tel kundservice 031-742 55 66 eller e-post info@elssverige.se.<\/p><\/div><div class=\"q_icon_list\"><i class=\"fa fa-circle small_icon_list  \" style=\"color:#502825;\"><\/i><p class=\"small_icon_list \" style=\"\">Denna kampanj \u00e4r framtagen och hanteras av European Loyalty Systems AB p\u00e5 uppdrag av Fazer \u00d6gon.<\/p><\/div>[\/vc_column][\/vc_row]<\/p>\n","protected":false},"excerpt":{"rendered":"<p>[vc_row row_type=&#8221;row&#8221; use_row_as_full_screen_section=&#8221;no&#8221; type=&#8221;grid&#8221; text_align=&#8221;left&#8221; background_color=&#8221;#ffffff&#8221; padding_bottom=&#8221;100&#8243; css_animation=&#8221;&#8221; css=&#8221;.vc_custom_1507726764599{padding-right: 3% !important;padding-left: 3% !important;background-color: #f8e2be !important;}&#8221; el_class=&#8221;mobile_row_hide &#8221;][vc_column width=&#8221;5\/6&#8243; offset=&#8221;vc_col-sm-offset-1&#8243; css=&#8221;.vc_custom_1502809596570{padding-right: 10% !important;padding-left: 10% !important;}&#8221;][vc_empty_space height=&#8221;100&#8243;][\/vc_column][\/vc_row][vc_row row_type=&#8221;row&#8221; use_row_as_full_screen_section=&#8221;no&#8221; type=&#8221;grid&#8221; text_align=&#8221;left&#8221; background_color=&#8221;#ffffff&#8221; padding_bottom=&#8221;100&#8243; css_animation=&#8221;&#8221; css=&#8221;.vc_custom_1507726776499{padding-right: 3% !important;padding-left: 3% !important;background-color: #f8e2be !important;}&#8221;][vc_column width=&#8221;5\/6&#8243; offset=&#8221;vc_hidden-lg vc_col-sm-offset-1&#8243; css=&#8221;.vc_custom_1504019370245{padding-right: 4% !important;padding-left:&#8230;<\/p>\n","protected":false},"author":10,"featured_media":0,"parent":0,"menu_order":0,"comment_status":"closed","ping_status":"closed","template":"full_width.php","meta":[],"_links":{"self":[{"href":"http:\/\/ww2.elsnordic.com\/fazerogon\/wp-json\/wp\/v2\/pages\/394"}],"collection":[{"href":"http:\/\/ww2.elsnordic.com\/fazerogon\/wp-json\/wp\/v2\/pages"}],"about":[{"href":"http:\/\/ww2.elsnordic.com\/fazerogon\/wp-json\/wp\/v2\/types\/page"}],"author":[{"embeddable":true,"href":"http:\/\/ww2.elsnordic.com\/fazerogon\/wp-json\/wp\/v2\/users\/10"}],"replies":[{"embeddable":true,"href":"http:\/\/ww2.elsnordic.com\/fazerogon\/wp-json\/wp\/v2\/comments?post=394"}],"version-history":[{"count":44,"href":"http:\/\/ww2.elsnordic.com\/fazerogon\/wp-json\/wp\/v2\/pages\/394\/revisions"}],"predecessor-version":[{"id":1091,"href":"http:\/\/ww2.elsnordic.com\/fazerogon\/wp-json\/wp\/v2\/pages\/394\/revisions\/1091"}],"wp:attachment":[{"href":"http:\/\/ww2.elsnordic.com\/fazerogon\/wp-json\/wp\/v2\/media?parent=394"}],"curies":[{"name":"wp","href":"https:\/\/api.w.org\/{rel}","templated":true}]}}