{"id":18,"date":"2014-06-11T13:25:33","date_gmt":"2014-06-11T13:25:33","guid":{"rendered":"http:\/\/ww2.elsnordic.com\/goteborgskex\/?page_id=18"},"modified":"2015-09-10T08:53:12","modified_gmt":"2015-09-10T08:53:12","slug":"villkor","status":"publish","type":"page","link":"http:\/\/ww2.elsnordic.com\/goteborgskex\/villkor\/","title":{"rendered":"Villkor"},"content":{"rendered":"<ul>\n<li>L\u00e4s igenom erbjudandet och villkor noggrant innan anv\u00e4ndandet. Erbjudandet g\u00e4ller endast p\u00e5 de villkor som anges.<\/li>\n<\/ul>\n<ul>\n<li>Kampanjen g\u00e4ller 2-pack Iittala Essence R\u00f6dvinsglas. Du kan erh\u00e5lla glasen vid ink\u00f6p av 4 st valfria* matkex fr\u00e5n G\u00f6teborgs Kex.<\/li>\n<\/ul>\n<ul>\n<li>N\u00e4r du k\u00f6per 4 st valfria* matkex fr\u00e5n G\u00f6teborgs Kex f\u00e5r du ett 2-pack Iittala Essence R\u00f6dvinsglas (45 cl. v\u00e4rde 338 kr). F\u00f6r att ta del av erbjudandet kr\u00e4vs det att du skickar in streckkoder fr\u00e5n 4 st valfria* matkex fr\u00e5n G\u00f6teborgs Kex.<\/li>\n<li>*G\u00e4ller alla G\u00f6teborgs Utvalda Kex, alla G\u00f6teborgs Digestive och G\u00f6teborgs Variant Kex. (Digestive Original, Digestive Ekologisk, Digestive Oliv, Digestive utan socker, Saltiner, Sm\u00f6rg\u00e5sr\u00e5n Vete, Utvalda Havssaltade kex, Utvalda Fina R\u00e5gkex, Utvalda L\u00e4tta Dinkelkex, Utvalda Salinas, Utvalda Sm\u00e5 Digestive, Utvalda Surdegskex med havssalt, Utvalda 5 B\u00e4sta , Utvalda kv\u00e4llskex kardemumma, Utvalda kv\u00e4llskex chiafr\u00f6n, Variant)<\/li>\n<\/ul>\n<ul>\n<li>Senast datum f\u00f6r registrering av uppgifter \u00e4r den <strong>11 januari 2016<\/strong>. Kampanjbeviset och streckkoderna m\u00e5ste vara ELS tillhanda senast den <strong>18 januari 2016<\/strong> och erh\u00e5llen v\u00e4rdekod ska anv\u00e4ndas senast den <strong>8 februari 2016<\/strong> hos RoyalDesign.se. Efter detta datum f\u00f6rfaller v\u00e4rdekoden och g\u00e5r ej att anv\u00e4nda l\u00e4ngre, dvs det g\u00e5r ej att f\u00e5 n\u00e5gra glas efter v\u00e4rdekodens f\u00f6rfallodatum.<\/li>\n<\/ul>\n<ul>\n<li>Erbjudandet kan ej kombineras med andra erbjudanden eller rabatter och g\u00e4ller max 1 g\u00e5ng per hush\u00e5ll.<\/li>\n<\/ul>\n<ul>\n<li>Erbjudandet g\u00e4ller s\u00e5 l\u00e5ngt lagret r\u00e4cker. Observera att glasen kan ta slut innan utsatta datum.<\/li>\n<\/ul>\n<ul>\n<li>N\u00e4r du l\u00f6ser in ditt erbjudande hos RoyalDesign.se f\u00e5r du \u00e4ven 10% rabatt p\u00e5 hela deras sortiment* om du s\u00e5 \u00f6nskar.<\/li>\n<\/ul>\n<ul>\n<li>Vid best\u00e4llning av glasen tillkommer en avgift f\u00f6r frakt och hantering p\u00e5 49 kr. G\u00e4ller endast leverans inom Sverige.<\/li>\n<\/ul>\n<ul>\n<li>V\u00e4rdekoden kan aldrig l\u00f6sas in eller bytas mot n\u00e5gon form av pengar och ej heller ges bort eller s\u00e4ljas vidare. Kopierad, manipulerad eller defekt kod accepteras ej och stulen eller f\u00f6rlorad s\u00e5dan ers\u00e4tts ej.<\/li>\n<li>F\u00f6r att anv\u00e4nda erbjudandet, ska innehavaren av v\u00e4rdekoden vara \u00f6ver 18 \u00e5r.<\/li>\n<\/ul>\n<ul>\n<li>Vid eventuella tveksamheter ang\u00e5ende vad som omfattas av erbjudandet, villkor och dylikt, \u00e5ligger det alltid kunden\/innehavaren av v\u00e4rdekoden att kontrollera vad som g\u00e4ller innan anv\u00e4ndande. Om villkoren och reglerna som anges h\u00e4r ej f\u00f6ljs eller missbrukas, har ni ej n\u00e5gon r\u00e4tt att anv\u00e4nda angivet erbjudande.<\/li>\n<\/ul>\n<ul>\n<li>European Loyalty Systems AB och G\u00f6teborgs Kex reserverar sig f\u00f6r felaktig information och \u00e4r ej ansvariga f\u00f6r f\u00f6rsvunna eller felskickade mail eller bortkommen post med streckkoder. European Loyalty Systems AB och G\u00f6teborgs Kex ansvarar inte f\u00f6r tryckfel eller skada p.g.a. force majeure s\u00e5som brand, olycksfall, strejk eller dylikt. Genom att registrera dina uppgifter har du ocks\u00e5 accepterat villkoren som n\u00e4mns h\u00e4r. Villkoren i kampanjen kan \u00e4ven \u00e4ndras utan f\u00f6rvarning.<\/li>\n<\/ul>\n<ul>\n<li>Fr\u00e5gor som r\u00f6r sj\u00e4lva leveransen av glasen, dvs efter best\u00e4llning, st\u00e4lls direkt till RoyalDesign.se. Alla \u00f6vriga fr\u00e5gor och synpunkter r\u00f6rande denna kampanj st\u00e4lls till European Loyalty Systems AB, tel kundservice 031-742 55 66 eller e-post info@elssverige.se.\n<p style=\"font-size: 10pt;\"><em><strong>*G\u00e4ller ej kampanjvaror.<\/strong><\/em><\/p>\n<\/li>\n<\/ul>\n","protected":false},"excerpt":{"rendered":"<p>L\u00e4s igenom erbjudandet och villkor noggrant innan anv\u00e4ndandet. Erbjudandet g\u00e4ller endast p\u00e5 de villkor som anges. Kampanjen g\u00e4ller 2-pack Iittala [&hellip;]<\/p>\n","protected":false},"author":4,"featured_media":0,"parent":0,"menu_order":0,"comment_status":"open","ping_status":"closed","template":"template-full-custom.php","meta":[],"_links":{"self":[{"href":"http:\/\/ww2.elsnordic.com\/goteborgskex\/wp-json\/wp\/v2\/pages\/18"}],"collection":[{"href":"http:\/\/ww2.elsnordic.com\/goteborgskex\/wp-json\/wp\/v2\/pages"}],"about":[{"href":"http:\/\/ww2.elsnordic.com\/goteborgskex\/wp-json\/wp\/v2\/types\/page"}],"author":[{"embeddable":true,"href":"http:\/\/ww2.elsnordic.com\/goteborgskex\/wp-json\/wp\/v2\/users\/4"}],"replies":[{"embeddable":true,"href":"http:\/\/ww2.elsnordic.com\/goteborgskex\/wp-json\/wp\/v2\/comments?post=18"}],"version-history":[{"count":52,"href":"http:\/\/ww2.elsnordic.com\/goteborgskex\/wp-json\/wp\/v2\/pages\/18\/revisions"}],"predecessor-version":[{"id":615,"href":"http:\/\/ww2.elsnordic.com\/goteborgskex\/wp-json\/wp\/v2\/pages\/18\/revisions\/615"}],"wp:attachment":[{"href":"http:\/\/ww2.elsnordic.com\/goteborgskex\/wp-json\/wp\/v2\/media?parent=18"}],"curies":[{"name":"wp","href":"https:\/\/api.w.org\/{rel}","templated":true}]}}