{"id":59,"date":"2014-06-13T09:44:43","date_gmt":"2014-06-13T09:44:43","guid":{"rendered":"http:\/\/ww2.elsnordic.com\/goteborgskex\/?page_id=59"},"modified":"2015-07-27T07:51:04","modified_gmt":"2015-07-27T07:51:04","slug":"test","status":"publish","type":"page","link":"http:\/\/ww2.elsnordic.com\/goteborgskex\/","title":{"rendered":"Start"},"content":{"rendered":"<div class=\"cta-element\"><h4 class=\"cta-small-title\">Innan du tar del av erbjudandet<\/h4><h2 class=\"cta-title\"><\/h2><a class=\"button\" href=\"http:\/\/ww2.elsnordic.com\/goteborgskex\/villkor\/\">L\u00e4s villkor<\/a><\/div>\n<p>&nbsp;<\/p>\n<hr \/>\n<p>&nbsp;<\/p>\n<p style=\"text-align: center; font-variant: small-caps; letter-spacing: 4pt; font-weight: thin; font-size: 13pt; font-family: georgia,serif;\"><span style=\"color: #777777;\">l\u00e4s mer om oss p\u00e5 l\u00e4nkarna nedan:<\/span>&lt;&gt;\/p<\/p>\n<div class=\"services-wrapper services-thumbnail pexeto-parallax\"><div class=\"services-box col\"><div class=\"thumbnail-wrapper\"><div class=\"services-img\" style=\"background-image:url(http:\/\/ww2.elsnordic.com\/goteborgskex\/wp-content\/uploads\/sites\/37\/2015\/04\/G\u00f6teborgs Kex_content2.png)\"><\/div><div class=\"services-content\"><div class=\"sc-wraper\"><h3><a href=\"http:\/\/www.G\u00f6teborgs%20Kextea.com\/\">G\u00f6teborgs Kex<\/a><\/h3><\/div><\/div><\/div><\/div><div class=\"services-box col\"><div class=\"thumbnail-wrapper\"><div class=\"services-img\" style=\"background-image:url(http:\/\/ww2.elsnordic.com\/goteborgskex\/wp-content\/uploads\/sites\/37\/2015\/04\/rorstrand_content.png)\"><\/div><div class=\"services-content\"><div class=\"sc-wraper\"><h3><a href=\"http:\/\/www.rorstrand.se\/\">R\u00f6rstrand<\/a><\/h3><\/div><\/div><\/div><\/div><div class=\"services-box col\"><div class=\"thumbnail-wrapper\"><div class=\"services-img\" style=\"background-image:url(http:\/\/ww2.elsnordic.com\/goteborgskex\/wp-content\/uploads\/sites\/37\/2015\/04\/rum_content.png)\"><\/div><div class=\"services-content\"><div class=\"sc-wraper\"><h3><a href=\"http:\/\/www.rum21.se\/\">Rum21<\/a><\/h3><\/div><\/div><\/div><\/div><div class=\"clear\"><\/div><\/div>\n<p>&nbsp;<\/p>\n<p>&nbsp;<\/p>\n<p>&nbsp;<\/p>\n","protected":false},"excerpt":{"rendered":"<p>&nbsp; &nbsp; l\u00e4s mer om oss p\u00e5 l\u00e4nkarna nedan:&lt;&gt;\/p &nbsp; &nbsp; &nbsp;<\/p>\n","protected":false},"author":4,"featured_media":0,"parent":0,"menu_order":0,"comment_status":"closed","ping_status":"closed","template":"template-fullscreen-slider.php","meta":[],"_links":{"self":[{"href":"http:\/\/ww2.elsnordic.com\/goteborgskex\/wp-json\/wp\/v2\/pages\/59"}],"collection":[{"href":"http:\/\/ww2.elsnordic.com\/goteborgskex\/wp-json\/wp\/v2\/pages"}],"about":[{"href":"http:\/\/ww2.elsnordic.com\/goteborgskex\/wp-json\/wp\/v2\/types\/page"}],"author":[{"embeddable":true,"href":"http:\/\/ww2.elsnordic.com\/goteborgskex\/wp-json\/wp\/v2\/users\/4"}],"replies":[{"embeddable":true,"href":"http:\/\/ww2.elsnordic.com\/goteborgskex\/wp-json\/wp\/v2\/comments?post=59"}],"version-history":[{"count":98,"href":"http:\/\/ww2.elsnordic.com\/goteborgskex\/wp-json\/wp\/v2\/pages\/59\/revisions"}],"predecessor-version":[{"id":523,"href":"http:\/\/ww2.elsnordic.com\/goteborgskex\/wp-json\/wp\/v2\/pages\/59\/revisions\/523"}],"wp:attachment":[{"href":"http:\/\/ww2.elsnordic.com\/goteborgskex\/wp-json\/wp\/v2\/media?parent=59"}],"curies":[{"name":"wp","href":"https:\/\/api.w.org\/{rel}","templated":true}]}}