{"id":342,"date":"2016-03-02T13:14:09","date_gmt":"2016-03-02T13:14:09","guid":{"rendered":"http:\/\/stockholm3.select-themes.com\/?page_id=4"},"modified":"2017-06-02T11:49:30","modified_gmt":"2017-06-02T11:49:30","slug":"home-main","status":"publish","type":"page","link":"http:\/\/ww2.elsnordic.com\/haribogodisburk\/","title":{"rendered":"Hem"},"content":{"rendered":"<p>[vc_row row_type=&#8221;parallax&#8221; text_align=&#8221;left&#8221; background_image=&#8221;499&#8243; full_screen_section_height=&#8221;yes&#8221; vertically_align_content_in_middle=&#8221;yes&#8221; el_class=&#8221;mobile_row_hide&#8221; el_id=&#8221;mobile_row_hide&#8221;][vc_column][vc_row_inner row_type=&#8221;row&#8221; type=&#8221;full_width&#8221; use_row_as_full_screen_section_slide=&#8221;no&#8221; text_align=&#8221;left&#8221; css_animation=&#8221;element_from_left&#8221; transition_delay=&#8221;150&#8243; el_class=&#8221;mobile_row_hide&#8221;][vc_column_inner][qode_elements_holder number_of_columns=&#8221;one_column&#8221;][qode_elements_holder_item item_padding=&#8221;13% 50% 5% 0&#8243; item_padding_1280_1600=&#8221;13% 50% 0 0&#8243; item_padding_1024_1280=&#8221;15% 50% 0 0&#8243; item_padding_768_1024=&#8221;15% 15% 15% 0&#8243; item_padding_600_768=&#8221;0 0 0 0&#8243; item_padding_480_600=&#8221;0 0 0 0&#8243; item_padding_480=&#8221;0 0 0 0&#8243;][vc_empty_space height=&#8221;90%&#8221;]<div class=\"custom_font_holder\" style=\" font-size: 95px; line-height: 106px; font-style: normal; font-weight: 600; color: #ffffff; text-decoration: none; text-align: left;\"><span>BJUDGODIS I FIN FORM<\/span><\/div>[vc_empty_space height=&#8221;25px&#8221;][vc_column_text]<\/p>\n<h2><span style=\"color: #ffffff;\">K\u00f6p 2 HARIBO Matador Mix<\/span><\/h2>\n<h2><span style=\"color: #ffffff;\">\u2013 f\u00e5 godisburk!<\/span><\/h2>\n<p>[\/vc_column_text][vc_empty_space height=&#8221;47px&#8221;]<a href=\"http:\/\/ww2.elsnordic.com\/haribogodisburk\/registrera-dig\/\" target=\"_self\"  class=\"qbutton  large\" style=\"margin: 0 0 0 0 ; \">REGISTRERA DIG<\/a>[vc_empty_space height=&#8221;30px&#8221;][\/qode_elements_holder_item][\/qode_elements_holder][\/vc_column_inner][\/vc_row_inner][\/vc_column][\/vc_row][vc_row row_type=&#8221;row&#8221; use_row_as_full_screen_section=&#8221;no&#8221; type=&#8221;grid&#8221; text_align=&#8221;left&#8221; padding_bottom=&#8221;20&#8243; css_animation=&#8221;&#8221; el_class=&#8221;mobile_row_hide&#8221;][vc_column][qode_elements_holder number_of_columns=&#8221;two_columns&#8221;][qode_elements_holder_item item_padding=&#8221;20% 0 0 0&#8243; item_padding_600_768=&#8221;22% 0 0 0&#8243;][vc_single_image image=&#8221;384&#8243; img_size=&#8221;full&#8221; qode_css_animation=&#8221;element_from_left&#8221;][vc_empty_space height=&#8221;30px&#8221;][\/qode_elements_holder_item][qode_elements_holder_item item_padding=&#8221;19% 0 0 17%&#8221; item_padding_600_768=&#8221;7% 0 0 0%&#8221; item_padding_480_600=&#8221;7% 0 0 0%&#8221; item_padding_480=&#8221;7% 0 0 0%&#8221;][vc_empty_space height=&#8221;5px&#8221;][vc_column_text]<\/p>\n<h2><span style=\"color: #ec1c24;\">F\u00f6retaget HARIBO:s historia \u00e4r kantad av framg\u00e5ngar!<\/span><\/h2>\n<p>[\/vc_column_text][vc_empty_space height=&#8221;38px&#8221;][vc_column_text]Det som b\u00f6rjade med en p\u00e5se socker och en koppargryta i ett litet k\u00f6k p\u00e5 en bakg\u00e5rd i tyska Bonn har idag utvecklats till ett av de mest framg\u00e5ngsrika och mest popul\u00e4ra kvalitetsm\u00e4rkena inom konfektyrbranschen. Segert\u00e5get fortsatte \u00e4ven utanf\u00f6r Tysklands gr\u00e4nser och HARIBO slog igenom stort p\u00e5 den internationella marknaden. Idag \u00e4r f\u00f6retaget v\u00e4rldsledande inom vingummi och lakrits![\/vc_column_text][vc_empty_space height=&#8221;39px&#8221;]<a href=\"https:\/\/www.haribo.com\/svSE\/startsida.html\" target=\"_blank\"  class=\"qbutton  small\" style=\"margin: 0 0 0 0 ; \">HARIBO.COM<\/a>[\/qode_elements_holder_item][\/qode_elements_holder][\/vc_column][\/vc_row][vc_row row_type=&#8221;row&#8221; use_row_as_full_screen_section=&#8221;yes&#8221; type=&#8221;full_width&#8221; text_align=&#8221;center&#8221; padding_top=&#8221;0&#8243; padding_bottom=&#8221;100&#8243; css_animation=&#8221;&#8221;][vc_column offset=&#8221;vc_hidden-lg vc_hidden-md vc_hidden-sm&#8221;][vc_single_image image=&#8221;536&#8243; img_size=&#8221;420&#215;170&#8243; qode_css_animation=&#8221;&#8221; css=&#8221;.vc_custom_1484668068123{padding-bottom: 20px !important;}&#8221;][vc_column_text css=&#8221;.vc_custom_1484668314801{padding-right: 4% !important;padding-bottom: 7px !important;padding-left: 4% !important;}&#8221;]<\/p>\n<h2 style=\"text-align: center;\"><span style=\"color: #ec1c24;\">BJUDGODIS I FIN FORM<\/span><\/h2>\n<p>[\/vc_column_text][vc_column_text css=&#8221;.vc_custom_1484668305505{padding-right: 4% !important;padding-bottom: 30px !important;padding-left: 4% !important;}&#8221;]<\/p>\n<h5 style=\"text-align: center;\"><span style=\"color: #ec1c24;\">K\u00f6p 2 HARIBO Matador Mix<br \/>\n\u2013 f\u00e5 godisburk!<\/span><\/h5>\n<p>[\/vc_column_text]<a href=\"http:\/\/ww2.elsnordic.com\/haribogodisburk\/registrera-dig\/\" target=\"_self\"  class=\"qbutton  large\" style=\"margin: 0 0 0 0 ; \">REGISTRERA DIG<\/a>[vc_separator type=&#8221;small&#8221; position=&#8221;center&#8221; color=&#8221;#3d3d3d&#8221; border_style=&#8221;&#8221; thickness=&#8221;2&#8243; width=&#8221;77&#8243; up=&#8221;47&#8243; down=&#8221;0&#8243;][\/vc_column][vc_column offset=&#8221;vc_hidden-lg vc_hidden-md vc_hidden-sm&#8221; css=&#8221;.vc_custom_1484669157586{padding-top: 48px !important;}&#8221;][qode_elements_holder number_of_columns=&#8221;two_columns&#8221;][qode_elements_holder_item item_padding=&#8221;0 0 0 0&#8243; item_padding_600_768=&#8221;22% 0 0 0&#8243;][vc_single_image image=&#8221;384&#8243; img_size=&#8221;full&#8221; qode_css_animation=&#8221;&#8221; css=&#8221;.vc_custom_1484667371543{padding-right: 4% !important;padding-left: 4% !important;}&#8221;][vc_empty_space height=&#8221;30px&#8221;][\/qode_elements_holder_item][qode_elements_holder_item item_padding=&#8221;19% 0 0 17%&#8221; item_padding_600_768=&#8221;7% 0 0 0%&#8221; item_padding_480_600=&#8221;7% 0 0 0%&#8221; item_padding_480=&#8221;7% 0 0 0%&#8221;][vc_empty_space height=&#8221;5px&#8221;][vc_column_text css=&#8221;.vc_custom_1484668445830{padding-right: 4% !important;padding-left: 4% !important;}&#8221;]<\/p>\n<h2><span style=\"color: #ec1c24; line-height: 14px;\">F\u00f6retaget HARIBO:s historia \u00e4r kantad av framg\u00e5ngar!<\/span><\/h2>\n<p>[\/vc_column_text][vc_empty_space height=&#8221;38px&#8221;][vc_column_text css=&#8221;.vc_custom_1484666925809{padding-right: 4% !important;padding-left: 4% !important;}&#8221;]Det som b\u00f6rjade med en p\u00e5se socker och en koppargryta i ett litet k\u00f6k p\u00e5 en bakg\u00e5rd i tyska Bonn har idag utvecklats till ett av de mest framg\u00e5ngsrika och mest popul\u00e4ra kvalitetsm\u00e4rkena inom konfektyrbranschen. Segert\u00e5get fortsatte \u00e4ven utanf\u00f6r Tysklands gr\u00e4nser och HARIBO slog igenom stort p\u00e5 den internationella marknaden. Idag \u00e4r f\u00f6retaget v\u00e4rldsledande inom vingummi och lakrits![\/vc_column_text][vc_empty_space height=&#8221;39px&#8221;]<a href=\"https:\/\/www.haribo.com\/svSE\/startsida.html\" target=\"_blank\"  class=\"qbutton  small\" style=\"margin: 0 0 0 0 ; \">HARIBO.COM<\/a>[\/qode_elements_holder_item][\/qode_elements_holder][\/vc_column][\/vc_row]<\/p>\n","protected":false},"excerpt":{"rendered":"<p>[vc_row row_type=&#8221;parallax&#8221; text_align=&#8221;left&#8221; background_image=&#8221;499&#8243; full_screen_section_height=&#8221;yes&#8221; vertically_align_content_in_middle=&#8221;yes&#8221; el_class=&#8221;mobile_row_hide&#8221; el_id=&#8221;mobile_row_hide&#8221;][vc_column][vc_row_inner row_type=&#8221;row&#8221; type=&#8221;full_width&#8221; use_row_as_full_screen_section_slide=&#8221;no&#8221; text_align=&#8221;left&#8221; css_animation=&#8221;element_from_left&#8221; transition_delay=&#8221;150&#8243; el_class=&#8221;mobile_row_hide&#8221;][vc_column_inner][qode_elements_holder number_of_columns=&#8221;one_column&#8221;][qode_elements_holder_item item_padding=&#8221;13% 50% 5% 0&#8243; item_padding_1280_1600=&#8221;13% 50% 0 0&#8243; item_padding_1024_1280=&#8221;15% 50% 0 0&#8243; item_padding_768_1024=&#8221;15% 15% 15% 0&#8243; item_padding_600_768=&#8221;0 0 0 0&#8243; item_padding_480_600=&#8221;0 0 0 0&#8243; item_padding_480=&#8221;0 0 0 0&#8243;][vc_empty_space height=&#8221;90%&#8221;][vc_empty_space&#8230;<\/p>\n","protected":false},"author":10,"featured_media":0,"parent":0,"menu_order":0,"comment_status":"closed","ping_status":"closed","template":"full_width.php","meta":[],"_links":{"self":[{"href":"http:\/\/ww2.elsnordic.com\/haribogodisburk\/wp-json\/wp\/v2\/pages\/342"}],"collection":[{"href":"http:\/\/ww2.elsnordic.com\/haribogodisburk\/wp-json\/wp\/v2\/pages"}],"about":[{"href":"http:\/\/ww2.elsnordic.com\/haribogodisburk\/wp-json\/wp\/v2\/types\/page"}],"author":[{"embeddable":true,"href":"http:\/\/ww2.elsnordic.com\/haribogodisburk\/wp-json\/wp\/v2\/users\/10"}],"replies":[{"embeddable":true,"href":"http:\/\/ww2.elsnordic.com\/haribogodisburk\/wp-json\/wp\/v2\/comments?post=342"}],"version-history":[{"count":125,"href":"http:\/\/ww2.elsnordic.com\/haribogodisburk\/wp-json\/wp\/v2\/pages\/342\/revisions"}],"predecessor-version":[{"id":357,"href":"http:\/\/ww2.elsnordic.com\/haribogodisburk\/wp-json\/wp\/v2\/pages\/342\/revisions\/357"}],"wp:attachment":[{"href":"http:\/\/ww2.elsnordic.com\/haribogodisburk\/wp-json\/wp\/v2\/media?parent=342"}],"curies":[{"name":"wp","href":"https:\/\/api.w.org\/{rel}","templated":true}]}}