{"id":394,"date":"2017-01-16T13:22:30","date_gmt":"2017-01-16T13:22:30","guid":{"rendered":"http:\/\/ww2.elsnordic.com\/haribogodisburk\/?page_id=394"},"modified":"2017-01-18T12:57:42","modified_gmt":"2017-01-18T12:57:42","slug":"las-villkor","status":"publish","type":"page","link":"http:\/\/ww2.elsnordic.com\/haribogodisburk\/las-villkor\/","title":{"rendered":"Villkor"},"content":{"rendered":"<p>[vc_row row_type=&#8221;row&#8221; use_row_as_full_screen_section=&#8221;no&#8221; type=&#8221;grid&#8221; text_align=&#8221;left&#8221; background_color=&#8221;#ffffff&#8221; padding_bottom=&#8221;100&#8243; css_animation=&#8221;&#8221; css=&#8221;.vc_custom_1484669402845{padding-right: 3% !important;padding-left: 3% !important;}&#8221;][vc_column width=&#8221;5\/6&#8243; offset=&#8221;vc_col-sm-offset-1&#8243; css=&#8221;.vc_custom_1484669345380{padding-right: 3% !important;padding-left: 3% !important;}&#8221;][vc_empty_space height=&#8221;100&#8243;]<div class=\"q_icon_list\"><i class=\"fa fa-circle normal_icon_list  \" style=\"color:#ec1c24;\"><\/i><p class=\"normal_icon_list \" style=\"\">L\u00e4s igenom erbjudandet och villkor noggrant innan anv\u00e4ndandet. Erbjudandet g\u00e4ller endast f\u00f6r de villkor som anges.<\/p><\/div><div class=\"q_icon_list\"><i class=\"fa fa-circle normal_icon_list  \" style=\"color:#ec1c24;\"><\/i><p class=\"normal_icon_list \" style=\"\">Kampanjen g\u00e4ller 1 burk fr\u00e5n Haribo i f\u00f6rvald f\u00e4rg, v\u00e4lj mellan bl\u00e5 eller vit. Du kan erh\u00e5lla en burk vid ink\u00f6p av 2 p\u00e5sar Matador Mix 170-180g fr\u00e5n Haribo.<\/p><\/div><div class=\"q_icon_list\"><i class=\"fa fa-circle normal_icon_list  \" style=\"color:#ec1c24;\"><\/i><p class=\"normal_icon_list \" style=\"\">Kampanjen startar den 1 februari 2017 och erbjudandet g\u00e4ller s\u00e5 l\u00e4nge lagret r\u00e4cker. Observera att burkarna kan ta slut innan sista registreringsdatum. \u00c4r den f\u00e4rg du \u00f6nskar slut m\u00e5ste du d\u00e4rf\u00f6r v\u00e4lja den andra f\u00e4rgen.<\/p><\/div><div class=\"q_icon_list\"><i class=\"fa fa-circle normal_icon_list  \" style=\"color:#ec1c24;\"><\/i><p class=\"normal_icon_list \" style=\"\">Du kan registrera dina uppgifter och kvitton till och med den 31 mars 2017. Erbjudandet g\u00e4ller max 1 g\u00e5ng per hush\u00e5ll.<\/p><\/div><div class=\"q_icon_list\"><i class=\"fa fa-circle normal_icon_list  \" style=\"color:#ec1c24;\"><\/i><p class=\"normal_icon_list \" style=\"\">Strax efter du genomf\u00f6rt din registrering erh\u00e5ller du ett bekr\u00e4ftelsemail, spara detta mail samt dina kvitton tills du erh\u00e5llit din burk.<\/p><\/div><div class=\"q_icon_list\"><i class=\"fa fa-circle normal_icon_list  \" style=\"color:#ec1c24;\"><\/i><p class=\"normal_icon_list \" style=\"\">G\u00e4ller endast leverans inom Sverige.<\/p><\/div><div class=\"q_icon_list\"><i class=\"fa fa-circle normal_icon_list  \" style=\"color:#ec1c24;\"><\/i><p class=\"normal_icon_list \" style=\"\">Erbjudandet kan aldrig l\u00f6sas in eller bytas mot n\u00e5gon form av pengar och det kan ej heller s\u00e4ljas vidare till annan person.<\/p><\/div><div class=\"q_icon_list\"><i class=\"fa fa-circle normal_icon_list  \" style=\"color:#ec1c24;\"><\/i><p class=\"normal_icon_list \" style=\"\">F\u00f6r att delta i kampanjen m\u00e5ste du vara \u00f6ver 18 \u00e5r.<\/p><\/div><div class=\"q_icon_list\"><i class=\"fa fa-circle normal_icon_list  \" style=\"color:#ec1c24;\"><\/i><p class=\"normal_icon_list \" style=\"\">Vid eventuella tveksamheter ang\u00e5ende vad som omfattas av erbjudandet, villkor och dylikt, \u00e5ligger det alltid kunden vad som g\u00e4ller innan registrering. Om villkoren och reglerna som anges h\u00e4r ej f\u00f6ljs eller missbrukas, har ni ej n\u00e5gon r\u00e4tt att anv\u00e4nda angivet erbjudande.<\/p><\/div><div class=\"q_icon_list\"><i class=\"fa fa-circle normal_icon_list  \" style=\"color:#ec1c24;\"><\/i><p class=\"normal_icon_list \" style=\"\">European Loyalty Systems AB och Haribo reserverar sig f\u00f6r felaktig information och \u00e4r ej ansvariga f\u00f6r registreringar som ej \u00e4r kompletta. European Loyalty Systems AB kontaktar ej de kunder som ej l\u00e4mnat fullst\u00e4ndiga uppgifter. European Loyalty Systems AB och Haribo ansvarar inte f\u00f6r tryckfel eller skada p.g.a. force majeure s\u00e5som brand, olycksfall, strejk eller dylikt.<\/p><\/div><div class=\"q_icon_list\"><i class=\"fa fa-circle normal_icon_list  \" style=\"color:#ec1c24;\"><\/i><p class=\"normal_icon_list \" style=\"\">Genom att registrera dina uppgifter har du ocks\u00e5 accepterat villkoren som n\u00e4mns h\u00e4r. Villkoren i kampanjen kan \u00e4ven \u00e4ndras utan f\u00f6rvarning.<\/p><\/div><div class=\"q_icon_list\"><i class=\"fa fa-circle normal_icon_list  \" style=\"color:#ec1c24;\"><\/i><p class=\"normal_icon_list \" style=\"\">Fr\u00e5gor och synpunkter r\u00f6rande denna kampanj st\u00e4lls till European Loyalty Systems AB, tel kundservice 031-742 55 66 eller e-post info@elssverige.se.<\/p><\/div>[\/vc_column][\/vc_row]<\/p>\n","protected":false},"excerpt":{"rendered":"<p>[vc_row row_type=&#8221;row&#8221; use_row_as_full_screen_section=&#8221;no&#8221; type=&#8221;grid&#8221; text_align=&#8221;left&#8221; background_color=&#8221;#ffffff&#8221; padding_bottom=&#8221;100&#8243; css_animation=&#8221;&#8221; css=&#8221;.vc_custom_1484669402845{padding-right: 3% !important;padding-left: 3% !important;}&#8221;][vc_column width=&#8221;5\/6&#8243; offset=&#8221;vc_col-sm-offset-1&#8243; css=&#8221;.vc_custom_1484669345380{padding-right: 3% !important;padding-left: 3% !important;}&#8221;][vc_empty_space height=&#8221;100&#8243;][\/vc_column][\/vc_row]<\/p>\n","protected":false},"author":10,"featured_media":0,"parent":0,"menu_order":0,"comment_status":"closed","ping_status":"closed","template":"full_width.php","meta":[],"_links":{"self":[{"href":"http:\/\/ww2.elsnordic.com\/haribogodisburk\/wp-json\/wp\/v2\/pages\/394"}],"collection":[{"href":"http:\/\/ww2.elsnordic.com\/haribogodisburk\/wp-json\/wp\/v2\/pages"}],"about":[{"href":"http:\/\/ww2.elsnordic.com\/haribogodisburk\/wp-json\/wp\/v2\/types\/page"}],"author":[{"embeddable":true,"href":"http:\/\/ww2.elsnordic.com\/haribogodisburk\/wp-json\/wp\/v2\/users\/10"}],"replies":[{"embeddable":true,"href":"http:\/\/ww2.elsnordic.com\/haribogodisburk\/wp-json\/wp\/v2\/comments?post=394"}],"version-history":[{"count":14,"href":"http:\/\/ww2.elsnordic.com\/haribogodisburk\/wp-json\/wp\/v2\/pages\/394\/revisions"}],"predecessor-version":[{"id":580,"href":"http:\/\/ww2.elsnordic.com\/haribogodisburk\/wp-json\/wp\/v2\/pages\/394\/revisions\/580"}],"wp:attachment":[{"href":"http:\/\/ww2.elsnordic.com\/haribogodisburk\/wp-json\/wp\/v2\/media?parent=394"}],"curies":[{"name":"wp","href":"https:\/\/api.w.org\/{rel}","templated":true}]}}