{"id":342,"date":"2016-03-02T13:14:09","date_gmt":"2016-03-02T13:14:09","guid":{"rendered":"http:\/\/stockholm3.select-themes.com\/?page_id=4"},"modified":"2017-06-02T11:29:57","modified_gmt":"2017-06-02T11:29:57","slug":"home-main","status":"publish","type":"page","link":"http:\/\/ww2.elsnordic.com\/hatting\/","title":{"rendered":"Hem"},"content":{"rendered":"<p>[vc_row row_type=&#8221;parallax&#8221; text_align=&#8221;left&#8221; background_image=&#8221;645&#8243; full_screen_section_height=&#8221;yes&#8221; vertically_align_content_in_middle=&#8221;yes&#8221; el_class=&#8221;mobile_row_hide&#8221; el_id=&#8221;mobile_row_hide&#8221;][vc_column][vc_row_inner row_type=&#8221;row&#8221; type=&#8221;full_width&#8221; use_row_as_full_screen_section_slide=&#8221;no&#8221; text_align=&#8221;left&#8221; css_animation=&#8221;element_from_left&#8221; transition_delay=&#8221;150&#8243; el_class=&#8221;mobile_row_hide&#8221;][vc_column_inner][qode_elements_holder number_of_columns=&#8221;one_column&#8221;][qode_elements_holder_item item_padding=&#8221;13% 50% 5% 0&#8243; item_padding_1280_1600=&#8221;13% 50% 0 0&#8243; item_padding_1024_1280=&#8221;15% 50% 0 0&#8243; item_padding_768_1024=&#8221;15% 15% 15% 0&#8243; item_padding_600_768=&#8221;0 0 0 0&#8243; item_padding_480_600=&#8221;0 0 0 0&#8243; item_padding_480=&#8221;0 0 0 0&#8243;][vc_empty_space height=&#8221;90%&#8221;]<div class=\"custom_font_holder\" style=\" font-size: 70px; line-height: 100px; font-style: normal; font-weight: 0; color: #ffffff; text-decoration: none; text-align: left;\"><span><span style=\"color: #ffffff;\">F\u00e5 en tidnings-<\/span><br \/>\n<span style=\"color: #ffffff;\">prenumeration<\/span><\/span><\/div>[vc_empty_space height=&#8221;25px&#8221;][vc_column_text]<\/p>\n<h2><span style=\"color: #ffffff;\">K\u00f6p tre produkter fr\u00e5n Hatting<\/span><\/h2>\n<h2><span style=\"color: #ffffff;\">\u2013 f\u00e5 en tidningsprenumeration fr\u00e5n Dohi Publishing.<\/span><\/h2>\n<p>[\/vc_column_text][vc_empty_space height=&#8221;30px&#8221;]<a href=\"http:\/\/ww2.elsnordic.com\/hatting\/registrera-dig\/\" target=\"_self\"  class=\"qbutton  large\" style=\"margin: 0 0 0 0 ; \">REGISTRERA DIG<\/a>[vc_empty_space height=&#8221;30px&#8221;][\/qode_elements_holder_item][\/qode_elements_holder][\/vc_column_inner][\/vc_row_inner][\/vc_column][\/vc_row][vc_row row_type=&#8221;row&#8221; use_row_as_full_screen_section=&#8221;no&#8221; type=&#8221;grid&#8221; text_align=&#8221;left&#8221; background_color=&#8221;#ffffff&#8221; padding_bottom=&#8221;20&#8243; css_animation=&#8221;&#8221; el_class=&#8221;mobile_row_hide&#8221;][vc_column][qode_elements_holder number_of_columns=&#8221;two_columns&#8221;][qode_elements_holder_item item_padding=&#8221;20% 0 0 0&#8243; item_padding_600_768=&#8221;22% 0 0 0&#8243;][vc_single_image image=&#8221;604&#8243; img_size=&#8221;full&#8221; qode_css_animation=&#8221;element_from_left&#8221;][vc_empty_space height=&#8221;30px&#8221;][\/qode_elements_holder_item][qode_elements_holder_item item_padding=&#8221;19% 0 0 17%&#8221; item_padding_600_768=&#8221;7% 0 0 0%&#8221; item_padding_480_600=&#8221;7% 0 0 0%&#8221; item_padding_480=&#8221;7% 0 0 0%&#8221;][vc_empty_space height=&#8221;5px&#8221;][vc_column_text]<\/p>\n<h3><span style=\"color: #002e51;\">Br\u00f6d bakat med omtanke<\/span><\/h3>\n<p>[\/vc_column_text][vc_empty_space height=&#8221;20px&#8221;][vc_column_text]Hattings br\u00f6d djupfryses direkt n\u00e4r det l\u00e4mnar ugnen. Det inneh\u00e5ller inga on\u00f6diga tillsatser och \u00e4r bakat med de b\u00e4sta r\u00e5varorna och de finaste ingredienserna. I br\u00f6dhyllan hittar du v\u00e5rt goda, f\u00e4rska kaffebr\u00f6d och i frysdisken finns v\u00e5rt smakrika och breda matbr\u00f6dssortiment. Det f\u00e4rdigbakar du hemma p\u00e5 n\u00e5gra minuter s\u00e5 att du kan njuta av nybakat n\u00e4r som helst.[\/vc_column_text][vc_empty_space height=&#8221;39px&#8221;]<a href=\"http:\/\/hattingbrod.se\/\" target=\"_blank\"  class=\"qbutton  small\" style=\"margin: 0 0 0 0 ; \">HATTING.SE<\/a>[\/qode_elements_holder_item][\/qode_elements_holder][\/vc_column][\/vc_row][vc_row row_type=&#8221;row&#8221; use_row_as_full_screen_section=&#8221;yes&#8221; type=&#8221;full_width&#8221; text_align=&#8221;center&#8221; background_color=&#8221;#ffffff&#8221; padding_top=&#8221;0&#8243; padding_bottom=&#8221;100&#8243; css_animation=&#8221;&#8221;][vc_column offset=&#8221;vc_hidden-lg vc_hidden-md vc_hidden-sm&#8221;][vc_single_image image=&#8221;637&#8243; img_size=&#8221;420&#215;200&#8243; qode_css_animation=&#8221;&#8221; css=&#8221;.vc_custom_1485183362655{padding-bottom: 20px !important;}&#8221;][vc_column_text css=&#8221;.vc_custom_1485183069133{padding-right: 4% !important;padding-bottom: 12px !important;padding-left: 4% !important;}&#8221;]<\/p>\n<h3 style=\"text-align: center;\"><span style=\"color: #002e51;\">F\u00e5 en tidnings-<\/span><\/h3>\n<h3 style=\"text-align: center;\"><span style=\"color: #002e51;\">prenumeration<\/span><\/h3>\n<p>[\/vc_column_text][vc_column_text css=&#8221;.vc_custom_1485182613665{padding-right: 4% !important;padding-bottom: 35px !important;padding-left: 4% !important;}&#8221;]<\/p>\n<h5 style=\"text-align: center;\"><span style=\"color: #002e51;\">K\u00f6p tre produkter fr\u00e5n Hatting<\/span><\/h5>\n<h5 style=\"text-align: center;\"><span style=\"color: #002e51;\">\u2013 f\u00e5 en tidningsprenumeration fr\u00e5n Dohi Publishing.<\/span><\/h5>\n<p>[\/vc_column_text]<a href=\"http:\/\/ww2.elsnordic.com\/hatting\/registrera-dig\/\" target=\"_self\"  class=\"qbutton  large\" style=\"margin: 0 0 0 0 ; \">REGISTRERA DIG<\/a>[vc_separator type=&#8221;small&#8221; position=&#8221;center&#8221; color=&#8221;#3d3d3d&#8221; border_style=&#8221;&#8221; thickness=&#8221;2&#8243; width=&#8221;77&#8243; up=&#8221;59&#8243; down=&#8221;0&#8243;][\/vc_column][vc_column offset=&#8221;vc_hidden-lg vc_hidden-md vc_hidden-sm&#8221; css=&#8221;.vc_custom_1484669157586{padding-top: 48px !important;}&#8221;][qode_elements_holder number_of_columns=&#8221;two_columns&#8221;][qode_elements_holder_item item_padding=&#8221;0 0 0 0&#8243; item_padding_600_768=&#8221;22% 0 0 0&#8243;][vc_single_image image=&#8221;604&#8243; img_size=&#8221;full&#8221; qode_css_animation=&#8221;&#8221; css=&#8221;.vc_custom_1485182137627{padding-right: 4% !important;padding-left: 4% !important;}&#8221;][vc_empty_space height=&#8221;30px&#8221;][\/qode_elements_holder_item][qode_elements_holder_item item_padding=&#8221;19% 0 0 17%&#8221; item_padding_600_768=&#8221;7% 0 0 0%&#8221; item_padding_480_600=&#8221;7% 0 0 0%&#8221; item_padding_480=&#8221;7% 0 0 0%&#8221;][vc_empty_space height=&#8221;5px&#8221;][vc_column_text css=&#8221;.vc_custom_1485182419871{padding-right: 4% !important;padding-left: 4% !important;}&#8221;]<\/p>\n<h2><span style=\"color: #002e51; line-height: 14px;\">Br\u00f6d bakat med omtanke<\/span><\/h2>\n<p>[\/vc_column_text][vc_empty_space height=&#8221;38px&#8221;][vc_column_text css=&#8221;.vc_custom_1485182695486{padding-right: 6% !important;padding-left: 6% !important;}&#8221;]Hattings br\u00f6d djupfryses direkt n\u00e4r det l\u00e4mnar ugnen. Det inneh\u00e5ller inga on\u00f6diga tillsatser och \u00e4r bakat med de b\u00e4sta r\u00e5varorna och de finaste ingredienserna. I br\u00f6dhyllan hittar du v\u00e5rt goda, f\u00e4rska kaffebr\u00f6d och i frysdisken finns v\u00e5rt smakrika och breda matbr\u00f6dssortiment. Det f\u00e4rdigbakar du hemma p\u00e5 n\u00e5gra minuter s\u00e5 att du kan njuta av nybakat n\u00e4r som helst.[\/vc_column_text][vc_empty_space height=&#8221;39px&#8221;]<a href=\"http:\/\/hattingbrod.se\/\" target=\"_blank\"  class=\"qbutton  small\" style=\"margin: 0 0 0 0 ; \">HATTING.SE<\/a>[\/qode_elements_holder_item][\/qode_elements_holder][\/vc_column][\/vc_row]<\/p>\n","protected":false},"excerpt":{"rendered":"<p>[vc_row row_type=&#8221;parallax&#8221; text_align=&#8221;left&#8221; background_image=&#8221;645&#8243; full_screen_section_height=&#8221;yes&#8221; vertically_align_content_in_middle=&#8221;yes&#8221; el_class=&#8221;mobile_row_hide&#8221; el_id=&#8221;mobile_row_hide&#8221;][vc_column][vc_row_inner row_type=&#8221;row&#8221; type=&#8221;full_width&#8221; use_row_as_full_screen_section_slide=&#8221;no&#8221; text_align=&#8221;left&#8221; css_animation=&#8221;element_from_left&#8221; transition_delay=&#8221;150&#8243; el_class=&#8221;mobile_row_hide&#8221;][vc_column_inner][qode_elements_holder number_of_columns=&#8221;one_column&#8221;][qode_elements_holder_item item_padding=&#8221;13% 50% 5% 0&#8243; item_padding_1280_1600=&#8221;13% 50% 0 0&#8243; item_padding_1024_1280=&#8221;15% 50% 0 0&#8243; item_padding_768_1024=&#8221;15% 15% 15% 0&#8243; item_padding_600_768=&#8221;0 0 0 0&#8243; item_padding_480_600=&#8221;0 0 0 0&#8243; item_padding_480=&#8221;0 0 0 0&#8243;][vc_empty_space height=&#8221;90%&#8221;][vc_empty_space&#8230;<\/p>\n","protected":false},"author":10,"featured_media":0,"parent":0,"menu_order":0,"comment_status":"closed","ping_status":"closed","template":"full_width.php","meta":[],"_links":{"self":[{"href":"http:\/\/ww2.elsnordic.com\/hatting\/wp-json\/wp\/v2\/pages\/342"}],"collection":[{"href":"http:\/\/ww2.elsnordic.com\/hatting\/wp-json\/wp\/v2\/pages"}],"about":[{"href":"http:\/\/ww2.elsnordic.com\/hatting\/wp-json\/wp\/v2\/types\/page"}],"author":[{"embeddable":true,"href":"http:\/\/ww2.elsnordic.com\/hatting\/wp-json\/wp\/v2\/users\/10"}],"replies":[{"embeddable":true,"href":"http:\/\/ww2.elsnordic.com\/hatting\/wp-json\/wp\/v2\/comments?post=342"}],"version-history":[{"count":153,"href":"http:\/\/ww2.elsnordic.com\/hatting\/wp-json\/wp\/v2\/pages\/342\/revisions"}],"predecessor-version":[{"id":646,"href":"http:\/\/ww2.elsnordic.com\/hatting\/wp-json\/wp\/v2\/pages\/342\/revisions\/646"}],"wp:attachment":[{"href":"http:\/\/ww2.elsnordic.com\/hatting\/wp-json\/wp\/v2\/media?parent=342"}],"curies":[{"name":"wp","href":"https:\/\/api.w.org\/{rel}","templated":true}]}}