{"id":403,"date":"2017-01-16T14:16:16","date_gmt":"2017-01-16T14:16:16","guid":{"rendered":"http:\/\/ww2.elsnordic.com\/hatting\/?page_id=403"},"modified":"2017-01-30T10:19:32","modified_gmt":"2017-01-30T10:19:32","slug":"gor-sa-har","status":"publish","type":"page","link":"http:\/\/ww2.elsnordic.com\/hatting\/gor-sa-har\/","title":{"rendered":"G\u00f6r s\u00e5 h\u00e4r"},"content":{"rendered":"<p>[vc_row row_type=&#8221;row&#8221; use_row_as_full_screen_section=&#8221;no&#8221; type=&#8221;grid&#8221; anchor=&#8221;gor&#8221; text_align=&#8221;center&#8221; background_color=&#8221;#ffffff&#8221; padding_top=&#8221;0&#8243; padding_bottom=&#8221;100&#8243; css_animation=&#8221;&#8221;][vc_column][vc_empty_space height=&#8221;100&#8243;][vc_row_inner row_type=&#8221;row&#8221; type=&#8221;full_width&#8221; use_row_as_full_screen_section_slide=&#8221;no&#8221; text_align=&#8221;left&#8221; css_animation=&#8221;&#8221;][vc_column_inner width=&#8221;1\/12&#8243;][\/vc_column_inner][vc_column_inner width=&#8221;1\/12&#8243;][vc_column_text]<\/p>\n<h3><span style=\"color: #002e51;\">1.<\/span><\/h3>\n<p>[\/vc_column_text][\/vc_column_inner][vc_column_inner width=&#8221;9\/12&#8243;][vc_empty_space height=&#8221;18px&#8221;][vc_column_text]<\/p>\n<h5>K\u00f6p 3 stycken valfria Hatting-produkter. Du hittar v\u00e5ra produkter i br\u00f6davdelningen samt i frysdisken s\u00e5 som Kanelfl\u00e4ta, Vaniljfl\u00e4ta, Bl\u00e5b\u00e4r\/Vaniljfl\u00e4ta, Semlebullar 8-pack, L\u00e5nga Semlebullar 8-pack, Rundstycken, Fullkornsm\u00f6llehjul, Miniflutes, Vitl\u00f6ksbaguette, Pitabr\u00f6d, Bagels Vete, Pajskal, Glutenfri Pitabr\u00f6d.<\/h5>\n<p>[\/vc_column_text][vc_empty_space height=&#8221;15px&#8221;][\/vc_column_inner][vc_column_inner width=&#8221;1\/12&#8243;][\/vc_column_inner][\/vc_row_inner][vc_row_inner row_type=&#8221;row&#8221; type=&#8221;full_width&#8221; use_row_as_full_screen_section_slide=&#8221;no&#8221; text_align=&#8221;left&#8221; css_animation=&#8221;&#8221;][vc_column_inner width=&#8221;1\/12&#8243;][\/vc_column_inner][vc_column_inner width=&#8221;1\/12&#8243;][vc_column_text]<\/p>\n<h3><span style=\"color: #002e51;\">2.<\/span><\/h3>\n<p>[\/vc_column_text][\/vc_column_inner][vc_column_inner width=&#8221;9\/12&#8243;][vc_empty_space height=&#8221;18px&#8221;][vc_column_text css=&#8221;.vc_custom_1485185678089{padding-bottom: 15px !important;}&#8221;]<\/p>\n<h5><span style=\"color: #125938;\"><strong><a style=\"color: #002e51;\" href=\"http:\/\/ww2.elsnordic.com\/hatting\/registrera-dig\/\">Klicka h\u00e4r<\/a><\/strong><\/span>\u00a0och registrera dina uppgifter senast 4 april 2017 samt ange valet av \u00f6nskad tidning, v\u00e4lj p\u00e5 H\u00e4lsa &amp; Fitness, Fitness FOR Men, Yoga WORLD, Triathlon PLUS, CYCLING PLUS, ALLT OM MTB. Vid registrering anges streckkoderna p\u00e5 de k\u00f6pta produkterna samt att en bild p\u00e5 kvittot ska laddas upp.<\/h5>\n<p>[\/vc_column_text][vc_column_text]<\/p>\n<h5><strong>Observera att kvittot som laddas upp m\u00e5ste vara v\u00e4l synligt p\u00e5 alla k\u00f6pta produkter med datum och pris per produkt likas\u00e5 kvittonummer. Uppt\u00e4cker vi att n\u00e5got inte st\u00e4mmer i er registrering s\u00e5 som felaktigt kvitto kommer er registrering inte att bli godk\u00e4nd. Var d\u00e4rf\u00f6r noga med att ladda upp giltigt kvitto.<\/strong><\/h5>\n<p>[\/vc_column_text][vc_empty_space height=&#8221;15px&#8221;][\/vc_column_inner][vc_column_inner width=&#8221;1\/12&#8243;][\/vc_column_inner][\/vc_row_inner][vc_row_inner row_type=&#8221;row&#8221; type=&#8221;full_width&#8221; use_row_as_full_screen_section_slide=&#8221;no&#8221; text_align=&#8221;left&#8221; css_animation=&#8221;&#8221;][vc_column_inner width=&#8221;1\/12&#8243;][\/vc_column_inner][vc_column_inner width=&#8221;1\/12&#8243;][vc_column_text]<\/p>\n<h3><span style=\"color: #002e51;\">3.<\/span><\/h3>\n<p>[\/vc_column_text][\/vc_column_inner][vc_column_inner width=&#8221;9\/12&#8243;][vc_empty_space height=&#8221;18px&#8221;][vc_column_text]<\/p>\n<h5>Din prenumeration kommer att starta med kommande nummer, allts\u00e5 inte det som finns ute i butik n\u00e4r du g\u00f6r din registrering. D\u00e4rf\u00f6r kan det dr\u00f6ja upp till 4 veckor efter att din registrering blivit godk\u00e4nd innan du f\u00e5r din f\u00f6rsta tidning i brevl\u00e5dan. Din prenumeration avslutas efter dessa tre nummer.<\/h5>\n<p>[\/vc_column_text][vc_empty_space height=&#8221;15px&#8221;][\/vc_column_inner][vc_column_inner width=&#8221;1\/12&#8243;][\/vc_column_inner][\/vc_row_inner][vc_row_inner row_type=&#8221;row&#8221; type=&#8221;full_width&#8221; use_row_as_full_screen_section_slide=&#8221;no&#8221; text_align=&#8221;left&#8221; css_animation=&#8221;&#8221;][vc_column_inner width=&#8221;1\/12&#8243;][\/vc_column_inner][vc_column_inner width=&#8221;1\/12&#8243;][\/vc_column_inner][vc_column_inner width=&#8221;9\/12&#8243;][vc_empty_space height=&#8221;18px&#8221;][vc_column_text]Erbjudandet g\u00e4ller max 1 g\u00e5ng per person och kampanjen startar den 1 februari 2017. G\u00e4ller endast leverans inom Sverige. Observera att tidningsprenumerationerna kan ta slut innan utsatt sista registreringsdatum och erbjudandet g\u00e4ller s\u00e5 l\u00e5ngt lagret r\u00e4cker.[\/vc_column_text][vc_empty_space height=&#8221;15px&#8221;][\/vc_column_inner][vc_column_inner width=&#8221;1\/12&#8243;][\/vc_column_inner][\/vc_row_inner][\/vc_column][\/vc_row]<\/p>\n","protected":false},"excerpt":{"rendered":"<p>[vc_row row_type=&#8221;row&#8221; use_row_as_full_screen_section=&#8221;no&#8221; type=&#8221;grid&#8221; anchor=&#8221;gor&#8221; text_align=&#8221;center&#8221; background_color=&#8221;#ffffff&#8221; padding_top=&#8221;0&#8243; padding_bottom=&#8221;100&#8243; css_animation=&#8221;&#8221;][vc_column][vc_empty_space height=&#8221;100&#8243;][vc_row_inner row_type=&#8221;row&#8221; type=&#8221;full_width&#8221; use_row_as_full_screen_section_slide=&#8221;no&#8221; text_align=&#8221;left&#8221; css_animation=&#8221;&#8221;][vc_column_inner width=&#8221;1\/12&#8243;][\/vc_column_inner][vc_column_inner width=&#8221;1\/12&#8243;][vc_column_text] 1. [\/vc_column_text][\/vc_column_inner][vc_column_inner width=&#8221;9\/12&#8243;][vc_empty_space height=&#8221;18px&#8221;][vc_column_text] K\u00f6p 3 stycken valfria Hatting-produkter. Du hittar v\u00e5ra produkter i br\u00f6davdelningen samt i frysdisken s\u00e5 som Kanelfl\u00e4ta, Vaniljfl\u00e4ta, Bl\u00e5b\u00e4r\/Vaniljfl\u00e4ta, Semlebullar 8-pack, L\u00e5nga Semlebullar&#8230;<\/p>\n","protected":false},"author":10,"featured_media":0,"parent":0,"menu_order":0,"comment_status":"closed","ping_status":"closed","template":"full_width.php","meta":[],"_links":{"self":[{"href":"http:\/\/ww2.elsnordic.com\/hatting\/wp-json\/wp\/v2\/pages\/403"}],"collection":[{"href":"http:\/\/ww2.elsnordic.com\/hatting\/wp-json\/wp\/v2\/pages"}],"about":[{"href":"http:\/\/ww2.elsnordic.com\/hatting\/wp-json\/wp\/v2\/types\/page"}],"author":[{"embeddable":true,"href":"http:\/\/ww2.elsnordic.com\/hatting\/wp-json\/wp\/v2\/users\/10"}],"replies":[{"embeddable":true,"href":"http:\/\/ww2.elsnordic.com\/hatting\/wp-json\/wp\/v2\/comments?post=403"}],"version-history":[{"count":21,"href":"http:\/\/ww2.elsnordic.com\/hatting\/wp-json\/wp\/v2\/pages\/403\/revisions"}],"predecessor-version":[{"id":647,"href":"http:\/\/ww2.elsnordic.com\/hatting\/wp-json\/wp\/v2\/pages\/403\/revisions\/647"}],"wp:attachment":[{"href":"http:\/\/ww2.elsnordic.com\/hatting\/wp-json\/wp\/v2\/media?parent=403"}],"curies":[{"name":"wp","href":"https:\/\/api.w.org\/{rel}","templated":true}]}}