{"id":452,"date":"2017-01-17T12:09:17","date_gmt":"2017-01-17T12:09:17","guid":{"rendered":"http:\/\/ww2.elsnordic.com\/hatting\/?page_id=452"},"modified":"2017-04-10T09:18:09","modified_gmt":"2017-04-10T09:18:09","slug":"registrera-dig","status":"publish","type":"page","link":"http:\/\/ww2.elsnordic.com\/hatting\/registrera-dig\/","title":{"rendered":"Registrera dig"},"content":{"rendered":"<p>[vc_row row_type=&#8221;row&#8221; use_row_as_full_screen_section=&#8221;no&#8221; type=&#8221;grid&#8221; text_align=&#8221;left&#8221; background_color=&#8221;#ffffff&#8221; css_animation=&#8221;&#8221;][vc_column width=&#8221;5\/6&#8243; offset=&#8221;vc_col-sm-offset-1 vc_hidden-xs&#8221; css=&#8221;.vc_custom_1484659215531{padding-right: 5% !important;padding-left: 5% !important;}&#8221;][vc_empty_space height=&#8221;100&#8243;][vc_column_text css=&#8221;.vc_custom_1491815869681{padding-right: 13% !important;padding-bottom: 15px !important;padding-left: 13% !important;}&#8221;]<\/p>\n<h5><span style=\"color: #ff0000;\"><strong>KAMPANJEN \u00c4R AVSLUTAD.<\/strong><\/span><\/h5>\n<p>[\/vc_column_text][vc_column_text css=&#8221;.vc_custom_1485172738259{padding-right: 13% !important;padding-bottom: 15px !important;padding-left: 13% !important;}&#8221;]<\/p>\n<h5>Fyll i dina kontaktuppgifter i formul\u00e4ret nedan senast den<strong> 4 april 2017.\u00a0<\/strong>N\u00e4r du klickat p\u00e5 knappen \u201dSkicka\u201d kommer du inom kort att f\u00e5 ett bekr\u00e4ftelsemail som ska sparas tillsammans med kvitton och streckkoder. Inget e-mail? Kika in i din skr\u00e4pkorg d\u00e5 det \u00e4r vanligt att det hamnar d\u00e4r.<\/h5>\n<p>[\/vc_column_text][vc_column_text css=&#8221;.vc_custom_1485172562151{padding-right: 13% !important;padding-bottom: 15px !important;padding-left: 13% !important;}&#8221;]<\/p>\n<h5>Inom ca 4 veckor d\u00e5 vi kontrollerat er registrering kommer du att f\u00e5 din tidningsprenumeration hemskickad.<\/h5>\n<p>[\/vc_column_text][vc_column_text css=&#8221;.vc_custom_1485170358666{padding-right: 13% !important;padding-bottom: 15px !important;padding-left: 13% !important;}&#8221;]<\/p>\n<h5><strong>OBS! Uppt\u00e4cker vi att n\u00e5got inte st\u00e4mmer i er registrering s\u00e5 som felaktigt kvitto kommer er registrering inte att bli godk\u00e4nd. Var d\u00e4rf\u00f6r noga med att ladda upp r\u00e4tt kvitto och d\u00e4r hela kvittot \u00e4r v\u00e4l synligt.<\/strong><\/h5>\n<p>[\/vc_column_text][vc_column_text css=&#8221;.vc_custom_1485172595862{padding-right: 13% !important;padding-left: 13% !important;}&#8221;]<\/p>\n<h5>Erbjudandet g\u00e4ller max 1 g\u00e5ng per person och kampanjen startar den <strong>1 februari 2017.<\/strong> G\u00e4ller endast leverans inom Sverige. Observera att tidningsprenumerationerna kan ta slut innan utsatt sista registreringsdatum och erbjudandet g\u00e4ller s\u00e5 l\u00e5ngt lagret r\u00e4cker.<\/h5>\n<p>[\/vc_column_text][vc_empty_space height=&#8221;120&#8243;][\/vc_column][vc_column width=&#8221;5\/6&#8243; offset=&#8221;vc_hidden-lg vc_hidden-md vc_hidden-sm&#8221;][vc_empty_space height=&#8221;100&#8243;][vc_column_text css=&#8221;.vc_custom_1491815884667{padding-right: 3% !important;padding-bottom: 15px !important;padding-left: 3% !important;}&#8221;]<\/p>\n<h5><span style=\"color: #ff0000;\"><strong>KAMPANJEN \u00c4R AVSLUTAD.<\/strong><\/span><\/h5>\n<p>[\/vc_column_text][vc_column_text css=&#8221;.vc_custom_1485172746068{padding-right: 3% !important;padding-bottom: 15px !important;padding-left: 3% !important;}&#8221;]<\/p>\n<h5>Fyll i dina kontaktuppgifter i formul\u00e4ret nedan senast den<strong> 4 april 2017.\u00a0<\/strong>N\u00e4r du klickat p\u00e5 knappen \u201dSkicka\u201d kommer du inom kort att f\u00e5 ett bekr\u00e4ftelsemail som ska sparas tillsammans med kvitton och streckkoder. Inget e-mail? Kika in i din skr\u00e4pkorg d\u00e5 det \u00e4r vanligt att det hamnar d\u00e4r.<\/h5>\n<p>[\/vc_column_text][vc_column_text css=&#8221;.vc_custom_1485172667671{padding-right: 3% !important;padding-bottom: 15px !important;padding-left: 3% !important;}&#8221;]<\/p>\n<h5>Inom ca 4 veckor d\u00e5 vi kontrollerat er registrering kommer du att f\u00e5 din tidningsprenumeration hemskickad.<\/h5>\n<p>[\/vc_column_text][vc_column_text css=&#8221;.vc_custom_1485172672755{padding-right: 3% !important;padding-bottom: 15px !important;padding-left: 3% !important;}&#8221;]<\/p>\n<h5><strong>OBS! Uppt\u00e4cker vi att n\u00e5got inte st\u00e4mmer i er registrering s\u00e5 som felaktigt kvitto kommer er registrering inte att bli godk\u00e4nd. Var d\u00e4rf\u00f6r noga med att ladda upp r\u00e4tt kvitto och d\u00e4r hela kvittot \u00e4r v\u00e4l synligt.<\/strong><\/h5>\n<p>[\/vc_column_text][vc_column_text css=&#8221;.vc_custom_1485172604648{padding-right: 3% !important;padding-left: 3% !important;}&#8221;]<\/p>\n<h5>Erbjudandet g\u00e4ller max 1 g\u00e5ng per person och kampanjen startar den <strong>1 februari 2017.<\/strong> G\u00e4ller endast leverans inom Sverige. Observera att tidningsprenumerationerna kan ta slut innan utsatt sista registreringsdatum och erbjudandet g\u00e4ller s\u00e5 l\u00e5ngt lagret r\u00e4cker.<\/h5>\n<p>[\/vc_column_text][vc_empty_space height=&#8221;60&#8243;][\/vc_column][\/vc_row]<\/p>\n","protected":false},"excerpt":{"rendered":"<p>[vc_row row_type=&#8221;row&#8221; use_row_as_full_screen_section=&#8221;no&#8221; type=&#8221;grid&#8221; text_align=&#8221;left&#8221; background_color=&#8221;#ffffff&#8221; css_animation=&#8221;&#8221;][vc_column width=&#8221;5\/6&#8243; offset=&#8221;vc_col-sm-offset-1 vc_hidden-xs&#8221; css=&#8221;.vc_custom_1484659215531{padding-right: 5% !important;padding-left: 5% !important;}&#8221;][vc_empty_space height=&#8221;100&#8243;][vc_column_text css=&#8221;.vc_custom_1491815869681{padding-right: 13% !important;padding-bottom: 15px !important;padding-left: 13% !important;}&#8221;] KAMPANJEN \u00c4R AVSLUTAD. [\/vc_column_text][vc_column_text css=&#8221;.vc_custom_1485172738259{padding-right: 13% !important;padding-bottom: 15px !important;padding-left: 13% !important;}&#8221;] Fyll i dina kontaktuppgifter i formul\u00e4ret nedan senast den 4 april&#8230;<\/p>\n","protected":false},"author":10,"featured_media":0,"parent":0,"menu_order":0,"comment_status":"closed","ping_status":"closed","template":"full_width.php","meta":[],"_links":{"self":[{"href":"http:\/\/ww2.elsnordic.com\/hatting\/wp-json\/wp\/v2\/pages\/452"}],"collection":[{"href":"http:\/\/ww2.elsnordic.com\/hatting\/wp-json\/wp\/v2\/pages"}],"about":[{"href":"http:\/\/ww2.elsnordic.com\/hatting\/wp-json\/wp\/v2\/types\/page"}],"author":[{"embeddable":true,"href":"http:\/\/ww2.elsnordic.com\/hatting\/wp-json\/wp\/v2\/users\/10"}],"replies":[{"embeddable":true,"href":"http:\/\/ww2.elsnordic.com\/hatting\/wp-json\/wp\/v2\/comments?post=452"}],"version-history":[{"count":43,"href":"http:\/\/ww2.elsnordic.com\/hatting\/wp-json\/wp\/v2\/pages\/452\/revisions"}],"predecessor-version":[{"id":653,"href":"http:\/\/ww2.elsnordic.com\/hatting\/wp-json\/wp\/v2\/pages\/452\/revisions\/653"}],"wp:attachment":[{"href":"http:\/\/ww2.elsnordic.com\/hatting\/wp-json\/wp\/v2\/media?parent=452"}],"curies":[{"name":"wp","href":"https:\/\/api.w.org\/{rel}","templated":true}]}}