{"id":2889,"date":"2014-11-01T13:33:42","date_gmt":"2014-11-01T13:33:42","guid":{"rendered":"http:\/\/ww2.elsnordic.com\/healthandbeauty\/?page_id=2889"},"modified":"2016-04-12T07:27:50","modified_gmt":"2016-04-12T07:27:50","slug":"tervetuloa","status":"publish","type":"page","link":"http:\/\/ww2.elsnordic.com\/healthandbeauty\/","title":{"rendered":"Tervetuloa"},"content":{"rendered":"\n<div id=\"rev_slider_11_1_wrapper\" class=\"rev_slider_wrapper fullwidthbanner-container\" style=\"margin:0px auto;background-color:#E9E9E9;padding:0px;margin-top:0px;margin-bottom:20px;\">\n<!-- START REVOLUTION SLIDER 5.2.4.1 auto mode -->\n\t<div id=\"rev_slider_11_1\" class=\"rev_slider fullwidthabanner tp-overflow-hidden\" style=\"display:none;\" data-version=\"5.2.4.1\">\n<ul>\t<!-- SLIDE  -->\n\t<li data-index=\"rs-13\" data-transition=\"notransition\" data-slotamount=\"default\" data-hideafterloop=\"0\" data-hideslideonmobile=\"off\"  data-easein=\"default\" data-easeout=\"default\" data-masterspeed=\"default\"  data-thumb=\"http:\/\/ww2.elsnordic.com\/healthandbeauty\/wp-content\/uploads\/sites\/47\/2015\/09\/bakgrund-100x50.png\"  data-rotate=\"0\"  data-saveperformance=\"off\"  data-title=\"Slide\" data-param1=\"\" data-param2=\"\" data-param3=\"\" data-param4=\"\" data-param5=\"\" data-param6=\"\" data-param7=\"\" data-param8=\"\" data-param9=\"\" data-param10=\"\" data-description=\"\">\n\t\t<!-- MAIN IMAGE -->\n\t\t<img src=\"http:\/\/ww2.elsnordic.com\/healthandbeauty\/wp-content\/uploads\/sites\/47\/2015\/09\/bakgrund.png\"  alt=\"\" title=\"bakgrund\"  width=\"940\" height=\"434\" data-bgposition=\"center center\" data-bgfit=\"cover\" data-bgrepeat=\"no-repeat\" class=\"rev-slidebg\" data-no-retina>\n\t\t<!-- LAYERS -->\n\n\t\t<!-- LAYER NR. 1 -->\n\t\t<div class=\"tp-caption   tp-resizeme\" \n\t\t\t id=\"slide-13-layer-1\" \n\t\t\t data-x=\"358\" \n\t\t\t data-y=\"-82\" \n\t\t\t\t\t\tdata-width=\"['none','none','none','none']\"\n\t\t\tdata-height=\"['none','none','none','none']\"\n\t\t\tdata-transform_idle=\"o:1;\"\n \n\t\t\t data-transform_in=\"opacity:0;s:1000;e:easeOutExpo;\" \n\t\t\t data-transform_out=\"auto:auto;s:300;\" \n\t\t\tdata-start=\"500\" \n\t\t\tdata-responsive_offset=\"on\" \n\n\t\t\t\n\t\t\tstyle=\"z-index: 5;\"><img src=\"http:\/\/ww2.elsnordic.com\/healthandbeauty\/wp-content\/uploads\/sites\/47\/2015\/09\/tjej21.png\" alt=\"\" width=\"800\" height=\"632\" data-ww=\"auto\" data-hh=\"auto\" data-no-retina> <\/div>\n\n\t\t<!-- LAYER NR. 2 -->\n\t\t<div class=\"tp-caption   tp-resizeme\" \n\t\t\t id=\"slide-13-layer-2\" \n\t\t\t data-x=\"-371\" \n\t\t\t data-y=\"-34\" \n\t\t\t\t\t\tdata-width=\"['none','none','none','none']\"\n\t\t\tdata-height=\"['none','none','none','none']\"\n\t\t\tdata-transform_idle=\"o:1;\"\n \n\t\t\t data-transform_in=\"x:left;s:800;e:easeOutExpo;\" \n\t\t\t data-transform_out=\"auto:auto;s:300;\" \n\t\t\tdata-start=\"900\" \n\t\t\tdata-responsive_offset=\"on\" \n\n\t\t\t\n\t\t\tstyle=\"z-index: 6;\"><img src=\"http:\/\/ww2.elsnordic.com\/healthandbeauty\/wp-content\/uploads\/sites\/47\/2015\/09\/text21.png\" alt=\"\" width=\"940\" height=\"434\" data-ww=\"auto\" data-hh=\"auto\" data-no-retina> <\/div>\n\n\t\t<!-- LAYER NR. 3 -->\n\t\t<div class=\"tp-caption   tp-resizeme\" \n\t\t\t id=\"slide-13-layer-5\" \n\t\t\t data-x=\"168\" \n\t\t\t data-y=\"364\" \n\t\t\t\t\t\tdata-width=\"['none','none','none','none']\"\n\t\t\tdata-height=\"['none','none','none','none']\"\n\t\t\tdata-transform_idle=\"o:1;\"\n \n\t\t\t data-transform_in=\"x:-50px;opacity:0;s:400;e:easeOutExpo;\" \n\t\t\t data-transform_out=\"auto:auto;s:300;\" \n\t\t\tdata-start=\"1400\" \n\t\t\tdata-responsive_offset=\"on\" \n\n\t\t\t\n\t\t\tstyle=\"z-index: 7;\"><img src=\"http:\/\/ww2.elsnordic.com\/healthandbeauty\/wp-content\/uploads\/sites\/47\/2015\/09\/scwarz2.png\" alt=\"\" width=\"270\" height=\"50\" data-ww=\"auto\" data-hh=\"auto\" data-no-retina> <\/div>\n\n\t\t<!-- LAYER NR. 4 -->\n\t\t<div class=\"tp-caption rev-btn \" \n\t\t\t id=\"slide-13-layer-6\" \n\t\t\t data-x=\"136\" \n\t\t\t data-y=\"292\" \n\t\t\t\t\t\tdata-width=\"['auto']\"\n\t\t\tdata-height=\"['auto']\"\n\t\t\tdata-transform_idle=\"o:1;\"\n\t\t\t\tdata-transform_hover=\"o:1;rX:0;rY:0;rZ:0;z:0;s:0;e:Linear.easeNone;\"\n\t\t\t\tdata-style_hover=\"c:rgba(98, 38, 61, 1.00);bg:rgba(255, 255, 255, 1.00);\"\n \n\t\t\t data-transform_in=\"opacity:0;s:300;e:Power2.easeInOut;\" \n\t\t\t data-transform_out=\"opacity:0;s:300;\" \n\t\t\tdata-start=\"1900\" \n\t\t\tdata-splitin=\"none\" \n\t\t\tdata-splitout=\"none\" \n\t\t\tdata-responsive_offset=\"on\" \n\t\t\tdata-responsive=\"off\"\n\t\t\t\n\t\t\tstyle=\"z-index: 8; white-space: nowrap; font-size: 17px; line-height: 17px; font-weight: 500; color: rgba(255, 255, 255, 1.00);font-family:'Trebuchet MS', Helvetica, sans-serif;background-color:rgba(98, 38, 61, 1.00);padding:12px 35px 12px 35px;border-color:rgba(0, 0, 0, 1.00);border-radius:3px 3px 3px 3px;outline:none;box-shadow:none;box-sizing:border-box;-moz-box-sizing:border-box;-webkit-box-sizing:border-box;cursor:pointer;\"><a href=\"http:\/\/ww2.elsnordic.com\/healthandbeauty\/tee-nain\/\">TEE N\u00c4IN<\/a> <\/div>\n\n\t\t<!-- LAYER NR. 5 -->\n\t\t<div class=\"tp-caption rev-btn \" \n\t\t\t id=\"slide-13-layer-6\" \n\t\t\t data-x=\"283\" \n\t\t\t data-y=\"292\" \n\t\t\t\t\t\tdata-width=\"['auto']\"\n\t\t\tdata-height=\"['auto']\"\n\t\t\tdata-transform_idle=\"o:1;\"\n\t\t\t\tdata-transform_hover=\"o:1;rX:0;rY:0;rZ:0;z:0;s:0;e:Linear.easeNone;\"\n\t\t\t\tdata-style_hover=\"c:rgba(98, 38, 61, 1.00);bg:rgba(255, 255, 255, 1.00);\"\n \n\t\t\t data-transform_in=\"opacity:0;s:300;e:Power2.easeInOut;\" \n\t\t\t data-transform_out=\"opacity:0;s:300;\" \n\t\t\tdata-start=\"1900\" \n\t\t\tdata-splitin=\"none\" \n\t\t\tdata-splitout=\"none\" \n\t\t\tdata-responsive_offset=\"on\" \n\t\t\tdata-responsive=\"off\"\n\t\t\t\n\t\t\tstyle=\"z-index: 9; white-space: nowrap; font-size: 17px; line-height: 17px; font-weight: 500; color: rgba(255, 255, 255, 1.00);font-family:'Trebuchet MS', Helvetica, sans-serif;background-color:rgba(98, 38, 61, 1.00);padding:12px 35px 12px 35px;border-color:rgba(0, 0, 0, 1.00);border-radius:3px 3px 3px 3px;outline:none;box-shadow:none;box-sizing:border-box;-moz-box-sizing:border-box;-webkit-box-sizing:border-box;cursor:pointer;\"><a href=\"http:\/\/healthandbeauty.elscampaign.com\/\">ETUSETELI<\/a> <\/div>\n\t<\/li>\n<\/ul>\n<div class=\"tp-bannertimer tp-bottom\" style=\"visibility: hidden !important;\"><\/div>\t<\/div>\n<script>var htmlDiv = document.getElementById(\"rs-plugin-settings-inline-css\"); var htmlDivCss=\"\";\n\t\t\t\tif(htmlDiv) {\n\t\t\t\t\thtmlDiv.innerHTML = htmlDiv.innerHTML + htmlDivCss;\n\t\t\t\t}else{\n\t\t\t\t\tvar htmlDiv = document.createElement(\"div\");\n\t\t\t\t\thtmlDiv.innerHTML = \"<style>\" + htmlDivCss + \"<\/style>\";\n\t\t\t\t\tdocument.getElementsByTagName(\"head\")[0].appendChild(htmlDiv.childNodes[0]);\n\t\t\t\t}\n\t\t\t<\/script>\n\t\t<script type=\"text\/javascript\">\n\t\t\t\t\t\t\/******************************************\n\t\t\t\t-\tPREPARE PLACEHOLDER FOR SLIDER\t-\n\t\t\t******************************************\/\n\n\t\t\tvar setREVStartSize=function(){\n\t\t\t\ttry{var e=new Object,i=jQuery(window).width(),t=9999,r=0,n=0,l=0,f=0,s=0,h=0;\n\t\t\t\t\te.c = jQuery('#rev_slider_11_1');\n\t\t\t\t\te.gridwidth = [940];\n\t\t\t\t\te.gridheight = [434];\n\t\t\t\t\t\t\t\n\t\t\t\t\te.sliderLayout = \"auto\";\n\t\t\t\t\tif(e.responsiveLevels&&(jQuery.each(e.responsiveLevels,function(e,f){f>i&&(t=r=f,l=e),i>f&&f>r&&(r=f,n=e)}),t>r&&(l=n)),f=e.gridheight[l]||e.gridheight[0]||e.gridheight,s=e.gridwidth[l]||e.gridwidth[0]||e.gridwidth,h=i\/s,h=h>1?1:h,f=Math.round(h*f),\"fullscreen\"==e.sliderLayout){var u=(e.c.width(),jQuery(window).height());if(void 0!=e.fullScreenOffsetContainer){var c=e.fullScreenOffsetContainer.split(\",\");if (c) jQuery.each(c,function(e,i){u=jQuery(i).length>0?u-jQuery(i).outerHeight(!0):u}),e.fullScreenOffset.split(\"%\").length>1&&void 0!=e.fullScreenOffset&&e.fullScreenOffset.length>0?u-=jQuery(window).height()*parseInt(e.fullScreenOffset,0)\/100:void 0!=e.fullScreenOffset&&e.fullScreenOffset.length>0&&(u-=parseInt(e.fullScreenOffset,0))}f=u}else void 0!=e.minHeight&&f<e.minHeight&&(f=e.minHeight);e.c.closest(\".rev_slider_wrapper\").css({height:f})\n\t\t\t\t\t\n\t\t\t\t}catch(d){console.log(\"Failure at Presize of Slider:\"+d)}\n\t\t\t};\n\t\t\t\n\t\t\tsetREVStartSize();\n\t\t\t\n\t\t\t\t\t\tvar tpj=jQuery;\n\t\t\ttpj.noConflict();\n\t\t\tvar revapi11;\n\t\t\ttpj(document).ready(function() {\n\t\t\t\tif(tpj(\"#rev_slider_11_1\").revolution == undefined){\n\t\t\t\t\trevslider_showDoubleJqueryError(\"#rev_slider_11_1\");\n\t\t\t\t}else{\n\t\t\t\t\trevapi11 = tpj(\"#rev_slider_11_1\").show().revolution({\n\t\t\t\t\t\tsliderType:\"hero\",\njsFileLocation:\"\/\/ww2.elsnordic.com\/healthandbeauty\/wp-content\/plugins\/revslider\/public\/assets\/js\/\",\n\t\t\t\t\t\tsliderLayout:\"auto\",\n\t\t\t\t\t\tdottedOverlay:\"none\",\n\t\t\t\t\t\tdelay:9000,\n\t\t\t\t\t\tnavigation: {\n\t\t\t\t\t\t},\n\t\t\t\t\t\tvisibilityLevels:[1240,1024,778,480],\n\t\t\t\t\t\tgridwidth:940,\n\t\t\t\t\t\tgridheight:434,\n\t\t\t\t\t\tlazyType:\"none\",\n\t\t\t\t\t\tshadow:0,\n\t\t\t\t\t\tspinner:\"off\",\n\t\t\t\t\t\tautoHeight:\"off\",\n\t\t\t\t\t\tdisableProgressBar:\"on\",\n\t\t\t\t\t\thideThumbsOnMobile:\"off\",\n\t\t\t\t\t\thideSliderAtLimit:0,\n\t\t\t\t\t\thideCaptionAtLimit:0,\n\t\t\t\t\t\thideAllCaptionAtLilmit:0,\n\t\t\t\t\t\tdebugMode:false,\n\t\t\t\t\t\tfallbacks: {\n\t\t\t\t\t\t\tsimplifyAll:\"off\",\n\t\t\t\t\t\t\tdisableFocusListener:false,\n\t\t\t\t\t\t}\n\t\t\t\t\t});\n\t\t\t\t}\n\t\t\t});\t\/*ready*\/\n\t\t<\/script>\n\t\t<\/div><!-- END REVOLUTION SLIDER -->\n<style type='text\/css'>#reading-box-container-1 .tagline-shadow:before,#reading-box-container-1 .tagline-shadow:after{opacity:0.1;}<\/style><div class=\"reading-box-container clearfix\" id=\"reading-box-container-1\"><section class=\"reading-box \" style=\"background-color:#f6f6f6 !important;border-width:0.3px;border-color:#f6f6f6!important;border-top-width:3px !important;border-top-color:#62263d!important;border-style:solid;\"><a href=\"http:\/\/ww2.elsnordic.com\/healthandbeauty\/saannot\/\" target=\"_self\" class=\"continue button large default\">S\u00c4\u00c4NN\u00d6T<\/a><h2>Tervetuloa<\/h2><p><\/p>\n<p>N\u00e4ilt\u00e4 sivuilta l\u00f6yd\u00e4t lis\u00e4tietoa Schwarzkopf Beauty Weeks kampanjasta ja tarkemmat ohjeet siit\u00e4,<br \/>\nkuinka lunastaa 50\u20ac arvoinen etuseteli.<\/p>\n<p><\/p><a href=\"http:\/\/ww2.elsnordic.com\/healthandbeauty\/saannot\/\" target=\"_self\" class=\"continue mobile-button button large default\">S\u00c4\u00c4NN\u00d6T<\/a><\/section><\/div>\n<style type='text\/css'>\n\t\t#content-boxes-1 article.col{background-color:transparent !important;}\n\t\t#content-boxes-1 .fontawesome-icon.circle-yes{color:#ffffff !important;background-color:#62263d !important;border:1px solid #333333 !important;}\n\t\t<\/style><section class=\"clearfix columns content-boxes content-boxes-icon-with-title columns-3\" id=\"content-boxes-1\">\n<article class=\"col\"><div class=\"heading heading-and-icon\"><i class=\"fontawesome-icon medium circle-yes icon-ok\" ><\/i><h2>Tee n\u00e4in<\/h2><\/div><div class=\"col-content-container \">T\u00e4\u00e4lt\u00e4 n\u00e4et miten edet\u00e4, jotta saat hoitoa.<span class=\"more\"><a href=\"http:\/\/ww2.elsnordic.com\/healthandbeauty\/tee-nain\/\" target=\"_self\">LUE LIS\u00c4\u00c4<\/a><\/span><\/div><\/article>\n<article class=\"col\"><div class=\"heading heading-and-icon\"><i class=\"fontawesome-icon medium circle-yes icon-leaf\" ><\/i><h2>Kauneushoitolaan<\/h2><\/div><div class=\"col-content-container \">T\u00e4\u00e4lt\u00e4 l\u00f6yd\u00e4t kaikki salongit, jotka osallistuvat kampanjaan ja mit\u00e4 hoitoja ne tarjoavat.<span class=\"more\"><a href=\"http:\/\/ww2.elsnordic.com\/healthandbeauty\/2912-2\/\" target=\"_self\">LUE LIS\u00c4\u00c4<\/a><\/span><\/div><\/article>\n<article class=\"col\"><div class=\"heading heading-and-icon\"><i class=\"fontawesome-icon medium circle-yes icon-envelope-alt\" ><\/i><h2>Yhteystiedot<\/h2><\/div><div class=\"col-content-container \">Jos sinulla on kysytt\u00e4v\u00e4\u00e4, t\u00e4\u00e4lt\u00e4 saat tietoa mihin voit ottaa yhteytt\u00e4.<span class=\"more\"><a href=\"http:\/\/ww2.elsnordic.com\/healthandbeauty\/tee-nain\/yhteystiedot\/\" target=\"_self\">LUE LIS\u00c4\u00c4<\/a><\/span><\/div><\/article>\n<\/section>\n<p>&nbsp;<\/p>\n<p>&nbsp;<\/p>\n","protected":false},"excerpt":{"rendered":"<p>&nbsp; &nbsp;<\/p>\n","protected":false},"author":10,"featured_media":0,"parent":0,"menu_order":0,"comment_status":"closed","ping_status":"closed","template":"full-width.php","meta":[],"_links":{"self":[{"href":"http:\/\/ww2.elsnordic.com\/healthandbeauty\/wp-json\/wp\/v2\/pages\/2889"}],"collection":[{"href":"http:\/\/ww2.elsnordic.com\/healthandbeauty\/wp-json\/wp\/v2\/pages"}],"about":[{"href":"http:\/\/ww2.elsnordic.com\/healthandbeauty\/wp-json\/wp\/v2\/types\/page"}],"author":[{"embeddable":true,"href":"http:\/\/ww2.elsnordic.com\/healthandbeauty\/wp-json\/wp\/v2\/users\/10"}],"replies":[{"embeddable":true,"href":"http:\/\/ww2.elsnordic.com\/healthandbeauty\/wp-json\/wp\/v2\/comments?post=2889"}],"version-history":[{"count":62,"href":"http:\/\/ww2.elsnordic.com\/healthandbeauty\/wp-json\/wp\/v2\/pages\/2889\/revisions"}],"predecessor-version":[{"id":4433,"href":"http:\/\/ww2.elsnordic.com\/healthandbeauty\/wp-json\/wp\/v2\/pages\/2889\/revisions\/4433"}],"wp:attachment":[{"href":"http:\/\/ww2.elsnordic.com\/healthandbeauty\/wp-json\/wp\/v2\/media?parent=2889"}],"curies":[{"name":"wp","href":"https:\/\/api.w.org\/{rel}","templated":true}]}}