{"id":2905,"date":"2014-11-01T14:28:51","date_gmt":"2014-11-01T14:28:51","guid":{"rendered":"http:\/\/ww2.elsnordic.com\/healthandbeauty\/?page_id=2905"},"modified":"2015-09-21T07:22:21","modified_gmt":"2015-09-21T07:22:21","slug":"saannot","status":"publish","type":"page","link":"http:\/\/ww2.elsnordic.com\/healthandbeauty\/saannot\/","title":{"rendered":"S\u00e4\u00e4nn\u00f6t"},"content":{"rendered":"<div class=\"one_half\"><i style=\"color:#62263d !important;\"class=\"fontawesome-icon small circle-no icon-ok\"><\/i>Yhteisty\u00f6kumppanillamme on 2 kpl etuseteleit\u00e4. Toinen oikeuttaa maksuttomaan hoitoon valitsemasi yhteisty\u00f6kumppanimme luona, ja toisella saa samassa liikkeess\u00e4 hoidosta 20%:n alennuksen. Etusetelit koskevat ainoastaan hoitoja, jotka kampanjaan osallistuvat yhteisty\u00f6kumppanimme ovat ilmoittaneet.<br \/>\n<i style=\"color:#62263d !important;\"class=\"fontawesome-icon small circle-no icon-ok\"><\/i>T\u00e4h\u00e4n kampanjaan osallistuvat yhteisty\u00f6liikkeemme ovat listattuina kampanjasivustolla osoitteessa www.elsnordic.com\/healthandbeauty. Huomaa, ett\u00e4 osallistuvat liikkeet saattavat muuttua kampanjan kuluessa, ja kampanjasivustoa p\u00e4ivitet\u00e4\u00e4n muutosten my\u00f6t\u00e4 jatkuvasti. Yhteisty\u00f6kumppaneitamme ei ole kaikilla paikkakunnilla. N\u00e4iden paikkakuntien asukkaat voivat joutua matkustamaan l\u00e4himp\u00e4\u00e4n liikkeeseen toiselle paikkakunnalle. Yhteisty\u00f6kumppanimme varaavat oikeuden muuttaa ilmoitettuja k\u00e4sittelyit\u00e4 sek\u00e4 ehtoja.<br \/>\n<i style=\"color:#62263d !important;\"class=\"fontawesome-icon small circle-no icon-ok\"><\/i>Lue tarjouksen sis\u00e4lt\u00f6 huolellisesti ennen varausta ja etusetelin k\u00e4ytt\u00f6\u00e4. Tarjous on voimassa ainoastaan niill\u00e4 ehdoilla ja etuk\u00e4teen ilmoitetuille hoidoille, eik\u00e4 niit\u00e4 voi yhdist\u00e4\u00e4 muihin alennuksiin ja erikoishintoihin. Joissakin tapauksissa ilmoitetut hoidot eiv\u00e4t sis\u00e4lly liikkeiden normaaliin tarjontaan. Kaikki mahdolliset lis\u00e4kulut tarjouksen lis\u00e4ksi j\u00e4\u00e4v\u00e4t asiakkaan maksettaviksi. N\u00e4in on my\u00f6s, jos asiakas haluaa tehd\u00e4 muutoksia vaiheeseen, joka ei sis\u00e4lly tarjoukseen.<br \/>\n<i style=\"color:#62263d !important;\"class=\"fontawesome-icon small circle-no icon-ok\"><\/i>Ilmoita heti varausta tehdess\u00e4si Schwarzkopfin etusetelin numero. Etusetelien haltijan tulee itse tehd\u00e4 varaus liikkeeseen, ja varaus tulee tehd\u00e4 suoraan liikkeen kanssa. Etusetelit koskevat vain uusia varauksia, eiv\u00e4t jo tehtyj\u00e4 varauksia, eik\u00e4 niit\u00e4 voi k\u00e4ytt\u00e4\u00e4 j\u00e4lkik\u00e4teen.<br \/>\n<i style=\"color:#62263d !important;\"class=\"fontawesome-icon small circle-no icon-ok\"><\/i>Etuseteli tulee leikata irti ja j\u00e4tt\u00e4\u00e4 valittuun yhteisty\u00f6liikkeeseen sinne saavuttaessa. Ota mukaan koko sivu ep\u00e4selvyyksien v\u00e4ltt\u00e4miseksi. Huomaa, ett\u00e4 joinakin aikoina varauksia voi olla paljon, siksi varaus kannattaa tehd\u00e4 ajoissa.<br \/>\n<i style=\"color:#62263d !important;\"class=\"fontawesome-icon small circle-no icon-ok\"><\/i>Gi-etusetelit ovat voimassa 31.5.2016 asti, ja k\u00e4sittelyn varaus tulee tehd\u00e4 viimeist\u00e4\u00e4n 14 p\u00e4iv\u00e4\u00e4 ennen haluttua ajankohtaa. Tarjouksen k\u00e4ytt\u00e4j\u00e4n tulee olla t\u00e4ytt\u00e4nyt 18 vuotta.<\/div>\n<div class=\"one_half last\"><i style=\"color:#62263d !important;\"class=\"fontawesome-icon small circle-no icon-ok\"><\/i>Mit\u00e4\u00e4n takuuta ei anneta siit\u00e4, ett\u00e4 osallistuvissa yhteisty\u00f6liikkeiss\u00e4 on tilaa juuri siihen aikaan, kun haluat k\u00e4ytt\u00e4\u00e4 arvosetelin. Kaikki k\u00e4sittelyt t\u00e4ytyy varata etuk\u00e4teen, ja arvoseteli ei normaalisti ole voimassa, jos tulet suoraan liikkeeseen ilman varausta.<br \/>\n<i style=\"color:#62263d !important;\"class=\"fontawesome-icon small circle-no icon-ok\"><\/i>Tarkista aina yhteisty\u00f6liikkeemme omat varauss\u00e4\u00e4nn\u00f6t. Jos s\u00e4\u00e4nt\u00f6j\u00e4 ei noudateta, voit joutua maksajaksi (normaali hinta), jos peruutat varauksen, tai et saavu varattuun k\u00e4sittelyyn.<br \/>\n<i style=\"color:#62263d !important;\"class=\"fontawesome-icon small circle-no icon-ok\"><\/i>Etuseteleit\u00e4 ei voi lunastaa tai muuttaa rahaksi. Ne ovat henkil\u00f6kohtaisia, eik\u00e4 niit\u00e4 saa luovuttaa tai myyd\u00e4 edelleen. Kopioitua, k\u00e4sitelty\u00e4 tai puutteellista seteli\u00e4 ei hyv\u00e4ksyt\u00e4. Vahingoittunutta, varastettua tai kadotettua seteli\u00e4 ei korvata. Sama koskee poistettua s\u00e4hk\u00f6postia, jossa on etuseteli.<br \/>\n<i style=\"color:#62263d !important;\"class=\"fontawesome-icon small circle-no icon-ok\"><\/i>Jos etusetelin haltija ei ole varma tarjouksen sis\u00e4ll\u00f6st\u00e4 ja ehdoista, h\u00e4nen vastuullaan on tarkistaa sis\u00e4lt\u00f6 ennen setelin k\u00e4ytt\u00f6\u00e4 tai varauksen tekemist\u00e4.<br \/>\n<i style=\"color:#62263d !important;\"class=\"fontawesome-icon small circle-no icon-ok\"><\/i>Jos t\u00e4ss\u00e4 annettuja ehtoja ja s\u00e4\u00e4nt\u00f6j\u00e4 ei noudateta, osallistuvalla yhteisty\u00f6kumppanillamme ei ole velvollisuutta tarjota ilmoitettua hoitoa tarjousta. Hoitoa tai tarjousta ei my\u00f6sk\u00e4\u00e4n anneta, jos et varaustilanteessa ilmoita olevasi Schwarzkopfin etusetelin haltija<br \/>\n<i style=\"color:#62263d !important;\"class=\"fontawesome-icon small circle-no icon-ok\"><\/i>European Loyalty Systems AB ja Schwarzkopf varaavat oikeuden toiminnan lakkaamiseen, omistajavaihdoksiin tai toimialan muutoksiin, eiv\u00e4tk\u00e4 he ole vastuussa vapaiden aikojen saatavuudesta, k\u00e4sittelyn tapahtumista tai mahdollisista k\u00e4sittelyn seurauksena syntyvist\u00e4 vahingoista\/sairastumisista, eiv\u00e4tk\u00e4 k\u00e4sittelyiden laadusta, tai jos jokin yritys rikkoo sopimuksensa, kielt\u00e4ytyy antamasta tarjousk\u00e4sittely\u00e4, tai jos annetut tiedot ovat virheellisi\u00e4. European Loyalty Systems AB ja Schwarzkopf eiv\u00e4t vastaa painovirheist\u00e4 tai force majeure-vahingoista, kuten tulipalosta, onnettomuudesta, lakosta tai vastaavista tapahtumista.<br \/>\n<i style=\"color:#62263d !important;\"class=\"fontawesome-icon small circle-no icon-ok\"><\/i>Kauneushoitolaa tai siell\u00e4 tarjottavaa hoitoa koskevat kysymykset osoitetaan ko. kauneushoitolalle. Muut kysymykset ja mielipiteet koskien arvosetelin k\u00e4ytt\u00f6\u00e4 ja osallistujia voidaan esitt\u00e4\u00e4 European Loyalty Systems AB:lle, asiakaspalvelun puhelinnumero<\/p>\n<p>09-698 20 20 tai s\u00e4hk\u00f6postilla info@elsnordic.fi.<\/div><div class=\"clearboth\"><\/div>\n","protected":false},"excerpt":{"rendered":"Yhteisty\u00f6kumppanillamme on 2 kpl etuseteleit\u00e4. Toinen oikeuttaa maksuttomaan hoitoon valitsemasi yhteisty\u00f6kumppanimme luona, ja toisella saa samassa liikkeess\u00e4 hoidosta 20%:n alennuksen. Etusetelit koskevat ainoastaan hoitoja, jotka kampanjaan osallistuvat yhteisty\u00f6kumppanimme ovat ilmoittaneet. T\u00e4h\u00e4n kampanjaan osallistuvat yhteisty\u00f6liikkeemme ovat listattuina kampanjasivustolla osoitteessa www.elsnordic.com\/healthandbeauty. Huomaa, ett\u00e4 osallistuvat liikkeet saattavat muuttua kampanjan kuluessa, ja kampanjasivustoa p\u00e4ivitet\u00e4\u00e4n muutosten my\u00f6t\u00e4 jatkuvasti. Yhteisty\u00f6kumppaneitamme ei ole kaikilla paikkakunnilla. N\u00e4iden paikkakuntien asukkaat voivat joutua matkustamaan l\u00e4himp\u00e4\u00e4n liikkeeseen toiselle paikkakunnalle. Yhteisty\u00f6kumppanimme varaavat oikeuden muuttaa ilmoitettuja k\u00e4sittelyit\u00e4 sek\u00e4 ehtoja. Lue tarjouksen sis\u00e4lt\u00f6 huolellisesti ennen varausta ja etusetelin k\u00e4ytt\u00f6\u00e4. Tarjous on voimassa ainoastaan niill\u00e4 ehdoilla ja etuk\u00e4teen ilmoitetuille hoidoille, eik\u00e4 niit\u00e4 voi yhdist\u00e4\u00e4 muihin alennuksiin ja erikoishintoihin. Joissakin tapauksissa ilmoitetut hoidot eiv\u00e4t sis\u00e4lly liikkeiden normaaliin tarjontaan. Kaikki mahdolliset lis\u00e4kulut tarjouksen lis\u00e4ksi j\u00e4\u00e4v\u00e4t asiakkaan maksettaviksi. N\u00e4in on my\u00f6s, jos asiakas haluaa tehd\u00e4 muutoksia vaiheeseen, joka ei sis\u00e4lly tarjoukseen. Ilmoita heti varausta tehdess\u00e4si Schwarzkopfin etusetelin numero. Etusetelien haltijan tulee itse tehd\u00e4 varaus liikkeeseen, ja varaus tulee tehd\u00e4 suoraan liikkeen kanssa. Etusetelit koskevat vain uusia varauksia, eiv\u00e4t jo tehtyj\u00e4 varauksia, eik\u00e4 niit\u00e4 voi k\u00e4ytt\u00e4\u00e4 j\u00e4lkik\u00e4teen. Etuseteli tulee leikata irti ja j\u00e4tt\u00e4\u00e4 valittuun yhteisty\u00f6liikkeeseen sinne saavuttaessa. Ota mukaan koko sivu ep\u00e4selvyyksien v\u00e4ltt\u00e4miseksi. Huomaa, ett\u00e4 joinakin aikoina varauksia voi olla paljon, siksi varaus kannattaa tehd\u00e4 ajoissa. Gi-etusetelit ovat voimassa 31.5.2016 asti, ja k\u00e4sittelyn varaus tulee tehd\u00e4 viimeist\u00e4\u00e4n 14 p\u00e4iv\u00e4\u00e4 ennen haluttua ajankohtaa. Tarjouksen k\u00e4ytt\u00e4j\u00e4n tulee olla t\u00e4ytt\u00e4nyt 18 vuotta. Mit\u00e4\u00e4n takuuta ei anneta siit\u00e4, ett\u00e4 osallistuvissa yhteisty\u00f6liikkeiss\u00e4 on tilaa juuri siihen aikaan, kun haluat k\u00e4ytt\u00e4\u00e4 arvosetelin. Kaikki k\u00e4sittelyt t\u00e4ytyy varata etuk\u00e4teen, ja arvoseteli ei normaalisti ole voimassa, jos tulet suoraan liikkeeseen ilman varausta. Tarkista aina yhteisty\u00f6liikkeemme omat varauss\u00e4\u00e4nn\u00f6t. Jos s\u00e4\u00e4nt\u00f6j\u00e4 ei noudateta, voit joutua maksajaksi (normaali hinta), jos peruutat varauksen, tai et saavu varattuun k\u00e4sittelyyn. Etuseteleit\u00e4 ei voi lunastaa tai muuttaa rahaksi. Ne ovat [...]","protected":false},"author":10,"featured_media":0,"parent":0,"menu_order":0,"comment_status":"closed","ping_status":"closed","template":"full-width.php","meta":[],"_links":{"self":[{"href":"http:\/\/ww2.elsnordic.com\/healthandbeauty\/wp-json\/wp\/v2\/pages\/2905"}],"collection":[{"href":"http:\/\/ww2.elsnordic.com\/healthandbeauty\/wp-json\/wp\/v2\/pages"}],"about":[{"href":"http:\/\/ww2.elsnordic.com\/healthandbeauty\/wp-json\/wp\/v2\/types\/page"}],"author":[{"embeddable":true,"href":"http:\/\/ww2.elsnordic.com\/healthandbeauty\/wp-json\/wp\/v2\/users\/10"}],"replies":[{"embeddable":true,"href":"http:\/\/ww2.elsnordic.com\/healthandbeauty\/wp-json\/wp\/v2\/comments?post=2905"}],"version-history":[{"count":64,"href":"http:\/\/ww2.elsnordic.com\/healthandbeauty\/wp-json\/wp\/v2\/pages\/2905\/revisions"}],"predecessor-version":[{"id":4400,"href":"http:\/\/ww2.elsnordic.com\/healthandbeauty\/wp-json\/wp\/v2\/pages\/2905\/revisions\/4400"}],"wp:attachment":[{"href":"http:\/\/ww2.elsnordic.com\/healthandbeauty\/wp-json\/wp\/v2\/media?parent=2905"}],"curies":[{"name":"wp","href":"https:\/\/api.w.org\/{rel}","templated":true}]}}