{"id":2932,"date":"2014-11-03T14:48:34","date_gmt":"2014-11-03T14:48:34","guid":{"rendered":"http:\/\/ww2.elsnordic.com\/healthandbeauty\/?page_id=2932"},"modified":"2015-09-18T07:13:28","modified_gmt":"2015-09-18T07:13:28","slug":"tee-nain","status":"publish","type":"page","link":"http:\/\/ww2.elsnordic.com\/healthandbeauty\/tee-nain\/","title":{"rendered":"Tee n\u00e4in"},"content":{"rendered":"<h2>Tee n\u00e4in:<\/h2>\n<p><strong>1.<\/strong> Osta 3 valitsemaasi Schwarzkopf p\u00e4ivitt\u00e4istavaratuotetta (ei koske Osis ja Bonacure tuotteita)<\/p>\n<p><strong>2.<\/strong> Rekister\u00f6i tietosi ja viivakoodit viimeist\u00e4\u00e4n <strong>31.1.2016.<\/strong><\/p>\n<p><strong>3.<\/strong> Nelj\u00e4ntoista p\u00e4iv\u00e4n kuluessa siit\u00e4, kun olemme vastaanottaneet rekister\u00f6intisi, ELS l\u00e4hett\u00e4\u00e4 2 henkil\u00f6kohtaista arvoseteli\u00e4 antamaasi s\u00e4hk\u00f6postiosoitteeseen. Toinen oikeuttaa ilmaiseen k\u00e4sittelyyn jonkin yhteisty\u00f6kumppanimme luona, ja toisella saa 20\u00a0% alennuksen muusta k\u00e4sittelyst\u00e4.<\/p>\n<p><strong>4.<\/strong> Valitse, mink\u00e4 k\u00e4sittelyn haluat jossakin osallistuvista kauneushoitoloista.<\/p>\n<p><strong>5.<\/strong> Ota yhteytt\u00e4 kauneushoitolaan ja kerro, ett\u00e4 sinulla on Schwarzkopfin Health and Beauty -arvoseteli. Kerro nimesi ja etusetelin numero varatessasi k\u00e4sittely\u00e4si viimeist\u00e4\u00e4n 14 p\u00e4iv\u00e4\u00e4 ennen toivottua ajankohtaa. Arvosetelit ovat henkil\u00f6kohtaisia ja voimassa <strong>31.5.2016<\/strong> asti.<\/p>\n<p><strong>6.<\/strong> N\u00e4yt\u00e4 arvosetelisi ja j\u00e4t\u00e4 se saapuessasi kauneushoitolaan.<\/p>\n<p><strong>7.<\/strong> Nauti ihanasta k\u00e4sittelyst\u00e4!<\/p>\n","protected":false},"excerpt":{"rendered":"<p>Tee n\u00e4in: 1. Osta 3 valitsemaasi Schwarzkopf p\u00e4ivitt\u00e4istavaratuotetta (ei koske Osis ja Bonacure tuotteita) 2. Rekister\u00f6i tietosi ja viivakoodit viimeist\u00e4\u00e4n 31.1.2016. 3. Nelj\u00e4ntoista p\u00e4iv\u00e4n kuluessa siit\u00e4, kun olemme vastaanottaneet rekister\u00f6intisi, ELS l\u00e4hett\u00e4\u00e4 2 henkil\u00f6kohtaista arvoseteli\u00e4 antamaasi s\u00e4hk\u00f6postiosoitteeseen. Toinen oikeuttaa ilmaiseen k\u00e4sittelyyn jonkin yhteisty\u00f6kumppanimme luona, ja toisella saa 20\u00a0% alennuksen muusta k\u00e4sittelyst\u00e4. 4. Valitse, mink\u00e4 k\u00e4sittelyn haluat jossakin osallistuvista kauneushoitoloista. 5. Ota yhteytt\u00e4 kauneushoitolaan ja kerro, ett\u00e4 sinulla on Schwarzkopfin Health and Beauty -arvoseteli. Kerro nimesi ja etusetelin numero varatessasi k\u00e4sittely\u00e4si viimeist\u00e4\u00e4n 14 p\u00e4iv\u00e4\u00e4 ennen toivottua ajankohtaa. Arvosetelit ovat henkil\u00f6kohtaisia ja voimassa 31.5.2016 asti. 6. N\u00e4yt\u00e4 arvosetelisi ja j\u00e4t\u00e4 se saapuessasi kauneushoitolaan. 7. Nauti ihanasta k\u00e4sittelyst\u00e4!<\/p>\n","protected":false},"author":10,"featured_media":0,"parent":0,"menu_order":0,"comment_status":"closed","ping_status":"closed","template":"full-width.php","meta":[],"_links":{"self":[{"href":"http:\/\/ww2.elsnordic.com\/healthandbeauty\/wp-json\/wp\/v2\/pages\/2932"}],"collection":[{"href":"http:\/\/ww2.elsnordic.com\/healthandbeauty\/wp-json\/wp\/v2\/pages"}],"about":[{"href":"http:\/\/ww2.elsnordic.com\/healthandbeauty\/wp-json\/wp\/v2\/types\/page"}],"author":[{"embeddable":true,"href":"http:\/\/ww2.elsnordic.com\/healthandbeauty\/wp-json\/wp\/v2\/users\/10"}],"replies":[{"embeddable":true,"href":"http:\/\/ww2.elsnordic.com\/healthandbeauty\/wp-json\/wp\/v2\/comments?post=2932"}],"version-history":[{"count":12,"href":"http:\/\/ww2.elsnordic.com\/healthandbeauty\/wp-json\/wp\/v2\/pages\/2932\/revisions"}],"predecessor-version":[{"id":4398,"href":"http:\/\/ww2.elsnordic.com\/healthandbeauty\/wp-json\/wp\/v2\/pages\/2932\/revisions\/4398"}],"wp:attachment":[{"href":"http:\/\/ww2.elsnordic.com\/healthandbeauty\/wp-json\/wp\/v2\/media?parent=2932"}],"curies":[{"name":"wp","href":"https:\/\/api.w.org\/{rel}","templated":true}]}}