{"id":2935,"date":"2014-11-03T15:00:31","date_gmt":"2014-11-03T15:00:31","guid":{"rendered":"http:\/\/ww2.elsnordic.com\/healthandbeauty\/?page_id=2935"},"modified":"2015-10-12T12:13:08","modified_gmt":"2015-10-12T12:13:08","slug":"yhteystiedot","status":"publish","type":"page","link":"http:\/\/ww2.elsnordic.com\/healthandbeauty\/tee-nain\/yhteystiedot\/","title":{"rendered":"Yhteyshenkil\u00f6"},"content":{"rendered":"<p><strong>\u00a0<\/strong><\/p>\n<h2>Yhteystiedot<\/h2>\n<p>&nbsp;<\/p>\n<p><strong>Jos sinulla on kysytt\u00e4v\u00e4\u00e4 tai kommentteja, ota yhteytt\u00e4 European Loyalty Systems, <\/strong><br \/>\n<strong>joka on vastuussa kampanjasta ja sen sis\u00e4ll\u00f6st\u00e4.<\/strong><\/p>\n<p><strong>Huomio, asiakaspalvelumme on englannin kielinen.<\/strong><\/p>\n<p><strong>European Loyalty Systems<br \/>\nBox 2014<br \/>\n22 111 Maarianhamina<br \/>\n<\/strong><\/p>\n<p><strong>Puhelintuki:<\/strong> 09-698 20 20<\/p>\n<p><strong>HUOM! Kirjoita &#8220;Healthandbeauty&#8221; otsikkokentt\u00e4\u00e4n<\/strong>.<br \/>\n<strong>E-mail:<\/strong> info@elsnordic.fi<\/p>\n<p><strong>Aukioloajat:<\/strong> ma-pe klo. 9.00-17.00<\/p>\n","protected":false},"excerpt":{"rendered":"<p>\u00a0 Yhteystiedot &nbsp; Jos sinulla on kysytt\u00e4v\u00e4\u00e4 tai kommentteja, ota yhteytt\u00e4 European Loyalty Systems, joka on vastuussa kampanjasta ja sen sis\u00e4ll\u00f6st\u00e4. Huomio, asiakaspalvelumme on englannin kielinen. European Loyalty Systems Box 2014 22 111 Maarianhamina Puhelintuki: 09-698 20 20 HUOM! Kirjoita &#8220;Healthandbeauty&#8221; otsikkokentt\u00e4\u00e4n. E-mail: info@elsnordic.fi Aukioloajat: ma-pe klo. 9.00-17.00<\/p>\n","protected":false},"author":10,"featured_media":0,"parent":2932,"menu_order":0,"comment_status":"closed","ping_status":"closed","template":"","meta":[],"_links":{"self":[{"href":"http:\/\/ww2.elsnordic.com\/healthandbeauty\/wp-json\/wp\/v2\/pages\/2935"}],"collection":[{"href":"http:\/\/ww2.elsnordic.com\/healthandbeauty\/wp-json\/wp\/v2\/pages"}],"about":[{"href":"http:\/\/ww2.elsnordic.com\/healthandbeauty\/wp-json\/wp\/v2\/types\/page"}],"author":[{"embeddable":true,"href":"http:\/\/ww2.elsnordic.com\/healthandbeauty\/wp-json\/wp\/v2\/users\/10"}],"replies":[{"embeddable":true,"href":"http:\/\/ww2.elsnordic.com\/healthandbeauty\/wp-json\/wp\/v2\/comments?post=2935"}],"version-history":[{"count":25,"href":"http:\/\/ww2.elsnordic.com\/healthandbeauty\/wp-json\/wp\/v2\/pages\/2935\/revisions"}],"predecessor-version":[{"id":4421,"href":"http:\/\/ww2.elsnordic.com\/healthandbeauty\/wp-json\/wp\/v2\/pages\/2935\/revisions\/4421"}],"up":[{"embeddable":true,"href":"http:\/\/ww2.elsnordic.com\/healthandbeauty\/wp-json\/wp\/v2\/pages\/2932"}],"wp:attachment":[{"href":"http:\/\/ww2.elsnordic.com\/healthandbeauty\/wp-json\/wp\/v2\/media?parent=2935"}],"curies":[{"name":"wp","href":"https:\/\/api.w.org\/{rel}","templated":true}]}}