{"id":403,"date":"2017-01-16T14:16:16","date_gmt":"2017-01-16T14:16:16","guid":{"rendered":"http:\/\/ww2.elsnordic.com\/hthceannis\/?page_id=403"},"modified":"2017-05-12T10:04:31","modified_gmt":"2017-05-12T10:04:31","slug":"gor-sa-har","status":"publish","type":"page","link":"http:\/\/ww2.elsnordic.com\/hthceannis\/gor-sa-har\/","title":{"rendered":"G\u00f6r s\u00e5 h\u00e4r"},"content":{"rendered":"<p>[vc_row row_type=&#8221;row&#8221; use_row_as_full_screen_section=&#8221;no&#8221; type=&#8221;grid&#8221; anchor=&#8221;gor&#8221; text_align=&#8221;center&#8221; background_color=&#8221;#ffffff&#8221; padding_top=&#8221;0&#8243; padding_bottom=&#8221;100&#8243; css_animation=&#8221;&#8221; el_class=&#8221;mobile_row_hide&#8221;][vc_column][vc_empty_space height=&#8221;100&#8243;][vc_row_inner row_type=&#8221;row&#8221; type=&#8221;full_width&#8221; use_row_as_full_screen_section_slide=&#8221;no&#8221; text_align=&#8221;left&#8221; css_animation=&#8221;&#8221;][vc_column_inner width=&#8221;2\/12&#8243;][\/vc_column_inner][vc_column_inner width=&#8221;1\/12&#8243;][vc_column_text]<\/p>\n<h2><span style=\"color: #f28d00;\">1.<\/span><\/h2>\n<p>[\/vc_column_text][\/vc_column_inner][vc_column_inner width=&#8221;7\/12&#8243;][vc_empty_space height=&#8221;14px&#8221;][vc_column_text]<\/p>\n<h5>K\u00f6p 2 st produkter fr\u00e5n hth (kampanjen innefattar hth produkter lotion och creme 100 ml \u2013 400 ml och g\u00e4ller ej shower).<\/h5>\n<p>[\/vc_column_text][vc_empty_space height=&#8221;15px&#8221;][\/vc_column_inner][vc_column_inner width=&#8221;2\/12&#8243;][\/vc_column_inner][\/vc_row_inner][vc_row_inner row_type=&#8221;row&#8221; type=&#8221;full_width&#8221; use_row_as_full_screen_section_slide=&#8221;no&#8221; text_align=&#8221;left&#8221; css_animation=&#8221;&#8221;][vc_column_inner width=&#8221;2\/12&#8243;][\/vc_column_inner][vc_column_inner width=&#8221;1\/12&#8243;][vc_column_text]<\/p>\n<h2><span style=\"color: #f28d00;\">2.<\/span><\/h2>\n<p>[\/vc_column_text][\/vc_column_inner][vc_column_inner width=&#8221;7\/12&#8243;][vc_empty_space height=&#8221;14px&#8221;][vc_column_text]<\/p>\n<h5><strong><a style=\"color: #f28d00;\" href=\"http:\/\/hthceannis.elskampanj.se\/\">Klicka h\u00e4r<\/a><\/strong>\u00a0och\u00a0registrera dina uppgifter samt streckkoderna p\u00e5 de k\u00f6pta produkterna och ladda upp ett foto p\u00e5 kvittot senast den <strong>31 juli 2017.<\/strong><\/h5>\n<p>[\/vc_column_text][vc_empty_space height=&#8221;15px&#8221;][vc_column_text]<\/p>\n<h5><strong>Kvittot som laddas upp m\u00e5ste vara v\u00e4l synligt p\u00e5 alla k\u00f6pta produkter med datum och pris per produkt likas\u00e5 kvittonummer. Om n\u00e5got inte st\u00e4mmer i er registrering s\u00e5 som felaktigt kvitto kommer er registrering inte att bli godk\u00e4nd. Var d\u00e4rf\u00f6r noga med att ladda upp giltigt kvitto.<\/strong><\/h5>\n<p>[\/vc_column_text][vc_empty_space height=&#8221;15px&#8221;][\/vc_column_inner][vc_column_inner width=&#8221;2\/12&#8243;][\/vc_column_inner][\/vc_row_inner][vc_row_inner row_type=&#8221;row&#8221; type=&#8221;full_width&#8221; use_row_as_full_screen_section_slide=&#8221;no&#8221; text_align=&#8221;left&#8221; css_animation=&#8221;&#8221;][vc_column_inner width=&#8221;2\/12&#8243;][\/vc_column_inner][vc_column_inner width=&#8221;1\/12&#8243;][vc_column_text]<\/p>\n<h2><span style=\"color: #f28d00;\">3.<\/span><\/h2>\n<p>[\/vc_column_text][\/vc_column_inner][vc_column_inner width=&#8221;7\/12&#8243;][vc_empty_space height=&#8221;14px&#8221;][vc_column_text]<\/p>\n<h5>F\u00e5 din necess\u00e4r (v\u00e4rde 219 kr). Necess\u00e4ren skickas inom 2-4 veckor efter att vi mottagit och kontrollerat din registrering.<\/h5>\n<p>[\/vc_column_text][vc_empty_space height=&#8221;15px&#8221;][\/vc_column_inner][vc_column_inner width=&#8221;2\/12&#8243;][\/vc_column_inner][\/vc_row_inner][vc_row_inner row_type=&#8221;row&#8221; type=&#8221;full_width&#8221; use_row_as_full_screen_section_slide=&#8221;no&#8221; text_align=&#8221;left&#8221; css_animation=&#8221;&#8221;][vc_column_inner width=&#8221;2\/12&#8243;][\/vc_column_inner][vc_column_inner width=&#8221;1\/12&#8243;][\/vc_column_inner][vc_column_inner width=&#8221;7\/12&#8243;][vc_empty_space height=&#8221;18px&#8221;][vc_column_text]<\/p>\n<h5>En kostnad p\u00e5 39 kr tillkommer f\u00f6r frakt och hantering och betalas i samband med din registrering. G\u00e4ller endast leverans inom Sverige.<\/h5>\n<p>[\/vc_column_text][vc_empty_space height=&#8221;15px&#8221;][\/vc_column_inner][vc_column_inner width=&#8221;2\/12&#8243;][\/vc_column_inner][\/vc_row_inner][vc_row_inner row_type=&#8221;row&#8221; type=&#8221;full_width&#8221; use_row_as_full_screen_section_slide=&#8221;no&#8221; text_align=&#8221;left&#8221; css_animation=&#8221;&#8221;][vc_column_inner width=&#8221;2\/12&#8243;][\/vc_column_inner][vc_column_inner width=&#8221;1\/12&#8243;][\/vc_column_inner][vc_column_inner width=&#8221;7\/12&#8243;][vc_empty_space height=&#8221;18px&#8221;][vc_column_text]<\/p>\n<h5><strong>Observera:<\/strong> Erbjudandet g\u00e4ller gr\u00e5 necess\u00e4r i storlek small. Necess\u00e4rerna kan ta slut innan sista registreringsdag. Erbjudandet g\u00e4ller max 1 g\u00e5ng per hush\u00e5ll och s\u00e5 l\u00e5ngt lagret r\u00e4cker.<\/h5>\n<p>[\/vc_column_text][vc_empty_space height=&#8221;15px&#8221;][\/vc_column_inner][vc_column_inner width=&#8221;2\/12&#8243;][\/vc_column_inner][\/vc_row_inner][\/vc_column][\/vc_row][vc_row row_type=&#8221;row&#8221; use_row_as_full_screen_section=&#8221;no&#8221; type=&#8221;grid&#8221; anchor=&#8221;gor&#8221; text_align=&#8221;center&#8221; background_color=&#8221;#ffffff&#8221; padding_top=&#8221;0&#8243; padding_bottom=&#8221;100&#8243; css_animation=&#8221;&#8221;][vc_column offset=&#8221;vc_hidden-lg vc_hidden-md vc_hidden-sm&#8221;][vc_empty_space height=&#8221;50&#8243;][vc_row_inner row_type=&#8221;row&#8221; type=&#8221;full_width&#8221; use_row_as_full_screen_section_slide=&#8221;no&#8221; text_align=&#8221;left&#8221; css_animation=&#8221;&#8221;][vc_column_inner width=&#8221;1\/2&#8243;][vc_column_text]<\/p>\n<h2><span style=\"color: #f28d00;\">1.<\/span><\/h2>\n<p>[\/vc_column_text][\/vc_column_inner][vc_column_inner width=&#8221;1\/2&#8243;][vc_column_text]<\/p>\n<h5>K\u00f6p 2 st produkter fr\u00e5n hth (kampanjen innefattar hth produkter lotion och creme 100 ml \u2013 400 ml och g\u00e4ller ej shower).<\/h5>\n<p>[\/vc_column_text][vc_empty_space height=&#8221;15px&#8221;][\/vc_column_inner][\/vc_row_inner][vc_row_inner row_type=&#8221;row&#8221; type=&#8221;full_width&#8221; use_row_as_full_screen_section_slide=&#8221;no&#8221; text_align=&#8221;left&#8221; css_animation=&#8221;&#8221;][vc_column_inner width=&#8221;1\/2&#8243;][vc_column_text]<\/p>\n<h2><span style=\"color: #f28d00;\">2.<\/span><\/h2>\n<p>[\/vc_column_text][\/vc_column_inner][vc_column_inner width=&#8221;1\/2&#8243;][vc_column_text]<\/p>\n<h5><strong><a style=\"color: #f28d00;\" href=\"http:\/\/hthceannis.elskampanj.se\/\">Klicka h\u00e4r<\/a><\/strong>\u00a0och\u00a0registrera dina uppgifter samt streckkoderna p\u00e5 de k\u00f6pta produkterna och ladda upp ett foto p\u00e5 kvittot senast den <strong>31 juli 2017.<\/strong><\/h5>\n<p>[\/vc_column_text][vc_empty_space height=&#8221;15px&#8221;][vc_column_text]<\/p>\n<h5><strong>Kvittot som laddas upp m\u00e5ste vara v\u00e4l synligt p\u00e5 alla k\u00f6pta produkter med datum och pris per produkt likas\u00e5 kvittonummer. Om n\u00e5got inte st\u00e4mmer i er registrering s\u00e5 som felaktigt kvitto kommer er registrering inte att bli godk\u00e4nd. Var d\u00e4rf\u00f6r noga med att ladda upp giltigt kvitto.<\/strong><\/h5>\n<p>[\/vc_column_text][vc_empty_space height=&#8221;15px&#8221;][\/vc_column_inner][\/vc_row_inner][vc_row_inner row_type=&#8221;row&#8221; type=&#8221;full_width&#8221; use_row_as_full_screen_section_slide=&#8221;no&#8221; text_align=&#8221;left&#8221; css_animation=&#8221;&#8221;][vc_column_inner width=&#8221;1\/2&#8243;][vc_column_text]<\/p>\n<h2><span style=\"color: #f28d00;\">3.<\/span><\/h2>\n<p>[\/vc_column_text][\/vc_column_inner][vc_column_inner width=&#8221;1\/2&#8243;][vc_column_text]<\/p>\n<h5>F\u00e5 din necess\u00e4r (v\u00e4rde 219 kr). Necess\u00e4ren skickas inom 2-4 veckor efter att vi mottagit och kontrollerat din registrering.<\/h5>\n<p>[\/vc_column_text][vc_empty_space height=&#8221;15px&#8221;][\/vc_column_inner][\/vc_row_inner][vc_row_inner row_type=&#8221;row&#8221; type=&#8221;full_width&#8221; use_row_as_full_screen_section_slide=&#8221;no&#8221; text_align=&#8221;left&#8221; css_animation=&#8221;&#8221;][vc_column_inner width=&#8221;1\/2&#8243;][\/vc_column_inner][vc_column_inner width=&#8221;1\/2&#8243;][vc_separator type=&#8221;normal&#8221; color=&#8221;#f28d00&#8243; border_style=&#8221;solid&#8221; thickness=&#8221;1&#8243; down=&#8221;25&#8243;][vc_column_text]<\/p>\n<h5>En kostnad p\u00e5 39 kr tillkommer f\u00f6r frakt och hantering och betalas i samband med din registrering. G\u00e4ller endast leverans inom Sverige.<\/h5>\n<p>[\/vc_column_text][vc_empty_space height=&#8221;15px&#8221;][\/vc_column_inner][\/vc_row_inner][vc_row_inner row_type=&#8221;row&#8221; type=&#8221;full_width&#8221; use_row_as_full_screen_section_slide=&#8221;no&#8221; text_align=&#8221;left&#8221; css_animation=&#8221;&#8221;][vc_column_inner width=&#8221;1\/2&#8243;][\/vc_column_inner][vc_column_inner width=&#8221;1\/2&#8243;][vc_column_text]<\/p>\n<h5><strong>Observera:<\/strong> Erbjudandet g\u00e4ller gr\u00e5 necess\u00e4r i storlek small. Necess\u00e4rerna kan ta slut innan sista registreringsdag. Erbjudandet g\u00e4ller max 1 g\u00e5ng per hush\u00e5ll och s\u00e5 l\u00e5ngt lagret r\u00e4cker.<\/h5>\n<p>[\/vc_column_text][vc_empty_space height=&#8221;15px&#8221;][\/vc_column_inner][\/vc_row_inner][\/vc_column][\/vc_row]<\/p>\n","protected":false},"excerpt":{"rendered":"<p>[vc_row row_type=&#8221;row&#8221; use_row_as_full_screen_section=&#8221;no&#8221; type=&#8221;grid&#8221; anchor=&#8221;gor&#8221; text_align=&#8221;center&#8221; background_color=&#8221;#ffffff&#8221; padding_top=&#8221;0&#8243; padding_bottom=&#8221;100&#8243; css_animation=&#8221;&#8221; el_class=&#8221;mobile_row_hide&#8221;][vc_column][vc_empty_space height=&#8221;100&#8243;][vc_row_inner row_type=&#8221;row&#8221; type=&#8221;full_width&#8221; use_row_as_full_screen_section_slide=&#8221;no&#8221; text_align=&#8221;left&#8221; css_animation=&#8221;&#8221;][vc_column_inner width=&#8221;2\/12&#8243;][\/vc_column_inner][vc_column_inner width=&#8221;1\/12&#8243;][vc_column_text] 1. [\/vc_column_text][\/vc_column_inner][vc_column_inner width=&#8221;7\/12&#8243;][vc_empty_space height=&#8221;14px&#8221;][vc_column_text] K\u00f6p 2 st produkter fr\u00e5n hth (kampanjen innefattar hth produkter lotion och creme 100 ml \u2013 400 ml och g\u00e4ller ej shower)&#8230;.<\/p>\n","protected":false},"author":10,"featured_media":0,"parent":0,"menu_order":0,"comment_status":"closed","ping_status":"closed","template":"full_width.php","meta":[],"_links":{"self":[{"href":"http:\/\/ww2.elsnordic.com\/hthceannis\/wp-json\/wp\/v2\/pages\/403"}],"collection":[{"href":"http:\/\/ww2.elsnordic.com\/hthceannis\/wp-json\/wp\/v2\/pages"}],"about":[{"href":"http:\/\/ww2.elsnordic.com\/hthceannis\/wp-json\/wp\/v2\/types\/page"}],"author":[{"embeddable":true,"href":"http:\/\/ww2.elsnordic.com\/hthceannis\/wp-json\/wp\/v2\/users\/10"}],"replies":[{"embeddable":true,"href":"http:\/\/ww2.elsnordic.com\/hthceannis\/wp-json\/wp\/v2\/comments?post=403"}],"version-history":[{"count":85,"href":"http:\/\/ww2.elsnordic.com\/hthceannis\/wp-json\/wp\/v2\/pages\/403\/revisions"}],"predecessor-version":[{"id":1016,"href":"http:\/\/ww2.elsnordic.com\/hthceannis\/wp-json\/wp\/v2\/pages\/403\/revisions\/1016"}],"wp:attachment":[{"href":"http:\/\/ww2.elsnordic.com\/hthceannis\/wp-json\/wp\/v2\/media?parent=403"}],"curies":[{"name":"wp","href":"https:\/\/api.w.org\/{rel}","templated":true}]}}