{"id":175,"date":"2015-12-21T08:36:17","date_gmt":"2015-12-21T08:36:17","guid":{"rendered":"http:\/\/ww2.elsnordic.com\/kokbokskampanj\/?page_id=175"},"modified":"2016-01-27T07:51:29","modified_gmt":"2016-01-27T07:51:29","slug":"villkor","status":"publish","type":"page","link":"http:\/\/ww2.elsnordic.com\/kokbokskampanj\/villkor\/","title":{"rendered":"VILLKOR"},"content":{"rendered":"<p>[vc_row dfd_row_config=&#8221;full_width_content_paddings&#8221; bg_type=&#8221;bg_color&#8221; bg_color_value=&#8221;#eef6e3&#8243; css=&#8221;.vc_custom_1450687608126{background-color: #eef6e3 !important;}&#8221;][vc_column width=&#8221;1\/4&#8243;][\/vc_column][vc_column width=&#8221;1\/2&#8243;][vc_column_text css=&#8221;.vc_custom_1453881209688{padding-top: 50px !important;padding-bottom: 50px !important;}&#8221;]<\/p>\n<h1><span style=\"color: #008f45;\">VILLKOR<\/span><\/h1>\n<h6><span style=\"color: #333333;\"><strong><span style=\"font-size: 23px;\">L\u00e4s igenom erbjudandet och villkor noggrant innan anv\u00e4ndandet. Erbjudandet g\u00e4ller endast p\u00e5 de villkor som anges.<\/span><\/strong><\/span><\/h6>\n<ul>\n<li>\n<h6><span style=\"color: #333333;\">Kampanjen g\u00e4ller Monica Ahlbergs kokbok &#8221;Soppa med tillbeh\u00f6r&#8221; (v\u00e4rde ca 180 kr).<\/span><\/h6>\n<\/li>\n<\/ul>\n<ul>\n<li>\n<h6><span style=\"color: #333333;\">N\u00e4r du k\u00f6per 3 st valfria Knorr- eller Slottsprodukter f\u00e5r du Monica Ahlbergs kokbok &#8221;Soppa med tillbeh\u00f6r&#8221;.<\/span><\/h6>\n<\/li>\n<\/ul>\n<ul>\n<li>\n<h6><span style=\"color: #333333;\">Senast datum f\u00f6r registrering av uppgifter \u00e4r den 31 mars 2016. Kampanjbeviset och kvittona m\u00e5ste vara ELS tillhanda senast den 11 april 2016 och erh\u00e5llen v\u00e4rdekod ska anv\u00e4ndas senast den 18 april 2016 hos CDON.COM. Efter detta datum f\u00f6rfaller v\u00e4rdekoden och g\u00e5r ej att anv\u00e4nda l\u00e4ngre, dvs det g\u00e5r ej att f\u00e5 n\u00e5gon kokbok efter v\u00e4rdekodens f\u00f6rfallodatum.<\/span><\/h6>\n<\/li>\n<\/ul>\n<ul>\n<li>\n<h6><span style=\"color: #333333;\">Erbjudandet g\u00e4ller 1 g\u00e5ng per hush\u00e5ll.<\/span><\/h6>\n<\/li>\n<\/ul>\n<ul>\n<li>\n<h6><span style=\"color: #333333;\">Erbjudandet g\u00e4ller s\u00e5 l\u00e5ngt lagret r\u00e4cker. Observera att kokboken kan ta slut innan utsatta datum.<\/span><\/h6>\n<\/li>\n<\/ul>\n<ul>\n<li>\n<h6><span style=\"color: #333333;\">Observera att en fast kostnad p\u00e5 29 kr per best\u00e4llning tillkommer f\u00f6r frakt och hantering och betalas i samband med din best\u00e4llning. G\u00e4ller endast leverans inom Sverige.<\/span><\/h6>\n<\/li>\n<\/ul>\n<ul>\n<li>\n<h6><span style=\"color: #333333;\">V\u00e4rdekoden kan aldrig l\u00f6sas in eller bytas mot n\u00e5gon form av pengar och ej heller ges bort eller s\u00e4ljas vidare. Kopierad, manipulerad eller defekt kod accepteras ej och stulen eller f\u00f6rlorad s\u00e5dan ers\u00e4tts ej.<\/span><\/h6>\n<\/li>\n<\/ul>\n<ul>\n<li>\n<h6><span style=\"color: #333333;\">F\u00f6r att anv\u00e4nda erbjudandet, ska innehavaren av v\u00e4rdekoden vara \u00f6ver 18 \u00e5r.<\/span><\/h6>\n<\/li>\n<\/ul>\n<ul>\n<li>\n<h6><span style=\"color: #333333;\">Vid eventuella tveksamheter ang\u00e5ende vad som omfattas av erbjudandet, villkor och dylikt, \u00e5ligger det alltid kunden\/innehavaren av v\u00e4rdekoden att kontrollera vad som g\u00e4ller innan anv\u00e4ndande. Om villkoren och reglerna som anges h\u00e4r ej f\u00f6ljs eller missbrukas, har ni ej n\u00e5gon r\u00e4tt att anv\u00e4nda angivet erbjudande.<\/span><\/h6>\n<\/li>\n<\/ul>\n<ul>\n<li>\n<h6><span style=\"color: #333333;\">European Loyalty Systems AB och Knorr reserverar sig f\u00f6r felaktig information och \u00e4r ej ansvariga f\u00f6r f\u00f6rsvunna eller felskickade mail eller bortkommen post med kvitton. European Loyalty Systems AB och Knorr ansvarar inte f\u00f6r tryckfel eller skada p.g.a. force majeure s\u00e5som brand, olycksfall, strejk eller dylikt.<\/span><\/h6>\n<\/li>\n<\/ul>\n<ul>\n<li>\n<h6><span style=\"color: #333333;\">Genom att registrera dina uppgifter har du ocks\u00e5 accepterat villkoren som n\u00e4mns h\u00e4r. Villkoren i kampanjen kan \u00e4ven \u00e4ndras utan f\u00f6rvarning.<\/span><\/h6>\n<\/li>\n<\/ul>\n<ul>\n<li>\n<h6><span style=\"color: #333333;\">Fr\u00e5gor som r\u00f6r sj\u00e4lva leveransen av kokboken, dvs efter best\u00e4llning, st\u00e4lls direkt till CDON.COM. Alla \u00f6vriga fr\u00e5gor och synpunkter r\u00f6rande denna kampanj st\u00e4lls till European Loyalty Systems AB, tel kundservice 031-742 55 66 eller e-post info@elssverige.se.<\/span><\/h6>\n<\/li>\n<\/ul>\n<p>[\/vc_column_text][\/vc_column][vc_column width=&#8221;1\/4&#8243;][\/vc_column][\/vc_row]<\/p>\n","protected":false},"excerpt":{"rendered":"<p>[vc_row dfd_row_config=&#8221;full_width_content_paddings&#8221; bg_type=&#8221;bg_color&#8221; bg_color_value=&#8221;#eef6e3&#8243; css=&#8221;.vc_custom_1450687608126{background-color: #eef6e3 !important;}&#8221;][vc_column width=&#8221;1\/4&#8243;][\/vc_column][vc_column width=&#8221;1\/2&#8243;][vc_column_text css=&#8221;.vc_custom_1453881209688{padding-top: 50px !important;padding-bottom: 50px !important;}&#8221;] VILLKOR L\u00e4s igenom erbjudandet och villkor noggrant innan anv\u00e4ndandet. Erbjudandet g\u00e4ller endast p\u00e5 de villkor som<\/p>\n","protected":false},"author":10,"featured_media":0,"parent":0,"menu_order":0,"comment_status":"open","ping_status":"open","template":"page-custom-with-header.php","meta":[],"_links":{"self":[{"href":"http:\/\/ww2.elsnordic.com\/kokbokskampanj\/wp-json\/wp\/v2\/pages\/175"}],"collection":[{"href":"http:\/\/ww2.elsnordic.com\/kokbokskampanj\/wp-json\/wp\/v2\/pages"}],"about":[{"href":"http:\/\/ww2.elsnordic.com\/kokbokskampanj\/wp-json\/wp\/v2\/types\/page"}],"author":[{"embeddable":true,"href":"http:\/\/ww2.elsnordic.com\/kokbokskampanj\/wp-json\/wp\/v2\/users\/10"}],"replies":[{"embeddable":true,"href":"http:\/\/ww2.elsnordic.com\/kokbokskampanj\/wp-json\/wp\/v2\/comments?post=175"}],"version-history":[{"count":37,"href":"http:\/\/ww2.elsnordic.com\/kokbokskampanj\/wp-json\/wp\/v2\/pages\/175\/revisions"}],"predecessor-version":[{"id":694,"href":"http:\/\/ww2.elsnordic.com\/kokbokskampanj\/wp-json\/wp\/v2\/pages\/175\/revisions\/694"}],"wp:attachment":[{"href":"http:\/\/ww2.elsnordic.com\/kokbokskampanj\/wp-json\/wp\/v2\/media?parent=175"}],"curies":[{"name":"wp","href":"https:\/\/api.w.org\/{rel}","templated":true}]}}