{"id":291,"date":"2015-12-21T12:54:57","date_gmt":"2015-12-21T12:54:57","guid":{"rendered":"http:\/\/ww2.elsnordic.com\/kokbokskampanj\/?page_id=291"},"modified":"2016-01-04T13:24:37","modified_gmt":"2016-01-04T13:24:37","slug":"gor-sa-har","status":"publish","type":"page","link":"http:\/\/ww2.elsnordic.com\/kokbokskampanj\/gor-sa-har\/","title":{"rendered":"G\u00d6R S\u00c5 H\u00c4R"},"content":{"rendered":"<p>[vc_row dfd_row_config=&#8221;full_width_content_paddings&#8221; css=&#8221;.vc_custom_1450702828055{background-color: #eef6e3 !important;}&#8221;][vc_column width=&#8221;1\/4&#8243;][\/vc_column][vc_column width=&#8221;1\/2&#8243;][vc_column_text css=&#8221;.vc_custom_1451913979342{padding-top: 50px !important;padding-bottom: 50px !important;}&#8221;]<\/p>\n<h1><span style=\"color: #008f45;\">G\u00d6R S\u00c5 H\u00c4R<\/span><\/h1>\n<h6><span style=\"font-size: 30px;\"><span style=\"color: #008f45;\"><strong>1.<\/strong><\/span><\/span> K\u00f6p 3 st valfria Knorr eller Slotts-produkter.<\/h6>\n<h6><span style=\"font-size: 30px;\"><span style=\"color: #008f45;\"><strong>2.<\/strong><\/span><\/span> <strong><a href=\"http:\/\/kokbokskampanj.elscampaign.com\/\"><span style=\"color: #008f45;\">Klicka h\u00e4r<\/span><\/a><\/strong> och registrera dina uppgifter senast den <strong>31 mars 2016.<\/strong> N\u00e4r du klickat p\u00e5 knappen \u201dskicka\u201d kommer du inom kort att f\u00e5 ett mail till den e-postadress du angivit.<\/h6>\n<h6><span style=\"font-size: 30px;\"><span style=\"color: #008f45;\"><strong>3. <\/strong><\/span><\/span>Skriv ut kampanjbeviset (pdf:en som ligger bifogad i mailet).<\/h6>\n<h6><span style=\"font-size: 30px;\"><span style=\"color: #008f45;\"><strong>4. <\/strong><\/span><\/span>L\u00e4gg kvittona som visar k\u00f6p av 3 stycken Knorr- eller Slottsprodukter tillsammans med kampanjbeviset i ett kuvert och skicka till:<\/h6>\n<h6><em>Knorr\/Slotts<br \/>\nc\/o ELS Sverige AB<br \/>\nM\u00f6lndalsv\u00e4gen 91<br \/>\n412 63 G\u00f6teborg<\/em><\/h6>\n<h6>Inom 14 dagar efter att vi mottagit och kontrollerat dina kvitton kommer du att f\u00e5 ytterligare ett e-mail med en v\u00e4rdekod till <strong><a href=\"http:\/\/cdon.se\/kokbokskampanj\/\" target=\"_blank\"><span style=\"color: #008f45;\">CDON.COM<\/span><\/a><\/strong>. Koden ber\u00e4ttigar dig till Monica Ahlbergs kokbok &#8221;Soppa med tillbeh\u00f6r&#8221;.<\/h6>\n<h6><span style=\"font-size: 30px;\"><span style=\"color: #008f45;\"><strong>5. <\/strong><\/span><\/span>Best\u00e4ll din kokbok med v\u00e4rdekoden p\u00e5<a href=\"http:\/\/cdon.se\/kokbokskampanj\/\" target=\"_blank\"> <strong><span style=\"color: #008f45;\">CDON.COM<\/span><\/strong>. <\/a>Din kokbok skickas sedan till dig inom 4 veckor. Observera att en fast kostnad p\u00e5 29 kr tillkommer f\u00f6r frakt och hantering. G\u00e4ller endast leverans inom Sverige.<\/h6>\n<h6>Ditt kampanjbevis och dina kvitton ska vara oss tillhanda senast den <strong>11 april 2016<\/strong> och v\u00e4rdekoden hos <a href=\"http:\/\/cdon.se\/kokbokskampanj\/\" target=\"_blank\"><strong><span style=\"color: #008f45;\">CDON.COM<\/span><\/strong> <\/a>\u00e4r giltig<br \/>\nt o m <strong>18 april 2016<\/strong>.<\/h6>\n<h6>Erbjudandet g\u00e4ller s\u00e5 l\u00e5ngt lagret r\u00e4cker och g\u00e4ller 1 g\u00e5ng per hush\u00e5ll<\/h6>\n<h6><em><strong>Observera att kokboken kan ta slut innan utsatta datum!<\/strong><\/em><\/h6>\n<p>[\/vc_column_text][\/vc_column][vc_column width=&#8221;1\/4&#8243;][\/vc_column][\/vc_row]<\/p>\n","protected":false},"excerpt":{"rendered":"<p>[vc_row dfd_row_config=&#8221;full_width_content_paddings&#8221; css=&#8221;.vc_custom_1450702828055{background-color: #eef6e3 !important;}&#8221;][vc_column width=&#8221;1\/4&#8243;][\/vc_column][vc_column width=&#8221;1\/2&#8243;][vc_column_text css=&#8221;.vc_custom_1451913979342{padding-top: 50px !important;padding-bottom: 50px !important;}&#8221;] G\u00d6R S\u00c5 H\u00c4R 1. K\u00f6p 3 st valfria Knorr eller Slotts-produkter. 2. Klicka h\u00e4r och registrera dina uppgifter<\/p>\n","protected":false},"author":10,"featured_media":0,"parent":0,"menu_order":0,"comment_status":"open","ping_status":"open","template":"page-custom-with-header.php","meta":[],"_links":{"self":[{"href":"http:\/\/ww2.elsnordic.com\/kokbokskampanj\/wp-json\/wp\/v2\/pages\/291"}],"collection":[{"href":"http:\/\/ww2.elsnordic.com\/kokbokskampanj\/wp-json\/wp\/v2\/pages"}],"about":[{"href":"http:\/\/ww2.elsnordic.com\/kokbokskampanj\/wp-json\/wp\/v2\/types\/page"}],"author":[{"embeddable":true,"href":"http:\/\/ww2.elsnordic.com\/kokbokskampanj\/wp-json\/wp\/v2\/users\/10"}],"replies":[{"embeddable":true,"href":"http:\/\/ww2.elsnordic.com\/kokbokskampanj\/wp-json\/wp\/v2\/comments?post=291"}],"version-history":[{"count":20,"href":"http:\/\/ww2.elsnordic.com\/kokbokskampanj\/wp-json\/wp\/v2\/pages\/291\/revisions"}],"predecessor-version":[{"id":627,"href":"http:\/\/ww2.elsnordic.com\/kokbokskampanj\/wp-json\/wp\/v2\/pages\/291\/revisions\/627"}],"wp:attachment":[{"href":"http:\/\/ww2.elsnordic.com\/kokbokskampanj\/wp-json\/wp\/v2\/media?parent=291"}],"curies":[{"name":"wp","href":"https:\/\/api.w.org\/{rel}","templated":true}]}}