{"id":4,"date":"2015-12-09T13:42:06","date_gmt":"2015-12-09T13:42:06","guid":{"rendered":"http:\/\/ww2.elsnordic.com\/kokbokskampanj\/?page_id=4"},"modified":"2016-04-12T07:37:28","modified_gmt":"2016-04-12T07:37:28","slug":"start","status":"publish","type":"page","link":"http:\/\/ww2.elsnordic.com\/kokbokskampanj\/","title":{"rendered":"START"},"content":{"rendered":"<p>[vc_row bg_type=&#8221;image&#8221; bg_image_new=&#8221;114&#8243; bg_image_repeat=&#8221;no-repeat&#8221; bg_override=&#8221;full&#8221; seperator_enable=&#8221;off&#8221; full_width=&#8221;stretch_row&#8221; parallax=&#8221;content-moving&#8221;][vc_column width=&#8221;1\/2&#8243; css=&#8221;.vc_custom_1451397123961{margin-top: 120px !important;margin-right: 0px !important;margin-bottom: 20px !important;margin-left: 160px !important;border-top-width: 20px !important;border-right-width: 0px !important;border-bottom-width: 20px !important;border-left-width: 0px !important;padding-top: 50px !important;padding-right: 0px !important;padding-bottom: 20px !important;padding-left: 0px !important;}&#8221; offset=&#8221;vc_hidden-xs&#8221;][vc_column_text]<\/p>\n<h1 style=\"text-align: left;\"><span style=\"color: #ffffff;\"><strong>K\u00f6p 3 st valfria Knorr- eller Slottsprodukter och f\u00e5 Monica Ahlbergs kokbok \u201dSoppa med tillbeh\u00f6r\u201d<\/strong><\/span><\/h1>\n<h4><span style=\"color: #ffffff;\">(v\u00e4rde ca 180 kr).<\/span><\/h4>\n<h2><strong><span style=\"color: red;\">KAMPANJEN \u00c4R AVSLUTAD<\/span><\/strong><\/h2>\n<p>[\/vc_column_text]<div class=\"ult-spacer spacer-69e3c7608a948\" data-id=\"69e3c7608a948\" data-height=\"20\" data-height-mobile=\"20\" data-height-tab=\"20\" style=\"clear:both;display:block;\"><\/div>[vc_row_inner][vc_column_inner width=&#8221;1\/3&#8243;]<a class=\"ubtn-link ubtn-left tooltip-69e3c7608a9b6\"  href = \"http:\/\/kokbokskampanj.elscampaign.com\/\" target=\"_self\"><span class=\" ubtn ubtn-custom ubtn-fade-bg margin: 0 auto;display: table; center   ubtn-shd  ubtn-left  shd-bottom\"  data-hover=\"#008f45\" data-border-color=\"\" data-hover-bg=\"#eef6e3\" data-border-hover=\"\" data-shadow-hover=\"0 2px #0a0808;\" data-shadow-click=\"none\" data-shadow=\"0 2px #aaaaaa;\" data-shd-shadow=\"2\" style=\"font-family:'Yanone Kaffeesatz';font-weight:700;font-size:18px;width:180px;min-height:55px;line-height:55px;padding:px px;border:none;box-shadow: 0 2px #aaaaaa;background: #008f45;color: #ffffff;\"><span class=\"ubtn-hover\"><\/span><span class=\"ubtn-data ubtn-text\" data-lang=\"en\">KAMPANJBEVIS<\/span><\/span><\/a>[\/vc_column_inner][vc_column_inner width=&#8221;1\/3&#8243;]<a class=\"ubtn-link ubtn-left tooltip-69e3c7608aa73\"  href = \"http:\/\/ww2.elsnordic.com\/kokbokskampanj\/villkor\/\" target=\"_self\"><span class=\" ubtn ubtn-custom ubtn-fade-bg    ubtn-shd  ubtn-left  shd-bottom\"  data-hover=\"#008f45\" data-border-color=\"\" data-hover-bg=\"#eef6e3\" data-border-hover=\"\" data-shadow-hover=\"0 2px #0a0808;\" data-shadow-click=\"none\" data-shadow=\"0 2px #aaaaaa;\" data-shd-shadow=\"2\" style=\"font-family:'Yanone Kaffeesatz';font-weight:700;font-size:18px;width:150px;min-height:55px;line-height:55px;padding:px px;border:none;box-shadow: 0 2px #aaaaaa;background: #008f45;color: #ffffff;\"><span class=\"ubtn-hover\"><\/span><span class=\"ubtn-data ubtn-text\" data-lang=\"en\">VILLKOR<\/span><\/span><\/a>[\/vc_column_inner][vc_column_inner width=&#8221;1\/3&#8243;][\/vc_column_inner][\/vc_row_inner][\/vc_column][vc_column offset=&#8221;vc_hidden-lg vc_hidden-md vc_hidden-sm vc_col-xs-12&#8243; css=&#8221;.vc_custom_1451397138297{background: #008f45 url(http:\/\/ww2.elsnordic.com\/kokbokskampanj\/wp-content\/uploads\/sites\/57\/2015\/12\/BAKGRUND_MOB2.png?id=422) !important;background-position: center !important;background-repeat: no-repeat !important;background-size: cover !important;}&#8221;][vc_column_text css=&#8221;.vc_custom_1460446744163{padding-top: 40px !important;}&#8221;]<\/p>\n<h3 style=\"text-align: center;\"><span style=\"color: #ffffff;\">F\u00c5 KOKBOKEN<br \/>\n&#8221;SOPPA MED TILLBEH\u00d6R&#8221;<br \/>\nAV MONIKA AHLBERG<\/span><\/h3>\n<h4 style=\"text-align: center;\"><strong><span style=\"color: red;\">KAMPANJEN \u00c4R AVSLUTAD<\/span><\/strong><\/h4>\n<p>[\/vc_column_text]<div class=\"ubtn-ctn-center\"><a class=\"ubtn-link ubtn-center tooltip-69e3c7608aae8\"  href = \"http:\/\/kokbokskampanj.elscampaign.com\/\" target=\"_self\"><span class=\" ubtn ubtn-normal ubtn-no-hover-bg    ubtn-shd  ubtn-center  shd-bottom\"  data-hover=\"#ffffff\" data-border-color=\"\" data-hover-bg=\"#eef6e3\" data-border-hover=\"\" data-shadow-hover=\"0 2px #0a0808;\" data-shadow-click=\"none\" data-shadow=\"0 2px #aaaaaa;\" data-shd-shadow=\"2\" style=\"font-family:'Yanone Kaffeesatz';font-weight:700;font-size:18px;border:none;box-shadow: 0 2px #aaaaaa;background: #008f45;color: #ffffff;\"><span class=\"ubtn-hover\"><\/span><span class=\"ubtn-data ubtn-text\" data-lang=\"en\">KAMPANJBEVIS<\/span><\/span><\/a><\/div><div class=\"ult-spacer spacer-69e3c7608ab4d\" data-id=\"69e3c7608ab4d\" data-height=\"0\" data-height-mobile=\"40\" data-height-tab=\"40\" style=\"clear:both;display:block;\"><\/div>[\/vc_column][\/vc_row][vc_row css=&#8221;.vc_custom_1451399228334{background-color: #008f45 !important;}&#8221;][vc_column offset=&#8221;vc_hidden-md vc_hidden-sm vc_hidden-xs&#8221;][vc_column_text]<\/p>\n<h1 style=\"text-align: center;\"><span style=\"color: #ffffff; font-size: 44px;\">BEST\u00c4LL DIN KOKBOK P\u00c5\u00a0<\/span><\/h1>\n<p>[\/vc_column_text][vc_single_image image=&#8221;275&#8243; img_size=&#8221;full&#8221; alignment=&#8221;center&#8221; img_link_target=&#8221;_blank&#8221; onclick=&#8221;custom_link&#8221; link=&#8221;http:\/\/cdon.se\/kokbokskampanj\/&#8221; css=&#8221;.vc_custom_1451912881814{padding-top: 10px !important;}&#8221;][\/vc_column][vc_column css=&#8221;.vc_custom_1451460672435{padding-top: 60px !important;background-color: #008f45 !important;}&#8221; offset=&#8221;vc_hidden-lg&#8221;][vc_column_text]<\/p>\n<h1 style=\"text-align: center;\"><span style=\"color: #ffffff; font-size: 40px;\">BEST\u00c4LL DIN KOKBOK P\u00c5\u00a0<\/span><\/h1>\n<p>[\/vc_column_text][\/vc_column][vc_column css=&#8221;.vc_custom_1451460864273{padding-bottom: 85px !important;background-color: #008f45 !important;}&#8221; offset=&#8221;vc_hidden-lg&#8221;][vc_single_image image=&#8221;275&#8243; img_size=&#8221;full&#8221; alignment=&#8221;center&#8221; img_link_target=&#8221;_blank&#8221; onclick=&#8221;custom_link&#8221; link=&#8221;http:\/\/cdon.se\/kokbokskampanj\/&#8221; css=&#8221;.vc_custom_1451912902374{padding-top: 0px !important;}&#8221;][\/vc_column][\/vc_row][vc_row row_responsive_mobile_classes=&#8221;dfd-remove-left-padding,dfd-remove-right-padding,dfd-remove-top-padding,dfd-remove-bottom-padding&#8221; bg_type=&#8221;bg_color&#8221; bg_color_value=&#8221;#eef6e3&#8243;][vc_column offset=&#8221;vc_hidden-md vc_hidden-sm vc_hidden-xs&#8221; css=&#8221;.vc_custom_1451401691568{padding-top: 40px !important;}&#8221;][vc_column_text css=&#8221;.vc_custom_1451317852020{padding-top: 40px !important;}&#8221;]<\/p>\n<h1 style=\"text-align: center;\"><span style=\"color: #008f45;\">G\u00d6R S\u00c5 H\u00c4R<\/span><\/h1>\n<p>[\/vc_column_text][rev_slider_vc alias=&#8221;gor&#8221;][\/vc_column][vc_column offset=&#8221;vc_hidden-lg&#8221;][vc_column_text css=&#8221;.vc_custom_1451317852020{padding-top: 40px !important;}&#8221;]<\/p>\n<h1 style=\"text-align: center;\"><span style=\"color: #008f45;\">G\u00d6R S\u00c5 H\u00c4R<\/span><\/h1>\n<p>[\/vc_column_text]<div class=\"ult-spacer spacer-69e3c7608ab95\" data-id=\"69e3c7608ab95\" data-height=\"30\" data-height-mobile=\"30\" data-height-tab=\"30\" style=\"clear:both;display:block;\"><\/div>[\/vc_column][vc_column width=&#8221;1\/3&#8243; offset=&#8221;vc_hidden-lg&#8221;][vc_single_image image=&#8221;630&#8243; img_size=&#8221;full&#8221; alignment=&#8221;center&#8221; css=&#8221;.vc_custom_1452854934168{padding-bottom: 40px !important;}&#8221;][vc_single_image image=&#8221;632&#8243; img_size=&#8221;full&#8221; alignment=&#8221;center&#8221; css=&#8221;.vc_custom_1452852564329{padding-bottom: 20px !important;}&#8221;][vc_column_text css=&#8221;.vc_custom_1452852674072{padding-bottom: 40px !important;}&#8221;]<\/p>\n<h6 style=\"text-align: center;\"><strong><span style=\"color: #008f45;\">K\u00f6p 3 st valfria Knorr- eller Slottsprodukter.<\/span><\/strong><\/h6>\n<p>[\/vc_column_text][vc_single_image image=&#8221;637&#8243; img_size=&#8221;full&#8221; alignment=&#8221;center&#8221; css=&#8221;.vc_custom_1452852579844{padding-bottom: 20px !important;}&#8221;][vc_column_text css=&#8221;.vc_custom_1452852681830{padding-bottom: 40px !important;}&#8221;]<\/p>\n<h6 style=\"text-align: center;\"><strong><span style=\"color: #008f45;\">Registrera dina uppgifter.<\/span><\/strong><\/h6>\n<p>[\/vc_column_text][vc_single_image image=&#8221;638&#8243; img_size=&#8221;full&#8221; alignment=&#8221;center&#8221; css=&#8221;.vc_custom_1452852594517{padding-bottom: 20px !important;}&#8221;][vc_column_text css=&#8221;.vc_custom_1452860484730{padding-bottom: 40px !important;}&#8221;]<\/p>\n<h6 style=\"text-align: center;\"><strong><span style=\"color: #008f45;\">Skriv ut ditt kampanjbevis.<\/span><\/strong><\/h6>\n<p>[\/vc_column_text][\/vc_column][vc_column width=&#8221;1\/3&#8243; offset=&#8221;vc_hidden-lg&#8221;]<div class=\"ult-spacer spacer-69e3c7608abdb\" data-id=\"69e3c7608abdb\" data-height=\"0\" data-height-mobile=\"30\" data-height-tab=\"30\" style=\"clear:both;display:block;\"><\/div>[vc_single_image image=&#8221;649&#8243; img_size=&#8221;full&#8221; alignment=&#8221;center&#8221; css=&#8221;.vc_custom_1452854942280{padding-bottom: 40px !important;}&#8221;][vc_single_image image=&#8221;651&#8243; img_size=&#8221;full&#8221; alignment=&#8221;center&#8221; css=&#8221;.vc_custom_1452853897422{padding-bottom: 20px !important;}&#8221;][vc_column_text css=&#8221;.vc_custom_1452854031144{padding-bottom: 40px !important;}&#8221;]<\/p>\n<h6 style=\"text-align: center;\"><strong><span style=\"color: #008f45;\">L\u00e4gg streckkoderna och kampanjbeviset i ett kuvert.<\/span><\/strong><\/h6>\n<p>[\/vc_column_text][vc_single_image image=&#8221;652&#8243; img_size=&#8221;full&#8221; alignment=&#8221;center&#8221; css=&#8221;.vc_custom_1452853946099{padding-bottom: 20px !important;}&#8221;][vc_column_text css=&#8221;.vc_custom_1452854251004{padding-bottom: 40px !important;}&#8221;]<\/p>\n<h6 style=\"text-align: center;\"><strong><span style=\"color: #008f45;\">Skicka till:<br \/>\n<em>&#8221;Knorr\/Slotts&#8221;<\/em><br \/>\n<em> c\/o ELS Sverige AB<\/em><br \/>\n<em> M\u00f6lndaldsv\u00e4gen 91<\/em><br \/>\n<em> 412 63 G\u00f6teborg<\/em><\/span><\/strong><\/h6>\n<p>[\/vc_column_text][\/vc_column][vc_column width=&#8221;1\/3&#8243; offset=&#8221;vc_hidden-lg&#8221;]<div class=\"ult-spacer spacer-69e3c7608ac14\" data-id=\"69e3c7608ac14\" data-height=\"0\" data-height-mobile=\"30\" data-height-tab=\"30\" style=\"clear:both;display:block;\"><\/div>[vc_single_image image=&#8221;656&#8243; img_size=&#8221;full&#8221; alignment=&#8221;center&#8221; css=&#8221;.vc_custom_1452854950952{padding-bottom: 40px !important;}&#8221;][vc_single_image image=&#8221;657&#8243; img_size=&#8221;full&#8221; alignment=&#8221;center&#8221; css=&#8221;.vc_custom_1452854341087{padding-bottom: 20px !important;}&#8221;][vc_column_text css=&#8221;.vc_custom_1452854439400{padding-bottom: 40px !important;}&#8221;]<\/p>\n<h6 style=\"text-align: center;\"><strong><span style=\"color: #008f45;\">Inom 14 dagar erh\u00e5ller du din v\u00e4rdekod via e-post.<\/span><\/strong><\/h6>\n<p>[\/vc_column_text][vc_single_image image=&#8221;637&#8243; img_size=&#8221;full&#8221; alignment=&#8221;center&#8221; css=&#8221;.vc_custom_1452852579844{padding-bottom: 20px !important;}&#8221;][vc_column_text css=&#8221;.vc_custom_1452854520444{padding-bottom: 40px !important;}&#8221;]<\/p>\n<h6 style=\"text-align: center;\"><strong><span style=\"color: #008f45;\">Ange v\u00e4rdekoden vid din best\u00e4llning p\u00e5 CDON.COM.<\/span><\/strong><\/h6>\n<p>[\/vc_column_text][vc_single_image image=&#8221;658&#8243; img_size=&#8221;full&#8221; alignment=&#8221;center&#8221; css=&#8221;.vc_custom_1452854380756{padding-bottom: 20px !important;}&#8221;][vc_column_text]<\/p>\n<h6 style=\"text-align: center;\"><strong><span style=\"color: #008f45;\">Din kokbok skickas sidan till dig inom 4 veckor. Erbjudandet g\u00e4ller s\u00e5 l\u00e5ng lagret r\u00e4cker!<\/span><\/strong><\/h6>\n<p>[\/vc_column_text][\/vc_column][\/vc_row][vc_row css=&#8221;.vc_custom_1451399685978{background-color: #008f45 !important;}&#8221;][vc_column offset=&#8221;vc_hidden-md vc_hidden-sm vc_hidden-xs&#8221;][vc_column_text css=&#8221;.vc_custom_1451398727308{margin-top: 60px !important;padding-top: 20px !important;padding-bottom: 20px !important;}&#8221;]<\/p>\n<h1 style=\"text-align: center;\"><span style=\"color: #ffffff;\">FR\u00c5GOR OM KAMPANJEN?<\/span><\/h1>\n<h6 style=\"text-align: center;\"><\/h6>\n<p>[\/vc_column_text][vc_row_inner][vc_column_inner width=&#8221;1\/4&#8243;][\/vc_column_inner][vc_column_inner width=&#8221;1\/4&#8243;]<div class=\"align-icon\" style=\"text-align: center;\">\n<div class=\"aio-icon none  \" style=\"color:#ffffff;font-size:50px;display:inline-block !important;\" >\n\t<i class=\"dfd-icon-call_end\"><\/i>\n<\/div><\/div>[vc_column_text css=&#8221;.vc_custom_1450781652761{padding-bottom: 20px !important;}&#8221;]<\/p>\n<h6 style=\"text-align: center;\"><span style=\"color: #ffffff;\"><strong><span style=\"font-size: 28px;\">031-742 55 66<\/span><\/strong><\/span><\/h6>\n<p>[\/vc_column_text][\/vc_column_inner][vc_column_inner width=&#8221;1\/4&#8243;]<div class=\"align-icon\" style=\"text-align: center;\">\n<div class=\"aio-icon none  \" style=\"color:#ffffff;font-size:50px;display:inline-block !important;\" >\n\t<i class=\"dfd-icon-email_2\"><\/i>\n<\/div><\/div>[vc_column_text css=&#8221;.vc_custom_1450693625173{padding-bottom: 20px !important;}&#8221;]<\/p>\n<h6 style=\"text-align: center;\"><strong><span style=\"color: #ffffff; font-size: 28px;\">info@elssverige.se<\/span><\/strong><\/h6>\n<p>[\/vc_column_text][\/vc_column_inner][vc_column_inner width=&#8221;1\/4&#8243;][\/vc_column_inner][\/vc_row_inner][vc_column_text css=&#8221;.vc_custom_1451398269911{padding-top: 30px !important;}&#8221;]<\/p>\n<h4 style=\"text-align: center;\"><strong><span style=\"color: #ffffff;\"><span style=\"font-size: 36px;\">ANSVARIG UTGIVARE<\/span><\/span><\/strong><\/h4>\n<h4 style=\"text-align: center;\"><span style=\"font-size: 20px; color: #ffffff;\">Denna kampanj \u00e4r framtagen och hanteras av European Loyalty Systems AB p\u00e5 uppdrag av Knorr.<\/span><\/h4>\n<p>[\/vc_column_text][vc_single_image image=&#8221;248&#8243; img_size=&#8221;full&#8221; alignment=&#8221;center&#8221; css=&#8221;.vc_custom_1451398133174{border-bottom-width: 100px !important;padding-top: 30px !important;}&#8221;]<div class=\"ult-spacer spacer-69e3c7608acf9\" data-id=\"69e3c7608acf9\" data-height=\"0\" data-height-mobile=\"\" data-height-tab=\"60\" style=\"clear:both;display:block;\"><\/div>[\/vc_column][vc_column css=&#8221;.vc_custom_1453104145179{background-color: #eef6e3 !important;}&#8221; offset=&#8221;vc_hidden-lg&#8221;][vc_column_text css=&#8221;.vc_custom_1450781841416{padding-top: 40px !important;padding-bottom: 10px !important;}&#8221;]<\/p>\n<h1 style=\"text-align: center;\"><span style=\"color: #008f45;\">FR\u00c5GOR OM KAMPANJEN?<\/span><\/h1>\n<h6 style=\"text-align: center;\"><\/h6>\n<p>[\/vc_column_text]<div class=\"align-icon\" style=\"text-align: center;\">\n<div class=\"aio-icon none  \" style=\"color:#008f45;font-size:50px;display:inline-block !important;\" >\n\t<i class=\"dfd-icon-call_end\"><\/i>\n<\/div><\/div>[vc_column_text css=&#8221;.vc_custom_1450781566926{padding-bottom: 20px !important;}&#8221;]<\/p>\n<h6 style=\"text-align: center;\"><strong><span style=\"color: #008f45; font-size: 28px;\">031-742 55 66<\/span><\/strong><\/h6>\n<p>[\/vc_column_text]<div class=\"align-icon\" style=\"text-align: center;\">\n<div class=\"aio-icon none  \" style=\"color:#008f45;font-size:50px;display:inline-block !important;\" >\n\t<i class=\"dfd-icon-email_2\"><\/i>\n<\/div><\/div>[vc_column_text css=&#8221;.vc_custom_1450781850936{padding-bottom: 40px !important;}&#8221;]<\/p>\n<h6 style=\"text-align: center;\"><strong><span style=\"color: #008f45; font-size: 28px;\">info@elssverige.se<\/span><\/strong><\/h6>\n<p>[\/vc_column_text][\/vc_column][vc_column css=&#8221;.vc_custom_1452860571499{background-color: #008f45 !important;}&#8221; offset=&#8221;vc_hidden-lg&#8221;][vc_column_text css=&#8221;.vc_custom_1451314357609{padding-top: 60px !important;}&#8221;]<\/p>\n<h4 style=\"text-align: center;\"><span style=\"color: #ffffff;\"><strong><span style=\"font-size: 36px;\">ANSVARIG UTGIVARE<\/span><\/strong><\/span><\/h4>\n<h4 style=\"text-align: center;\"><span style=\"font-size: 20px; color: #ffffff;\">Denna kampanj \u00e4r framtagen och hanteras av European Loyalty Systems AB p\u00e5 uppdrag av Knorr.<\/span><\/h4>\n<p>[\/vc_column_text][vc_single_image image=&#8221;455&#8243; img_size=&#8221;160X58&#8243; alignment=&#8221;center&#8221; css=&#8221;.vc_custom_1450783883684{padding-top: 30px !important;padding-bottom: 60px !important;}&#8221;][\/vc_column][\/vc_row]<\/p>\n","protected":false},"excerpt":{"rendered":"<p>[vc_row bg_type=&#8221;image&#8221; bg_image_new=&#8221;114&#8243; bg_image_repeat=&#8221;no-repeat&#8221; bg_override=&#8221;full&#8221; seperator_enable=&#8221;off&#8221; full_width=&#8221;stretch_row&#8221; parallax=&#8221;content-moving&#8221;][vc_column width=&#8221;1\/2&#8243; css=&#8221;.vc_custom_1451397123961{margin-top: 120px !important;margin-right: 0px !important;margin-bottom: 20px !important;margin-left: 160px !important;border-top-width: 20px !important;border-right-width: 0px !important;border-bottom-width: 20px !important;border-left-width: 0px !important;padding-top: 50px !important;padding-right: 0px !important;padding-bottom:<\/p>\n","protected":false},"author":10,"featured_media":0,"parent":0,"menu_order":0,"comment_status":"open","ping_status":"open","template":"tmp-one-page-scroll.php","meta":[],"_links":{"self":[{"href":"http:\/\/ww2.elsnordic.com\/kokbokskampanj\/wp-json\/wp\/v2\/pages\/4"}],"collection":[{"href":"http:\/\/ww2.elsnordic.com\/kokbokskampanj\/wp-json\/wp\/v2\/pages"}],"about":[{"href":"http:\/\/ww2.elsnordic.com\/kokbokskampanj\/wp-json\/wp\/v2\/types\/page"}],"author":[{"embeddable":true,"href":"http:\/\/ww2.elsnordic.com\/kokbokskampanj\/wp-json\/wp\/v2\/users\/10"}],"replies":[{"embeddable":true,"href":"http:\/\/ww2.elsnordic.com\/kokbokskampanj\/wp-json\/wp\/v2\/comments?post=4"}],"version-history":[{"count":545,"href":"http:\/\/ww2.elsnordic.com\/kokbokskampanj\/wp-json\/wp\/v2\/pages\/4\/revisions"}],"predecessor-version":[{"id":702,"href":"http:\/\/ww2.elsnordic.com\/kokbokskampanj\/wp-json\/wp\/v2\/pages\/4\/revisions\/702"}],"wp:attachment":[{"href":"http:\/\/ww2.elsnordic.com\/kokbokskampanj\/wp-json\/wp\/v2\/media?parent=4"}],"curies":[{"name":"wp","href":"https:\/\/api.w.org\/{rel}","templated":true}]}}