{"id":5,"date":"2015-08-18T08:27:04","date_gmt":"2015-08-18T08:27:04","guid":{"rendered":"http:\/\/themes.dfd.name\/ronneby\/twenty_ninth\/?page_id=5"},"modified":"2017-06-02T09:24:29","modified_gmt":"2017-06-02T09:24:29","slug":"5-2","status":"publish","type":"page","link":"http:\/\/ww2.elsnordic.com\/korvbrodsbagarn\/","title":{"rendered":""},"content":{"rendered":"<p>[vc_row full_height=&#8221;yes&#8221; dfd_row_config=&#8221;full_width_content&#8221; bg_type=&#8221;image&#8221; bg_image_new=&#8221;11605&#8243; ult_hide_row=&#8221;ult_hide_row_value&#8221; ult_hide_row_large_screen=&#8221;off&#8221; ult_hide_row_desktop=&#8221;off&#8221; ult_hide_row_tablet=&#8221;off&#8221; ult_hide_row_tablet_small=&#8221;xs_tablet&#8221; ult_hide_row_mobile=&#8221;mobile&#8221; ult_hide_row_mobile_large=&#8221;xl_mobile&#8221;][vc_column css=&#8221;.vc_custom_1466668927890{padding-top: 180px !important;}&#8221; offset=&#8221;vc_hidden-sm vc_hidden-xs&#8221;]<div id=\"ultimate-heading69f6076fb6311\" class=\"uvc-heading dfd-delim-top   heading-config-top dfd-disable-resposive-headings\"  data-hspacer=\"no_spacer\"  data-halign=\"center\" style=\"text-align:center\"><div class=\"uvc-heading-spacer no_spacer\" style=\"\"><\/div><h1 class=\"widget-title uvc-main-heading\" style=\"font-style:normal;font-weight:500;font-size:70px;color:#ffffff;margin-bottom:15px;\">F\u00c5 EN HAMBURGERPRESS<br \/>\nFR\u00c5N SAGAFORM<br \/>\n<\/h1><\/div>[vc_row_inner][vc_column_inner width=&#8221;1\/4&#8243;][\/vc_column_inner][vc_column_inner width=&#8221;1\/4&#8243; css=&#8221;.vc_custom_1466667363492{padding-left: 7% !important;}&#8221;]<div class=\"ubtn-ctn-center\"><a class=\"ubtn-link ubtn-center tooltip-69f6076fb6385\"  href = \"http:\/\/korvbrodsbagarn.elscampaign.com\/\" target=\"_self\"><span class=\" ubtn ubtn-normal ubtn-no-hover-bg  ulta-grow  ubtn-shd  ubtn-center  shd-bottom\"  data-hover=\"#d6b048\" data-border-color=\"#d6b048\" data-hover-bg=\"#d6b048\" data-border-hover=\"#d6b048\" data-shadow-hover=\"0 3px rgba(0,0,0,0.5);\" data-shadow-click=\"none\" data-shadow=\"0 3px rgba(0,0,0,0.5);\" data-shd-shadow=\"3\" style=\"border-radius:5px;border-width:2px;border-color:#d6b048;border-style:solid;box-shadow: 0 3px rgba(0,0,0,0.5);background: #d6b048;color: #ffffff;\"><span class=\"ubtn-hover\"><\/span><span class=\"ubtn-data ubtn-text\" data-lang=\"en\"><\/p>\n<h4>REGISTRERA DIG<\/h4>\n<p><\/span><\/span><\/a><\/div>[\/vc_column_inner][vc_column_inner width=&#8221;1\/4&#8243; css=&#8221;.vc_custom_1466667352141{padding-right: 7% !important;}&#8221;]<div class=\"ubtn-ctn-center\"><a class=\"ubtn-link ubtn-center tooltip-69f6076fb6410\"  href = \"http:\/\/premieklubb.se\/korvbrodsbagarn\/Default.aspx\" target='_blank'><span class=\" ubtn ubtn-normal ubtn-no-hover-bg  ulta-grow  ubtn-shd  ubtn-center  shd-bottom\"  data-hover=\"#d6b048\" data-border-color=\"#d6b048\" data-hover-bg=\"#d6b048\" data-border-hover=\"#d6b048\" data-shadow-hover=\"0 3px rgba(0,0,0,0.5);\" data-shadow-click=\"none\" data-shadow=\"0 3px rgba(0,0,0,0.5);\" data-shd-shadow=\"3\" style=\"border-radius:5px;border-width:2px;border-color:#d6b048;border-style:solid;box-shadow: 0 3px rgba(0,0,0,0.5);background: #d6b048;color: #ffffff;\"><span class=\"ubtn-hover\"><\/span><span class=\"ubtn-data ubtn-text\" data-lang=\"en\"><\/p>\n<h4>BEST\u00c4LL H\u00c4R<\/h4>\n<p><\/span><\/span><\/a><\/div>[\/vc_column_inner][vc_column_inner width=&#8221;1\/4&#8243;][\/vc_column_inner][\/vc_row_inner][\/vc_column][\/vc_row][vc_row force_equal_height_columns=&#8221;main_row&#8221; dfd_row_config=&#8221;full_width_content&#8221; ult_hide_row=&#8221;ult_hide_row_value&#8221; ult_hide_row_large_screen=&#8221;off&#8221; ult_hide_row_desktop=&#8221;off&#8221; ult_hide_row_tablet=&#8221;off&#8221; ult_hide_row_tablet_small=&#8221;off&#8221; ult_hide_row_mobile=&#8221;mobile&#8221; ult_hide_row_mobile_large=&#8221;xl_mobile&#8221;][vc_column column_bg_check=&#8221;column-background-dark&#8221; width=&#8221;1\/2&#8243; css=&#8221;.vc_custom_1464873605220{background-image: url(http:\/\/ww2.elsnordic.com\/korvbrodsbagarn\/wp-content\/uploads\/sites\/68\/2015\/08\/bild31.png?id=11643) !important;background-position: center !important;background-repeat: no-repeat !important;background-size: cover !important;}&#8221; offset=&#8221;vc_hidden-xs&#8221;]<div id=\"ultimate-heading69f6076fb647d\" class=\"uvc-heading dfd-delim-top   heading-config-top dfd-disable-resposive-headings\"  data-hspacer=\"no_spacer\"  data-halign=\"center\" style=\"text-align:center\"><div class=\"uvc-heading-spacer no_spacer\" style=\"\"><\/div><h1 class=\"widget-title uvc-main-heading\" style=\"font-style:normal;font-weight:500;font-size:55px;\">HAMBURGERPRESS<\/h1><\/div>[\/vc_column][vc_column width=&#8221;1\/2&#8243; css=&#8221;.vc_custom_1464873612029{border-right-width: 30px !important;border-bottom-width: 30px !important;border-left-width: 30px !important;padding-top: 30px !important;background-color: #f9f9f9 !important;border-left-color: #f9f9f9 !important;border-left-style: solid !important;border-right-color: #f9f9f9 !important;border-right-style: solid !important;border-bottom-color: #f9f9f9 !important;border-bottom-style: solid !important;}&#8221; offset=&#8221;vc_hidden-xs&#8221;][vc_row_inner css=&#8221;.vc_custom_1463582861184{border-top-width: 0px !important;border-right-width: 0px !important;border-bottom-width: 0px !important;border-left-width: 0px !important;padding-right: 10% !important;padding-left: 10% !important;border-left-color: #d6b048 !important;border-left-style: solid !important;border-right-color: #d6b048 !important;border-right-style: solid !important;border-top-color: #d6b048 !important;border-top-style: solid !important;border-bottom-color: #d6b048 !important;border-bottom-style: solid !important;border-radius: 10px !important;}&#8221;][vc_column_inner css=&#8221;.vc_custom_1470052090081{padding-top: 150px !important;padding-bottom: 80px !important;}&#8221;]<div id=\"ultimate-heading69f6076fb64e0\" class=\"uvc-heading dfd-delim-top   cr-animate-gen heading-config-top dfd-disable-resposive-headings\" data-animate-type = \"transition.expandIn\"  data-hspacer=\"no_spacer\"  data-halign=\"center\" style=\"text-align:center\"><div class=\"uvc-heading-spacer no_spacer\" style=\"\"><\/div><h3 class=\"widget-title uvc-main-heading\" style=\"font-style:normal;font-weight:300;font-size:35px;margin-bottom:15px;line-height:40px;\">VARMT V\u00c4LKOMMEN TILL<br \/>\nSAGAFORMS LUSTFYLLDA V\u00c4RLD<\/h3><\/div>[vc_column_text item_animation=&#8221;transition.fadeIn&#8221; css=&#8221;.vc_custom_1464247709324{padding-top: 5px !important;padding-bottom: 25px !important;}&#8221;]<\/p>\n<h5 style=\"text-align: center; line-height: 23px;\">Designade produkter som uppskattas av mottagaren och som ofta sk\u00e4nker ett leende. Glas, keramik, vaser, burkar, sk\u00e5lar, knivar och mycket annat finns att v\u00e4lja emellan. Med andra ord finns h\u00e4r g\u00e5vor f\u00f6r alla tillf\u00e4llen. Presenten till middagens v\u00e4rdpar, till den nyinflyttade grannen, f\u00f6delsedagsbarnet eller bara som en trevlig gest till den man tycker om.<\/h5>\n<h5 style=\"text-align: center; line-height: 23px;\">Sagaform samarbetar med Sveriges fr\u00e4msta formgivare som alla \u00e4r v\u00e4l medvetna om r\u00e5dande trender och extremt professionella f\u00f6r att kunna tillgodose v\u00e5ra kunder med f\u00f6rstklassig skandinavisk design.<\/h5>\n<p>[\/vc_column_text]<div class=\"ubtn-ctn-center\"><a class=\"ubtn-link ubtn-center tooltip-69f6076fb6551\"  href = \"http:\/\/www.sagaform.com\/\" target='_blank'><span class=\" ubtn ubtn-normal ubtn-no-hover-bg  ulta-grow  ubtn-shd  ubtn-center  shd-bottom\"  data-hover=\"#d6b048\" data-border-color=\"#d6b048\" data-hover-bg=\"#d6b048\" data-border-hover=\"#d6b048\" data-shadow-hover=\"0 3px rgba(0,0,0,0.5);\" data-shadow-click=\"none\" data-shadow=\"0 3px rgba(0,0,0,0.5);\" data-shd-shadow=\"3\" style=\"border-radius:5px;border-width:2px;border-color:#d6b048;border-style:solid;box-shadow: 0 3px rgba(0,0,0,0.5);background: #d6b048;color: #ffffff;\"><span class=\"ubtn-hover\"><\/span><span class=\"ubtn-data ubtn-text\" data-lang=\"en\"><\/p>\n<h4>SAGAFORM<\/h4>\n<p><\/span><\/span><\/a><\/div>[\/vc_column_inner][\/vc_row_inner][\/vc_column][\/vc_row][vc_row force_equal_height_columns=&#8221;main_row&#8221; dfd_row_config=&#8221;full_width_content&#8221; ult_hide_row=&#8221;ult_hide_row_value&#8221; ult_hide_row_large_screen=&#8221;off&#8221; ult_hide_row_desktop=&#8221;off&#8221; ult_hide_row_tablet=&#8221;off&#8221; ult_hide_row_tablet_small=&#8221;off&#8221; ult_hide_row_mobile=&#8221;mobile&#8221; ult_hide_row_mobile_large=&#8221;xl_mobile&#8221;][vc_column width=&#8221;1\/2&#8243; css=&#8221;.vc_custom_1464873630534{border-right-width: 30px !important;border-bottom-width: 30px !important;border-left-width: 30px !important;padding-top: 30px !important;background-color: #282828 !important;border-left-color: #282828 !important;border-left-style: solid !important;border-right-color: #282828 !important;border-right-style: solid !important;border-bottom-color: #282828 !important;border-bottom-style: solid !important;}&#8221; offset=&#8221;vc_hidden-xs&#8221;][vc_row_inner css=&#8221;.vc_custom_1463582901546{border-top-width: 0px !important;border-right-width: 0px !important;border-bottom-width: 0px !important;border-left-width: 0px !important;padding-right: 10% !important;padding-left: 10% !important;border-left-color: #d6b048 !important;border-left-style: solid !important;border-right-color: #d6b048 !important;border-right-style: solid !important;border-top-color: #d6b048 !important;border-top-style: solid !important;border-bottom-color: #d6b048 !important;border-bottom-style: solid !important;border-radius: 10px !important;}&#8221;][vc_column_inner css=&#8221;.vc_custom_1463582566235{padding-top: 190px !important;padding-bottom: 120px !important;}&#8221;]<div id=\"ultimate-heading69f6076fb65be\" class=\"uvc-heading dfd-delim-top   cr-animate-gen heading-config-top dfd-disable-resposive-headings\" data-animate-type = \"transition.expandIn\"  data-hspacer=\"no_spacer\"  data-halign=\"center\" style=\"text-align:center\"><div class=\"uvc-heading-spacer no_spacer\" style=\"\"><\/div><h3 class=\"widget-title uvc-main-heading\" style=\"font-style:normal;font-weight:300;font-size:35px;color:#ffffff;margin-bottom:15px;line-height:40px;\">F\u00c4RSKT BR\u00d6D FR\u00c5N<br \/>\nKORVBR\u00d6DSBAGARN<\/h3><\/div>[vc_column_text item_animation=&#8221;transition.fadeIn&#8221; css=&#8221;.vc_custom_1464247723546{padding-top: 5px !important;padding-bottom: 25px !important;}&#8221;]<\/p>\n<h5 style=\"text-align: center;\"><span style=\"color: #ffffff; line-height: 23px;\">N\u00e4r du k\u00f6per korv- eller hamburgerbr\u00f6d fr\u00e5n Korvbr\u00f6dsbagarn f\u00e5r du f\u00e4rskt och gott br\u00f6d helt fritt fr\u00e5n konserveringsmedel. F\u00f6r att bevara den goda smaken och den fina formen, fryser vi br\u00f6det direkt efter bakning. P\u00e5 s\u00e5 vis l\u00e5ser vi in saftighet, doft och smak tills det \u00e4r dags f\u00f6r dig att s\u00e4tta t\u00e4nderna i br\u00f6det.<\/span><\/h5>\n<p>[\/vc_column_text]<div class=\"ubtn-ctn-center\"><a class=\"ubtn-link ubtn-center tooltip-69f6076fb661b\"  href = \"http:\/\/www.korvbrodsbagarn.se\/\" target='_blank'><span class=\" ubtn ubtn-normal ubtn-no-hover-bg  ulta-grow  ubtn-shd  ubtn-center  shd-bottom\"  data-hover=\"#d6b048\" data-border-color=\"#d6b048\" data-hover-bg=\"#d6b048\" data-border-hover=\"#d6b048\" data-shadow-hover=\"0 3px rgba(255,255,255,0.5);\" data-shadow-click=\"none\" data-shadow=\"0 3px rgba(255,255,255,0.5);\" data-shd-shadow=\"3\" style=\"border-radius:5px;border-width:2px;border-color:#d6b048;border-style:solid;box-shadow: 0 3px rgba(255,255,255,0.5);background: #d6b048;color: #ffffff;\"><span class=\"ubtn-hover\"><\/span><span class=\"ubtn-data ubtn-text\" data-lang=\"en\"><\/p>\n<h4>KORVBR\u00d6DSBAGARN<\/h4>\n<p><\/span><\/span><\/a><\/div>[\/vc_column_inner][\/vc_row_inner][\/vc_column][vc_column column_bg_check=&#8221;column-background-dark&#8221; width=&#8221;1\/2&#8243; css=&#8221;.vc_custom_1464873637332{background-image: url(http:\/\/ww2.elsnordic.com\/korvbrodsbagarn\/wp-content\/uploads\/sites\/68\/2015\/08\/brod2.png?id=11721) !important;background-position: center !important;background-repeat: no-repeat !important;background-size: cover !important;}&#8221; offset=&#8221;vc_hidden-xs&#8221;]<div id=\"ultimate-heading69f6076fb6681\" class=\"uvc-heading dfd-delim-top   heading-config-top dfd-disable-resposive-headings\"  data-hspacer=\"no_spacer\"  data-halign=\"center\" style=\"text-align:center\"><div class=\"uvc-heading-spacer no_spacer\" style=\"\"><\/div><h1 class=\"widget-title uvc-main-heading\" style=\"font-style:normal;font-weight:500;font-size:55px;line-height:-15px;\">HAMBURGERBR\u00d6D<\/h1><\/div>[\/vc_column][\/vc_row][vc_row dfd_row_config=&#8221;full_width_content&#8221; bg_type=&#8221;image&#8221; bg_image_new=&#8221;11605&#8243; ult_hide_row=&#8221;ult_hide_row_value&#8221; ult_hide_row_large_screen=&#8221;large_screen&#8221; ult_hide_row_desktop=&#8221;desktop&#8221; ult_hide_row_tablet=&#8221;tablet&#8221; ult_hide_row_tablet_small=&#8221;off&#8221; ult_hide_row_mobile=&#8221;off&#8221; ult_hide_row_mobile_large=&#8221;off&#8221;][vc_column css=&#8221;.vc_custom_1466668851870{padding-top: 80px !important;}&#8221; offset=&#8221;vc_hidden-lg vc_hidden-md&#8221;]<div id=\"ultimate-heading69f6076fb66df\" class=\"uvc-heading dfd-delim-top   heading-config-top dfd-disable-resposive-headings\"  data-hspacer=\"no_spacer\"  data-halign=\"center\" style=\"text-align:center\"><div class=\"uvc-heading-spacer no_spacer\" style=\"\"><\/div><h1 class=\"widget-title uvc-main-heading\" style=\"font-style:normal;font-weight:500;font-size:30px;color:#ffffff;margin-bottom:20px;line-height:35px;\">F\u00c5 EN HAMBURGERPRESS<br \/>\nFR\u00c5N SAGAFORM<br \/>\n<\/h1><\/div><div class=\"ubtn-ctn-center\"><a class=\"ubtn-link ubtn-center tooltip-69f6076fb6735\"  href = \"http:\/\/korvbrodsbagarn.elscampaign.com\/\" target=\"_self\"><span class=\" ubtn ubtn-normal ubtn-no-hover-bg  ulta-grow  ubtn-shd  ubtn-center  shd-bottom\"  data-hover=\"#d6b048\" data-border-color=\"#d6b048\" data-hover-bg=\"#d6b048\" data-border-hover=\"#d6b048\" data-shadow-hover=\"0 3px rgba(0,0,0,0.5);\" data-shadow-click=\"none\" data-shadow=\"0 3px rgba(0,0,0,0.5);\" data-shd-shadow=\"3\" style=\"border-radius:5px;border-width:2px;border-color:#d6b048;border-style:solid;box-shadow: 0 3px rgba(0,0,0,0.5);background: #d6b048;color: #ffffff;\"><span class=\"ubtn-hover\"><\/span><span class=\"ubtn-data ubtn-text\" data-lang=\"en\"><\/p>\n<h2>REGISTRERA DIG<\/h2>\n<p><\/span><\/span><\/a><\/div><div class=\"ubtn-ctn-center\"><a class=\"ubtn-link ubtn-center tooltip-69f6076fb6795\"  href = \"http:\/\/premieklubb.se\/korvbrodsbagarn\" target='_blank'><span class=\" ubtn ubtn-normal ubtn-no-hover-bg  ulta-grow  ubtn-shd  ubtn-center  shd-bottom\"  data-hover=\"#d6b048\" data-border-color=\"#d6b048\" data-hover-bg=\"#d6b048\" data-border-hover=\"#d6b048\" data-shadow-hover=\"0 3px rgba(0,0,0,0.5);\" data-shadow-click=\"none\" data-shadow=\"0 3px rgba(0,0,0,0.5);\" data-shd-shadow=\"3\" style=\"border-radius:5px;border-width:2px;border-color:#d6b048;border-style:solid;box-shadow: 0 3px rgba(0,0,0,0.5);background: #d6b048;color: #ffffff;\"><span class=\"ubtn-hover\"><\/span><span class=\"ubtn-data ubtn-text\" data-lang=\"en\"><\/p>\n<h2>BEST\u00c4LL H\u00c4R<\/h2>\n<p><\/span><\/span><\/a><\/div>[\/vc_column][\/vc_row][vc_row ult_hide_row=&#8221;ult_hide_row_value&#8221; ult_hide_row_large_screen=&#8221;large_screen&#8221; ult_hide_row_desktop=&#8221;desktop&#8221; ult_hide_row_tablet=&#8221;tablet&#8221; ult_hide_row_tablet_small=&#8221;off&#8221; ult_hide_row_mobile=&#8221;off&#8221; ult_hide_row_mobile_large=&#8221;off&#8221; css=&#8221;.vc_custom_1466669061443{padding-right: 10% !important;padding-left: 10% !important;}&#8221;][vc_column offset=&#8221;vc_hidden-lg vc_hidden-md vc_hidden-sm&#8221; css=&#8221;.vc_custom_1464875826505{padding-top: 70px !important;}&#8221;]<div id=\"ultimate-heading69f6076fb67fc\" class=\"uvc-heading dfd-delim-top   cr-animate-gen heading-config-top dfd-disable-resposive-headings\" data-animate-type = \"transition.expandIn\"  data-hspacer=\"no_spacer\"  data-halign=\"center\" style=\"text-align:center\"><div class=\"uvc-heading-spacer no_spacer\" style=\"\"><\/div><h3 class=\"widget-title uvc-main-heading\" style=\"font-style:normal;font-weight:300;font-size:35px;margin-bottom:15px;line-height:40px;\">VARMT V\u00c4LKOMMEN TILL<br \/>\nSAGAFORMS LUSTFYLLDA V\u00c4RLD<\/h3><\/div>[vc_column_text item_animation=&#8221;transition.fadeIn&#8221; css=&#8221;.vc_custom_1464247709324{padding-top: 5px !important;padding-bottom: 25px !important;}&#8221;]<\/p>\n<h5 style=\"text-align: center; line-height: 23px;\">Designade produkter som uppskattas av mottagaren och som ofta sk\u00e4nker ett leende. Glas, keramik, vaser, burkar, sk\u00e5lar, knivar och mycket annat finns att v\u00e4lja emellan. Med andra ord finns h\u00e4r g\u00e5vor f\u00f6r alla tillf\u00e4llen. Presenten till middagens v\u00e4rdpar, till den nyinflyttade grannen, f\u00f6delsedagsbarnet eller bara som en trevlig gest till den man tycker om.<\/h5>\n<h5 style=\"text-align: center; line-height: 23px;\">Sagaform samarbetar med Sveriges fr\u00e4msta formgivare som alla \u00e4r v\u00e4l medvetna om r\u00e5dande trender och extremt professionella f\u00f6r att kunna tillgodose v\u00e5ra kunder med f\u00f6rstklassig skandinavisk design.<\/h5>\n<p>[\/vc_column_text]<div class=\"ubtn-ctn-center\"><a class=\"ubtn-link ubtn-center tooltip-69f6076fb6851\"  href = \"http:\/\/www.sagaform.com\/\" target='_blank'><span class=\" ubtn ubtn-normal ubtn-no-hover-bg  ulta-grow  ubtn-shd  ubtn-center  shd-bottom\"  data-hover=\"#d6b048\" data-border-color=\"#d6b048\" data-hover-bg=\"#d6b048\" data-border-hover=\"#d6b048\" data-shadow-hover=\"0 3px rgba(0,0,0,0.5);\" data-shadow-click=\"none\" data-shadow=\"0 3px rgba(0,0,0,0.5);\" data-shd-shadow=\"3\" style=\"border-radius:5px;border-width:2px;border-color:#d6b048;border-style:solid;box-shadow: 0 3px rgba(0,0,0,0.5);background: #d6b048;color: #ffffff;\"><span class=\"ubtn-hover\"><\/span><span class=\"ubtn-data ubtn-text\" data-lang=\"en\"><\/p>\n<h4>SAGAFORM<\/h4>\n<p><\/span><\/span><\/a><\/div>[\/vc_column][\/vc_row][vc_row force_equal_height_columns=&#8221;main_row&#8221; dfd_row_config=&#8221;full_width_content&#8221; ult_hide_row=&#8221;ult_hide_row_value&#8221; ult_hide_row_large_screen=&#8221;large_screen&#8221; ult_hide_row_desktop=&#8221;desktop&#8221; ult_hide_row_tablet=&#8221;tablet&#8221; ult_hide_row_tablet_small=&#8221;off&#8221; ult_hide_row_mobile=&#8221;off&#8221; ult_hide_row_mobile_large=&#8221;off&#8221;][vc_column column_bg_check=&#8221;column-background-dark&#8221; css=&#8221;.vc_custom_1464875962351{padding-top: 100px !important;padding-bottom: 100px !important;background-image: url(http:\/\/ww2.elsnordic.com\/korvbrodsbagarn\/wp-content\/uploads\/sites\/68\/2015\/08\/bild31.png?id=11643) !important;background-position: center !important;background-repeat: no-repeat !important;background-size: cover !important;}&#8221; offset=&#8221;vc_hidden-lg vc_hidden-md vc_hidden-sm&#8221;][vc_row_inner][vc_column_inner]<div id=\"ultimate-heading69f6076fb68b5\" class=\"uvc-heading dfd-delim-top   heading-config-top dfd-disable-resposive-headings\"  data-hspacer=\"no_spacer\"  data-halign=\"center\" style=\"text-align:center\"><div class=\"uvc-heading-spacer no_spacer\" style=\"\"><\/div><h1 class=\"widget-title uvc-main-heading\" style=\"font-style:normal;font-weight:500;font-size:30px;\">HAMBURGERPRESS<\/h1><\/div>[\/vc_column_inner][\/vc_row_inner][\/vc_column][\/vc_row][vc_row force_equal_height_columns=&#8221;main_row&#8221; dfd_row_config=&#8221;full_width_content&#8221; ult_hide_row=&#8221;ult_hide_row_value&#8221; ult_hide_row_large_screen=&#8221;large_screen&#8221; ult_hide_row_desktop=&#8221;desktop&#8221; ult_hide_row_tablet=&#8221;tablet&#8221; ult_hide_row_tablet_small=&#8221;off&#8221; ult_hide_row_mobile=&#8221;off&#8221; ult_hide_row_mobile_large=&#8221;off&#8221;][vc_column css=&#8221;.vc_custom_1464879003070{border-right-width: 0px !important;border-bottom-width: 0px !important;border-left-width: 0px !important;padding-top: 70px !important;padding-right: 0px !important;padding-bottom: 0px !important;background-color: #282828 !important;border-left-color: #282828 !important;border-left-style: solid !important;border-right-color: #282828 !important;border-right-style: solid !important;border-bottom-color: #282828 !important;border-bottom-style: solid !important;}&#8221; offset=&#8221;vc_hidden-lg vc_hidden-md vc_hidden-sm&#8221;][vc_row_inner css=&#8221;.vc_custom_1463582901546{border-top-width: 0px !important;border-right-width: 0px !important;border-bottom-width: 0px !important;border-left-width: 0px !important;padding-right: 10% !important;padding-left: 10% !important;border-left-color: #d6b048 !important;border-left-style: solid !important;border-right-color: #d6b048 !important;border-right-style: solid !important;border-top-color: #d6b048 !important;border-top-style: solid !important;border-bottom-color: #d6b048 !important;border-bottom-style: solid !important;border-radius: 10px !important;}&#8221;][vc_column_inner css=&#8221;.vc_custom_1464879130347{padding-top: 0px !important;padding-bottom: 0px !important;}&#8221;]<div id=\"ultimate-heading69f6076fb691b\" class=\"uvc-heading dfd-delim-top   cr-animate-gen heading-config-top dfd-disable-resposive-headings\" data-animate-type = \"transition.expandIn\"  data-hspacer=\"no_spacer\"  data-halign=\"center\" style=\"text-align:center\"><div class=\"uvc-heading-spacer no_spacer\" style=\"\"><\/div><h3 class=\"widget-title uvc-main-heading\" style=\"font-style:normal;font-weight:300;font-size:25px;color:#ffffff;margin-bottom:15px;line-height:30px;\">F\u00c4RSKT BR\u00d6D FR\u00c5N<br \/>\nKORVBR\u00d6DSBAGARN<\/h3><\/div>[vc_column_text item_animation=&#8221;transition.fadeIn&#8221; css=&#8221;.vc_custom_1464247723546{padding-top: 5px !important;padding-bottom: 25px !important;}&#8221;]<\/p>\n<h5 style=\"text-align: center;\"><span style=\"color: #ffffff; line-height: 23px;\">N\u00e4r du k\u00f6per korv- eller hamburgerbr\u00f6d fr\u00e5n Korvbr\u00f6dsbagarn f\u00e5r du f\u00e4rskt och gott br\u00f6d helt fritt fr\u00e5n konserveringsmedel. F\u00f6r att bevara den goda smaken och den fina formen, fryser vi br\u00f6det direkt efter bakning. P\u00e5 s\u00e5 vis l\u00e5ser vi in saftighet, doft och smak tills det \u00e4r dags f\u00f6r dig att s\u00e4tta t\u00e4nderna i br\u00f6det.<\/span><\/h5>\n<p>[\/vc_column_text]<div class=\"ubtn-ctn-center\"><a class=\"ubtn-link ubtn-center tooltip-69f6076fb696f\"  href = \"http:\/\/www.korvbrodsbagarn.se\/\" target='_blank'><span class=\" ubtn ubtn-normal ubtn-no-hover-bg  ulta-grow  ubtn-shd  ubtn-center  shd-bottom\"  data-hover=\"#d6b048\" data-border-color=\"#d6b048\" data-hover-bg=\"#d6b048\" data-border-hover=\"#d6b048\" data-shadow-hover=\"0 3px rgba(255,255,255,0.5);\" data-shadow-click=\"none\" data-shadow=\"0 3px rgba(255,255,255,0.5);\" data-shd-shadow=\"3\" style=\"border-radius:5px;border-width:2px;border-color:#d6b048;border-style:solid;box-shadow: 0 3px rgba(255,255,255,0.5);background: #d6b048;color: #ffffff;\"><span class=\"ubtn-hover\"><\/span><span class=\"ubtn-data ubtn-text\" data-lang=\"en\"><\/p>\n<h4>KORVBR\u00d6DSBAGARN<\/h4>\n<p><\/span><\/span><\/a><\/div>[\/vc_column_inner][\/vc_row_inner][\/vc_column][\/vc_row][vc_row ult_hide_row=&#8221;ult_hide_row_value&#8221; ult_hide_row_large_screen=&#8221;large_screen&#8221; ult_hide_row_desktop=&#8221;desktop&#8221; ult_hide_row_tablet=&#8221;tablet&#8221; ult_hide_row_tablet_small=&#8221;off&#8221; ult_hide_row_mobile=&#8221;off&#8221; ult_hide_row_mobile_large=&#8221;off&#8221;][vc_column css=&#8221;.vc_custom_1464878711237{padding-top: 100px !important;padding-bottom: 100px !important;background-image: url(http:\/\/ww2.elsnordic.com\/korvbrodsbagarn\/wp-content\/uploads\/sites\/68\/2015\/08\/brod2.png?id=11721) !important;background-position: center !important;background-repeat: no-repeat !important;background-size: cover !important;}&#8221; offset=&#8221;vc_hidden-lg vc_hidden-md vc_hidden-sm&#8221;]<div id=\"ultimate-heading69f6076fb69d4\" class=\"uvc-heading dfd-delim-top   heading-config-top dfd-disable-resposive-headings\"  data-hspacer=\"no_spacer\"  data-halign=\"center\" style=\"text-align:center\"><div class=\"uvc-heading-spacer no_spacer\" style=\"\"><\/div><h1 class=\"widget-title uvc-main-heading\" style=\"font-style:normal;font-weight:500;font-size:30px;color:#ffffff;line-height:-15px;\">HAMBURGERBR\u00d6D<\/h1><\/div>[\/vc_column][\/vc_row]<\/p>\n","protected":false},"excerpt":{"rendered":"<p>[vc_row full_height=&#8221;yes&#8221; dfd_row_config=&#8221;full_width_content&#8221; bg_type=&#8221;image&#8221; bg_image_new=&#8221;11605&#8243; ult_hide_row=&#8221;ult_hide_row_value&#8221; ult_hide_row_large_screen=&#8221;off&#8221; ult_hide_row_desktop=&#8221;off&#8221; ult_hide_row_tablet=&#8221;off&#8221; ult_hide_row_tablet_small=&#8221;xs_tablet&#8221; ult_hide_row_mobile=&#8221;mobile&#8221; ult_hide_row_mobile_large=&#8221;xl_mobile&#8221;][vc_column css=&#8221;.vc_custom_1466668927890{padding-top: 180px !important;}&#8221; offset=&#8221;vc_hidden-sm vc_hidden-xs&#8221;][vc_row_inner][vc_column_inner width=&#8221;1\/4&#8243;][\/vc_column_inner][vc_column_inner width=&#8221;1\/4&#8243; css=&#8221;.vc_custom_1466667363492{padding-left: 7% !important;}&#8221;][\/vc_column_inner][vc_column_inner width=&#8221;1\/4&#8243; css=&#8221;.vc_custom_1466667352141{padding-right: 7% !important;}&#8221;][\/vc_column_inner][vc_column_inner width=&#8221;1\/4&#8243;][\/vc_column_inner][\/vc_row_inner][\/vc_column][\/vc_row][vc_row force_equal_height_columns=&#8221;main_row&#8221; dfd_row_config=&#8221;full_width_content&#8221; ult_hide_row=&#8221;ult_hide_row_value&#8221;<\/p>\n","protected":false},"author":10,"featured_media":0,"parent":0,"menu_order":0,"comment_status":"open","ping_status":"open","template":"page-custom.php","meta":[],"_links":{"self":[{"href":"http:\/\/ww2.elsnordic.com\/korvbrodsbagarn\/wp-json\/wp\/v2\/pages\/5"}],"collection":[{"href":"http:\/\/ww2.elsnordic.com\/korvbrodsbagarn\/wp-json\/wp\/v2\/pages"}],"about":[{"href":"http:\/\/ww2.elsnordic.com\/korvbrodsbagarn\/wp-json\/wp\/v2\/types\/page"}],"author":[{"embeddable":true,"href":"http:\/\/ww2.elsnordic.com\/korvbrodsbagarn\/wp-json\/wp\/v2\/users\/10"}],"replies":[{"embeddable":true,"href":"http:\/\/ww2.elsnordic.com\/korvbrodsbagarn\/wp-json\/wp\/v2\/comments?post=5"}],"version-history":[{"count":203,"href":"http:\/\/ww2.elsnordic.com\/korvbrodsbagarn\/wp-json\/wp\/v2\/pages\/5\/revisions"}],"predecessor-version":[{"id":12145,"href":"http:\/\/ww2.elsnordic.com\/korvbrodsbagarn\/wp-json\/wp\/v2\/pages\/5\/revisions\/12145"}],"wp:attachment":[{"href":"http:\/\/ww2.elsnordic.com\/korvbrodsbagarn\/wp-json\/wp\/v2\/media?parent=5"}],"curies":[{"name":"wp","href":"https:\/\/api.w.org\/{rel}","templated":true}]}}