{"id":13,"date":"2014-06-25T07:13:13","date_gmt":"2014-06-25T07:13:13","guid":{"rendered":"http:\/\/ww2.elsnordic.com\/lakeroldinner\/?page_id=13"},"modified":"2015-05-07T07:34:54","modified_gmt":"2015-05-07T07:34:54","slug":"kontakt","status":"publish","type":"page","link":"http:\/\/ww2.elsnordic.com\/lakeroldinner\/?page_id=13","title":{"rendered":"Kontakt"},"content":{"rendered":"<h1 style=\"font-weight: 100; color: #d80000; text-align: center;\"><strong>Kampanjen \u00e4r avslutad, vid fr\u00e5gor kontakta kundtj\u00e4nst.<\/strong><\/h1>\n<p style=\"text-align: center;\"><strong>\u00a0<\/strong><\/p>\n<h2><div class=\"space_20 clearfix\"><\/div>Fr\u00e5gor om kampanjen?<\/h2>\n<div class=\"row\"> <div class=\"col-md-6\">\n<p>Vid fr\u00e5gor eller synpunkter ang\u00e5ende anv\u00e4ndandet av v\u00e4rdechecken fr\u00e5n L\u00e4kerol,\u00a0var god\u00a0kontakta\u00a0European Loyalty Systems som har tagit fram de erbjudanden som ing\u00e5r.<\/p>\n<p style=\"color: #444444;\">European Loyalty Systems AB<br \/>\nM\u00f6lndalsv\u00e4gen 91<br \/>\n412 63 G\u00f6teborg<\/p>\n<p style=\"color: #444444;\">Telefon Kundtj\u00e4nst: 031-742 55 66<br \/>\nFax: 031-742 55 50<br \/>\nE-post: info@elssverige.se<\/p>\n<p style=\"color: #444444;\">\u00d6ppettider: m\u00e5ndag-fredag kl. 09.00-17.00.<\/p>\n<\/div><div class=\"col-md-6\">\n<p>&nbsp;<\/p>\n<\/div><\/div>\n<div class=\"space_80 clearfix\"><\/div>\n<div class=\"space_80 clearfix\"><\/div>\n<p>&nbsp;<\/p>\n","protected":false},"excerpt":{"rendered":"<p>Kampanjen \u00e4r avslutad, vid fr\u00e5gor kontakta kundtj\u00e4nst. \u00a0 Fr\u00e5gor om kampanjen? &nbsp;<\/p>\n","protected":false},"author":4,"featured_media":0,"parent":0,"menu_order":0,"comment_status":"open","ping_status":"open","template":"page-fullwidth.php","meta":[],"_links":{"self":[{"href":"http:\/\/ww2.elsnordic.com\/lakeroldinner\/index.php?rest_route=\/wp\/v2\/pages\/13"}],"collection":[{"href":"http:\/\/ww2.elsnordic.com\/lakeroldinner\/index.php?rest_route=\/wp\/v2\/pages"}],"about":[{"href":"http:\/\/ww2.elsnordic.com\/lakeroldinner\/index.php?rest_route=\/wp\/v2\/types\/page"}],"author":[{"embeddable":true,"href":"http:\/\/ww2.elsnordic.com\/lakeroldinner\/index.php?rest_route=\/wp\/v2\/users\/4"}],"replies":[{"embeddable":true,"href":"http:\/\/ww2.elsnordic.com\/lakeroldinner\/index.php?rest_route=%2Fwp%2Fv2%2Fcomments&post=13"}],"version-history":[{"count":6,"href":"http:\/\/ww2.elsnordic.com\/lakeroldinner\/index.php?rest_route=\/wp\/v2\/pages\/13\/revisions"}],"predecessor-version":[{"id":718,"href":"http:\/\/ww2.elsnordic.com\/lakeroldinner\/index.php?rest_route=\/wp\/v2\/pages\/13\/revisions\/718"}],"wp:attachment":[{"href":"http:\/\/ww2.elsnordic.com\/lakeroldinner\/index.php?rest_route=%2Fwp%2Fv2%2Fmedia&parent=13"}],"curies":[{"name":"wp","href":"https:\/\/api.w.org\/{rel}","templated":true}]}}