{"id":15,"date":"2014-06-25T07:14:03","date_gmt":"2014-06-25T07:14:03","guid":{"rendered":"http:\/\/ww2.elsnordic.com\/lakeroldinner\/?page_id=15"},"modified":"2015-05-07T07:35:17","modified_gmt":"2015-05-07T07:35:17","slug":"restauranger","status":"publish","type":"page","link":"http:\/\/ww2.elsnordic.com\/lakeroldinner\/?page_id=15","title":{"rendered":"Restauranger"},"content":{"rendered":"<h1 style=\"font-weight: 100; color: #d80000; text-align: center;\"><strong>Kampanjen \u00e4r avslutad, vid fr\u00e5gor kontakta kundtj\u00e4nst.<\/strong><\/h1>\n<p style=\"text-align: center;\"><strong>\u00a0<\/strong><\/p>\n<div class=\"space_40 clearfix\"><\/div>\n","protected":false},"excerpt":{"rendered":"<p>Kampanjen \u00e4r avslutad, vid fr\u00e5gor kontakta kundtj\u00e4nst. \u00a0<\/p>\n","protected":false},"author":4,"featured_media":0,"parent":0,"menu_order":0,"comment_status":"closed","ping_status":"closed","template":"page-portfolio.php","meta":[],"_links":{"self":[{"href":"http:\/\/ww2.elsnordic.com\/lakeroldinner\/index.php?rest_route=\/wp\/v2\/pages\/15"}],"collection":[{"href":"http:\/\/ww2.elsnordic.com\/lakeroldinner\/index.php?rest_route=\/wp\/v2\/pages"}],"about":[{"href":"http:\/\/ww2.elsnordic.com\/lakeroldinner\/index.php?rest_route=\/wp\/v2\/types\/page"}],"author":[{"embeddable":true,"href":"http:\/\/ww2.elsnordic.com\/lakeroldinner\/index.php?rest_route=\/wp\/v2\/users\/4"}],"replies":[{"embeddable":true,"href":"http:\/\/ww2.elsnordic.com\/lakeroldinner\/index.php?rest_route=%2Fwp%2Fv2%2Fcomments&post=15"}],"version-history":[{"count":2,"href":"http:\/\/ww2.elsnordic.com\/lakeroldinner\/index.php?rest_route=\/wp\/v2\/pages\/15\/revisions"}],"predecessor-version":[{"id":719,"href":"http:\/\/ww2.elsnordic.com\/lakeroldinner\/index.php?rest_route=\/wp\/v2\/pages\/15\/revisions\/719"}],"wp:attachment":[{"href":"http:\/\/ww2.elsnordic.com\/lakeroldinner\/index.php?rest_route=%2Fwp%2Fv2%2Fmedia&parent=15"}],"curies":[{"name":"wp","href":"https:\/\/api.w.org\/{rel}","templated":true}]}}