{"id":4,"date":"2014-06-25T07:07:20","date_gmt":"2014-06-25T07:07:20","guid":{"rendered":"http:\/\/ww2.elsnordic.com\/lakeroldinner\/?page_id=4"},"modified":"2017-06-02T09:18:57","modified_gmt":"2017-06-02T09:18:57","slug":"start","status":"publish","type":"page","link":"http:\/\/ww2.elsnordic.com\/lakeroldinner\/","title":{"rendered":"Start"},"content":{"rendered":"<h1 style=\"font-weight: 100; color: #d80000; text-align: center;\"><strong>Kampanjen \u00e4r avslutad, vid fr\u00e5gor kontakta kundtj\u00e4nst.<\/strong><\/h1>\n<p style=\"text-align: center;\"><strong>\u00a0<\/strong><\/p>\n<div class=\"space_20 clearfix\"><\/div> <div class=\"row\"> <div class=\"col-md-6\"><div class=\"space_40 clearfix\"><\/div>\n<p>&nbsp;<\/p>\n<h1><span style=\"color: #78b31d;\">K\u00f6p tv\u00e5 produkter fr\u00e5n L\u00e4kerol<\/span> <span style=\"color: #78b31d;\"> \u2013 g\u00e5 2 f\u00f6r 1 p\u00e5 restaurang!<\/span><\/h1>\n<p>Visst vore det v\u00e4l underbart att unna sig en middag p\u00e5\u00a0restaurang med n\u00e5gon du tycker om? Nu bjuder L\u00e4kerol p\u00e5\u00a0den ena huvudr\u00e4tten p\u00e5 utvalda restauranger i hela Sverige.\u00a0Det enda du beh\u00f6ver g\u00f6ra f\u00f6r att ta del av erbjudandet \u00e4r\u00a0att k\u00f6pa <em><strong>2 valfria L\u00e4kerolprodukter<\/strong><\/em>. Erbjudandet g\u00e4ller\u00a0\u201dg\u00e5 2 betala f\u00f6r 1\u201d. V\u00e4lj mellan de utvalda\u00a0restaurangerna i hela Sverige som finns listade<a href=\"http:\/\/ww2.elsnordic.com\/lakeroldinner\/?page_id=15\"> h\u00e4r<\/a>. L\u00e4s\u00a0<a title=\"Villkor\" href=\"http:\/\/ww2.elsnordic.com\/lakeroldinner\/?page_id=11\">villkor<\/a> och\u00a0regler samt <a title=\"G\u00f6r s\u00e5 h\u00e4r\" href=\"http:\/\/ww2.elsnordic.com\/lakeroldinner\/?page_id=7\">instruktioner<\/a> p\u00e5 hur du tar del av erbjudandet. <div class=\"space_20 clearfix\"><\/div><a href=\"http:\/\/ww2.elsnordic.com\/lakeroldinner\/?page_id=15\" class=\"kad-btn btn-shortcode kad-btn-primary\" style=\"background-color:#ca0237; color:#FFF\">Till restauranger<\/a> <a href=\"http:\/\/lakerol.elscampaign.com\/\" class=\"kad-btn btn-shortcode kad-btn-primary\" style=\"background-color:#ca0237; color:#FFF\">Till v\u00e4rdecheckar<\/a> <div class=\"space_40 clearfix\"><\/div> <img loading=\"lazy\" class=\"size-full wp-image-5 alignleft\" src=\"http:\/\/ww2.elsnordic.com\/lakeroldinnerfree\/wp-content\/uploads\/sites\/8\/2014\/06\/Lakerol_logo.png\" rel=\"lightbox\"  alt=\"Lakerol_logo\" width=\"300\" height=\"114\" \/> <\/div><div class=\"col-md-6\"><a href=\"http:\/\/ww2.elsnordic.com\/lakeroldinner\/wp-content\/uploads\/sites\/12\/2014\/06\/startsidebild_2for1.png\" rel=\"lightbox\" ><img loading=\"lazy\" class=\"size-full wp-image-49 alignright\" src=\"http:\/\/ww2.elsnordic.com\/lakeroldinner\/wp-content\/uploads\/sites\/12\/2014\/06\/startsidebild_2for1.png\" alt=\"startsidebild_2for1\" width=\"887\" height=\"877\" srcset=\"http:\/\/ww2.elsnordic.com\/lakeroldinner\/wp-content\/uploads\/sites\/12\/2014\/06\/startsidebild_2for1.png 887w, http:\/\/ww2.elsnordic.com\/lakeroldinner\/wp-content\/uploads\/sites\/12\/2014\/06\/startsidebild_2for1-300x296.png 300w\" sizes=\"(max-width: 887px) 100vw, 887px\" \/><\/a> \u00a0 <\/div><\/div>\n","protected":false},"excerpt":{"rendered":"<p>Kampanjen \u00e4r avslutad, vid fr\u00e5gor kontakta kundtj\u00e4nst. \u00a0<\/p>\n","protected":false},"author":4,"featured_media":0,"parent":0,"menu_order":0,"comment_status":"open","ping_status":"open","template":"page-fullwidth.php","meta":[],"_links":{"self":[{"href":"http:\/\/ww2.elsnordic.com\/lakeroldinner\/index.php?rest_route=\/wp\/v2\/pages\/4"}],"collection":[{"href":"http:\/\/ww2.elsnordic.com\/lakeroldinner\/index.php?rest_route=\/wp\/v2\/pages"}],"about":[{"href":"http:\/\/ww2.elsnordic.com\/lakeroldinner\/index.php?rest_route=\/wp\/v2\/types\/page"}],"author":[{"embeddable":true,"href":"http:\/\/ww2.elsnordic.com\/lakeroldinner\/index.php?rest_route=\/wp\/v2\/users\/4"}],"replies":[{"embeddable":true,"href":"http:\/\/ww2.elsnordic.com\/lakeroldinner\/index.php?rest_route=%2Fwp%2Fv2%2Fcomments&post=4"}],"version-history":[{"count":37,"href":"http:\/\/ww2.elsnordic.com\/lakeroldinner\/index.php?rest_route=\/wp\/v2\/pages\/4\/revisions"}],"predecessor-version":[{"id":715,"href":"http:\/\/ww2.elsnordic.com\/lakeroldinner\/index.php?rest_route=\/wp\/v2\/pages\/4\/revisions\/715"}],"wp:attachment":[{"href":"http:\/\/ww2.elsnordic.com\/lakeroldinner\/index.php?rest_route=%2Fwp%2Fv2%2Fmedia&parent=4"}],"curies":[{"name":"wp","href":"https:\/\/api.w.org\/{rel}","templated":true}]}}