{"id":18,"date":"2014-06-11T13:25:33","date_gmt":"2014-06-11T13:25:33","guid":{"rendered":"http:\/\/ww2.elsnordic.com\/lindtlykta\/?page_id=18"},"modified":"2016-08-31T10:04:26","modified_gmt":"2016-08-31T10:04:26","slug":"villkor","status":"publish","type":"page","link":"http:\/\/ww2.elsnordic.com\/lindtlykta\/villkor\/","title":{"rendered":"Villkor"},"content":{"rendered":"<ul class=\"bullet_arrow4 imglist\">\n<li>L\u00e4s igenom erbjudandet och villkor noggrant innan anv\u00e4ndandet. Erbjudandet g\u00e4ller endast p\u00e5 de villkor som anges.<\/li>\n<li>Kampanjen g\u00e4ller 2-pack Kastehelmi ljuslyktor fr\u00e5n Iittala i f\u00e4rgen klar eller gr\u00e5. Du kan erh\u00e5lla dessa ljuslyktor vid ink\u00f6p av 6 chokladkakor fr\u00e5n Lindt Excellence eller Creation \u00f6ver 50g.<\/li>\n<li>N\u00e4r du k\u00f6per 6 st chokladkakor fr\u00e5n Lindt Excellence eller Creation f\u00e5r du ett 2-pack Kastehelmi ljuslykta fr\u00e5n Iittala. F\u00f6r att ta del av erbjudandet kr\u00e4vs det att du skickar in streckkoder fr\u00e5n 6 st chokladkakor fr\u00e5n Lindt Excellence eller Creation, minst 50g.<\/li>\n<li>Erbjudandet kan ej kombineras med andra erbjudanden eller rabatter och g\u00e4ller max 2 st g\u00e5nger per hush\u00e5ll. Senast datum f\u00f6r registrering av uppgifter \u00e4r den <strong>28 november 2016<\/strong>.<\/li>\n<li>Vid registrering av ljuslyktorna tillkommer en avgift f\u00f6r frakt och hantering p\u00e5 49 kr per registrering. G\u00e4ller endast leverans inom Sverige.<\/li>\n<li>Kampanjbeviset och streckkoderna m\u00e5ste vara ELS tillhanda senast den <strong>12 december 2016<\/strong>.<\/li>\n<li>Inom ca 4 veckor efter att vi mottagit och kontrollerat dina streckkoder kommer dina ljuslyktor att skickas till dig.<\/li>\n<li>Erbjudandet g\u00e4ller s\u00e5 l\u00e5ngt lagret r\u00e4cker. Observera att ljuslyktorna eller \u00f6nskad f\u00e4rg kan ta slut innan utsatta datum.<\/li>\n<li>L\u00e4s mer under <strong><a href=\"http:\/\/ww2.elsnordic.com\/lindtlykta\/start-2\/\">\u201dG\u00f6r s\u00e5 h\u00e4r\u201d<\/a><\/strong> f\u00f6r att f\u00e5 reda p\u00e5 hur du g\u00e5r tillv\u00e4ga.<\/li>\n<li>F\u00f6r att anv\u00e4nda erbjudandet, ska innehavaren vara \u00f6ver 18 \u00e5r.<\/li>\n<li>Vid eventuella tveksamheter ang\u00e5ende vad som omfattas av erbjudandet, villkor och dylikt, \u00e5ligger det alltid kunden att kontrollera vad som g\u00e4ller innan anv\u00e4ndande. Om villkoren och reglerna som anges h\u00e4r ej f\u00f6ljs eller missbrukas, har ni ej n\u00e5gon r\u00e4tt att anv\u00e4nda angivet erbjudande.<\/li>\n<li>European Loyalty Systems AB och Lindt reserverar sig f\u00f6r felaktig information och \u00e4r ej ansvariga f\u00f6r f\u00f6rsvunna eller felskickade mail eller bortkommen post med streckkoder. European Loyalty Systems AB och Lindt ansvarar inte f\u00f6r tryckfel eller skada p.g.a. force majeure s\u00e5som brand, olycksfall, strejk eller dylikt. Genom att registrera dina uppgifter har du ocks\u00e5 accepterat villkoren som n\u00e4mns h\u00e4r. Villkoren i kampanjen kan \u00e4ven \u00e4ndras utan f\u00f6rvarning.<\/li>\n<li>Alla fr\u00e5gor och synpunkter r\u00f6rande denna kampanj st\u00e4lls till European Loyalty Systems AB, kundservice tel: 031-742 55 66 eller e-post info@elssverige.se.<\/li>\n<\/ul>\n","protected":false},"excerpt":{"rendered":"<p>L\u00e4s igenom erbjudandet och villkor noggrant innan anv\u00e4ndandet. Erbjudandet g\u00e4ller endast p\u00e5 de villkor som anges. Kampanjen g\u00e4ller 2-pack Kastehelmi [&hellip;]<\/p>\n","protected":false},"author":4,"featured_media":0,"parent":0,"menu_order":0,"comment_status":"open","ping_status":"closed","template":"template-full-custom.php","meta":[],"_links":{"self":[{"href":"http:\/\/ww2.elsnordic.com\/lindtlykta\/wp-json\/wp\/v2\/pages\/18"}],"collection":[{"href":"http:\/\/ww2.elsnordic.com\/lindtlykta\/wp-json\/wp\/v2\/pages"}],"about":[{"href":"http:\/\/ww2.elsnordic.com\/lindtlykta\/wp-json\/wp\/v2\/types\/page"}],"author":[{"embeddable":true,"href":"http:\/\/ww2.elsnordic.com\/lindtlykta\/wp-json\/wp\/v2\/users\/4"}],"replies":[{"embeddable":true,"href":"http:\/\/ww2.elsnordic.com\/lindtlykta\/wp-json\/wp\/v2\/comments?post=18"}],"version-history":[{"count":27,"href":"http:\/\/ww2.elsnordic.com\/lindtlykta\/wp-json\/wp\/v2\/pages\/18\/revisions"}],"predecessor-version":[{"id":437,"href":"http:\/\/ww2.elsnordic.com\/lindtlykta\/wp-json\/wp\/v2\/pages\/18\/revisions\/437"}],"wp:attachment":[{"href":"http:\/\/ww2.elsnordic.com\/lindtlykta\/wp-json\/wp\/v2\/media?parent=18"}],"curies":[{"name":"wp","href":"https:\/\/api.w.org\/{rel}","templated":true}]}}