{"id":59,"date":"2014-06-13T09:44:43","date_gmt":"2014-06-13T09:44:43","guid":{"rendered":"http:\/\/ww2.elsnordic.com\/lindtlykta\/?page_id=59"},"modified":"2016-12-21T12:42:15","modified_gmt":"2016-12-21T12:42:15","slug":"start","status":"publish","type":"page","link":"http:\/\/ww2.elsnordic.com\/lindtlykta\/","title":{"rendered":"Hem"},"content":{"rendered":"<p style=\"text-align: center; font-variant: small-caps; letter-spacing: 4pt; font-weight: thin; font-size: 13pt; font-family: lucida sans unicode,sans-serif;\"><span style=\"color: #000000;\">innan du tar del av erbjudandet<\/span><\/p>\n<div class=\"cta-element\"><h2 class=\"cta-title\"><\/h2><a class=\"button\" href=\"http:\/\/ww2.elsnordic.com\/lindtlykta\/villkor\/\">L\u00e4s villkor<\/a><\/div>\n<p>&nbsp;<\/p>\n<hr \/>\n<p>&nbsp;<\/p>\n<p style=\"text-align: center; font-variant: small-caps; letter-spacing: 4pt; font-weight: thin; font-size: 13pt; font-family: lucida sans unicode,sans-serif;\"><span style=\"color: #000000;\">l\u00e4s mer om oss p\u00e5 l\u00e4nkarna nedan:<\/span><\/p>\n<div class=\"services-wrapper services-thumbnail pexeto-parallax\"><div class=\"services-box col\"><div class=\"thumbnail-wrapper\"><div class=\"services-img\" style=\"background-image:url(http:\/\/ww2.elsnordic.com\/lindtlykta\/wp-content\/uploads\/sites\/81\/2015\/06\/lock3.png)\"><\/div><div class=\"services-content\"><div class=\"sc-wraper\"><h3><a href=\"http:\/\/www.lindt.se\/\">Lindt<\/a><\/h3><\/div><\/div><\/div><\/div><div class=\"services-box col\"><div class=\"thumbnail-wrapper\"><div class=\"services-img\" style=\"background-image:url(http:\/\/ww2.elsnordic.com\/lindtlykta\/wp-content\/uploads\/sites\/81\/2015\/06\/frontpage-non-delivery-full-colours.png)\"><\/div><div class=\"services-content\"><div class=\"sc-wraper\"><h3><a href=\"https:\/\/www.iittala.com\/home\">IIttala<\/a><\/h3><\/div><\/div><\/div><\/div><div class=\"clear\"><\/div><\/div>\n<p>&nbsp;<\/p>\n<p>&nbsp;<\/p>\n<p>&nbsp;<\/p>\n","protected":false},"excerpt":{"rendered":"<p>innan du tar del av erbjudandet &nbsp; &nbsp; l\u00e4s mer om oss p\u00e5 l\u00e4nkarna nedan: &nbsp; &nbsp; &nbsp;<\/p>\n","protected":false},"author":4,"featured_media":0,"parent":0,"menu_order":0,"comment_status":"closed","ping_status":"closed","template":"template-full-custom.php","meta":[],"_links":{"self":[{"href":"http:\/\/ww2.elsnordic.com\/lindtlykta\/wp-json\/wp\/v2\/pages\/59"}],"collection":[{"href":"http:\/\/ww2.elsnordic.com\/lindtlykta\/wp-json\/wp\/v2\/pages"}],"about":[{"href":"http:\/\/ww2.elsnordic.com\/lindtlykta\/wp-json\/wp\/v2\/types\/page"}],"author":[{"embeddable":true,"href":"http:\/\/ww2.elsnordic.com\/lindtlykta\/wp-json\/wp\/v2\/users\/4"}],"replies":[{"embeddable":true,"href":"http:\/\/ww2.elsnordic.com\/lindtlykta\/wp-json\/wp\/v2\/comments?post=59"}],"version-history":[{"count":90,"href":"http:\/\/ww2.elsnordic.com\/lindtlykta\/wp-json\/wp\/v2\/pages\/59\/revisions"}],"predecessor-version":[{"id":416,"href":"http:\/\/ww2.elsnordic.com\/lindtlykta\/wp-json\/wp\/v2\/pages\/59\/revisions\/416"}],"wp:attachment":[{"href":"http:\/\/ww2.elsnordic.com\/lindtlykta\/wp-json\/wp\/v2\/media?parent=59"}],"curies":[{"name":"wp","href":"https:\/\/api.w.org\/{rel}","templated":true}]}}