{"id":59,"date":"2014-06-13T09:44:43","date_gmt":"2014-06-13T09:44:43","guid":{"rendered":"http:\/\/ww2.elsnordic.com\/liptonnyaklassiker\/?page_id=59"},"modified":"2016-06-13T09:07:07","modified_gmt":"2016-06-13T09:07:07","slug":"test","status":"publish","type":"page","link":"http:\/\/ww2.elsnordic.com\/liptonnyaklassiker\/","title":{"rendered":"Start"},"content":{"rendered":"<div class=\"services-wrapper services-fullbox cols-wrapper cols-3\" style=\"background-color:#f9ae00;color:#ffffff;\"><div class=\"services-box col\"><div class=\"services-content\"><div class=\"sc-wraper\"><h3><p align=\"left\"><span style=\"color:#773b8f\"><strong>KONTAKT<\/strong><\/span><\/p><\/h3><p><p align=\"left\"><span style=\"line-height:20px\"><strong>ELS kundtj\u00e4nst: <\/strong>031-742 55 66<br>\r\n<strong>E-post:<\/strong> info@elssverige.se<\/br>\r\n<strong>\u00d6ppet:<\/strong> m\u00e5n-fre 09.00-17.00<p align=\"center\"><\/span><\/p><\/div><\/div><\/div><div class=\"services-box col services-no-content\"><a href=\"https:\/\/www.facebook.com\/lipton.sverige\/?brand_redir=200106643364694\"><div class=\"img-container\"><img src=\"http:\/\/ww2.elsnordic.com\/liptonnyaklassiker\/wp-content\/uploads\/sites\/58\/2016\/01\/lipton_content_31.png\" alt=\"\"\/><\/div><\/a><div class=\"services-content\"><div class=\"sc-wraper\"><\/div><\/div><\/div><div class=\"services-box col nomargin\"><div class=\"services-content\"><div class=\"sc-wraper\"><h3><p align=\"left\"><span style=\"color:#773b8f; \"><strong>ANSVARIG UTGIVARE<\/strong><\/span><\/p><\/h3><p><strong><p align=\"left\"><span style=\"line-height:20px\">European Loyalty Systems AB<br>\r\nM\u00f6lndalsv\u00e4gen 91<\/br>\r\n412 63 G\u00f6teborg<\/p><\/strong><\/span><\/p><\/div><\/div><\/div><div class=\"services-box col services-no-content\"><a href=\"http:\/\/www.cdon.com\/\"><div class=\"img-container\"><img src=\"http:\/\/ww2.elsnordic.com\/liptonnyaklassiker\/wp-content\/uploads\/sites\/58\/2016\/03\/cdon_vontent2.png\" alt=\"\"\/><\/div><\/a><div class=\"services-content\"><div class=\"sc-wraper\"><\/div><\/div><\/div><div class=\"services-box col\"><div class=\"services-content\"><div class=\"sc-wraper\"><h3><p align=\"left\"><span style=\"color:#773b8f;\"><strong>Fr\u00e5gor om kampanjen?<\/strong><\/span><\/p><\/h3><p><p align=\"left\">Vid fr\u00e5gor eller synpunkter ang\u00e5ende anv\u00e4ndandet av erbjudandet, var god kontakta European Loyalty Systems AB.<\/p><\/p><\/div><\/div><\/div><div class=\"services-box col nomargin services-no-content\"><a href=\"http:\/\/www.rorstrand.se\/\"><div class=\"img-container\"><img src=\"http:\/\/ww2.elsnordic.com\/liptonnyaklassiker\/wp-content\/uploads\/sites\/58\/2016\/01\/rorstrand.png\" alt=\"\"\/><\/div><\/a><div class=\"services-content\"><div class=\"sc-wraper\"><\/div><\/div><\/div><div class=\"clear\"><\/div><\/div>\n","protected":false},"excerpt":{"rendered":"KONTAKTELS kundtj\u00e4nst: 031-742 55 66 E-post: info@elssverige.se \u00d6ppet: m\u00e5n-fre 09.00-17.00ANSVARIG UTGIVAREEuropean Loyalty Systems AB M\u00f6lndalsv\u00e4gen 91 412 63 G\u00f6teborgFr\u00e5gor om [...]","protected":false},"author":4,"featured_media":0,"parent":0,"menu_order":0,"comment_status":"closed","ping_status":"closed","template":"template-full-custom.php","meta":[],"_links":{"self":[{"href":"http:\/\/ww2.elsnordic.com\/liptonnyaklassiker\/wp-json\/wp\/v2\/pages\/59"}],"collection":[{"href":"http:\/\/ww2.elsnordic.com\/liptonnyaklassiker\/wp-json\/wp\/v2\/pages"}],"about":[{"href":"http:\/\/ww2.elsnordic.com\/liptonnyaklassiker\/wp-json\/wp\/v2\/types\/page"}],"author":[{"embeddable":true,"href":"http:\/\/ww2.elsnordic.com\/liptonnyaklassiker\/wp-json\/wp\/v2\/users\/4"}],"replies":[{"embeddable":true,"href":"http:\/\/ww2.elsnordic.com\/liptonnyaklassiker\/wp-json\/wp\/v2\/comments?post=59"}],"version-history":[{"count":266,"href":"http:\/\/ww2.elsnordic.com\/liptonnyaklassiker\/wp-json\/wp\/v2\/pages\/59\/revisions"}],"predecessor-version":[{"id":758,"href":"http:\/\/ww2.elsnordic.com\/liptonnyaklassiker\/wp-json\/wp\/v2\/pages\/59\/revisions\/758"}],"wp:attachment":[{"href":"http:\/\/ww2.elsnordic.com\/liptonnyaklassiker\/wp-json\/wp\/v2\/media?parent=59"}],"curies":[{"name":"wp","href":"https:\/\/api.w.org\/{rel}","templated":true}]}}