{"id":115,"date":"2014-06-16T09:17:44","date_gmt":"2014-06-16T09:17:44","guid":{"rendered":"http:\/\/ww2.elsnordic.com\/liptonsommar\/?page_id=115"},"modified":"2015-09-10T08:44:15","modified_gmt":"2015-09-10T08:44:15","slug":"start-2","status":"publish","type":"page","link":"http:\/\/ww2.elsnordic.com\/liptonsommar\/start-2\/","title":{"rendered":"G\u00f6r s\u00e5 h\u00e4r"},"content":{"rendered":"<div id=\"rev_slider_3_1_wrapper\" class=\"rev_slider_wrapper fullwidthbanner-container\" style=\"margin:0px auto;background-color:#E9E9E9;padding:0px;margin-top:0px;margin-bottom:25px;\">\n<!-- START REVOLUTION SLIDER 5.2.4.1 fullwidth mode -->\n\t<div id=\"rev_slider_3_1\" class=\"rev_slider fullwidthabanner tp-overflow-hidden\" style=\"display:none;\" data-version=\"5.2.4.1\">\n<ul>\t<!-- SLIDE  -->\n\t<li data-index=\"rs-3\" data-transition=\"fade\" data-slotamount=\"7\" data-hideafterloop=\"0\" data-hideslideonmobile=\"off\"  data-easein=\"default\" data-easeout=\"default\" data-masterspeed=\"300\"  data-thumb=\"http:\/\/ww2.elsnordic.com\/liptonsommar\/wp-content\/uploads\/sites\/29\/2015\/04\/Slideshow_gorsahar_lipton_1-100x50.png\"  data-rotate=\"0\"  data-saveperformance=\"off\"  data-title=\"Slide\" data-param1=\"\" data-param2=\"\" data-param3=\"\" data-param4=\"\" data-param5=\"\" data-param6=\"\" data-param7=\"\" data-param8=\"\" data-param9=\"\" data-param10=\"\" data-description=\"\">\n\t\t<!-- MAIN IMAGE -->\n\t\t<img src=\"http:\/\/ww2.elsnordic.com\/liptonsommar\/wp-content\/uploads\/sites\/29\/2015\/04\/Slideshow_gorsahar_lipton_1.png\"  alt=\"\" title=\"Slideshow_gorsahar_lipton_1\"  width=\"1200\" height=\"400\" data-bgposition=\"center center\" data-bgfit=\"cover\" data-bgrepeat=\"no-repeat\" class=\"rev-slidebg\" data-no-retina>\n\t\t<!-- LAYERS -->\n\t<\/li>\n\t<!-- SLIDE  -->\n\t<li data-index=\"rs-4\" data-transition=\"fade\" data-slotamount=\"7\" data-hideafterloop=\"0\" data-hideslideonmobile=\"off\"  data-easein=\"default\" data-easeout=\"default\" data-masterspeed=\"300\"  data-thumb=\"http:\/\/ww2.elsnordic.com\/liptonsommar\/wp-content\/uploads\/sites\/29\/2015\/04\/Slideshow_gorsahar_lipton_2-100x50.png\"  data-rotate=\"0\"  data-saveperformance=\"off\"  data-title=\"Slide\" data-param1=\"\" data-param2=\"\" data-param3=\"\" data-param4=\"\" data-param5=\"\" data-param6=\"\" data-param7=\"\" data-param8=\"\" data-param9=\"\" data-param10=\"\" data-description=\"\">\n\t\t<!-- MAIN IMAGE -->\n\t\t<img src=\"http:\/\/ww2.elsnordic.com\/liptonsommar\/wp-content\/uploads\/sites\/29\/2015\/04\/Slideshow_gorsahar_lipton_2.png\"  alt=\"\" title=\"Slideshow_gorsahar_lipton_2\"  width=\"1200\" height=\"400\" data-bgposition=\"center center\" data-bgfit=\"cover\" data-bgrepeat=\"no-repeat\" class=\"rev-slidebg\" data-no-retina>\n\t\t<!-- LAYERS -->\n\t<\/li>\n\t<!-- SLIDE  -->\n\t<li data-index=\"rs-5\" data-transition=\"fade\" data-slotamount=\"7\" data-hideafterloop=\"0\" data-hideslideonmobile=\"off\"  data-easein=\"default\" data-easeout=\"default\" data-masterspeed=\"300\"  data-thumb=\"http:\/\/ww2.elsnordic.com\/liptonsommar\/wp-content\/uploads\/sites\/29\/2015\/04\/Slideshow_gorsahar_lipton_3-100x50.png\"  data-rotate=\"0\"  data-saveperformance=\"off\"  data-title=\"Slide\" data-param1=\"\" data-param2=\"\" data-param3=\"\" data-param4=\"\" data-param5=\"\" data-param6=\"\" data-param7=\"\" data-param8=\"\" data-param9=\"\" data-param10=\"\" data-description=\"\">\n\t\t<!-- MAIN IMAGE -->\n\t\t<img src=\"http:\/\/ww2.elsnordic.com\/liptonsommar\/wp-content\/uploads\/sites\/29\/2015\/04\/Slideshow_gorsahar_lipton_3.png\"  alt=\"\" title=\"Slideshow_gorsahar_lipton_3\"  width=\"1200\" height=\"400\" data-bgposition=\"center center\" data-bgfit=\"cover\" data-bgrepeat=\"no-repeat\" class=\"rev-slidebg\" data-no-retina>\n\t\t<!-- LAYERS -->\n\t<\/li>\n\t<!-- SLIDE  -->\n\t<li data-index=\"rs-6\" data-transition=\"fade\" data-slotamount=\"7\" data-hideafterloop=\"0\" data-hideslideonmobile=\"off\"  data-easein=\"default\" data-easeout=\"default\" data-masterspeed=\"300\"  data-thumb=\"http:\/\/ww2.elsnordic.com\/liptonsommar\/wp-content\/uploads\/sites\/29\/2015\/04\/Slideshow_gorsahar_lipton_4-100x50.png\"  data-rotate=\"0\"  data-saveperformance=\"off\"  data-title=\"Slide\" data-param1=\"\" data-param2=\"\" data-param3=\"\" data-param4=\"\" data-param5=\"\" data-param6=\"\" data-param7=\"\" data-param8=\"\" data-param9=\"\" data-param10=\"\" data-description=\"\">\n\t\t<!-- MAIN IMAGE -->\n\t\t<img src=\"http:\/\/ww2.elsnordic.com\/liptonsommar\/wp-content\/uploads\/sites\/29\/2015\/04\/Slideshow_gorsahar_lipton_4.png\"  alt=\"\" title=\"Slideshow_gorsahar_lipton_4\"  width=\"1200\" height=\"400\" data-bgposition=\"center center\" data-bgfit=\"cover\" data-bgrepeat=\"no-repeat\" class=\"rev-slidebg\" data-no-retina>\n\t\t<!-- LAYERS -->\n\t<\/li>\n<\/ul>\n<script>var htmlDiv = document.getElementById(\"rs-plugin-settings-inline-css\"); var htmlDivCss=\"\";\n\t\t\t\t\t\tif(htmlDiv) {\n\t\t\t\t\t\t\thtmlDiv.innerHTML = htmlDiv.innerHTML + htmlDivCss;\n\t\t\t\t\t\t}else{\n\t\t\t\t\t\t\tvar htmlDiv = document.createElement(\"div\");\n\t\t\t\t\t\t\thtmlDiv.innerHTML = \"<style>\" + htmlDivCss + \"<\/style>\";\n\t\t\t\t\t\t\tdocument.getElementsByTagName(\"head\")[0].appendChild(htmlDiv.childNodes[0]);\n\t\t\t\t\t\t}\n\t\t\t\t\t<\/script>\n<div class=\"tp-bannertimer tp-bottom\" style=\"visibility: hidden !important;\"><\/div>\t<\/div>\n<script>var htmlDiv = document.getElementById(\"rs-plugin-settings-inline-css\"); var htmlDivCss=\"\";\n\t\t\t\tif(htmlDiv) {\n\t\t\t\t\thtmlDiv.innerHTML = htmlDiv.innerHTML + htmlDivCss;\n\t\t\t\t}else{\n\t\t\t\t\tvar htmlDiv = document.createElement(\"div\");\n\t\t\t\t\thtmlDiv.innerHTML = \"<style>\" + htmlDivCss + \"<\/style>\";\n\t\t\t\t\tdocument.getElementsByTagName(\"head\")[0].appendChild(htmlDiv.childNodes[0]);\n\t\t\t\t}\n\t\t\t<\/script>\n\t\t<script type=\"text\/javascript\">\n\t\t\t\t\t\t\/******************************************\n\t\t\t\t-\tPREPARE PLACEHOLDER FOR SLIDER\t-\n\t\t\t******************************************\/\n\n\t\t\tvar setREVStartSize=function(){\n\t\t\t\ttry{var e=new Object,i=jQuery(window).width(),t=9999,r=0,n=0,l=0,f=0,s=0,h=0;\n\t\t\t\t\te.c = jQuery('#rev_slider_3_1');\n\t\t\t\t\te.gridwidth = [1200];\n\t\t\t\t\te.gridheight = [400];\n\t\t\t\t\t\t\t\n\t\t\t\t\te.sliderLayout = \"fullwidth\";\n\t\t\t\t\tif(e.responsiveLevels&&(jQuery.each(e.responsiveLevels,function(e,f){f>i&&(t=r=f,l=e),i>f&&f>r&&(r=f,n=e)}),t>r&&(l=n)),f=e.gridheight[l]||e.gridheight[0]||e.gridheight,s=e.gridwidth[l]||e.gridwidth[0]||e.gridwidth,h=i\/s,h=h>1?1:h,f=Math.round(h*f),\"fullscreen\"==e.sliderLayout){var u=(e.c.width(),jQuery(window).height());if(void 0!=e.fullScreenOffsetContainer){var c=e.fullScreenOffsetContainer.split(\",\");if (c) jQuery.each(c,function(e,i){u=jQuery(i).length>0?u-jQuery(i).outerHeight(!0):u}),e.fullScreenOffset.split(\"%\").length>1&&void 0!=e.fullScreenOffset&&e.fullScreenOffset.length>0?u-=jQuery(window).height()*parseInt(e.fullScreenOffset,0)\/100:void 0!=e.fullScreenOffset&&e.fullScreenOffset.length>0&&(u-=parseInt(e.fullScreenOffset,0))}f=u}else void 0!=e.minHeight&&f<e.minHeight&&(f=e.minHeight);e.c.closest(\".rev_slider_wrapper\").css({height:f})\n\t\t\t\t\t\n\t\t\t\t}catch(d){console.log(\"Failure at Presize of Slider:\"+d)}\n\t\t\t};\n\t\t\t\n\t\t\tsetREVStartSize();\n\t\t\t\n\t\t\t\t\t\tvar tpj=jQuery;\n\t\t\ttpj.noConflict();\n\t\t\tvar revapi3;\n\t\t\ttpj(document).ready(function() {\n\t\t\t\tif(tpj(\"#rev_slider_3_1\").revolution == undefined){\n\t\t\t\t\trevslider_showDoubleJqueryError(\"#rev_slider_3_1\");\n\t\t\t\t}else{\n\t\t\t\t\trevapi3 = tpj(\"#rev_slider_3_1\").show().revolution({\n\t\t\t\t\t\tsliderType:\"standard\",\njsFileLocation:\"\/\/ww2.elsnordic.com\/liptonsommar\/wp-content\/plugins\/revslider\/public\/assets\/js\/\",\n\t\t\t\t\t\tsliderLayout:\"fullwidth\",\n\t\t\t\t\t\tdottedOverlay:\"none\",\n\t\t\t\t\t\tdelay:5100,\n\t\t\t\t\t\tnavigation: {\n\t\t\t\t\t\t\tkeyboardNavigation:\"off\",\n\t\t\t\t\t\t\tkeyboard_direction: \"horizontal\",\n\t\t\t\t\t\t\tmouseScrollNavigation:\"off\",\n \t\t\t\t\t\t\tmouseScrollReverse:\"default\",\n\t\t\t\t\t\t\tonHoverStop:\"on\",\n\t\t\t\t\t\t\ttouch:{\n\t\t\t\t\t\t\t\ttouchenabled:\"on\",\n\t\t\t\t\t\t\t\tswipe_threshold: 0.7,\n\t\t\t\t\t\t\t\tswipe_min_touches: 1,\n\t\t\t\t\t\t\t\tswipe_direction: \"horizontal\",\n\t\t\t\t\t\t\t\tdrag_block_vertical: false\n\t\t\t\t\t\t\t}\n\t\t\t\t\t\t\t,\n\t\t\t\t\t\t\tarrows: {\n\t\t\t\t\t\t\t\tstyle:\"hesperiden\",\n\t\t\t\t\t\t\t\tenable:true,\n\t\t\t\t\t\t\t\thide_onmobile:false,\n\t\t\t\t\t\t\t\thide_onleave:false,\n\t\t\t\t\t\t\t\ttmp:'',\n\t\t\t\t\t\t\t\tleft: {\n\t\t\t\t\t\t\t\t\th_align:\"left\",\n\t\t\t\t\t\t\t\t\tv_align:\"center\",\n\t\t\t\t\t\t\t\t\th_offset:20,\n\t\t\t\t\t\t\t\t\tv_offset:0\n\t\t\t\t\t\t\t\t},\n\t\t\t\t\t\t\t\tright: {\n\t\t\t\t\t\t\t\t\th_align:\"right\",\n\t\t\t\t\t\t\t\t\tv_align:\"center\",\n\t\t\t\t\t\t\t\t\th_offset:20,\n\t\t\t\t\t\t\t\t\tv_offset:0\n\t\t\t\t\t\t\t\t}\n\t\t\t\t\t\t\t}\n\t\t\t\t\t\t},\n\t\t\t\t\t\tvisibilityLevels:[1240,1024,778,480],\n\t\t\t\t\t\tgridwidth:1200,\n\t\t\t\t\t\tgridheight:400,\n\t\t\t\t\t\tlazyType:\"none\",\n\t\t\t\t\t\tshadow:0,\n\t\t\t\t\t\tspinner:\"spinner0\",\n\t\t\t\t\t\tstopLoop:\"off\",\n\t\t\t\t\t\tstopAfterLoops:-1,\n\t\t\t\t\t\tstopAtSlide:-1,\n\t\t\t\t\t\tshuffle:\"off\",\n\t\t\t\t\t\tautoHeight:\"off\",\n\t\t\t\t\t\tdisableProgressBar:\"on\",\n\t\t\t\t\t\thideThumbsOnMobile:\"off\",\n\t\t\t\t\t\thideSliderAtLimit:0,\n\t\t\t\t\t\thideCaptionAtLimit:0,\n\t\t\t\t\t\thideAllCaptionAtLilmit:0,\n\t\t\t\t\t\tdebugMode:false,\n\t\t\t\t\t\tfallbacks: {\n\t\t\t\t\t\t\tsimplifyAll:\"off\",\n\t\t\t\t\t\t\tnextSlideOnWindowFocus:\"off\",\n\t\t\t\t\t\t\tdisableFocusListener:false,\n\t\t\t\t\t\t}\n\t\t\t\t\t});\n\t\t\t\t}\n\t\t\t});\t\/*ready*\/\n\t\t<\/script>\n\t\t<script>\n\t\t\t\t\tvar htmlDivCss = unescape(\".hesperiden.tparrows%20%7B%0A%09cursor%3Apointer%3B%0A%09background%3Argba%280%2C0%2C0%2C0.5%29%3B%0A%09width%3A40px%3B%0A%09height%3A40px%3B%0A%09position%3Aabsolute%3B%0A%09display%3Ablock%3B%0A%09z-index%3A100%3B%0A%20%20%20%20border-radius%3A%2050%25%3B%0A%7D%0A.hesperiden.tparrows%3Ahover%20%7B%0A%09background%3Argba%280%2C%200%2C%200%2C%201%29%3B%0A%7D%0A.hesperiden.tparrows%3Abefore%20%7B%0A%09font-family%3A%20%22revicons%22%3B%0A%09font-size%3A20px%3B%0A%09color%3Argb%28255%2C%20255%2C%20255%29%3B%0A%09display%3Ablock%3B%0A%09line-height%3A%2040px%3B%0A%09text-align%3A%20center%3B%0A%7D%0A.hesperiden.tparrows.tp-leftarrow%3Abefore%20%7B%0A%09content%3A%20%22%5Ce82c%22%3B%0A%20%20%20%20margin-left%3A-3px%3B%0A%7D%0A.hesperiden.tparrows.tp-rightarrow%3Abefore%20%7B%0A%09content%3A%20%22%5Ce82d%22%3B%0A%20%20%20%20margin-right%3A-3px%3B%0A%7D%0A\");\n\t\t\t\t\tvar htmlDiv = document.getElementById('rs-plugin-settings-inline-css');\n\t\t\t\t\tif(htmlDiv) {\n\t\t\t\t\t\thtmlDiv.innerHTML = htmlDiv.innerHTML + htmlDivCss;\n\t\t\t\t\t}\n\t\t\t\t\telse{\n\t\t\t\t\t\tvar htmlDiv = document.createElement('div');\n\t\t\t\t\t\thtmlDiv.innerHTML = '<style>' + htmlDivCss + '<\/style>';\n\t\t\t\t\t\tdocument.getElementsByTagName('head')[0].appendChild(htmlDiv.childNodes[0]);\n\t\t\t\t\t}\n\t\t\t\t  <\/script>\n\t\t\t\t<\/div><!-- END REVOLUTION SLIDER --><br \/>\n<span style=\"font-size: 25px;\"><span style=\"color: #ebac27;\"><strong>1.<\/strong><\/span><\/span>\u00a0K\u00f6p minst 4 teaskar fr\u00e5n Lipton.<\/p>\n<p><span style=\"font-size: 25px;\"><span style=\"color: #ebac27;\"><strong>2.<\/strong><\/span><\/span> <strong><a href=\"http:\/\/liptonsommar.elscampaign.com\/\">Klicka h\u00e4r<\/a><\/strong> och registrera dina uppgifter samt antal streckkoder du vill skicka in senast<br \/>\nden <strong>31 augusti 2015.<\/strong> N\u00e4r du klickat p\u00e5\u00a0knappen \u201dskicka\u201d kommer du inom kort att f\u00e5 ett<br \/>\nmail till den e-postadress du angivit.<\/p>\n<p><span style=\"font-size: 25px;\"><span style=\"color: #ebac27;\"><strong>3. <\/strong><\/span><\/span>Skriv ut kampanjbeviset (pdf:en som ligger bifogad i mailet) och klipp ut antalet<br \/>\nstreckkoder som st\u00e5r angivet p\u00e5 ditt kampanjbevis.<\/p>\n<p><span style=\"font-size: 25px;\"><span style=\"color: #ebac27;\"><strong>4. <\/strong><\/span><\/span>L\u00e4gg streckkoderna tillsammans med kampanjbeviset i ett kuvert och skicka till:<\/p>\n<p><em>Lipton<br \/>\nc\/o ELS Sverige AB<br \/>\nM\u00f6lndalsv\u00e4gen 91<br \/>\n412 63 G\u00f6teborg<\/em><\/p>\n<p>Inom 14 dagar efter att vi mottagit och kontrollerat dina streckkoder kommer du att f\u00e5<br \/>\nytterligare ett e-mail med en v\u00e4rdekod fr\u00e5n Rum21.se. Koden ber\u00e4ttigar dig\u00a0till det antal<br \/>\nmuggar du \u00f6nskat n\u00e4r du fyllde i dina uppgifter.<\/p>\n<p><span style=\"font-size: 25px;\"><span style=\"color: #ebac27;\"><strong>5. <\/strong><\/span><\/span>Best\u00e4ll dina muggar med v\u00e4rdekoden p\u00e5 <a href=\"http:\/\/www.rum21.se\/\" target=\"_blank\"><strong>Rum21.se<\/strong>.<\/a> Dina muggar skickas\u00a0sedan till dig<br \/>\ninom 4 veckor. F\u00f6rutom muggarna fr\u00e5n R\u00f6rstrand ger din personliga v\u00e4rdekod dig dessutom<br \/>\n10% rabatt\u00a0p\u00e5 hela sortimentet* hos v\u00e5r samarbetspartner\u00a0<a href=\"http:\/\/www.rum21.se\/\" target=\"_blank\"><strong>Rum21.se<\/strong>.<\/a>\u00a0Observera att en fast<br \/>\nkostnad p\u00e5 49\u2009kr tillkommer f\u00f6r frakt\u00a0och hantering oavsett antal muggar du \u00f6nskar\u00a0best\u00e4lla och<br \/>\nbetalas i samband med dinbest\u00e4llning. G\u00e4ller endast leverans inom Sverige och max 4 muggar<br \/>\nper hush\u00e5ll.<\/p>\n<p>Ditt kampanjbevis och dina streckkoder ska vara oss tillhanda senast <strong>30 september 2015<\/strong><br \/>\noch v\u00e4rdekoden hos<a href=\"http:\/\/www.rum21.se\/\" target=\"_blank\"><strong> Rum21.se\u00a0<\/strong><\/a>\u00e4r giltig t\u2009o\u2009m <strong>15 oktober 2015.<\/strong><\/p>\n<p>Kampanjen innefattar 10.000\u2009st muggar och erbjudandet g\u00e4ller s\u00e5 l\u00e5ngt lagret\u00a0r\u00e4cker.<\/p>\n<p><em><strong>Observera att muggarna kan ta slut innan utsatta datum!<\/strong><\/em><\/p>\n<p style=\"font-size: 10pt;\"><em><strong>*G\u00e4ller ej kampanjvaror.<\/strong><\/em><\/p>\n","protected":false},"excerpt":{"rendered":"<p>1.\u00a0K\u00f6p minst 4 teaskar fr\u00e5n Lipton. 2. Klicka h\u00e4r och registrera dina uppgifter samt antal streckkoder du vill skicka in [&hellip;]<\/p>\n","protected":false},"author":4,"featured_media":0,"parent":0,"menu_order":0,"comment_status":"closed","ping_status":"closed","template":"template-full-custom.php","meta":[],"_links":{"self":[{"href":"http:\/\/ww2.elsnordic.com\/liptonsommar\/wp-json\/wp\/v2\/pages\/115"}],"collection":[{"href":"http:\/\/ww2.elsnordic.com\/liptonsommar\/wp-json\/wp\/v2\/pages"}],"about":[{"href":"http:\/\/ww2.elsnordic.com\/liptonsommar\/wp-json\/wp\/v2\/types\/page"}],"author":[{"embeddable":true,"href":"http:\/\/ww2.elsnordic.com\/liptonsommar\/wp-json\/wp\/v2\/users\/4"}],"replies":[{"embeddable":true,"href":"http:\/\/ww2.elsnordic.com\/liptonsommar\/wp-json\/wp\/v2\/comments?post=115"}],"version-history":[{"count":102,"href":"http:\/\/ww2.elsnordic.com\/liptonsommar\/wp-json\/wp\/v2\/pages\/115\/revisions"}],"predecessor-version":[{"id":524,"href":"http:\/\/ww2.elsnordic.com\/liptonsommar\/wp-json\/wp\/v2\/pages\/115\/revisions\/524"}],"wp:attachment":[{"href":"http:\/\/ww2.elsnordic.com\/liptonsommar\/wp-json\/wp\/v2\/media?parent=115"}],"curies":[{"name":"wp","href":"https:\/\/api.w.org\/{rel}","templated":true}]}}