{"id":18,"date":"2014-06-11T13:25:33","date_gmt":"2014-06-11T13:25:33","guid":{"rendered":"http:\/\/ww2.elsnordic.com\/liptonsommar\/?page_id=18"},"modified":"2015-09-10T08:46:33","modified_gmt":"2015-09-10T08:46:33","slug":"villkor","status":"publish","type":"page","link":"http:\/\/ww2.elsnordic.com\/liptonsommar\/villkor\/","title":{"rendered":"Villkor"},"content":{"rendered":"<ul>\n<li>L\u00e4s igenom erbjudandet och villkor noggrant innan anv\u00e4ndandet. Erbjudandet g\u00e4ller endast p\u00e5 de villkor som anges.<\/li>\n<\/ul>\n<ul>\n<li>Kampanjen g\u00e4ller Swedish Grace mugg, 30 cl, i f\u00e4rgen Sn\u00f6. Du kan erh\u00e5lla dessa muggar vid ink\u00f6p av minst 4 teaskar fr\u00e5n Lipton. G\u00e4ller samtliga produkter i Liptons Sveriges ordinarie dagligvaruhandels-sortiment f\u00f6rutom Lipton Ice Tea och Lipton Ice Tea Powder.<\/li>\n<li>N\u00e4r du k\u00f6per 4 st teaskar fr\u00e5n Lipton f\u00e5r du 1st mugg. Om du k\u00f6per 6 st teaskar, f\u00e5r du 2 st muggar. Om du ist\u00e4llet k\u00f6per 8 st teaskar f\u00e5r du 4 st muggar. F\u00f6r att ta del av erbjudandet kr\u00e4vs det att du skickar in streckkoder fr\u00e5n minst 4 st teaskar fr\u00e5n Lipton. Endast streckkoder som inhandlats under kampanjperioden godk\u00e4nns.<\/li>\n<\/ul>\n<ul>\n<li>Erbjudandet kan ej kombineras med andra erbjudanden eller rabatter och g\u00e4ller f\u00f6r max 4 st muggar och 1 g\u00e5ng per hush\u00e5ll.<\/li>\n<\/ul>\n<ul>\n<li>Senast datum f\u00f6r registrering av uppgifter \u00e4r den <strong>31 augusti 2015<\/strong>. Kampanjbeviset och streckkoderna m\u00e5ste vara ELS tillhanda senast den <strong>30 september 2015<\/strong> och erh\u00e5llen v\u00e4rdekod ska anv\u00e4ndas senast den <strong>15 oktober 2015<\/strong> hos Rum21. Efter detta datum f\u00f6rfaller v\u00e4rdekoden och g\u00e5r ej att anv\u00e4nda l\u00e4ngre, dvs det g\u00e5r ej att f\u00e5 n\u00e5gra muggar efter v\u00e4rdekodens f\u00f6rfallodatum. Kampanjen innefattar 10\u00a0000 st muggar och erbjudandet g\u00e4ller s\u00e5 l\u00e5ngt lagret r\u00e4cker. Observera att muggarna kan ta slut innan utsatta datum. L\u00e4s mer under &#8221;<strong><a href=\"http:\/\/ww2.elsnordic.com\/liptonsommar\/start-2\/\"><span style=\"color: #ebac27;\">G\u00f6r s\u00e5 h\u00e4r<\/span><\/a><\/strong>&#8221;<strong>\u00a0<\/strong>f\u00f6r att f\u00e5 reda p\u00e5 hur du g\u00e5r tillv\u00e4ga.<\/li>\n<\/ul>\n<ul>\n<li>N\u00e4r du l\u00f6ser in ditt erbjudande hos Rum21.se f\u00e5r du \u00e4ven 10% rabatt p\u00e5 hela deras sortiment* om du s\u00e5 \u00f6nskar.<\/li>\n<\/ul>\n<ul>\n<li>Vid best\u00e4llning av muggen eller muggarna tillkommer en avgift f\u00f6r frakt och hantering p\u00e5 49 kr oberoende av hur mur m\u00e5nga muggar du best\u00e4llt. G\u00e4ller endast leverans inom Sverige.<\/li>\n<\/ul>\n<ul>\n<li>V\u00e4rdekoden kan aldrig l\u00f6sas in eller bytas mot n\u00e5gon form av pengar och ej heller ges bort eller s\u00e4ljas vidare. Kopierad, manipulerad eller defekt kod accepteras ej och stulen eller f\u00f6rlorad s\u00e5dan ers\u00e4tts ej. F\u00f6r att anv\u00e4nda erbjudandet, ska innehavaren av v\u00e4rdekoden vara \u00f6ver 18 \u00e5r.<\/li>\n<\/ul>\n<ul>\n<li>Vid eventuella tveksamheter ang\u00e5ende vad som omfattas av erbjudandet, villkor och dylikt, \u00e5ligger det alltid kunden\/innehavaren av v\u00e4rdekoden att kontrollera vad som g\u00e4ller innan anv\u00e4ndande. Om villkoren och reglerna som anges h\u00e4r ej f\u00f6ljs eller missbrukas, har ni ej n\u00e5gon r\u00e4tt att anv\u00e4nda angivet erbjudande.<\/li>\n<\/ul>\n<ul>\n<li>European Loyalty Systems AB och Lipton reserverar sig f\u00f6r felaktig information och \u00e4r ej ansvariga f\u00f6r f\u00f6rsvunna eller felskickade mail eller bortkommen post med streckkoder. European Loyalty Systems AB och Lipton ansvarar inte f\u00f6r tryckfel eller skada p.g.a. force majeure s\u00e5som brand, olycksfall, strejk eller dylikt. Genom att registrera dina uppgifter har du ocks\u00e5 accepterat villkoren som n\u00e4mns h\u00e4r. Villkoren i kampanjen kan \u00e4ven \u00e4ndras utan f\u00f6rvarning.<\/li>\n<\/ul>\n<ul>\n<li>Fr\u00e5gor som r\u00f6r sj\u00e4lva leveransen av muggarna, dvs efter best\u00e4llning, st\u00e4lls direkt till Rum21. Alla \u00f6vriga fr\u00e5gor och synpunkter r\u00f6rande denna kampanj st\u00e4lls till European Loyalty Systems AB, tel kundservice 031-742 55 66 eller e-post info@elssverige.se.\n<p style=\"font-size: 10pt;\"><em><strong>*G\u00e4ller ej kampanjvaror.<\/strong><\/em><\/p>\n<\/li>\n<\/ul>\n","protected":false},"excerpt":{"rendered":"<p>L\u00e4s igenom erbjudandet och villkor noggrant innan anv\u00e4ndandet. Erbjudandet g\u00e4ller endast p\u00e5 de villkor som anges. Kampanjen g\u00e4ller Swedish Grace [&hellip;]<\/p>\n","protected":false},"author":4,"featured_media":0,"parent":0,"menu_order":0,"comment_status":"open","ping_status":"closed","template":"template-full-custom.php","meta":[],"_links":{"self":[{"href":"http:\/\/ww2.elsnordic.com\/liptonsommar\/wp-json\/wp\/v2\/pages\/18"}],"collection":[{"href":"http:\/\/ww2.elsnordic.com\/liptonsommar\/wp-json\/wp\/v2\/pages"}],"about":[{"href":"http:\/\/ww2.elsnordic.com\/liptonsommar\/wp-json\/wp\/v2\/types\/page"}],"author":[{"embeddable":true,"href":"http:\/\/ww2.elsnordic.com\/liptonsommar\/wp-json\/wp\/v2\/users\/4"}],"replies":[{"embeddable":true,"href":"http:\/\/ww2.elsnordic.com\/liptonsommar\/wp-json\/wp\/v2\/comments?post=18"}],"version-history":[{"count":36,"href":"http:\/\/ww2.elsnordic.com\/liptonsommar\/wp-json\/wp\/v2\/pages\/18\/revisions"}],"predecessor-version":[{"id":527,"href":"http:\/\/ww2.elsnordic.com\/liptonsommar\/wp-json\/wp\/v2\/pages\/18\/revisions\/527"}],"wp:attachment":[{"href":"http:\/\/ww2.elsnordic.com\/liptonsommar\/wp-json\/wp\/v2\/media?parent=18"}],"curies":[{"name":"wp","href":"https:\/\/api.w.org\/{rel}","templated":true}]}}