{"id":2,"date":"2016-07-04T09:21:38","date_gmt":"2016-07-04T09:21:38","guid":{"rendered":"http:\/\/ww2.elsnordic.com\/nestlelaredoute\/?page_id=2"},"modified":"2016-08-22T07:39:31","modified_gmt":"2016-08-22T07:39:31","slug":"sample-page","status":"publish","type":"page","link":"http:\/\/ww2.elsnordic.com\/nestlelaredoute\/","title":{"rendered":""},"content":{"rendered":"<p>[vc_row full_height=&#8221;yes&#8221; dfd_row_config=&#8221;full_width_content&#8221; bg_type=&#8221;image&#8221; bg_image_new=&#8221;95&#8243;][vc_column css=&#8221;.vc_custom_1467710201922{padding-top: 5% !important;background-image: url(http:\/\/ww2.elsnordic.com\/nestlelaredoute\/wp-content\/uploads\/sites\/73\/2016\/07\/31.png?id=117) !important;background-position: center !important;background-repeat: no-repeat !important;background-size: contain !important;}&#8221;][vc_single_image image=&#8221;147&#8243; img_size=&#8221;full&#8221; alignment=&#8221;center&#8221; css=&#8221;.vc_custom_1467712903333{padding-top: 5% !important;padding-right: 5% !important;padding-bottom: 3% !important;padding-left: 5% !important;}&#8221;][vc_column_text css=&#8221;.vc_custom_1467710401721{padding-top: 0px !important;padding-right: 12% !important;padding-bottom: 2% !important;padding-left: 12% !important;background-position: center !important;background-repeat: no-repeat !important;background-size: cover !important;}&#8221;]<\/p>\n<h1 style=\"text-align: center;\">K\u00f6p 5\u2009st Nestl\u00e9 barnmat i glas<\/h1>\n<h2 style=\"text-align: center;\">\u2013 F\u00e5 en v\u00e4rdecheck p\u00e5 200\u2009kr n\u00e4r du handlar f\u00f6r minst 400\u2009kr p\u00e5 La Redoute<\/h2>\n<p>[\/vc_column_text][vc_row_inner][vc_column_inner width=&#8221;1\/2&#8243; css=&#8221;.vc_custom_1467711253671{padding-right: 7px !important;}&#8221;]<a class=\"ubtn-link ubtn-right tooltip-69f28fdbdd772\"  href = \"http:\/\/nestle.elskampanj.se\/\" target=\"_self\"><span class=\" ubtn ubtn-normal ubtn-no-hover-bg    ubtn-shd  ubtn-right  shd-bottom\"  data-hover=\"#ffffff\" data-border-color=\"#272a5f\" data-hover-bg=\"#0087bc\" data-border-hover=\"#0087bc\" data-shadow-hover=\"0 3px rgba(0,0,0,0.39);\" data-shadow-click=\"none\" data-shadow=\"0 3px rgba(0,0,0,0.39);\" data-shd-shadow=\"3\" style=\"font-family:'Nunito';font-weight:700;font-size:20px;border-radius:20px;border-width:1px;border-color:#272a5f;border-style:solid;box-shadow: 0 3px rgba(0,0,0,0.39);background: #272a5f;color: #ffffff;\"><span class=\"ubtn-hover\"><\/span><span class=\"ubtn-data ubtn-text\" data-lang=\"en\">REGISTRERA DIG<\/span><\/span><\/a>[\/vc_column_inner][vc_column_inner width=&#8221;1\/2&#8243; css=&#8221;.vc_custom_1467711244388{padding-left: 7px !important;}&#8221;]<a class=\"ubtn-link ubtn-left tooltip-69f28fdbdd81d\"  href = \"http:\/\/ww2.elsnordic.com\/nestlelaredoute\/gor-sa-har\/\" target=\"_self\"><span class=\" ubtn ubtn-normal ubtn-no-hover-bg    ubtn-shd  ubtn-left  shd-bottom\"  data-hover=\"#ffffff\" data-border-color=\"#272a5f\" data-hover-bg=\"#0087bc\" data-border-hover=\"#0087bc\" data-shadow-hover=\"0 3px rgba(0,0,0,0.39);\" data-shadow-click=\"none\" data-shadow=\"0 3px rgba(0,0,0,0.39);\" data-shd-shadow=\"3\" style=\"font-family:'Nunito';font-weight:700;font-size:20px;border-radius:20px;border-width:1px;border-color:#272a5f;border-style:solid;box-shadow: 0 3px rgba(0,0,0,0.39);background: #272a5f;color: #ffffff;\"><span class=\"ubtn-hover\"><\/span><span class=\"ubtn-data ubtn-text\" data-lang=\"en\">G\u00d6R S\u00c5 H\u00c4R<\/span><\/span><\/a>[\/vc_column_inner][\/vc_row_inner][vc_single_image image=&#8221;184&#8243; img_size=&#8221;full&#8221; alignment=&#8221;center&#8221; css=&#8221;.vc_custom_1467713108718{padding-top: 0px !important;padding-bottom: 10% !important;}&#8221;][\/vc_column][\/vc_row][vc_row full_height=&#8221;yes&#8221; force_equal_height_columns=&#8221;off&#8221; dfd_row_config=&#8221;full_width_content&#8221; bg_type=&#8221;image&#8221; bg_image_new=&#8221;95&#8243; css=&#8221;.vc_custom_1467644484228{padding-top: 0px !important;}&#8221;][vc_column width=&#8221;1\/2&#8243; css=&#8221;.vc_custom_1467709329518{padding-top: 10% !important;background-image: url(http:\/\/ww2.elsnordic.com\/nestlelaredoute\/wp-content\/uploads\/sites\/73\/2016\/07\/bla1.png?id=42) !important;background-position: center !important;background-repeat: no-repeat !important;background-size: cover !important;}&#8221;][vc_column_text css=&#8221;.vc_custom_1471851567950{padding-right: 12% !important;padding-bottom: 2% !important;padding-left: 12% !important;background-position: center !important;background-repeat: no-repeat !important;background-size: cover !important;}&#8221;]<\/p>\n<h1 style=\"text-align: center;\">Kl\u00e4der &amp; Mode P\u00e5 N\u00e4tet<\/h1>\n<h2 style=\"text-align: center; font-size: 18px; line-height: 26px;\">Barnkl\u00e4der p\u00e5 n\u00e4tet f\u00f6r killar och tjejer. T\u00e5liga och bra kl\u00e4der f\u00f6r barn fr\u00e5n nyf\u00f6dda upp till ton\u00e5ren. Vi har barnkl\u00e4der f\u00f6r alla tillf\u00e4llen som kalaset, utomhusleken eller vanliga basplagg f\u00f6r barn, det man alltid beh\u00f6ver till ett bra pris d\u00e5 barnen st\u00e4ndigt v\u00e4xer. Vi har ett stort utbud av b\u00e5de barnkl\u00e4der och barnskor fr\u00e5n m\u00e5nga bra varum\u00e4rken och modeller.<\/h2>\n<h2 style=\"text-align: center; font-size: 18px; line-height: 26px;\"><span style=\"color: #0087bc;\">OBS! Erbjudandet g\u00e4ller p\u00e5 La Redoutes egna sortiment.<\/span><\/h2>\n<p>[\/vc_column_text]<div class=\"ubtn-ctn-center\"><a class=\"ubtn-link ubtn-center tooltip-69f28fdbdd89d\"  href = \"http:\/\/www.laredoute.se\/\" target='_blank'><span class=\" ubtn ubtn-normal ubtn-no-hover-bg    ubtn-shd  ubtn-center  shd-bottom\"  data-hover=\"#ffffff\" data-border-color=\"#272a5f\" data-hover-bg=\"#0087bc\" data-border-hover=\"#0087bc\" data-shadow-hover=\"0 3px rgba(0,0,0,0.39);\" data-shadow-click=\"none\" data-shadow=\"0 3px rgba(0,0,0,0.39);\" data-shd-shadow=\"3\" style=\"font-family:'Nunito';font-weight:700;font-size:20px;border-radius:20px;border-width:1px;border-color:#272a5f;border-style:solid;box-shadow: 0 3px rgba(0,0,0,0.39);background: #272a5f;color: #ffffff;\"><span class=\"ubtn-hover\"><\/span><span class=\"ubtn-data ubtn-text\" data-lang=\"en\">LA REDOUTE<\/span><\/span><\/a><\/div><div class=\"dfd-spacer-module\"  data-units=\"px\" data-wide_resolution=\"1280\" data-wide_size=\"160\" data-normal_resolution=\"1024\" data-normal_size=\"\" data-tablet_resolution=\"800\" data-tablet_size=\"\" data-mobile_resolution=\"480\" data-mobile_size=\"\" style=\"height: 160px;\"><\/div>[\/vc_column][vc_column width=&#8221;1\/2&#8243;][vc_single_image image=&#8221;127&#8243; img_size=&#8221;full&#8221; alignment=&#8221;center&#8221; css=&#8221;.vc_custom_1467708440546{padding-bottom: 10% !important;}&#8221;][\/vc_column][\/vc_row]<\/p>\n","protected":false},"excerpt":{"rendered":"<p>[vc_row full_height=&#8221;yes&#8221; dfd_row_config=&#8221;full_width_content&#8221; bg_type=&#8221;image&#8221; bg_image_new=&#8221;95&#8243;][vc_column css=&#8221;.vc_custom_1467710201922{padding-top: 5% !important;background-image: url(http:\/\/ww2.elsnordic.com\/nestlelaredoute\/wp-content\/uploads\/sites\/73\/2016\/07\/31.png?id=117) !important;background-position: center !important;background-repeat: no-repeat !important;background-size: contain !important;}&#8221;][vc_single_image image=&#8221;147&#8243; img_size=&#8221;full&#8221; alignment=&#8221;center&#8221; css=&#8221;.vc_custom_1467712903333{padding-top: 5% !important;padding-right: 5% !important;padding-bottom: 3% !important;padding-left: 5% !important;}&#8221;][vc_column_text css=&#8221;.vc_custom_1467710401721{padding-top: 0px<\/p>\n","protected":false},"author":10,"featured_media":0,"parent":0,"menu_order":0,"comment_status":"open","ping_status":"open","template":"page-custom.php","meta":[],"_links":{"self":[{"href":"http:\/\/ww2.elsnordic.com\/nestlelaredoute\/wp-json\/wp\/v2\/pages\/2"}],"collection":[{"href":"http:\/\/ww2.elsnordic.com\/nestlelaredoute\/wp-json\/wp\/v2\/pages"}],"about":[{"href":"http:\/\/ww2.elsnordic.com\/nestlelaredoute\/wp-json\/wp\/v2\/types\/page"}],"author":[{"embeddable":true,"href":"http:\/\/ww2.elsnordic.com\/nestlelaredoute\/wp-json\/wp\/v2\/users\/10"}],"replies":[{"embeddable":true,"href":"http:\/\/ww2.elsnordic.com\/nestlelaredoute\/wp-json\/wp\/v2\/comments?post=2"}],"version-history":[{"count":152,"href":"http:\/\/ww2.elsnordic.com\/nestlelaredoute\/wp-json\/wp\/v2\/pages\/2\/revisions"}],"predecessor-version":[{"id":261,"href":"http:\/\/ww2.elsnordic.com\/nestlelaredoute\/wp-json\/wp\/v2\/pages\/2\/revisions\/261"}],"wp:attachment":[{"href":"http:\/\/ww2.elsnordic.com\/nestlelaredoute\/wp-json\/wp\/v2\/media?parent=2"}],"curies":[{"name":"wp","href":"https:\/\/api.w.org\/{rel}","templated":true}]}}