{"id":21,"date":"2016-07-04T10:03:42","date_gmt":"2016-07-04T10:03:42","guid":{"rendered":"http:\/\/ww2.elsnordic.com\/nestlelaredoute\/?page_id=21"},"modified":"2016-08-22T07:32:17","modified_gmt":"2016-08-22T07:32:17","slug":"gor-sa-har","status":"publish","type":"page","link":"http:\/\/ww2.elsnordic.com\/nestlelaredoute\/gor-sa-har\/","title":{"rendered":"G\u00d6R S\u00c5 H\u00c4R"},"content":{"rendered":"<p>[vc_row full_height=&#8221;yes&#8221; bg_type=&#8221;image&#8221; bg_image_new=&#8221;95&#8243;][vc_column width=&#8221;1\/6&#8243; css=&#8221;.vc_custom_1467714263843{background-position: center !important;background-repeat: no-repeat !important;background-size: contain !important;}&#8221;][\/vc_column][vc_column width=&#8221;2\/3&#8243; css=&#8221;.vc_custom_1467789614506{padding-top: 10% !important;padding-right: 10% !important;padding-bottom: 10% !important;padding-left: 10% !important;background-image: url(http:\/\/ww2.elsnordic.com\/nestlelaredoute\/wp-content\/uploads\/sites\/73\/2016\/07\/31.png?id=117) !important;background-position: center !important;background-repeat: no-repeat !important;background-size: cover !important;}&#8221;][vc_column_text css=&#8221;.vc_custom_1467789527759{padding-top: 0px !important;padding-bottom: 3% !important;background-position: center !important;background-repeat: no-repeat !important;background-size: cover !important;}&#8221;]<\/p>\n<h1 style=\"text-align: center;\">G\u00d6R S\u00c5 H\u00c4R<\/h1>\n<p>[\/vc_column_text]<div class=\"uavc-list-icon  \" ><ul class=\"uavc-list\"><li><div class=\"uavc-list-content\" style=\"margin-bottom:8px;\">\n<div class=\"uavc-list-icon \" style=\"margin-right:15px;\"><div class=\"align-icon\" style=\"text-align: center;\">\n<div class=\"aio-icon-img  \" style=\"font-size:35px;display:inline-block !important;\" >\n\t<img class=\"img-icon\" alt=\"\" src=\"http:\/\/ww2.elsnordic.com\/nestlelaredoute\/wp-content\/uploads\/sites\/73\/2016\/07\/1-1024x1024.png\"\/>\n<\/div><\/div>\n<\/div><div class=\"uavc-list-desc\"><h3>K\u00f6p minst 5 st barnmatsburkar fr\u00e5n Nestl\u00e9.<\/h3>\n<\/div><\/div><\/li><li><div class=\"uavc-list-content\" style=\"margin-bottom:8px;\">\n<div class=\"uavc-list-icon \" style=\"margin-right:15px;\"><div class=\"align-icon\" style=\"text-align: center;\">\n<div class=\"aio-icon-img  \" style=\"font-size:35px;display:inline-block !important;\" >\n\t<img class=\"img-icon\" alt=\"\" src=\"http:\/\/ww2.elsnordic.com\/nestlelaredoute\/wp-content\/uploads\/sites\/73\/2016\/07\/2-1024x1024.png\"\/>\n<\/div><\/div>\n<\/div><div class=\"uavc-list-desc\"><h3><a style=\"color: #0087bc;\" href=\"http:\/\/nestle.elskampanj.se\/\">Klicka h\u00e4r <\/a>och registrera dina uppgifter och streckkoderna p\u00e5 dina k\u00f6pta barnmatsburkar senast den 14 november 2016. Burkarna ska vara ink\u00f6pta mellan 22 aug till 14 nov 2016.<\/h3>\n<\/div><\/div><\/li><li><div class=\"uavc-list-content\" style=\"margin-bottom:8px;\">\n<div class=\"uavc-list-icon \" style=\"margin-right:15px;\"><div class=\"align-icon\" style=\"text-align: center;\">\n<div class=\"aio-icon-img  \" style=\"font-size:35px;display:inline-block !important;\" >\n\t<img class=\"img-icon\" alt=\"\" src=\"http:\/\/ww2.elsnordic.com\/nestlelaredoute\/wp-content\/uploads\/sites\/73\/2016\/07\/32-1024x1024.png\"\/>\n<\/div><\/div>\n<\/div><div class=\"uavc-list-desc\"><h3>Efter registrering mottager ni ett e-mail med en unik v\u00e4rdekod fr\u00e5n <a style=\"color: #0087bc;\" href=\"http:\/\/www.laredoute.se\/\">www.laredoute.se.<\/a>\u00a0Koden ber\u00e4ttigar dig till en rabatt p\u00e5 200 kr vid k\u00f6p av barnkl\u00e4der eller barnskor p\u00e5 La Redoutes sortiment f\u00f6r minst 400 kr. Du f\u00e5r dessutom fri frakt.<\/h3>\n<\/div><\/div><\/li><li><div class=\"uavc-list-content\" style=\"margin-bottom:8px;\">\n<div class=\"uavc-list-icon \" style=\"margin-right:15px;\"><div class=\"align-icon\" style=\"text-align: center;\">\n<div class=\"aio-icon-img  \" style=\"font-size:35px;display:inline-block !important;\" >\n\t<img class=\"img-icon\" alt=\"\" src=\"http:\/\/ww2.elsnordic.com\/nestlelaredoute\/wp-content\/uploads\/sites\/73\/2016\/07\/tom-1024x1024.png\"\/>\n<\/div><\/div>\n<\/div><div class=\"uavc-list-desc\"><h3><span style=\"line-height: 1px;\">Kampanjen startar den 22 augusti 2016, du kan registrera dig i kampanjen fram till och med den 14 november. Din digitala v\u00e4rdecheck p\u00e5 <a style=\"color: #0087bc;\" href=\"http:\/\/www.laredoute.se\/\">www.laredoute.se<\/a> \u00e4r giltig till och med 7 december 2016.<\/span><\/h3>\n<\/div><\/div><\/li><li><div class=\"uavc-list-content\" style=\"margin-bottom:8px;\">\n<div class=\"uavc-list-icon \" style=\"margin-right:15px;\"><div class=\"align-icon\" style=\"text-align: center;\">\n<div class=\"aio-icon-img  \" style=\"font-size:35px;display:inline-block !important;\" >\n\t<img class=\"img-icon\" alt=\"\" src=\"http:\/\/ww2.elsnordic.com\/nestlelaredoute\/wp-content\/uploads\/sites\/73\/2016\/07\/tom-1024x1024.png\"\/>\n<\/div><\/div>\n<\/div><div class=\"uavc-list-desc\"><h3><span style=\"color: #0087bc;\"><em>Erbjudandet g\u00e4ller max 1 g\u00e5ng per hush\u00e5ll.<\/em><\/span><\/h3>\n<\/div><\/div><\/li><\/ul><\/div>[\/vc_column][vc_column width=&#8221;1\/6&#8243;][\/vc_column][\/vc_row]<\/p>\n","protected":false},"excerpt":{"rendered":"<p>[vc_row full_height=&#8221;yes&#8221; bg_type=&#8221;image&#8221; bg_image_new=&#8221;95&#8243;][vc_column width=&#8221;1\/6&#8243; css=&#8221;.vc_custom_1467714263843{background-position: center !important;background-repeat: no-repeat !important;background-size: contain !important;}&#8221;][\/vc_column][vc_column width=&#8221;2\/3&#8243; css=&#8221;.vc_custom_1467789614506{padding-top: 10% !important;padding-right: 10% !important;padding-bottom: 10% !important;padding-left: 10% !important;background-image: url(http:\/\/ww2.elsnordic.com\/nestlelaredoute\/wp-content\/uploads\/sites\/73\/2016\/07\/31.png?id=117) !important;background-position: center !important;background-repeat: no-repeat !important;background-size: cover !important;}&#8221;][vc_column_text<\/p>\n","protected":false},"author":10,"featured_media":0,"parent":0,"menu_order":0,"comment_status":"open","ping_status":"open","template":"page-custom.php","meta":[],"_links":{"self":[{"href":"http:\/\/ww2.elsnordic.com\/nestlelaredoute\/wp-json\/wp\/v2\/pages\/21"}],"collection":[{"href":"http:\/\/ww2.elsnordic.com\/nestlelaredoute\/wp-json\/wp\/v2\/pages"}],"about":[{"href":"http:\/\/ww2.elsnordic.com\/nestlelaredoute\/wp-json\/wp\/v2\/types\/page"}],"author":[{"embeddable":true,"href":"http:\/\/ww2.elsnordic.com\/nestlelaredoute\/wp-json\/wp\/v2\/users\/10"}],"replies":[{"embeddable":true,"href":"http:\/\/ww2.elsnordic.com\/nestlelaredoute\/wp-json\/wp\/v2\/comments?post=21"}],"version-history":[{"count":52,"href":"http:\/\/ww2.elsnordic.com\/nestlelaredoute\/wp-json\/wp\/v2\/pages\/21\/revisions"}],"predecessor-version":[{"id":258,"href":"http:\/\/ww2.elsnordic.com\/nestlelaredoute\/wp-json\/wp\/v2\/pages\/21\/revisions\/258"}],"wp:attachment":[{"href":"http:\/\/ww2.elsnordic.com\/nestlelaredoute\/wp-json\/wp\/v2\/media?parent=21"}],"curies":[{"name":"wp","href":"https:\/\/api.w.org\/{rel}","templated":true}]}}