{"id":23,"date":"2016-07-04T10:04:08","date_gmt":"2016-07-04T10:04:08","guid":{"rendered":"http:\/\/ww2.elsnordic.com\/nestlelaredoute\/?page_id=23"},"modified":"2016-07-06T08:20:30","modified_gmt":"2016-07-06T08:20:30","slug":"villkor","status":"publish","type":"page","link":"http:\/\/ww2.elsnordic.com\/nestlelaredoute\/villkor\/","title":{"rendered":"VILLKOR"},"content":{"rendered":"<p>[vc_row full_height=&#8221;yes&#8221; bg_type=&#8221;image&#8221; bg_image_new=&#8221;95&#8243;][vc_column width=&#8221;1\/6&#8243; css=&#8221;.vc_custom_1467714263843{background-position: center !important;background-repeat: no-repeat !important;background-size: contain !important;}&#8221;][\/vc_column][vc_column width=&#8221;2\/3&#8243; css=&#8221;.vc_custom_1467793224763{padding-top: 15% !important;padding-right: 10% !important;padding-bottom: 15% !important;padding-left: 10% !important;background-image: url(http:\/\/ww2.elsnordic.com\/nestlelaredoute\/wp-content\/uploads\/sites\/73\/2016\/07\/31.png?id=117) !important;background-position: center !important;background-repeat: no-repeat !important;background-size: cover !important;}&#8221; main=&#8221;&#8221; extra_features=&#8221;&#8221;][vc_column_text css=&#8221;.vc_custom_1467790424406{padding-top: 0px !important;padding-bottom: 3% !important;background-position: center !important;background-repeat: no-repeat !important;background-size: cover !important;}&#8221;]<\/p>\n<h1 style=\"text-align: center;\">VILLKOR<\/h1>\n<p>[\/vc_column_text]<div class=\"uavc-list-icon  \" ><ul class=\"uavc-list\"><li><div class=\"uavc-list-content\" style=\"margin-bottom:10px;\">\n<div class=\"uavc-list-icon \" style=\"margin-right:8px;\"><div class=\"align-icon\" style=\"text-align: center;\">\n<div class=\"aio-icon-img  \" style=\"font-size:10px;display:inline-block !important;\" >\n\t<img class=\"img-icon\" alt=\"\" src=\"http:\/\/ww2.elsnordic.com\/nestlelaredoute\/wp-content\/uploads\/sites\/73\/2016\/07\/dot.png\"\/>\n<\/div><\/div>\n<\/div><div class=\"uavc-list-desc\"><h3>L\u00e4s igenom erbjudandet och villkor noggrant innan anv\u00e4ndandet. Erbjudandet g\u00e4ller endast p\u00e5 de villkor som anges.<\/h3>\n<\/div><\/div><\/li><li><div class=\"uavc-list-content\" style=\"margin-bottom:10px;\">\n<div class=\"uavc-list-icon \" style=\"margin-right:8px;\"><div class=\"align-icon\" style=\"text-align: center;\">\n<div class=\"aio-icon-img  \" style=\"font-size:10px;display:inline-block !important;\" >\n\t<img class=\"img-icon\" alt=\"\" src=\"http:\/\/ww2.elsnordic.com\/nestlelaredoute\/wp-content\/uploads\/sites\/73\/2016\/07\/dot.png\"\/>\n<\/div><\/div>\n<\/div><div class=\"uavc-list-desc\"><h3>Kampanjen g\u00e4ller en v\u00e4rdecheck p\u00e5 200 kr vid k\u00f6p av barnkl\u00e4der eller barnskor p\u00e5 La Redoutes sortiment f\u00f6r minst 400 kr.<\/h3>\n<\/div><\/div><\/li><li><div class=\"uavc-list-content\" style=\"margin-bottom:10px;\">\n<div class=\"uavc-list-icon \" style=\"margin-right:8px;\"><div class=\"align-icon\" style=\"text-align: center;\">\n<div class=\"aio-icon-img  \" style=\"font-size:10px;display:inline-block !important;\" >\n\t<img class=\"img-icon\" alt=\"\" src=\"http:\/\/ww2.elsnordic.com\/nestlelaredoute\/wp-content\/uploads\/sites\/73\/2016\/07\/dot.png\"\/>\n<\/div><\/div>\n<\/div><div class=\"uavc-list-desc\"><h3>N\u00e4r du k\u00f6per 5\u2009st Nestl\u00e9 barnmat i glas fr\u00e5n Nestl\u00e9 f\u00e5r du en v\u00e4rdecheck p\u00e5 200\u2009kr och dessutom fri frakt p\u00e5 La Redoute. Burkarna ska vara ink\u00f6pta mellan 22 augusti till 14 november 2016.<\/h3>\n<\/div><\/div><\/li><li><div class=\"uavc-list-content\" style=\"margin-bottom:10px;\">\n<div class=\"uavc-list-icon \" style=\"margin-right:8px;\"><div class=\"align-icon\" style=\"text-align: center;\">\n<div class=\"aio-icon-img  \" style=\"font-size:10px;display:inline-block !important;\" >\n\t<img class=\"img-icon\" alt=\"\" src=\"http:\/\/ww2.elsnordic.com\/nestlelaredoute\/wp-content\/uploads\/sites\/73\/2016\/07\/dot.png\"\/>\n<\/div><\/div>\n<\/div><div class=\"uavc-list-desc\"><h3>Senast datum f\u00f6r registrering av uppgifter och streckkoder \u00e4r den 14 november 2016. Din digitala v\u00e4rdecheck p\u00e5 www.laredoute.se \u00e4r giltig till och med 22 november 2016. Efter detta datum f\u00f6rfaller v\u00e4rdechecken och g\u00e5r ej att anv\u00e4nda l\u00e4ngre, dvs det g\u00e5r ej att f\u00e5 den valda premien efter v\u00e4rdecheckens f\u00f6rfallodatum.<\/h3>\n<\/div><\/div><\/li><li><div class=\"uavc-list-content\" style=\"margin-bottom:10px;\">\n<div class=\"uavc-list-icon \" style=\"margin-right:8px;\"><div class=\"align-icon\" style=\"text-align: center;\">\n<div class=\"aio-icon-img  \" style=\"font-size:10px;display:inline-block !important;\" >\n\t<img class=\"img-icon\" alt=\"\" src=\"http:\/\/ww2.elsnordic.com\/nestlelaredoute\/wp-content\/uploads\/sites\/73\/2016\/07\/dot.png\"\/>\n<\/div><\/div>\n<\/div><div class=\"uavc-list-desc\"><h3>Erbjudandet g\u00e4ller 1 g\u00e5ng per hush\u00e5ll.<\/h3>\n<\/div><\/div><\/li><li><div class=\"uavc-list-content\" style=\"margin-bottom:10px;\">\n<div class=\"uavc-list-icon \" style=\"margin-right:8px;\"><div class=\"align-icon\" style=\"text-align: center;\">\n<div class=\"aio-icon-img  \" style=\"font-size:10px;display:inline-block !important;\" >\n\t<img class=\"img-icon\" alt=\"\" src=\"http:\/\/ww2.elsnordic.com\/nestlelaredoute\/wp-content\/uploads\/sites\/73\/2016\/07\/dot.png\"\/>\n<\/div><\/div>\n<\/div><div class=\"uavc-list-desc\"><h3>F\u00f6r att anv\u00e4nda erbjudandet, ska innehavaren av v\u00e4rdechecken vara \u00f6ver 18 \u00e5r.<\/h3>\n<\/div><\/div><\/li><li><div class=\"uavc-list-content\" style=\"margin-bottom:10px;\">\n<div class=\"uavc-list-icon \" style=\"margin-right:8px;\"><div class=\"align-icon\" style=\"text-align: center;\">\n<div class=\"aio-icon-img  \" style=\"font-size:10px;display:inline-block !important;\" >\n\t<img class=\"img-icon\" alt=\"\" src=\"http:\/\/ww2.elsnordic.com\/nestlelaredoute\/wp-content\/uploads\/sites\/73\/2016\/07\/dot.png\"\/>\n<\/div><\/div>\n<\/div><div class=\"uavc-list-desc\"><h3>Vid eventuella tveksamheter ang\u00e5ende vad som omfattas av erbjudandet, villkor och dylikt, \u00e5ligger det alltid kunden\/innehavaren av v\u00e4rdechecken att kontrollera vad som g\u00e4ller innan anv\u00e4ndande. Om villkoren och reglerna som anges h\u00e4r ej f\u00f6ljs eller missbrukas, har ni ej n\u00e5gon r\u00e4tt att anv\u00e4nda angivet erbjudande.<\/h3>\n<\/div><\/div><\/li><li><div class=\"uavc-list-content\" style=\"margin-bottom:10px;\">\n<div class=\"uavc-list-icon \" style=\"margin-right:8px;\"><div class=\"align-icon\" style=\"text-align: center;\">\n<div class=\"aio-icon-img  \" style=\"font-size:10px;display:inline-block !important;\" >\n\t<img class=\"img-icon\" alt=\"\" src=\"http:\/\/ww2.elsnordic.com\/nestlelaredoute\/wp-content\/uploads\/sites\/73\/2016\/07\/dot.png\"\/>\n<\/div><\/div>\n<\/div><div class=\"uavc-list-desc\"><h3>European Loyalty Systems AB och Nestl\u00e9 reserverar sig f\u00f6r felaktig information och \u00e4r ej ansvariga f\u00f6r f\u00f6rsvunna eller felskickade mail. European Loyalty Systems AB och Nestl\u00e9 ansvarar inte f\u00f6r tryckfel eller skada p.g.a. force majeure s\u00e5som brand, olycksfall, strejk eller dylikt.<\/h3>\n<\/div><\/div><\/li><li><div class=\"uavc-list-content\" style=\"margin-bottom:10px;\">\n<div class=\"uavc-list-icon \" style=\"margin-right:8px;\"><div class=\"align-icon\" style=\"text-align: center;\">\n<div class=\"aio-icon-img  \" style=\"font-size:10px;display:inline-block !important;\" >\n\t<img class=\"img-icon\" alt=\"\" src=\"http:\/\/ww2.elsnordic.com\/nestlelaredoute\/wp-content\/uploads\/sites\/73\/2016\/07\/dot.png\"\/>\n<\/div><\/div>\n<\/div><div class=\"uavc-list-desc\"><h3>Genom att registrera dina uppgifter har du ocks\u00e5 accepterat villkoren som n\u00e4mns h\u00e4r. Villkoren i kampanjen kan \u00e4ven \u00e4ndras utan f\u00f6rvarning.<\/h3>\n<\/div><\/div><\/li><li><div class=\"uavc-list-content\" style=\"margin-bottom:10px;\">\n<div class=\"uavc-list-icon \" style=\"margin-right:8px;\"><div class=\"align-icon\" style=\"text-align: center;\">\n<div class=\"aio-icon-img  \" style=\"font-size:10px;display:inline-block !important;\" >\n\t<img class=\"img-icon\" alt=\"\" src=\"http:\/\/ww2.elsnordic.com\/nestlelaredoute\/wp-content\/uploads\/sites\/73\/2016\/07\/dot.png\"\/>\n<\/div><\/div>\n<\/div><div class=\"uavc-list-desc\"><h3>Fr\u00e5gor som r\u00f6r sj\u00e4lva leveransen av best\u00e4llningen, st\u00e4lls direkt till La Redoute. Alla \u00f6vriga fr\u00e5gor och synpunkter r\u00f6rande denna kampanj st\u00e4lls till European Loyalty Systems AB.<\/h3>\n<\/div><\/div><\/li><\/ul><\/div>[\/vc_column][vc_column width=&#8221;1\/6&#8243;][\/vc_column][\/vc_row]<\/p>\n","protected":false},"excerpt":{"rendered":"<p>[vc_row full_height=&#8221;yes&#8221; bg_type=&#8221;image&#8221; bg_image_new=&#8221;95&#8243;][vc_column width=&#8221;1\/6&#8243; css=&#8221;.vc_custom_1467714263843{background-position: center !important;background-repeat: no-repeat !important;background-size: contain !important;}&#8221;][\/vc_column][vc_column width=&#8221;2\/3&#8243; css=&#8221;.vc_custom_1467793224763{padding-top: 15% !important;padding-right: 10% !important;padding-bottom: 15% !important;padding-left: 10% !important;background-image: url(http:\/\/ww2.elsnordic.com\/nestlelaredoute\/wp-content\/uploads\/sites\/73\/2016\/07\/31.png?id=117) !important;background-position: center !important;background-repeat: no-repeat !important;background-size: cover !important;}&#8221;<\/p>\n","protected":false},"author":10,"featured_media":0,"parent":0,"menu_order":0,"comment_status":"open","ping_status":"open","template":"page-custom.php","meta":[],"_links":{"self":[{"href":"http:\/\/ww2.elsnordic.com\/nestlelaredoute\/wp-json\/wp\/v2\/pages\/23"}],"collection":[{"href":"http:\/\/ww2.elsnordic.com\/nestlelaredoute\/wp-json\/wp\/v2\/pages"}],"about":[{"href":"http:\/\/ww2.elsnordic.com\/nestlelaredoute\/wp-json\/wp\/v2\/types\/page"}],"author":[{"embeddable":true,"href":"http:\/\/ww2.elsnordic.com\/nestlelaredoute\/wp-json\/wp\/v2\/users\/10"}],"replies":[{"embeddable":true,"href":"http:\/\/ww2.elsnordic.com\/nestlelaredoute\/wp-json\/wp\/v2\/comments?post=23"}],"version-history":[{"count":12,"href":"http:\/\/ww2.elsnordic.com\/nestlelaredoute\/wp-json\/wp\/v2\/pages\/23\/revisions"}],"predecessor-version":[{"id":252,"href":"http:\/\/ww2.elsnordic.com\/nestlelaredoute\/wp-json\/wp\/v2\/pages\/23\/revisions\/252"}],"wp:attachment":[{"href":"http:\/\/ww2.elsnordic.com\/nestlelaredoute\/wp-json\/wp\/v2\/media?parent=23"}],"curies":[{"name":"wp","href":"https:\/\/api.w.org\/{rel}","templated":true}]}}