{"id":342,"date":"2016-03-02T13:14:09","date_gmt":"2016-03-02T13:14:09","guid":{"rendered":"http:\/\/stockholm3.select-themes.com\/?page_id=4"},"modified":"2017-06-02T11:28:13","modified_gmt":"2017-06-02T11:28:13","slug":"home-main","status":"publish","type":"page","link":"http:\/\/ww2.elsnordic.com\/nestlesommar\/","title":{"rendered":"Hem"},"content":{"rendered":"<p>[vc_row row_type=&#8221;row&#8221; use_row_as_full_screen_section=&#8221;no&#8221; type=&#8221;full_width&#8221; text_align=&#8221;left&#8221; css_animation=&#8221;&#8221; el_class=&#8221;mobile_row_hide&#8221; el_id=&#8221;mobile_row_hide&#8221; css=&#8221;.vc_custom_1493898850080{background-image: url(http:\/\/ww2.elsnordic.com\/nestlesommar\/wp-content\/uploads\/sites\/99\/2016\/03\/bg-3.jpg?id=865) !important;}&#8221;][vc_column][vc_row_inner row_type=&#8221;row&#8221; type=&#8221;full_width&#8221; use_row_as_full_screen_section_slide=&#8221;no&#8221; text_align=&#8221;left&#8221; css_animation=&#8221;element_from_left&#8221; transition_delay=&#8221;150&#8243; el_class=&#8221;mobile_row_hide&#8221;][vc_column_inner][qode_elements_holder number_of_columns=&#8221;one_column&#8221;][qode_elements_holder_item item_padding=&#8221;18% 0% 19% 17%&#8221; item_padding_1280_1600=&#8221;18% 20% 19% 20%&#8221; item_padding_1024_1280=&#8221;18% 20% 19% 20%&#8221; item_padding_768_1024=&#8221;18% 20% 19% 20%&#8221; item_padding_600_768=&#8221;18% 20% 19% 20%&#8221; item_padding_480_600=&#8221;18% 20% 19% 20%&#8221; item_padding_480=&#8221;18% 20% 19% 20%&#8221;][vc_empty_space height=&#8221;&#8221;]<div class=\"custom_font_holder\" style=\" font-size: 96px; font-style: normal; font-weight: 200; color: #ffffff; text-decoration: none; text-align: left;\"><span><\/p>\n<h1><span style=\"color: #e32185; text-shadow: 2px 4px #ffffff;\">F\u00e5 fin premie!<\/span><\/h1>\n<p><\/span><\/div>[vc_column_text]<\/p>\n<h2><span style=\"color: #e32185; font-size: 41px;\">N\u00e4r du k\u00f6per Nestl\u00e9 kl\u00e4mp\u00e5sar<\/span><\/h2>\n<p>[\/vc_column_text][vc_empty_space height=&#8221;40&#8243;]<a href=\"http:\/\/nestlesommar.elskampanj.se\/\" target=\"_self\"  class=\"qbutton  large\" style=\"font-size: 17px; margin: 0 0 0 0 ; \">REGISTRERA DIG<\/a>[vc_empty_space height=&#8221;30px&#8221;][\/qode_elements_holder_item][\/qode_elements_holder][\/vc_column_inner][\/vc_row_inner][\/vc_column][\/vc_row][vc_row row_type=&#8221;row&#8221; use_row_as_full_screen_section=&#8221;yes&#8221; type=&#8221;grid&#8221; text_align=&#8221;left&#8221; background_color=&#8221;#ffffff&#8221; padding_bottom=&#8221;20&#8243; css_animation=&#8221;&#8221; el_class=&#8221;mobile_row_hide&#8221; css=&#8221;.vc_custom_1493899475499{background-color: #ffffff !important;}&#8221;][vc_column css=&#8221;.vc_custom_1486567893667{padding-bottom: 0px !important;background-color: #ffffff !important;}&#8221;][qode_elements_holder background_color=&#8221;#ffffff&#8221; number_of_columns=&#8221;two_columns&#8221;][qode_elements_holder_item background_color=&#8221;#ffffff&#8221; item_padding=&#8221;20% 0 0 0&#8243; item_padding_600_768=&#8221;22% 0 0 0&#8243;][vc_single_image image=&#8221;864&#8243; img_size=&#8221;full&#8221; qode_css_animation=&#8221;element_from_left&#8221;][vc_empty_space height=&#8221;30px&#8221;][\/qode_elements_holder_item][qode_elements_holder_item item_padding=&#8221;19% 0% 0 17%&#8221; item_padding_600_768=&#8221;7% 0 0 0%&#8221; item_padding_480_600=&#8221;7% 0 0 0%&#8221; item_padding_480=&#8221;7% 0 0 0%&#8221;][vc_empty_space height=&#8221;5px&#8221;][vc_column_text]<\/p>\n<h2><span style=\"color: #7bba48;\">Kids&#8217;s Concept<\/span><\/h2>\n<p>[\/vc_column_text][vc_empty_space height=&#8221;20px&#8221;][vc_column_text]Vi vill vara med och p\u00e5verka m\u00f6jligheten att l\u00e5ta barnens fantasi f\u00e5 en naturlig plats i alla hem. Slutm\u00e5lgruppen \u00e4r barnfamiljer med barn i \u00e5ldern 0-7 \u00e5r och alla som k\u00f6per produkter och presenter till denna m\u00e5lgrupp. Familjen, barnen och hemmet prioriteras h\u00f6gt i v\u00e5rt t\u00e4nkande..<\/p>\n<p>[\/vc_column_text][vc_empty_space height=&#8221;12px&#8221;][vc_column_text]Den \u00f6kande inredningstrenden f\u00f6r barnrum inspirerade oss att starta Kid&#8217;s Concept. Efter att ha arbetat med barnprodukter under en tid uppt\u00e4ckte vi att det fanns utrymme f\u00f6r att g\u00f6ra ett eget barnsortiment eftersom vi saknade vissa produkter p\u00e5 marknaden.[\/vc_column_text][vc_empty_space height=&#8221;39px&#8221;]<a href=\"http:\/\/kidsconcept.se\/\" target=\"_blank\"  class=\"qbutton  small\" style=\"font-size: 16px; margin: 0 0 0 0 ; \">KIDSCONCEPT.SE<\/a>[\/qode_elements_holder_item][\/qode_elements_holder][\/vc_column][\/vc_row][vc_row row_type=&#8221;row&#8221; use_row_as_full_screen_section=&#8221;yes&#8221; type=&#8221;grid&#8221; text_align=&#8221;left&#8221; background_color=&#8221;#ffffff&#8221; padding_bottom=&#8221;150&#8243; css_animation=&#8221;&#8221; el_class=&#8221;mobile_row_hide&#8221; css=&#8221;.vc_custom_1493899717078{background-color: #ffffff !important;}&#8221;][vc_column css=&#8221;.vc_custom_1486567893667{padding-bottom: 0px !important;background-color: #ffffff !important;}&#8221;][qode_elements_holder background_color=&#8221;#ffffff&#8221; number_of_columns=&#8221;two_columns&#8221;][qode_elements_holder_item background_color=&#8221;#ffffff&#8221; item_padding=&#8221;19% 19% 0 0%&#8221; item_padding_600_768=&#8221;22% 0 0 0&#8243;][vc_empty_space height=&#8221;5px&#8221;][vc_column_text]<\/p>\n<h2><span style=\"color: #7bba48;\">Nestl\u00e9 Barnmat<\/span><\/h2>\n<p>[\/vc_column_text][vc_empty_space height=&#8221;20px&#8221;][vc_column_text]Bra kockar vet att r\u00e4tt r\u00e5varor \u00e4r nyckeln till bra mat. Det g\u00e4ller \u00e4ven f\u00f6r v\u00e5r mat. V\u00e5ra kockar tillagar bara mat av r\u00e5varor fr\u00e5n kontrollerade leverant\u00f6rer som vi k\u00e4nner sedan \u00e5r tillbaka. Det \u00e4r f\u00f6r den kommande generationen som vi lagar v\u00e5r mat. Det \u00e4r d\u00e4rf\u00f6r vi f\u00f6ljer maten noggrant, hela v\u00e4gen fr\u00e5n odlingen p\u00e5 f\u00e4lten, till produktion och f\u00f6rpackning.[\/vc_column_text][vc_empty_space height=&#8221;12px&#8221;][vc_column_text]Barn utvecklas p\u00e5 ett alldeles h\u00e4pnadsv\u00e4ckande s\u00e4tt de f\u00f6rsta \u00e5ren. D\u00e4rf\u00f6r f\u00f6ljer ocks\u00e5 all mat som vi tillagar denna utveckling \u2013 fr\u00e5n ditt barns tidiga \u00e4ventyr med smakportionerna till dess att han eller hon sitter med dig vid middagsbordet och \u00e4ter tillsammans med hela familjen.[\/vc_column_text][vc_empty_space height=&#8221;39px&#8221;]<a href=\"https:\/\/www.nestlebarnmat.se\/\" target=\"_blank\"  class=\"qbutton  small\" style=\"font-size: 16px; margin: 0 0 0 0 ; \">NESTLEBARNMAT.SE<\/a>[\/qode_elements_holder_item][qode_elements_holder_item item_padding=&#8221;20% 0% 0 0%&#8221; item_padding_600_768=&#8221;7% 0 0 0%&#8221; item_padding_480_600=&#8221;7% 0 0 0%&#8221; item_padding_480=&#8221;7% 0 0 0%&#8221;][vc_single_image image=&#8221;860&#8243; img_size=&#8221;full&#8221; qode_css_animation=&#8221;element_from_left&#8221;][vc_empty_space height=&#8221;30px&#8221;][\/qode_elements_holder_item][\/qode_elements_holder][\/vc_column][\/vc_row][vc_row row_type=&#8221;row&#8221; use_row_as_full_screen_section=&#8221;yes&#8221; type=&#8221;full_width&#8221; text_align=&#8221;center&#8221; padding_top=&#8221;0&#8243; padding_bottom=&#8221;0&#8243; css_animation=&#8221;&#8221;][vc_column offset=&#8221;vc_hidden-lg vc_hidden-md vc_hidden-sm&#8221; css=&#8221;.vc_custom_1493907528282{background-image: url(http:\/\/ww2.elsnordic.com\/nestlesommar\/wp-content\/uploads\/sites\/99\/2016\/03\/bgmob.jpg?id=912) !important;}&#8221;][vc_empty_space height=&#8221;20px&#8221;][vc_column_text css=&#8221;.vc_custom_1493907277750{padding-top: 30px !important;padding-right: 4% !important;padding-left: 4% !important;}&#8221;]<\/p>\n<h6 style=\"text-align: center;\"><span style=\"color: #e32185; text-shadow: 1px 2px #ffffff; font-size: 55px; line-height: 10px;\">F\u00e5 fin premie!<\/span><\/h6>\n<p>[\/vc_column_text][vc_empty_space height=&#8221;8px&#8221;][vc_column_text css=&#8221;.vc_custom_1493906951175{padding-right: 4% !important;padding-left: 4% !important;}&#8221;]<\/p>\n<h2 style=\"text-align: center;\"><span style=\"color: #e32185; font-size: 19px; line-height: 1px;\">N\u00e4r du k\u00f6per Nestl\u00e9 kl\u00e4mp\u00e5sar<\/span><\/h2>\n<p>[\/vc_column_text][vc_empty_space height=&#8221;30px&#8221;]<a href=\"http:\/\/nestlesommar.elskampanj.se\/\" target=\"_self\"  class=\"qbutton  large\" style=\"margin: 0 0 80px 0 ; \">REGISTRERA DIG<\/a>[\/vc_column][vc_column offset=&#8221;vc_hidden-lg vc_hidden-md vc_hidden-sm&#8221; css=&#8221;.vc_custom_1487086040537{padding-top: 48px !important;background-color: #ffffff !important;}&#8221;][qode_elements_holder number_of_columns=&#8221;two_columns&#8221;][qode_elements_holder_item item_padding=&#8221;0 0 0 0&#8243; item_padding_600_768=&#8221;22% 0 0 0&#8243;][vc_single_image image=&#8221;864&#8243; img_size=&#8221;full&#8221; qode_css_animation=&#8221;&#8221; css=&#8221;.vc_custom_1493904272959{padding-right: 4% !important;padding-left: 4% !important;}&#8221;][\/qode_elements_holder_item][qode_elements_holder_item item_padding=&#8221;19% 0 0 17%&#8221; item_padding_600_768=&#8221;7% 0 0 0%&#8221; item_padding_480_600=&#8221;7% 0 0 0%&#8221; item_padding_480=&#8221;7% 0 0 0%&#8221;][vc_column_text css=&#8221;.vc_custom_1493904315579{padding-right: 4% !important;padding-bottom: 15px !important;padding-left: 4% !important;}&#8221;]<\/p>\n<h6><span style=\"color: #7bba48; line-height: 11px; font-size: 40px;\">Kids&#8217;s Concept<\/span><\/h6>\n<p>[\/vc_column_text][vc_empty_space height=&#8221;5px&#8221;][vc_column_text css=&#8221;.vc_custom_1493904346318{padding-right: 8% !important;padding-left: 8% !important;}&#8221;]Vi vill vara med och p\u00e5verka m\u00f6jligheten att l\u00e5ta barnens fantasi f\u00e5 en naturlig plats i alla hem. Slutm\u00e5lgruppen \u00e4r barnfamiljer med barn i \u00e5ldern 0-7 \u00e5r och alla som k\u00f6per produkter och presenter till denna m\u00e5lgrupp. Familjen, barnen och hemmet prioriteras h\u00f6gt i v\u00e5rt t\u00e4nkande..[\/vc_column_text][vc_empty_space height=&#8221;12px&#8221;][vc_column_text css=&#8221;.vc_custom_1493904363080{padding-right: 8% !important;padding-left: 8% !important;}&#8221;]Den \u00f6kande inredningstrenden f\u00f6r barnrum inspirerade oss att starta Kid&#8217;s Concept. Efter att ha arbetat med barnprodukter under en tid uppt\u00e4ckte vi att det fanns utrymme f\u00f6r att g\u00f6ra ett eget barnsortiment eftersom vi saknade vissa produkter p\u00e5 marknaden.[\/vc_column_text][vc_empty_space height=&#8221;39px&#8221;]<a href=\"http:\/\/kidsconcept.se\/\" target=\"_blank\"  class=\"qbutton  small\" style=\"margin: 0 0 0 0 ; \">KIDSCONCEPT.SE<\/a>[vc_empty_space height=&#8221;59px&#8221;][\/qode_elements_holder_item][\/qode_elements_holder][qode_elements_holder number_of_columns=&#8221;two_columns&#8221;][qode_elements_holder_item item_padding=&#8221;0 0 0 0&#8243; item_padding_600_768=&#8221;22% 0 0 0&#8243;][vc_single_image image=&#8221;860&#8243; img_size=&#8221;full&#8221; qode_css_animation=&#8221;&#8221; css=&#8221;.vc_custom_1493904761358{padding-right: 4% !important;padding-left: 4% !important;}&#8221;][\/qode_elements_holder_item][qode_elements_holder_item item_padding=&#8221;19% 0 0 17%&#8221; item_padding_600_768=&#8221;7% 0 0 0%&#8221; item_padding_480_600=&#8221;7% 0 0 0%&#8221; item_padding_480=&#8221;7% 0 0 0%&#8221;][vc_column_text css=&#8221;.vc_custom_1493904777054{padding-right: 4% !important;padding-bottom: 15px !important;padding-left: 4% !important;}&#8221;]<\/p>\n<h6><span style=\"color: #7bba48; line-height: 11px; font-size: 40px;\">Nestl\u00e9 Barnmat<\/span><\/h6>\n<p>[\/vc_column_text][vc_empty_space height=&#8221;5px&#8221;][vc_column_text css=&#8221;.vc_custom_1493904827284{padding-right: 8% !important;padding-left: 8% !important;}&#8221;]Bra kockar vet att r\u00e4tt r\u00e5varor \u00e4r nyckeln till bra mat. Det g\u00e4ller \u00e4ven f\u00f6r v\u00e5r mat. V\u00e5ra kockar tillagar bara mat av r\u00e5varor fr\u00e5n kontrollerade leverant\u00f6rer som vi k\u00e4nner sedan \u00e5r tillbaka. Det \u00e4r f\u00f6r den kommande generationen som vi lagar v\u00e5r mat. Det \u00e4r d\u00e4rf\u00f6r vi f\u00f6ljer maten noggrant, hela v\u00e4gen fr\u00e5n odlingen p\u00e5 f\u00e4lten, till produktion och f\u00f6rpackning.[\/vc_column_text][vc_empty_space height=&#8221;12px&#8221;][vc_column_text css=&#8221;.vc_custom_1493904841430{padding-right: 8% !important;padding-left: 8% !important;}&#8221;]Barn utvecklas p\u00e5 ett alldeles h\u00e4pnadsv\u00e4ckande s\u00e4tt de f\u00f6rsta \u00e5ren. D\u00e4rf\u00f6r f\u00f6ljer ocks\u00e5 all mat som vi tillagar denna utveckling \u2013 fr\u00e5n ditt barns tidiga \u00e4ventyr med smakportionerna till dess att han eller hon sitter med dig vid middagsbordet och \u00e4ter tillsammans med hela familjen.[\/vc_column_text][vc_empty_space height=&#8221;39px&#8221;]<a href=\"https:\/\/www.nestlebarnmat.se\/\" target=\"_blank\"  class=\"qbutton  small\" style=\"margin: 0 0 0 0 ; \">NESTLEBARNMAT.SE<\/a>[vc_empty_space height=&#8221;59px&#8221;][\/qode_elements_holder_item][\/qode_elements_holder][\/vc_column][\/vc_row]<\/p>\n","protected":false},"excerpt":{"rendered":"<p>[vc_row row_type=&#8221;row&#8221; use_row_as_full_screen_section=&#8221;no&#8221; type=&#8221;full_width&#8221; text_align=&#8221;left&#8221; css_animation=&#8221;&#8221; el_class=&#8221;mobile_row_hide&#8221; el_id=&#8221;mobile_row_hide&#8221; css=&#8221;.vc_custom_1493898850080{background-image: url(http:\/\/ww2.elsnordic.com\/nestlesommar\/wp-content\/uploads\/sites\/99\/2016\/03\/bg-3.jpg?id=865) !important;}&#8221;][vc_column][vc_row_inner row_type=&#8221;row&#8221; type=&#8221;full_width&#8221; use_row_as_full_screen_section_slide=&#8221;no&#8221; text_align=&#8221;left&#8221; css_animation=&#8221;element_from_left&#8221; transition_delay=&#8221;150&#8243; el_class=&#8221;mobile_row_hide&#8221;][vc_column_inner][qode_elements_holder number_of_columns=&#8221;one_column&#8221;][qode_elements_holder_item item_padding=&#8221;18% 0% 19% 17%&#8221; item_padding_1280_1600=&#8221;18% 20% 19% 20%&#8221; item_padding_1024_1280=&#8221;18% 20% 19% 20%&#8221; item_padding_768_1024=&#8221;18% 20% 19% 20%&#8221; item_padding_600_768=&#8221;18% 20% 19% 20%&#8221; item_padding_480_600=&#8221;18% 20% 19% 20%&#8221; item_padding_480=&#8221;18% 20%&#8230;<\/p>\n","protected":false},"author":10,"featured_media":0,"parent":0,"menu_order":0,"comment_status":"closed","ping_status":"closed","template":"full_width.php","meta":[],"_links":{"self":[{"href":"http:\/\/ww2.elsnordic.com\/nestlesommar\/wp-json\/wp\/v2\/pages\/342"}],"collection":[{"href":"http:\/\/ww2.elsnordic.com\/nestlesommar\/wp-json\/wp\/v2\/pages"}],"about":[{"href":"http:\/\/ww2.elsnordic.com\/nestlesommar\/wp-json\/wp\/v2\/types\/page"}],"author":[{"embeddable":true,"href":"http:\/\/ww2.elsnordic.com\/nestlesommar\/wp-json\/wp\/v2\/users\/10"}],"replies":[{"embeddable":true,"href":"http:\/\/ww2.elsnordic.com\/nestlesommar\/wp-json\/wp\/v2\/comments?post=342"}],"version-history":[{"count":343,"href":"http:\/\/ww2.elsnordic.com\/nestlesommar\/wp-json\/wp\/v2\/pages\/342\/revisions"}],"predecessor-version":[{"id":940,"href":"http:\/\/ww2.elsnordic.com\/nestlesommar\/wp-json\/wp\/v2\/pages\/342\/revisions\/940"}],"wp:attachment":[{"href":"http:\/\/ww2.elsnordic.com\/nestlesommar\/wp-json\/wp\/v2\/media?parent=342"}],"curies":[{"name":"wp","href":"https:\/\/api.w.org\/{rel}","templated":true}]}}