{"id":394,"date":"2017-01-16T13:22:30","date_gmt":"2017-01-16T13:22:30","guid":{"rendered":"http:\/\/ww2.elsnordic.com\/nestlesommar\/?page_id=394"},"modified":"2017-05-05T07:38:20","modified_gmt":"2017-05-05T07:38:20","slug":"las-villkor","status":"publish","type":"page","link":"http:\/\/ww2.elsnordic.com\/nestlesommar\/las-villkor\/","title":{"rendered":"VILLKOR"},"content":{"rendered":"<p>[vc_row row_type=&#8221;row&#8221; use_row_as_full_screen_section=&#8221;no&#8221; type=&#8221;grid&#8221; text_align=&#8221;left&#8221; background_color=&#8221;#ffffff&#8221; padding_bottom=&#8221;100&#8243; css_animation=&#8221;&#8221; css=&#8221;.vc_custom_1484669402845{padding-right: 3% !important;padding-left: 3% !important;}&#8221;][vc_column width=&#8221;5\/6&#8243; offset=&#8221;vc_col-sm-offset-1&#8243; css=&#8221;.vc_custom_1493969896699{padding-right: 4% !important;padding-left: 4% !important;}&#8221;][vc_empty_space height=&#8221;100&#8243;]<div class=\"q_icon_list\"><i class=\"fa fa-circle normal_icon_list  \" style=\"color:#7bba48;\"><\/i><p class=\"normal_icon_list \" style=\"\">L\u00e4s igenom erbjudandet och villkor noggrant innan anv\u00e4ndandet. Erbjudandet g\u00e4ller endast f\u00f6r de villkor som anges.<\/p><\/div><div class=\"q_icon_list\"><i class=\"fa fa-circle normal_icon_list  \" style=\"color:#7bba48;\"><\/i><p class=\"normal_icon_list \" style=\"\">Kampanjen g\u00e4ller f\u00f6r premierna Melamin Tallrik set och Lek T\u00e4lt fr\u00e5n Kid\u00b4s Concept (v\u00e4rde ca 200 kr respektive ca 330 kr). Du kan erh\u00e5lla en av dessa premier vid ink\u00f6p av valfria Nestl\u00e9 kl\u00e4mp\u00e5sar.<\/p><\/div><div class=\"q_icon_list\"><i class=\"fa fa-circle normal_icon_list  \" style=\"color:#7bba48;\"><\/i><p class=\"normal_icon_list \" style=\"\">Vid ink\u00f6p av 15 st kl\u00e4mp\u00e5sar erh\u00e5lls Melamin Tallrik Set fr\u00e5n Kid\u00b4s Concept. Vid ink\u00f6p av 25 st kl\u00e4mp\u00e5sar erh\u00e5lls Lek T\u00e4ltet fr\u00e5n Kid\u00b4s Concept.<\/p><\/div><div class=\"q_icon_list\"><i class=\"fa fa-circle normal_icon_list  \" style=\"color:#7bba48;\"><\/i><p class=\"normal_icon_list \" style=\"\">Erbjudandet g\u00e4ller f\u00f6r ett val av premie och 1 g\u00e5ng per hush\u00e5ll.<\/p><\/div><div class=\"q_icon_list\"><i class=\"fa fa-circle normal_icon_list  \" style=\"color:#7bba48;\"><\/i><p class=\"normal_icon_list \" style=\"\">Senast datum f\u00f6r registrering av uppgifter \u00e4r den 28 augusti 2017. Kampanjbeviset och de samlade streckkoderna m\u00e5ste vara ELS tillhanda senast den 11 september 2017. <\/p><\/div><div class=\"q_icon_list\"><i class=\"fa fa-circle normal_icon_list  \" style=\"color:#7bba48;\"><\/i><p class=\"normal_icon_list \" style=\"\">Kampanjen innefattar ett begr\u00e4nsat antal premier per produkt och erbjudandet g\u00e4ller s\u00e5 l\u00e5ngt lagret r\u00e4cker. Observera att premierna kan ta slut innan sista registreringsdatum. <\/p><\/div><div class=\"q_icon_list\"><i class=\"fa fa-circle normal_icon_list  \" style=\"color:#7bba48;\"><\/i><p class=\"normal_icon_list \" style=\"\">L\u00e4s mer under \u201dG\u00f6r s\u00e5 h\u00e4r\u201d f\u00f6r att f\u00e5 reda p\u00e5 hur du g\u00e5r tillv\u00e4ga.<\/p><\/div><div class=\"q_icon_list\"><i class=\"fa fa-circle normal_icon_list  \" style=\"color:#7bba48;\"><\/i><p class=\"normal_icon_list \" style=\"\">Vid registrering av premien tillkommer en avgift f\u00f6r frakt och hantering p\u00e5 49 kr oberoende av vilken premie du registrerat dig f\u00f6r. Dvs har du registrerat dig och betalt frakt \u00e4r du garanterad din valda premie. G\u00e4ller endast leverans inom Sverige.<\/p><\/div><div class=\"q_icon_list\"><i class=\"fa fa-circle normal_icon_list  \" style=\"color:#7bba48;\"><\/i><p class=\"normal_icon_list \" style=\"\">De uppgifter du l\u00e4mnar om dig sj\u00e4lv i samband med deltagande i denna kampanjaktivitet kommer att behandlas f\u00f6r att kunna administrera aktiviteten. Observera att f\u00f6r aktivitetsdeltagare under 18 \u00e5r kr\u00e4vs v\u00e5rdnadshavares samtycke till personuppgiftsbehandling. Genom att godk\u00e4nna dessa Allm\u00e4nna Aktivitetsvillkor samtycker du till personuppgiftsbehandling enligt ovan.<\/p><\/div><div class=\"q_icon_list\"><i class=\"fa fa-circle normal_icon_list  \" style=\"color:#7bba48;\"><\/i><p class=\"normal_icon_list \" style=\"\">Vid eventuella tveksamheter ang\u00e5ende vad som omfattas av erbjudandet, villkor och dylikt, \u00e5ligger det alltid kunden\/innehavaren av v\u00e4rdekoden att kontrollera vad som g\u00e4ller innan anv\u00e4ndande. Om villkoren och reglerna som anges h\u00e4r ej f\u00f6ljs eller missbrukas, har ni ej n\u00e5gon r\u00e4tt att anv\u00e4nda angivet erbjudande.<\/p><\/div><div class=\"q_icon_list\"><i class=\"fa fa-circle normal_icon_list  \" style=\"color:#7bba48;\"><\/i><p class=\"normal_icon_list \" style=\"\">European Loyalty Systems AB och Nestl\u00e9 reserverar sig f\u00f6r felaktig information och \u00e4r ej ansvariga f\u00f6r f\u00f6rsvunna eller felskickade mail eller bortkommen post med samlade streckkoder. European Loyalty Systems AB och Nestl\u00e9 ansvarar inte f\u00f6r tryckfel eller skada p.g.a. force majeure s\u00e5som brand, olycksfall, strejk eller dylikt.<\/p><\/div><div class=\"q_icon_list\"><i class=\"fa fa-circle normal_icon_list  \" style=\"color:#7bba48;\"><\/i><p class=\"normal_icon_list \" style=\"\">Genom att registrera dina uppgifter har du ocks\u00e5 accepterat villkoren som n\u00e4mns h\u00e4r. Villkoren i kampanjen kan \u00e4ven \u00e4ndras utan f\u00f6rvarning.<\/p><\/div><div class=\"q_icon_list\"><i class=\"fa fa-circle normal_icon_list  \" style=\"color:#7bba48;\"><\/i><p class=\"normal_icon_list \" style=\"\">Fr\u00e5gor och synpunkter r\u00f6rande denna kampanj st\u00e4lls till European Loyalty Systems AB, tel kundservice 031-742 55 66 eller e-post info@elssverige.se.<\/p><\/div><div class=\"q_icon_list\"><i class=\"fa fa-circle normal_icon_list  \" style=\"color:#7bba48;\"><\/i><p class=\"normal_icon_list \" style=\"\">Denna kampanj \u00e4r framtagen och hanteras av European Loyalty Systems AB p\u00e5 uppdrag av Nestl\u00e9.<\/p><\/div>[\/vc_column][\/vc_row]<\/p>\n","protected":false},"excerpt":{"rendered":"<p>[vc_row row_type=&#8221;row&#8221; use_row_as_full_screen_section=&#8221;no&#8221; type=&#8221;grid&#8221; text_align=&#8221;left&#8221; background_color=&#8221;#ffffff&#8221; padding_bottom=&#8221;100&#8243; css_animation=&#8221;&#8221; css=&#8221;.vc_custom_1484669402845{padding-right: 3% !important;padding-left: 3% !important;}&#8221;][vc_column width=&#8221;5\/6&#8243; offset=&#8221;vc_col-sm-offset-1&#8243; css=&#8221;.vc_custom_1493969896699{padding-right: 4% !important;padding-left: 4% !important;}&#8221;][vc_empty_space height=&#8221;100&#8243;][\/vc_column][\/vc_row]<\/p>\n","protected":false},"author":10,"featured_media":0,"parent":0,"menu_order":0,"comment_status":"closed","ping_status":"closed","template":"full_width.php","meta":[],"_links":{"self":[{"href":"http:\/\/ww2.elsnordic.com\/nestlesommar\/wp-json\/wp\/v2\/pages\/394"}],"collection":[{"href":"http:\/\/ww2.elsnordic.com\/nestlesommar\/wp-json\/wp\/v2\/pages"}],"about":[{"href":"http:\/\/ww2.elsnordic.com\/nestlesommar\/wp-json\/wp\/v2\/types\/page"}],"author":[{"embeddable":true,"href":"http:\/\/ww2.elsnordic.com\/nestlesommar\/wp-json\/wp\/v2\/users\/10"}],"replies":[{"embeddable":true,"href":"http:\/\/ww2.elsnordic.com\/nestlesommar\/wp-json\/wp\/v2\/comments?post=394"}],"version-history":[{"count":37,"href":"http:\/\/ww2.elsnordic.com\/nestlesommar\/wp-json\/wp\/v2\/pages\/394\/revisions"}],"predecessor-version":[{"id":939,"href":"http:\/\/ww2.elsnordic.com\/nestlesommar\/wp-json\/wp\/v2\/pages\/394\/revisions\/939"}],"wp:attachment":[{"href":"http:\/\/ww2.elsnordic.com\/nestlesommar\/wp-json\/wp\/v2\/media?parent=394"}],"curies":[{"name":"wp","href":"https:\/\/api.w.org\/{rel}","templated":true}]}}