{"id":403,"date":"2017-01-16T14:16:16","date_gmt":"2017-01-16T14:16:16","guid":{"rendered":"http:\/\/ww2.elsnordic.com\/nestlesommar\/?page_id=403"},"modified":"2017-05-11T10:45:05","modified_gmt":"2017-05-11T10:45:05","slug":"gor-sa-har","status":"publish","type":"page","link":"http:\/\/ww2.elsnordic.com\/nestlesommar\/gor-sa-har\/","title":{"rendered":"G\u00d6R S\u00c5 H\u00c4R"},"content":{"rendered":"<p>[vc_row row_type=&#8221;row&#8221; use_row_as_full_screen_section=&#8221;no&#8221; type=&#8221;grid&#8221; anchor=&#8221;gor&#8221; text_align=&#8221;center&#8221; background_color=&#8221;#ffffff&#8221; padding_top=&#8221;0&#8243; padding_bottom=&#8221;100&#8243; css_animation=&#8221;&#8221;][vc_column][vc_empty_space height=&#8221;100&#8243;][vc_row_inner row_type=&#8221;row&#8221; type=&#8221;full_width&#8221; use_row_as_full_screen_section_slide=&#8221;no&#8221; text_align=&#8221;left&#8221; css_animation=&#8221;&#8221;][vc_column_inner width=&#8221;2\/12&#8243;][\/vc_column_inner][vc_column_inner width=&#8221;1\/12&#8243;][vc_column_text]<\/p>\n<h2><span style=\"color: #7bba48;\">1.<\/span><\/h2>\n<p>[\/vc_column_text][\/vc_column_inner][vc_column_inner width=&#8221;7\/12&#8243;][vc_empty_space height=&#8221;14px&#8221;][vc_column_text]<\/p>\n<h5>V\u00e4lj att k\u00f6pa 15 eller 25 st valfria kl\u00e4mp\u00e5sar fr\u00e5n Nestl\u00e9<\/h5>\n<p>[\/vc_column_text][vc_column_text css=&#8221;.vc_custom_1493969049885{margin-top: 20px !important;}&#8221;]<strong>K\u00f6p 15 st kl\u00e4mp\u00e5sar<\/strong> \u2013 f\u00e5 melamin tallrik set i gr\u00f6nt som<br \/>\ninneh\u00e5ller 2 x tallrik, bestick och mugg fr\u00e5n Kid\u00b4s Concept.<br \/>\n<strong>K\u00f6p 25 st kl\u00e4mp\u00e5sar<\/strong> \u2013 f\u00e5 lekt\u00e4ltet i gr\u00f6nt fr\u00e5n Kid\u00b4s Concept.[\/vc_column_text][vc_column_text css=&#8221;.vc_custom_1493969279107{padding-top: 9px !important;}&#8221;]<\/p>\n<h5>OBS, endast ett val \u00e4r m\u00f6jligt.<\/h5>\n<p>[\/vc_column_text][vc_empty_space height=&#8221;15px&#8221;][\/vc_column_inner][vc_column_inner width=&#8221;2\/12&#8243;][\/vc_column_inner][\/vc_row_inner][vc_row_inner row_type=&#8221;row&#8221; type=&#8221;full_width&#8221; use_row_as_full_screen_section_slide=&#8221;no&#8221; text_align=&#8221;left&#8221; css_animation=&#8221;&#8221;][vc_column_inner width=&#8221;2\/12&#8243;][\/vc_column_inner][vc_column_inner width=&#8221;1\/12&#8243;][vc_column_text]<\/p>\n<h2><span style=\"color: #7bba48;\">2.<\/span><\/h2>\n<p>[\/vc_column_text][\/vc_column_inner][vc_column_inner width=&#8221;7\/12&#8243;][vc_empty_space height=&#8221;14px&#8221;][vc_column_text]<\/p>\n<h5><strong><a style=\"color: #e32185;\" href=\"http:\/\/nestlesommar.elskampanj.se\/\">Klicka h\u00e4r<\/a><\/strong> och registrera dina uppgifter samt vilken premie som \u00f6nskas senast den 28 augusti 2017.<\/h5>\n<p>[\/vc_column_text][vc_empty_space height=&#8221;15px&#8221;][\/vc_column_inner][vc_column_inner width=&#8221;2\/12&#8243;][\/vc_column_inner][\/vc_row_inner][vc_row_inner row_type=&#8221;row&#8221; type=&#8221;full_width&#8221; use_row_as_full_screen_section_slide=&#8221;no&#8221; text_align=&#8221;left&#8221; css_animation=&#8221;&#8221;][vc_column_inner width=&#8221;2\/12&#8243;][\/vc_column_inner][vc_column_inner width=&#8221;1\/12&#8243;][vc_column_text]<\/p>\n<h2><span style=\"color: #7bba48;\">3.<\/span><\/h2>\n<p>[\/vc_column_text][\/vc_column_inner][vc_column_inner width=&#8221;7\/12&#8243;][vc_empty_space height=&#8221;14px&#8221;][vc_column_text]<\/p>\n<h5>Skriv ut kampanjbeviset som du \ufb01ck vid registreringen. Inget e-mail? Titta i skr\u00e4pposten!<\/h5>\n<p>[\/vc_column_text][vc_empty_space height=&#8221;15px&#8221;][\/vc_column_inner][vc_column_inner width=&#8221;2\/12&#8243;][\/vc_column_inner][\/vc_row_inner][vc_row_inner row_type=&#8221;row&#8221; type=&#8221;full_width&#8221; use_row_as_full_screen_section_slide=&#8221;no&#8221; text_align=&#8221;left&#8221; css_animation=&#8221;&#8221;][vc_column_inner width=&#8221;2\/12&#8243;][\/vc_column_inner][vc_column_inner width=&#8221;1\/12&#8243;][vc_column_text]<\/p>\n<h2><span style=\"color: #7bba48;\">4.<\/span><\/h2>\n<p>[\/vc_column_text][\/vc_column_inner][vc_column_inner width=&#8221;7\/12&#8243;][vc_empty_space height=&#8221;14px&#8221;][vc_column_text]<\/p>\n<h5>Klipp ut dina streckkoder och l\u00e4gg dessa tillsammans med kampanjbeviset i ett kuvert och skicka senast 11 september 2017 till:<\/h5>\n<p>[\/vc_column_text][vc_column_text css=&#8221;.vc_custom_1493901966173{margin-top: 20px !important;}&#8221;]<\/p>\n<h5><span style=\"color: #e32185;\"><strong>NESTL\u00c9\u00a0C\/O ELS SVERIGE\u00a0AB, M\u00d6LNDALSV\u00c4GEN 91, 412 63 G\u00d6TEBORG<\/strong><\/span><\/h5>\n<p>[\/vc_column_text][vc_empty_space height=&#8221;15px&#8221;][\/vc_column_inner][vc_column_inner width=&#8221;2\/12&#8243;][\/vc_column_inner][\/vc_row_inner][vc_row_inner row_type=&#8221;row&#8221; type=&#8221;full_width&#8221; use_row_as_full_screen_section_slide=&#8221;no&#8221; text_align=&#8221;left&#8221; css_animation=&#8221;&#8221;][vc_column_inner width=&#8221;2\/12&#8243;][\/vc_column_inner][vc_column_inner width=&#8221;1\/12&#8243;][vc_column_text]<\/p>\n<h2><span style=\"color: #7bba48;\">5.<\/span><\/h2>\n<p>[\/vc_column_text][\/vc_column_inner][vc_column_inner width=&#8221;7\/12&#8243;][vc_empty_space height=&#8221;14px&#8221;][vc_column_text]<\/p>\n<h5>Inom ca 4 veckor efter att vi mottagit och kontrollerat dina streckkoder kommer<br \/>\ndu att f\u00e5 din valda premie hemskickad du valt i samband med din registrering.<\/h5>\n<p>[\/vc_column_text][vc_empty_space height=&#8221;15px&#8221;][\/vc_column_inner][vc_column_inner width=&#8221;2\/12&#8243;][\/vc_column_inner][\/vc_row_inner][vc_row_inner row_type=&#8221;row&#8221; type=&#8221;full_width&#8221; use_row_as_full_screen_section_slide=&#8221;no&#8221; text_align=&#8221;left&#8221; css_animation=&#8221;&#8221;][vc_column_inner width=&#8221;2\/12&#8243;][\/vc_column_inner][vc_column_inner width=&#8221;1\/12&#8243;][\/vc_column_inner][vc_column_inner width=&#8221;7\/12&#8243;][vc_empty_space height=&#8221;18px&#8221;][vc_column_text]<\/p>\n<div class=\"wpb_text_column wpb_content_element \">\n<div class=\"wpb_wrapper\">\n<p><em>Notera att en fast kostnad p\u00e5 49\u2009kr tillkommer f\u00f6r frakt och hantering och betalas i samband med din registrering. G\u00e4ller endast leverans inom Sverige och max 1 g\u00e5ng per hush\u00e5ll.<\/em><\/p>\n<\/div>\n<\/div>\n<p>[\/vc_column_text][vc_empty_space height=&#8221;15px&#8221;][\/vc_column_inner][vc_column_inner width=&#8221;2\/12&#8243;][\/vc_column_inner][\/vc_row_inner][vc_row_inner row_type=&#8221;row&#8221; type=&#8221;full_width&#8221; use_row_as_full_screen_section_slide=&#8221;no&#8221; text_align=&#8221;left&#8221; css_animation=&#8221;&#8221;][vc_column_inner width=&#8221;2\/12&#8243;][\/vc_column_inner][vc_column_inner width=&#8221;1\/12&#8243;][\/vc_column_inner][vc_column_inner width=&#8221;7\/12&#8243;][vc_empty_space height=&#8221;18px&#8221;][vc_column_text]<\/p>\n<div class=\"wpb_text_column wpb_content_element \">\n<div class=\"wpb_wrapper\">\n<h5>Observera att premierna kan ta slut innan sista registreringsdag och erbjudandet g\u00e4ller s\u00e5 l\u00e5ngt lagret r\u00e4cker.<\/h5>\n<\/div>\n<\/div>\n<p>[\/vc_column_text][vc_empty_space height=&#8221;15px&#8221;][\/vc_column_inner][vc_column_inner width=&#8221;2\/12&#8243;][\/vc_column_inner][\/vc_row_inner][\/vc_column][\/vc_row]<\/p>\n","protected":false},"excerpt":{"rendered":"<p>[vc_row row_type=&#8221;row&#8221; use_row_as_full_screen_section=&#8221;no&#8221; type=&#8221;grid&#8221; anchor=&#8221;gor&#8221; text_align=&#8221;center&#8221; background_color=&#8221;#ffffff&#8221; padding_top=&#8221;0&#8243; padding_bottom=&#8221;100&#8243; css_animation=&#8221;&#8221;][vc_column][vc_empty_space height=&#8221;100&#8243;][vc_row_inner row_type=&#8221;row&#8221; type=&#8221;full_width&#8221; use_row_as_full_screen_section_slide=&#8221;no&#8221; text_align=&#8221;left&#8221; css_animation=&#8221;&#8221;][vc_column_inner width=&#8221;2\/12&#8243;][\/vc_column_inner][vc_column_inner width=&#8221;1\/12&#8243;][vc_column_text] 1. [\/vc_column_text][\/vc_column_inner][vc_column_inner width=&#8221;7\/12&#8243;][vc_empty_space height=&#8221;14px&#8221;][vc_column_text] V\u00e4lj att k\u00f6pa 15 eller 25 st valfria kl\u00e4mp\u00e5sar fr\u00e5n Nestl\u00e9 [\/vc_column_text][vc_column_text css=&#8221;.vc_custom_1493969049885{margin-top: 20px !important;}&#8221;]K\u00f6p 15 st kl\u00e4mp\u00e5sar \u2013 f\u00e5 melamin tallrik set&#8230;<\/p>\n","protected":false},"author":10,"featured_media":0,"parent":0,"menu_order":0,"comment_status":"closed","ping_status":"closed","template":"full_width.php","meta":[],"_links":{"self":[{"href":"http:\/\/ww2.elsnordic.com\/nestlesommar\/wp-json\/wp\/v2\/pages\/403"}],"collection":[{"href":"http:\/\/ww2.elsnordic.com\/nestlesommar\/wp-json\/wp\/v2\/pages"}],"about":[{"href":"http:\/\/ww2.elsnordic.com\/nestlesommar\/wp-json\/wp\/v2\/types\/page"}],"author":[{"embeddable":true,"href":"http:\/\/ww2.elsnordic.com\/nestlesommar\/wp-json\/wp\/v2\/users\/10"}],"replies":[{"embeddable":true,"href":"http:\/\/ww2.elsnordic.com\/nestlesommar\/wp-json\/wp\/v2\/comments?post=403"}],"version-history":[{"count":69,"href":"http:\/\/ww2.elsnordic.com\/nestlesommar\/wp-json\/wp\/v2\/pages\/403\/revisions"}],"predecessor-version":[{"id":941,"href":"http:\/\/ww2.elsnordic.com\/nestlesommar\/wp-json\/wp\/v2\/pages\/403\/revisions\/941"}],"wp:attachment":[{"href":"http:\/\/ww2.elsnordic.com\/nestlesommar\/wp-json\/wp\/v2\/media?parent=403"}],"curies":[{"name":"wp","href":"https:\/\/api.w.org\/{rel}","templated":true}]}}