{"id":66,"date":"2014-01-29T08:50:02","date_gmt":"2014-01-29T08:50:02","guid":{"rendered":"http:\/\/ww2.elsnordic.com\/nutrilettaktivitet\/?page_id=66"},"modified":"2016-12-21T12:59:36","modified_gmt":"2016-12-21T12:59:36","slug":"hotell-3","status":"publish","type":"page","link":"http:\/\/ww2.elsnordic.com\/nutrilettaktivitet\/?page_id=66","title":{"rendered":"Hotell som deltar i kampanjen"},"content":{"rendered":"[cycloneslider id=&#8221;salonger&#8221;]\n<h5>V\u00e4lj ett bland m\u00e5nga bra hotell och deras olika aktiviteter. T\u00e4nk p\u00e5 att boka din aktivitet\/tr\u00e4ningspass i god tid. Tillg\u00e4ngligheten \u00e4r begr\u00e4nsad. Innan du bokar\u00a0din vistelse, l\u00e4s noga igenom f\u00f6ruts\u00e4ttningarna f\u00f6r detta under <a title=\"Villkor\" href=\"\/nutrilettaktivitet\/?page_id=9\">villkor<\/a>. Nedan finner du de hotell som medverkar i kampanjen. Fler hotell tillkommer inom kort.<\/h5>\n","protected":false},"excerpt":{"rendered":"<p>[cycloneslider id=&#8221;salonger&#8221;] V\u00e4lj ett bland m\u00e5nga bra hotell och deras olika aktiviteter. T\u00e4nk p\u00e5 att boka din aktivitet\/tr\u00e4ningspass i god tid. Tillg\u00e4ngligheten \u00e4r begr\u00e4nsad. Innan du bokar\u00a0din vistelse, l\u00e4s noga igenom f\u00f6ruts\u00e4ttningarna f\u00f6r detta under villkor. Nedan finner du de hotell som medverkar i kampanjen. Fler hotell tillkommer inom kort.<\/p>\n","protected":false},"author":3,"featured_media":0,"parent":0,"menu_order":0,"comment_status":"open","ping_status":"closed","template":"page-blog.php","meta":[],"_links":{"self":[{"href":"http:\/\/ww2.elsnordic.com\/nutrilettaktivitet\/index.php?rest_route=\/wp\/v2\/pages\/66"}],"collection":[{"href":"http:\/\/ww2.elsnordic.com\/nutrilettaktivitet\/index.php?rest_route=\/wp\/v2\/pages"}],"about":[{"href":"http:\/\/ww2.elsnordic.com\/nutrilettaktivitet\/index.php?rest_route=\/wp\/v2\/types\/page"}],"author":[{"embeddable":true,"href":"http:\/\/ww2.elsnordic.com\/nutrilettaktivitet\/index.php?rest_route=\/wp\/v2\/users\/3"}],"replies":[{"embeddable":true,"href":"http:\/\/ww2.elsnordic.com\/nutrilettaktivitet\/index.php?rest_route=%2Fwp%2Fv2%2Fcomments&post=66"}],"version-history":[{"count":25,"href":"http:\/\/ww2.elsnordic.com\/nutrilettaktivitet\/index.php?rest_route=\/wp\/v2\/pages\/66\/revisions"}],"predecessor-version":[{"id":672,"href":"http:\/\/ww2.elsnordic.com\/nutrilettaktivitet\/index.php?rest_route=\/wp\/v2\/pages\/66\/revisions\/672"}],"wp:attachment":[{"href":"http:\/\/ww2.elsnordic.com\/nutrilettaktivitet\/index.php?rest_route=%2Fwp%2Fv2%2Fmedia&parent=66"}],"curies":[{"name":"wp","href":"https:\/\/api.w.org\/{rel}","templated":true}]}}