{"id":342,"date":"2016-03-02T13:14:09","date_gmt":"2016-03-02T13:14:09","guid":{"rendered":"http:\/\/stockholm3.select-themes.com\/?page_id=4"},"modified":"2017-06-28T07:39:43","modified_gmt":"2017-06-28T07:39:43","slug":"home-main","status":"publish","type":"page","link":"http:\/\/ww2.elsnordic.com\/ridderheims\/","title":{"rendered":"Hem"},"content":{"rendered":"<p>[vc_row row_type=&#8221;row&#8221; use_row_as_full_screen_section=&#8221;no&#8221; type=&#8221;full_width&#8221; text_align=&#8221;left&#8221; css_animation=&#8221;&#8221; el_class=&#8221;mobile_row_hide&#8221; el_id=&#8221;mobile_row_hide&#8221; css=&#8221;.vc_custom_1490365057283{background-image: url(http:\/\/ww2.elsnordic.com\/ridderheims\/wp-content\/uploads\/sites\/98\/2016\/03\/bg5.jpg?id=782) !important;}&#8221;][vc_column][vc_row_inner row_type=&#8221;row&#8221; type=&#8221;full_width&#8221; use_row_as_full_screen_section_slide=&#8221;no&#8221; text_align=&#8221;left&#8221; css_animation=&#8221;element_from_left&#8221; transition_delay=&#8221;150&#8243; el_class=&#8221;mobile_row_hide&#8221;][vc_column_inner][qode_elements_holder number_of_columns=&#8221;one_column&#8221;][qode_elements_holder_item item_padding=&#8221;18% 50% 19% 17%&#8221; item_padding_1280_1600=&#8221;18% 50% 19% 17%&#8221; item_padding_1024_1280=&#8221;18% 50% 19% 17%&#8221; item_padding_768_1024=&#8221;18% 50% 19% 17%&#8221; item_padding_600_768=&#8221;18% 50% 19% 17%&#8221; item_padding_480_600=&#8221;18% 50% 19% 17%&#8221; item_padding_480=&#8221;18% 50% 19% 17%&#8221;][vc_empty_space height=&#8221;&#8221;]<div class=\"custom_font_holder\" style=\" font-size: 20px; font-style: normal; font-weight: 200; color: #ffffff; text-decoration: none; text-align: left;\"><span><\/p>\n<h1><span style=\"color: #e52121;\">KAMPANJEN \u00c4R NU AVSLUTAD OCH VI TACKAR F\u00d6R ER MEDVERKAN!<\/span><\/h1>\n<p><\/span><\/div>[vc_column_text]<\/p>\n<h2><span style=\"color: #ffffff; font-size: 17px;\">Tack f\u00f6r ert visade intresse men nu \u00e4r tyv\u00e4rr sk\u00e5larna i kampanjen slut och efterfr\u00e5gan har varit oerh\u00f6rt stor. Ni som tidigare har registrerat er erh\u00e5ller sk\u00e5lar vid ins\u00e4nda streckkoder. Gl\u00f6m ej att s\u00e4nda in innan sista giltiga dag!<br \/>\n<\/span><\/h2>\n<p>[\/vc_column_text][vc_empty_space height=&#8221;46px&#8221;][vc_empty_space height=&#8221;30px&#8221;][\/qode_elements_holder_item][\/qode_elements_holder][\/vc_column_inner][\/vc_row_inner][\/vc_column][\/vc_row][vc_row row_type=&#8221;row&#8221; use_row_as_full_screen_section=&#8221;yes&#8221; type=&#8221;grid&#8221; text_align=&#8221;left&#8221; background_color=&#8221;#ffffff&#8221; padding_bottom=&#8221;100&#8243; css_animation=&#8221;&#8221; el_class=&#8221;mobile_row_hide&#8221; css=&#8221;.vc_custom_1486568017932{background-color: #ffffff !important;}&#8221;][vc_column css=&#8221;.vc_custom_1486567893667{padding-bottom: 0px !important;background-color: #ffffff !important;}&#8221;][qode_elements_holder background_color=&#8221;#ffffff&#8221; number_of_columns=&#8221;two_columns&#8221;][qode_elements_holder_item background_color=&#8221;#ffffff&#8221; item_padding=&#8221;20% 0 0 0&#8243; item_padding_600_768=&#8221;22% 0 0 0&#8243;][vc_single_image image=&#8221;785&#8243; img_size=&#8221;full&#8221; qode_css_animation=&#8221;element_from_left&#8221;][vc_empty_space height=&#8221;30px&#8221;][\/qode_elements_holder_item][qode_elements_holder_item item_padding=&#8221;19% 5% 0 17%&#8221; item_padding_600_768=&#8221;7% 0 0 0%&#8221; item_padding_480_600=&#8221;7% 0 0 0%&#8221; item_padding_480=&#8221;7% 0 0 0%&#8221;][vc_empty_space height=&#8221;5px&#8221;][vc_column_text]<\/p>\n<h2><span style=\"color: #d6b160;\">DETTA \u00c4R IITTALA<\/span><\/h2>\n<p>[\/vc_column_text][vc_empty_space height=&#8221;40px&#8221;][vc_column_text]Vad som b\u00f6rjade som ett glasbruk i finska Iittala \u00e4r idag ett f\u00f6retag som kan se tillbaka p\u00e5 generationer av vackra och \u00e4ndam\u00e5lsenliga bruksf\u00f6rem\u00e5l, formgivna f\u00f6r att berika m\u00e4nniskors vardag. Vi anser att bruksf\u00f6rem\u00e5l ska vara s\u00e4rskiljande, kombinerbara och multifunktionella, och ha en tidl\u00f6s form som inspirerar till anv\u00e4ndning och uttryck.<\/p>\n<p>Vi vill inte bara skapa vackra f\u00f6rem\u00e5l. Vi tror p\u00e5 tidl\u00f6s design som aldrig kommer att kastas bort.[\/vc_column_text][vc_empty_space height=&#8221;39px&#8221;]<a href=\"https:\/\/www.iittala.com\/se\/sv\/home?gclid=CIvir7KX79ICFQaBkQodauwKTg&amp;gclsrc=aw.ds\" target=\"_blank\"  class=\"qbutton  small\" style=\"font-size: 16px; margin: 0 0 0 0 ; \">IITTALA.SE<\/a>[\/qode_elements_holder_item][\/qode_elements_holder][\/vc_column][\/vc_row][vc_row row_type=&#8221;row&#8221; use_row_as_full_screen_section=&#8221;yes&#8221; type=&#8221;full_width&#8221; text_align=&#8221;center&#8221; padding_top=&#8221;0&#8243; padding_bottom=&#8221;0&#8243; css_animation=&#8221;&#8221; css=&#8221;.vc_custom_1490369033309{background-color: #000000 !important;}&#8221;][vc_column offset=&#8221;vc_hidden-lg vc_hidden-md vc_hidden-sm&#8221;][vc_single_image image=&#8221;832&#8243; img_size=&#8221;420&#215;249&#8243; qode_css_animation=&#8221;&#8221; css=&#8221;.vc_custom_1490370836350{padding-bottom: 20px !important;}&#8221;][vc_column_text css=&#8221;.vc_custom_1498635453390{padding-right: 4% !important;padding-left: 4% !important;}&#8221;]<\/p>\n<h6 style=\"text-align: center;\"><span style=\"color: #e52121; font-size: 19px; line-height: 1px;\">KAMPANJEN \u00c4R NU AVSLUTAD OCH VI TACKAR F\u00d6R ER MEDVERKAN!<\/span><\/h6>\n<p>[\/vc_column_text][vc_empty_space height=&#8221;20px&#8221;][vc_column_text css=&#8221;.vc_custom_1498635582080{padding-right: 4% !important;padding-left: 4% !important;}&#8221;]<\/p>\n<h2 style=\"text-align: center;\"><span style=\"color: #ffffff; font-size: 12px; line-height: 2px;\">Tack f\u00f6r ert visade intresse men nu \u00e4r tyv\u00e4rr sk\u00e5larna i kampanjen slut och efterfr\u00e5gan har varit oerh\u00f6rt stor. Ni som tidigare har registrerat er erh\u00e5ller sk\u00e5lar vid ins\u00e4nda streckkoder. Gl\u00f6m ej att s\u00e4nda in innan sista giltiga dag!<br \/>\n<\/span><\/h2>\n<p>[\/vc_column_text][vc_empty_space height=&#8221;60px&#8221;][\/vc_column][vc_column offset=&#8221;vc_hidden-lg vc_hidden-md vc_hidden-sm&#8221; css=&#8221;.vc_custom_1487086040537{padding-top: 48px !important;background-color: #ffffff !important;}&#8221;][qode_elements_holder number_of_columns=&#8221;two_columns&#8221;][qode_elements_holder_item item_padding=&#8221;0 0 0 0&#8243; item_padding_600_768=&#8221;22% 0 0 0&#8243;][vc_single_image image=&#8221;785&#8243; img_size=&#8221;full&#8221; qode_css_animation=&#8221;&#8221; css=&#8221;.vc_custom_1490369882491{padding-right: 4% !important;padding-left: 4% !important;}&#8221;][\/qode_elements_holder_item][qode_elements_holder_item item_padding=&#8221;19% 0 0 17%&#8221; item_padding_600_768=&#8221;7% 0 0 0%&#8221; item_padding_480_600=&#8221;7% 0 0 0%&#8221; item_padding_480=&#8221;7% 0 0 0%&#8221;][vc_column_text css=&#8221;.vc_custom_1490371407685{padding-right: 4% !important;padding-bottom: 15px !important;padding-left: 4% !important;}&#8221;]<\/p>\n<h6><span style=\"color: #d6b160; line-height: 11px; font-size: 40px;\">DETTA \u00c4R IITTALA<\/span><\/h6>\n<p>[\/vc_column_text][vc_empty_space height=&#8221;5px&#8221;][vc_column_text css=&#8221;.vc_custom_1490370532438{padding-right: 8% !important;padding-left: 8% !important;}&#8221;]Vad som b\u00f6rjade som ett glasbruk i finska Iittala \u00e4r idag ett f\u00f6retag som kan se tillbaka p\u00e5 generationer av vackra och \u00e4ndam\u00e5lsenliga bruksf\u00f6rem\u00e5l, formgivna f\u00f6r att berika m\u00e4nniskors vardag. Vi anser att bruksf\u00f6rem\u00e5l ska vara s\u00e4rskiljande, kombinerbara och multifunktionella, och ha en tidl\u00f6s form som inspirerar till anv\u00e4ndning och uttryck. Vi vill inte bara skapa vackra f\u00f6rem\u00e5l. Vi tror p\u00e5 tidl\u00f6s design som aldrig kommer att kastas bort.[\/vc_column_text][vc_empty_space height=&#8221;39px&#8221;]<a href=\"https:\/\/www.iittala.com\/se\/sv\/home?gclid=CIvir7KX79ICFQaBkQodauwKTg&amp;gclsrc=aw.ds\" target=\"_blank\"  class=\"qbutton  small\" style=\"margin: 0 0 0 0 ; \">IITTALA.SE<\/a>[vc_empty_space height=&#8221;59px&#8221;][\/qode_elements_holder_item][\/qode_elements_holder][\/vc_column][\/vc_row]<\/p>\n","protected":false},"excerpt":{"rendered":"<p>[vc_row row_type=&#8221;row&#8221; use_row_as_full_screen_section=&#8221;no&#8221; type=&#8221;full_width&#8221; text_align=&#8221;left&#8221; css_animation=&#8221;&#8221; el_class=&#8221;mobile_row_hide&#8221; el_id=&#8221;mobile_row_hide&#8221; css=&#8221;.vc_custom_1490365057283{background-image: url(http:\/\/ww2.elsnordic.com\/ridderheims\/wp-content\/uploads\/sites\/98\/2016\/03\/bg5.jpg?id=782) !important;}&#8221;][vc_column][vc_row_inner row_type=&#8221;row&#8221; type=&#8221;full_width&#8221; use_row_as_full_screen_section_slide=&#8221;no&#8221; text_align=&#8221;left&#8221; css_animation=&#8221;element_from_left&#8221; transition_delay=&#8221;150&#8243; el_class=&#8221;mobile_row_hide&#8221;][vc_column_inner][qode_elements_holder number_of_columns=&#8221;one_column&#8221;][qode_elements_holder_item item_padding=&#8221;18% 50% 19% 17%&#8221; item_padding_1280_1600=&#8221;18% 50% 19% 17%&#8221; item_padding_1024_1280=&#8221;18% 50% 19% 17%&#8221; item_padding_768_1024=&#8221;18% 50% 19% 17%&#8221; item_padding_600_768=&#8221;18% 50% 19% 17%&#8221; item_padding_480_600=&#8221;18% 50% 19% 17%&#8221; item_padding_480=&#8221;18% 50%&#8230;<\/p>\n","protected":false},"author":10,"featured_media":0,"parent":0,"menu_order":0,"comment_status":"closed","ping_status":"closed","template":"full_width.php","meta":[],"_links":{"self":[{"href":"http:\/\/ww2.elsnordic.com\/ridderheims\/wp-json\/wp\/v2\/pages\/342"}],"collection":[{"href":"http:\/\/ww2.elsnordic.com\/ridderheims\/wp-json\/wp\/v2\/pages"}],"about":[{"href":"http:\/\/ww2.elsnordic.com\/ridderheims\/wp-json\/wp\/v2\/types\/page"}],"author":[{"embeddable":true,"href":"http:\/\/ww2.elsnordic.com\/ridderheims\/wp-json\/wp\/v2\/users\/10"}],"replies":[{"embeddable":true,"href":"http:\/\/ww2.elsnordic.com\/ridderheims\/wp-json\/wp\/v2\/comments?post=342"}],"version-history":[{"count":312,"href":"http:\/\/ww2.elsnordic.com\/ridderheims\/wp-json\/wp\/v2\/pages\/342\/revisions"}],"predecessor-version":[{"id":864,"href":"http:\/\/ww2.elsnordic.com\/ridderheims\/wp-json\/wp\/v2\/pages\/342\/revisions\/864"}],"wp:attachment":[{"href":"http:\/\/ww2.elsnordic.com\/ridderheims\/wp-json\/wp\/v2\/media?parent=342"}],"curies":[{"name":"wp","href":"https:\/\/api.w.org\/{rel}","templated":true}]}}