{"id":403,"date":"2017-01-16T14:16:16","date_gmt":"2017-01-16T14:16:16","guid":{"rendered":"http:\/\/ww2.elsnordic.com\/ridderheims\/?page_id=403"},"modified":"2017-04-03T09:00:31","modified_gmt":"2017-04-03T09:00:31","slug":"gor-sa-har","status":"publish","type":"page","link":"http:\/\/ww2.elsnordic.com\/ridderheims\/gor-sa-har\/","title":{"rendered":"G\u00d6R S\u00c5 H\u00c4R"},"content":{"rendered":"<p>[vc_row row_type=&#8221;row&#8221; use_row_as_full_screen_section=&#8221;no&#8221; type=&#8221;grid&#8221; anchor=&#8221;gor&#8221; text_align=&#8221;center&#8221; background_color=&#8221;#ffffff&#8221; padding_top=&#8221;0&#8243; padding_bottom=&#8221;100&#8243; css_animation=&#8221;&#8221;][vc_column][vc_empty_space height=&#8221;100&#8243;][vc_row_inner row_type=&#8221;row&#8221; type=&#8221;full_width&#8221; use_row_as_full_screen_section_slide=&#8221;no&#8221; text_align=&#8221;left&#8221; css_animation=&#8221;&#8221;][vc_column_inner width=&#8221;2\/12&#8243;][\/vc_column_inner][vc_column_inner width=&#8221;1\/12&#8243;][vc_column_text]<\/p>\n<h2><span style=\"color: #d6b160;\">1.<\/span><\/h2>\n<p>[\/vc_column_text][\/vc_column_inner][vc_column_inner width=&#8221;7\/12&#8243;][vc_empty_space height=&#8221;14px&#8221;][vc_column_text]<\/p>\n<h5>K\u00f6p valfria Ridderheims produkter. K\u00f6p 4 \u2013 f\u00e5 1 sk\u00e5l, k\u00f6p 7 \u2013 f\u00e5 2 sk\u00e5lar, k\u00f6p 10 \u2013 f\u00e5 4 sk\u00e5lar.<\/h5>\n<p>[\/vc_column_text][vc_empty_space height=&#8221;15px&#8221;][\/vc_column_inner][vc_column_inner width=&#8221;2\/12&#8243;][\/vc_column_inner][\/vc_row_inner][vc_row_inner row_type=&#8221;row&#8221; type=&#8221;full_width&#8221; use_row_as_full_screen_section_slide=&#8221;no&#8221; text_align=&#8221;left&#8221; css_animation=&#8221;&#8221;][vc_column_inner width=&#8221;2\/12&#8243;][\/vc_column_inner][vc_column_inner width=&#8221;1\/12&#8243;][vc_column_text]<\/p>\n<h2><span style=\"color: #d6b160;\">2.<\/span><\/h2>\n<p>[\/vc_column_text][\/vc_column_inner][vc_column_inner width=&#8221;7\/12&#8243;][vc_empty_space height=&#8221;14px&#8221;][vc_column_text]<\/p>\n<h5><span style=\"color: #d6b160;\"><strong><a style=\"color: #d6b160;\" href=\"http:\/\/ridderheims.elskampanj.se\/\">Klicka h\u00e4r<\/a><\/strong>\u00a0<\/span>och registrera dina uppgifter samt det antal streckkoder du vill skicka in senast den 31 juli 2017.<\/h5>\n<p>[\/vc_column_text][vc_empty_space height=&#8221;15px&#8221;][\/vc_column_inner][vc_column_inner width=&#8221;2\/12&#8243;][\/vc_column_inner][\/vc_row_inner][vc_row_inner row_type=&#8221;row&#8221; type=&#8221;full_width&#8221; use_row_as_full_screen_section_slide=&#8221;no&#8221; text_align=&#8221;left&#8221; css_animation=&#8221;&#8221;][vc_column_inner width=&#8221;2\/12&#8243;][\/vc_column_inner][vc_column_inner width=&#8221;1\/12&#8243;][vc_column_text]<\/p>\n<h2><span style=\"color: #d6b160;\">3.<\/span><\/h2>\n<p>[\/vc_column_text][\/vc_column_inner][vc_column_inner width=&#8221;7\/12&#8243;][vc_empty_space height=&#8221;14px&#8221;][vc_column_text]<\/p>\n<h5>Skriv ut kampanjbeviset som du \ufb01ck vid registreringen. Inget e-mail? Titta i skr\u00e4pposten!<\/h5>\n<p>[\/vc_column_text][vc_empty_space height=&#8221;15px&#8221;][\/vc_column_inner][vc_column_inner width=&#8221;2\/12&#8243;][\/vc_column_inner][\/vc_row_inner][vc_row_inner row_type=&#8221;row&#8221; type=&#8221;full_width&#8221; use_row_as_full_screen_section_slide=&#8221;no&#8221; text_align=&#8221;left&#8221; css_animation=&#8221;&#8221;][vc_column_inner width=&#8221;2\/12&#8243;][\/vc_column_inner][vc_column_inner width=&#8221;1\/12&#8243;][vc_column_text]<\/p>\n<h2><span style=\"color: #d6b160;\">4.<\/span><\/h2>\n<p>[\/vc_column_text][\/vc_column_inner][vc_column_inner width=&#8221;7\/12&#8243;][vc_empty_space height=&#8221;14px&#8221;][vc_column_text]<\/p>\n<h5>Klipp ut dina streckkoder (produktnamn och streckkod ska vara synligt p\u00e5 varan fr\u00e5n delidisken) och l\u00e4gg dessa tillsammans med kampanjbeviset i ett kuvert och skicka senast 14 augusti 2017 till:<\/h5>\n<p>[\/vc_column_text][vc_column_text css=&#8221;.vc_custom_1490366860126{margin-top: 20px !important;}&#8221;]<\/p>\n<h5><span style=\"color: #d6b160;\"><strong>RIDDERHEIMS\u00a0C\/O ELS SVERIGE\u00a0AB, M\u00d6LNDALSV\u00c4GEN 91, 412 63 G\u00d6TEBORG<\/strong><\/span><\/h5>\n<p>[\/vc_column_text][vc_empty_space height=&#8221;15px&#8221;][\/vc_column_inner][vc_column_inner width=&#8221;2\/12&#8243;][\/vc_column_inner][\/vc_row_inner][vc_row_inner row_type=&#8221;row&#8221; type=&#8221;full_width&#8221; use_row_as_full_screen_section_slide=&#8221;no&#8221; text_align=&#8221;left&#8221; css_animation=&#8221;&#8221;][vc_column_inner width=&#8221;2\/12&#8243;][\/vc_column_inner][vc_column_inner width=&#8221;1\/12&#8243;][vc_column_text]<\/p>\n<h2><span style=\"color: #d6b160;\">5.<\/span><\/h2>\n<p>[\/vc_column_text][\/vc_column_inner][vc_column_inner width=&#8221;7\/12&#8243;][vc_empty_space height=&#8221;14px&#8221;][vc_column_text]<\/p>\n<h5>Inom ca 4 veckor efter att vi mottagit och kontrollerat dina streckkoder kommer du att f\u00e5 din sk\u00e5l\/sk\u00e5lar.<\/h5>\n<p>[\/vc_column_text][vc_empty_space height=&#8221;15px&#8221;][\/vc_column_inner][vc_column_inner width=&#8221;2\/12&#8243;][\/vc_column_inner][\/vc_row_inner][vc_row_inner row_type=&#8221;row&#8221; type=&#8221;full_width&#8221; use_row_as_full_screen_section_slide=&#8221;no&#8221; text_align=&#8221;left&#8221; css_animation=&#8221;&#8221;][vc_column_inner width=&#8221;2\/12&#8243;][\/vc_column_inner][vc_column_inner width=&#8221;1\/12&#8243;][\/vc_column_inner][vc_column_inner width=&#8221;7\/12&#8243;][vc_empty_space height=&#8221;18px&#8221;][vc_column_text]<\/p>\n<div class=\"wpb_text_column wpb_content_element \">\n<div class=\"wpb_wrapper\">\n<p><em>Notera att en fast kostnad p\u00e5 49\u2009kr tillkommer f\u00f6r frakt och hantering oavsett antal sk\u00e5lar du \u00f6nskar best\u00e4lla och betalas i samband med din registrering. G\u00e4ller endast leverans inom Sverige och max 4 sk\u00e5lar per hush\u00e5ll. <\/em><\/p>\n<\/div>\n<\/div>\n<p>[\/vc_column_text][vc_empty_space height=&#8221;15px&#8221;][\/vc_column_inner][vc_column_inner width=&#8221;2\/12&#8243;][\/vc_column_inner][\/vc_row_inner][vc_row_inner row_type=&#8221;row&#8221; type=&#8221;full_width&#8221; use_row_as_full_screen_section_slide=&#8221;no&#8221; text_align=&#8221;left&#8221; css_animation=&#8221;&#8221;][vc_column_inner width=&#8221;2\/12&#8243;][\/vc_column_inner][vc_column_inner width=&#8221;1\/12&#8243;][\/vc_column_inner][vc_column_inner width=&#8221;7\/12&#8243;][vc_empty_space height=&#8221;18px&#8221;][vc_column_text]<\/p>\n<div class=\"wpb_text_column wpb_content_element \">\n<div class=\"wpb_wrapper\">\n<h5>Observera att sk\u00e5larna kan ta slut innan sista registreringsdag och erbjudandet g\u00e4ller s\u00e5 l\u00e5ngt lagret r\u00e4cker.<\/h5>\n<\/div>\n<\/div>\n<p>[\/vc_column_text][vc_empty_space height=&#8221;15px&#8221;][\/vc_column_inner][vc_column_inner width=&#8221;2\/12&#8243;][\/vc_column_inner][\/vc_row_inner][\/vc_column][\/vc_row]<\/p>\n","protected":false},"excerpt":{"rendered":"<p>[vc_row row_type=&#8221;row&#8221; use_row_as_full_screen_section=&#8221;no&#8221; type=&#8221;grid&#8221; anchor=&#8221;gor&#8221; text_align=&#8221;center&#8221; background_color=&#8221;#ffffff&#8221; padding_top=&#8221;0&#8243; padding_bottom=&#8221;100&#8243; css_animation=&#8221;&#8221;][vc_column][vc_empty_space height=&#8221;100&#8243;][vc_row_inner row_type=&#8221;row&#8221; type=&#8221;full_width&#8221; use_row_as_full_screen_section_slide=&#8221;no&#8221; text_align=&#8221;left&#8221; css_animation=&#8221;&#8221;][vc_column_inner width=&#8221;2\/12&#8243;][\/vc_column_inner][vc_column_inner width=&#8221;1\/12&#8243;][vc_column_text] 1. [\/vc_column_text][\/vc_column_inner][vc_column_inner width=&#8221;7\/12&#8243;][vc_empty_space height=&#8221;14px&#8221;][vc_column_text] K\u00f6p valfria Ridderheims produkter. K\u00f6p 4 \u2013 f\u00e5 1 sk\u00e5l, k\u00f6p 7 \u2013 f\u00e5 2 sk\u00e5lar, k\u00f6p 10 \u2013 f\u00e5 4 sk\u00e5lar. [\/vc_column_text][vc_empty_space&#8230;<\/p>\n","protected":false},"author":10,"featured_media":0,"parent":0,"menu_order":0,"comment_status":"closed","ping_status":"closed","template":"full_width.php","meta":[],"_links":{"self":[{"href":"http:\/\/ww2.elsnordic.com\/ridderheims\/wp-json\/wp\/v2\/pages\/403"}],"collection":[{"href":"http:\/\/ww2.elsnordic.com\/ridderheims\/wp-json\/wp\/v2\/pages"}],"about":[{"href":"http:\/\/ww2.elsnordic.com\/ridderheims\/wp-json\/wp\/v2\/types\/page"}],"author":[{"embeddable":true,"href":"http:\/\/ww2.elsnordic.com\/ridderheims\/wp-json\/wp\/v2\/users\/10"}],"replies":[{"embeddable":true,"href":"http:\/\/ww2.elsnordic.com\/ridderheims\/wp-json\/wp\/v2\/comments?post=403"}],"version-history":[{"count":40,"href":"http:\/\/ww2.elsnordic.com\/ridderheims\/wp-json\/wp\/v2\/pages\/403\/revisions"}],"predecessor-version":[{"id":841,"href":"http:\/\/ww2.elsnordic.com\/ridderheims\/wp-json\/wp\/v2\/pages\/403\/revisions\/841"}],"wp:attachment":[{"href":"http:\/\/ww2.elsnordic.com\/ridderheims\/wp-json\/wp\/v2\/media?parent=403"}],"curies":[{"name":"wp","href":"https:\/\/api.w.org\/{rel}","templated":true}]}}