{"id":11408,"date":"2015-08-24T06:41:52","date_gmt":"2015-08-24T06:41:52","guid":{"rendered":"http:\/\/themes.dfd.name\/ronneby\/twenty_fourth\/?page_id=11408"},"modified":"2018-09-13T09:43:52","modified_gmt":"2018-09-13T09:43:52","slug":"11408-2","status":"publish","type":"page","link":"http:\/\/ww2.elsnordic.com\/sommarmedkalles\/","title":{"rendered":""},"content":{"rendered":"<p>[vc_row full_height=&#8221;yes&#8221; dfd_row_config=&#8221;full_width_content&#8221; bg_type=&#8221;bg_color&#8221; bg_color_value=&#8221;#174284&#8243;][vc_column][vc_row_inner el_class=&#8221;mobile_row_hide&#8221;][vc_column_inner offset=&#8221;vc_hidden-xs&#8221;][vc_single_image image=&#8221;11449&#8243; img_size=&#8221;1050&#215;391&#8243; alignment=&#8221;center&#8221; css=&#8221;.vc_custom_1459857139144{padding-right: 30px !important;padding-left: 30px !important;}&#8221;][vc_column_text css=&#8221;.vc_custom_1464685709502{padding-bottom: 20px !important;}&#8221;]<\/p>\n<h1 style=\"text-align: center;\"><span style=\"color: #ffdd00;\"><strong>K\u00f6p valfri Kalles<br \/>\n&#8211; f\u00e5 rabatt p\u00e5 sommarens upplevelser!<\/strong><\/span><\/h1>\n<p>[\/vc_column_text][\/vc_column_inner][\/vc_row_inner][vc_row_inner el_class=&#8221;mobile_row_hide&#8221;][vc_column_inner width=&#8221;1\/6&#8243; offset=&#8221;vc_hidden-xs&#8221;][\/vc_column_inner][vc_column_inner width=&#8221;1\/6&#8243; offset=&#8221;vc_hidden-xs&#8221;][\/vc_column_inner][vc_column_inner width=&#8221;1\/6&#8243; css=&#8221;.vc_custom_1463745613945{padding-right: 20px !important;}&#8221; offset=&#8221;vc_hidden-xs&#8221;]<div class=\"ubtn-ctn-center\"><a class=\"ubtn-link ubtn-center tooltip-69e3c72779763\"  href = \"http:\/\/sommarmedkalles.elscampaign.com\/\" target=\"_self\"><span class=\" ubtn ubtn-normal ubtn-no-hover-bg  ulta-grow-rotate  ubtn-center  \"  data-hover=\"#004f9f\" data-border-color=\"#ffdd00\" data-hover-bg=\"#ffdd00\" data-border-hover=\"#ffdd00\" data-shadow-hover=\"\" data-shadow-click=\"none\" data-shadow=\"\" data-shd-shadow=\"\" style=\"font-family:'Open Sans Condensed';font-weight:700;font-size:15px;border-radius:3px;border-width:5px;border-color:#ffdd00;border-style:solid;color: #ffdd00;\"><span class=\"ubtn-hover\"><\/span><span class=\"ubtn-data ubtn-text\" data-lang=\"en\">REGISTERA DIG<\/span><\/span><\/a><\/div>[\/vc_column_inner][vc_column_inner width=&#8221;1\/6&#8243; offset=&#8221;vc_hidden-xs&#8221;]<div class=\"ubtn-ctn-center\"><a class=\"ubtn-link ubtn-center tooltip-69e3c72779839\"  href = \"http:\/\/ww2.elsnordic.com\/sommarmedkalles\/gor-sa-har\/\" target=\"_self\"><span class=\" ubtn ubtn-normal ubtn-no-hover-bg  ulta-grow-rotate  ubtn-center  \"  data-hover=\"#ffdd00\" data-border-color=\"#ffdd00\" data-hover-bg=\"#174284\" data-border-hover=\"#ffdd00\" data-shadow-hover=\"\" data-shadow-click=\"none\" data-shadow=\"\" data-shd-shadow=\"\" style=\"font-family:'Open Sans Condensed';font-weight:700;font-size:15px;border-radius:3px;border-width:5px;border-color:#ffdd00;border-style:solid;background: #ffdd00;color: #174284;\"><span class=\"ubtn-hover\"><\/span><span class=\"ubtn-data ubtn-text\" data-lang=\"en\">G\u00d6R S\u00c5 H\u00c4R<\/span><\/span><\/a><\/div>[\/vc_column_inner][vc_column_inner width=&#8221;1\/6&#8243; offset=&#8221;vc_hidden-xs&#8221;][\/vc_column_inner][vc_column_inner width=&#8221;1\/6&#8243; offset=&#8221;vc_hidden-xs&#8221;][\/vc_column_inner][\/vc_row_inner][vc_row_inner][vc_column_inner offset=&#8221;vc_hidden-lg vc_hidden-md vc_hidden-sm&#8221;][vc_single_image image=&#8221;11449&#8243; img_size=&#8221;1050&#215;391&#8243; alignment=&#8221;center&#8221; css=&#8221;.vc_custom_1464685649370{padding-top: 0px !important;padding-right: 30px !important;padding-left: 30px !important;}&#8221;][vc_column_text css=&#8221;.vc_custom_1536831817547{padding-top: 10px !important;padding-right: 5% !important;padding-bottom: 0px !important;padding-left: 5% !important;}&#8221;]<\/p>\n<h3 style=\"text-align: center;\"><span style=\"color: #ffdd00; font-size: 30px;\"><strong>K\u00f6p valfri Kalles &#8211; f\u00e5 rabatt p\u00e5 sommarens upplevelser!<\/strong><\/span><\/h3>\n<p>[\/vc_column_text][\/vc_column_inner][\/vc_row_inner][vc_row_inner][vc_column_inner width=&#8221;1\/6&#8243; offset=&#8221;vc_hidden-lg vc_hidden-md vc_hidden-sm&#8221;][\/vc_column_inner][vc_column_inner width=&#8221;1\/6&#8243; offset=&#8221;vc_hidden-lg vc_hidden-md vc_hidden-sm&#8221;][\/vc_column_inner][vc_column_inner width=&#8221;1\/6&#8243; offset=&#8221;vc_hidden-lg vc_hidden-md vc_hidden-sm&#8221; css=&#8221;.vc_custom_1459862991214{padding-right: 0px !important;}&#8221;]<div class=\"ubtn-ctn-center\"><a class=\"ubtn-link ubtn-center tooltip-69e3c727798b1\"  href = \"http:\/\/sommarmedkalles.elscampaign.com\/\" target=\"_self\"><span class=\" ubtn ubtn-normal ubtn-no-hover-bg  ulta-grow-rotate  ubtn-center  \"  data-hover=\"#004f9f\" data-border-color=\"#ffdd00\" data-hover-bg=\"#ffdd00\" data-border-hover=\"#ffdd00\" data-shadow-hover=\"\" data-shadow-click=\"none\" data-shadow=\"\" data-shd-shadow=\"\" style=\"font-family:'Open Sans Condensed';font-weight:700;font-size:15px;border-radius:3px;border-width:5px;border-color:#ffdd00;border-style:solid;color: #ffdd00;\"><span class=\"ubtn-hover\"><\/span><span class=\"ubtn-data ubtn-text\" data-lang=\"en\">REGISTERA DIG<\/span><\/span><\/a><\/div>[\/vc_column_inner][vc_column_inner width=&#8221;1\/6&#8243; offset=&#8221;vc_hidden-lg vc_hidden-md vc_hidden-sm&#8221;]<div class=\"ubtn-ctn-center\"><a class=\"ubtn-link ubtn-center tooltip-69e3c72779922\"  href = \"http:\/\/ww2.elsnordic.com\/sommarmedkalles\/gor-sa-har\/\" target=\"_self\"><span class=\" ubtn ubtn-normal ubtn-no-hover-bg  ulta-grow-rotate  ubtn-center  \"  data-hover=\"#ffdd00\" data-border-color=\"#ffdd00\" data-hover-bg=\"#174284\" data-border-hover=\"#ffdd00\" data-shadow-hover=\"\" data-shadow-click=\"none\" data-shadow=\"\" data-shd-shadow=\"\" style=\"font-family:'Open Sans Condensed';font-weight:700;font-size:15px;border-radius:3px;border-width:5px;border-color:#ffdd00;border-style:solid;background: #ffdd00;color: #174284;\"><span class=\"ubtn-hover\"><\/span><span class=\"ubtn-data ubtn-text\" data-lang=\"en\">G\u00d6R S\u00c5 H\u00c4R<\/span><\/span><\/a><\/div>[\/vc_column_inner][vc_column_inner width=&#8221;1\/6&#8243; offset=&#8221;vc_hidden-lg vc_hidden-md vc_hidden-sm&#8221;][\/vc_column_inner][vc_column_inner width=&#8221;1\/6&#8243; offset=&#8221;vc_hidden-lg vc_hidden-md vc_hidden-sm&#8221;][\/vc_column_inner][\/vc_row_inner][\/vc_column][\/vc_row][vc_row dfd_row_config=&#8221;full_width_content&#8221; dfd_enable_overlay=&#8221;off&#8221;][vc_column][vc_single_image image=&#8221;12210&#8243; img_size=&#8221;full&#8221; alignment=&#8221;center&#8221;][\/vc_column][\/vc_row]<\/p>\n","protected":false},"excerpt":{"rendered":"<p>[vc_row full_height=&#8221;yes&#8221; dfd_row_config=&#8221;full_width_content&#8221; bg_type=&#8221;bg_color&#8221; bg_color_value=&#8221;#174284&#8243;][vc_column][vc_row_inner el_class=&#8221;mobile_row_hide&#8221;][vc_column_inner offset=&#8221;vc_hidden-xs&#8221;][vc_single_image image=&#8221;11449&#8243; img_size=&#8221;1050&#215;391&#8243; alignment=&#8221;center&#8221; css=&#8221;.vc_custom_1459857139144{padding-right: 30px !important;padding-left: 30px !important;}&#8221;][vc_column_text css=&#8221;.vc_custom_1464685709502{padding-bottom: 20px !important;}&#8221;] K\u00f6p valfri Kalles &#8211; f\u00e5 rabatt p\u00e5 sommarens upplevelser! [\/vc_column_text][\/vc_column_inner][\/vc_row_inner][vc_row_inner el_class=&#8221;mobile_row_hide&#8221;][vc_column_inner width=&#8221;1\/6&#8243;<\/p>\n","protected":false},"author":10,"featured_media":0,"parent":0,"menu_order":0,"comment_status":"closed","ping_status":"closed","template":"page-custom.php","meta":[],"_links":{"self":[{"href":"http:\/\/ww2.elsnordic.com\/sommarmedkalles\/wp-json\/wp\/v2\/pages\/11408"}],"collection":[{"href":"http:\/\/ww2.elsnordic.com\/sommarmedkalles\/wp-json\/wp\/v2\/pages"}],"about":[{"href":"http:\/\/ww2.elsnordic.com\/sommarmedkalles\/wp-json\/wp\/v2\/types\/page"}],"author":[{"embeddable":true,"href":"http:\/\/ww2.elsnordic.com\/sommarmedkalles\/wp-json\/wp\/v2\/users\/10"}],"replies":[{"embeddable":true,"href":"http:\/\/ww2.elsnordic.com\/sommarmedkalles\/wp-json\/wp\/v2\/comments?post=11408"}],"version-history":[{"count":195,"href":"http:\/\/ww2.elsnordic.com\/sommarmedkalles\/wp-json\/wp\/v2\/pages\/11408\/revisions"}],"predecessor-version":[{"id":12307,"href":"http:\/\/ww2.elsnordic.com\/sommarmedkalles\/wp-json\/wp\/v2\/pages\/11408\/revisions\/12307"}],"wp:attachment":[{"href":"http:\/\/ww2.elsnordic.com\/sommarmedkalles\/wp-json\/wp\/v2\/media?parent=11408"}],"curies":[{"name":"wp","href":"https:\/\/api.w.org\/{rel}","templated":true}]}}