{"id":11270,"date":"2016-02-11T08:28:39","date_gmt":"2016-02-11T08:28:39","guid":{"rendered":"http:\/\/ww2.elsnordic.com\/vikabrod\/?page_id=11270"},"modified":"2016-05-20T11:08:25","modified_gmt":"2016-05-20T11:08:25","slug":"gor-sa-har","status":"publish","type":"page","link":"http:\/\/ww2.elsnordic.com\/vikabrod\/gor-sa-har\/","title":{"rendered":"G\u00d6R S\u00c5 H\u00c4R"},"content":{"rendered":"<p>[vc_row][vc_column width=&#8221;1\/4&#8243;][\/vc_column][vc_column width=&#8221;1\/2&#8243;][vc_column_text]<\/p>\n<h6><span style=\"font-size: 30px;\"><span style=\"color: #e5231f;\"><strong>1.<\/strong><\/span><\/span> K\u00f6p 2 paket fr\u00e5n Vika Br\u00f6d.<\/h6>\n<h6><span style=\"font-size: 30px;\"><span style=\"color: #e5231f;\"><strong>2.<\/strong><\/span><\/span> <strong><a href=\"http:\/\/vikabrod.elscampaign.com\/\"><span style=\"color: #e5231f;\">Klicka h\u00e4r<\/span><\/a><\/strong> och registrera dina uppgifter senast den <strong>7\u00a0juni 2016.<\/strong> N\u00e4r du klickat p\u00e5 knappen \u201dskicka\u201d kommer du inom kort att f\u00e5 ett mail till den e-postadress du angivit. (Inte f\u00e5tt n\u00e5got mail? Ta en titt i din skr\u00e4ppost.)<\/h6>\n<h6><span style=\"font-size: 30px;\"><span style=\"color: #e5231f;\"><strong>3. <\/strong><\/span><\/span>Skriv ut kampanjbeviset (pdf:en som ligger bifogad i mailet).<\/h6>\n<h6><span style=\"font-size: 30px;\"><span style=\"color: #e5231f;\"><strong>4. <\/strong><\/span><\/span>L\u00e4gg streckkoderna som visar k\u00f6p av 2 paket fr\u00e5n Vika Br\u00f6d tillsammans med kampanjbeviset i ett kuvert och skicka till:<\/h6>\n<h6><em>Vika Br\u00f6d<br \/>\nc\/o ELS Sverige AB<br \/>\nM\u00f6lndalsv\u00e4gen 91<br \/>\n412 63 G\u00f6teborg<\/em><\/h6>\n<h6>Inom 14 dagar efter att vi mottagit och kontrollerat dina streckkoder kommer du att f\u00e5 ytterligare ett e-mail med en v\u00e4rdekod till<a href=\"http:\/\/premieklubb.se\/Sagaform\" target=\"_blank\"> <strong><span style=\"color: #e5231f;\">Sagaform<\/span><\/strong><\/a>. Koden ber\u00e4ttigar dig till en Taste ostbricka fr\u00e5n <strong><a href=\"http:\/\/premieklubb.se\/Sagaform\" target=\"_blank\">Sagaform<\/a><\/strong>.<\/h6>\n<h6><span style=\"font-size: 30px;\"><span style=\"color: #e5231f;\"><strong>5. <\/strong><\/span><\/span>Best\u00e4ll din ostbricka med v\u00e4rdekoden p\u00e5<a href=\"http:\/\/premieklubb.se\/Sagaform\" target=\"_blank\">\u00a0<strong><span style=\"color: #e5231f;\">Sagaform<\/span><\/strong>. <\/a>Din ostbricka skickas sedan till dig inom 4 veckor. Observera att en fast kostnad p\u00e5 49 kr tillkommer f\u00f6r frakt och hantering. G\u00e4ller endast leverans inom Sverige.<\/h6>\n<h6>Ditt kampanjbevis och dina streckkoder ska vara oss tillhanda senast den<strong> 20\u00a0juni 2016<\/strong> och v\u00e4rdekoden hos <a href=\"http:\/\/premieklubb.se\/Sagaform\" target=\"_blank\"><strong><span style=\"color: #e5231f;\">Sagaform<\/span><\/strong>\u00a0<\/a>\u00e4r giltig t o m <strong>11 juli 2016<\/strong>.<\/h6>\n<h6>Erbjudandet g\u00e4ller s\u00e5 l\u00e5ngt lagret r\u00e4cker och g\u00e4ller 1 g\u00e5ng per hush\u00e5ll<\/h6>\n<h6><em><strong>Observera att ostbrickorna kan ta slut innan utsatta datum!<\/strong><\/em><\/h6>\n<p>[\/vc_column_text][\/vc_column][vc_column width=&#8221;1\/4&#8243;][\/vc_column][\/vc_row]<\/p>\n","protected":false},"excerpt":{"rendered":"<p>[vc_row][vc_column width=&#8221;1\/4&#8243;][\/vc_column][vc_column width=&#8221;1\/2&#8243;][vc_column_text] 1. K\u00f6p 2 paket fr\u00e5n Vika Br\u00f6d. 2. Klicka h\u00e4r och registrera dina uppgifter senast den 7\u00a0juni 2016. N\u00e4r du klickat p\u00e5 knappen \u201dskicka\u201d kommer du inom<\/p>\n","protected":false},"author":10,"featured_media":0,"parent":0,"menu_order":0,"comment_status":"open","ping_status":"open","template":"","meta":[],"_links":{"self":[{"href":"http:\/\/ww2.elsnordic.com\/vikabrod\/wp-json\/wp\/v2\/pages\/11270"}],"collection":[{"href":"http:\/\/ww2.elsnordic.com\/vikabrod\/wp-json\/wp\/v2\/pages"}],"about":[{"href":"http:\/\/ww2.elsnordic.com\/vikabrod\/wp-json\/wp\/v2\/types\/page"}],"author":[{"embeddable":true,"href":"http:\/\/ww2.elsnordic.com\/vikabrod\/wp-json\/wp\/v2\/users\/10"}],"replies":[{"embeddable":true,"href":"http:\/\/ww2.elsnordic.com\/vikabrod\/wp-json\/wp\/v2\/comments?post=11270"}],"version-history":[{"count":11,"href":"http:\/\/ww2.elsnordic.com\/vikabrod\/wp-json\/wp\/v2\/pages\/11270\/revisions"}],"predecessor-version":[{"id":11559,"href":"http:\/\/ww2.elsnordic.com\/vikabrod\/wp-json\/wp\/v2\/pages\/11270\/revisions\/11559"}],"wp:attachment":[{"href":"http:\/\/ww2.elsnordic.com\/vikabrod\/wp-json\/wp\/v2\/media?parent=11270"}],"curies":[{"name":"wp","href":"https:\/\/api.w.org\/{rel}","templated":true}]}}