{"id":11272,"date":"2016-02-11T08:28:57","date_gmt":"2016-02-11T08:28:57","guid":{"rendered":"http:\/\/ww2.elsnordic.com\/vikabrod\/?page_id=11272"},"modified":"2016-02-17T09:58:43","modified_gmt":"2016-02-17T09:58:43","slug":"villkor","status":"publish","type":"page","link":"http:\/\/ww2.elsnordic.com\/vikabrod\/villkor\/","title":{"rendered":"VILLKOR"},"content":{"rendered":"<p>[vc_row][vc_column width=&#8221;1\/4&#8243;][\/vc_column][vc_column width=&#8221;1\/2&#8243;][vc_column_text]<\/p>\n<h5><strong><span style=\"font-size: 23px;\">L\u00e4s igenom erbjudandet och villkor noggrant innan anv\u00e4ndandet. Erbjudandet g\u00e4ller endast p\u00e5 de villkor som anges.<\/span><\/strong><\/h5>\n<ul>\n<li>\n<h6><span style=\"color: #333333;\">Kampanjen g\u00e4ller en Taste ostbricka fr\u00e5n Sagaform (v\u00e4rde ca 149 kr).<\/span><\/h6>\n<\/li>\n<\/ul>\n<ul>\n<li>\n<h6><span style=\"color: #333333;\">N\u00e4r du k\u00f6per 2 paket fr\u00e5n Vika Br\u00f6d f\u00e5r du en Taste ostbricka fr\u00e5n Sagaform .<\/span><\/h6>\n<\/li>\n<\/ul>\n<ul>\n<li>\n<h6><span style=\"color: #333333;\">Senast datum f\u00f6r registrering av uppgifter \u00e4r den 7 juni 2016. Kampanjbeviset och streckoderna m\u00e5ste vara ELS tillhanda senast den 20 juni 2016 och erh\u00e5llen v\u00e4rdekod ska anv\u00e4ndas senast den 11 juli 2016 hos Sagaform. Efter detta datum f\u00f6rfaller v\u00e4rdekoden och g\u00e5r ej att anv\u00e4nda l\u00e4ngre, dvs det g\u00e5r ej att f\u00e5 n\u00e5gon ostbricka efter v\u00e4rdekodens f\u00f6rfallodatum.<\/span><\/h6>\n<\/li>\n<\/ul>\n<ul>\n<li>\n<h6><span style=\"color: #333333;\">Erbjudandet g\u00e4ller 1 g\u00e5ng per hush\u00e5ll.<\/span><\/h6>\n<\/li>\n<\/ul>\n<ul>\n<li>\n<h6><span style=\"color: #333333;\">Erbjudandet g\u00e4ller s\u00e5 l\u00e5ngt lagret r\u00e4cker. Observera att ostbrickorna kan ta slut innan utsatta datum.<\/span><\/h6>\n<\/li>\n<\/ul>\n<ul>\n<li>\n<h6><span style=\"color: #333333;\">Observera att en fast kostnad p\u00e5 49 kr per best\u00e4llning tillkommer f\u00f6r frakt och hantering och betalas i samband med din best\u00e4llning. Frakten betalas med kort. G\u00e4ller endast leverans inom Sverige.<\/span><\/h6>\n<\/li>\n<\/ul>\n<ul>\n<li>\n<h6><span style=\"color: #333333;\">V\u00e4rdekoden kan aldrig l\u00f6sas in eller bytas mot n\u00e5gon form av pengar och ej heller ges bort eller s\u00e4ljas vidare. Kopierad, manipulerad eller defekt kod accepteras ej och stulen eller f\u00f6rlorad s\u00e5dan ers\u00e4tts ej.<\/span><\/h6>\n<\/li>\n<\/ul>\n<ul>\n<li>\n<h6><span style=\"color: #333333;\">F\u00f6r att anv\u00e4nda erbjudandet, ska innehavaren av v\u00e4rdekoden vara \u00f6ver 18 \u00e5r.<\/span><\/h6>\n<\/li>\n<\/ul>\n<ul>\n<li>\n<h6><span style=\"color: #333333;\">Vid eventuella tveksamheter ang\u00e5ende vad som omfattas av erbjudandet, villkor och dylikt, \u00e5ligger det alltid kunden\/innehavaren av v\u00e4rdekoden att kontrollera vad som g\u00e4ller innan anv\u00e4ndande. Om villkoren och reglerna som anges h\u00e4r ej f\u00f6ljs eller missbrukas, har ni ej n\u00e5gon r\u00e4tt att anv\u00e4nda angivet erbjudande.<\/span><\/h6>\n<\/li>\n<\/ul>\n<ul>\n<li>\n<h6><span style=\"color: #333333;\">European Loyalty Systems AB och Vika Br\u00f6d reserverar sig f\u00f6r felaktig information och \u00e4r ej ansvariga f\u00f6r f\u00f6rsvunna eller felskickade mail eller bortkommen post med kvitton. European Loyalty Systems AB och Vika Br\u00f6d ansvarar inte f\u00f6r tryckfel eller skada p.g.a. force majeure s\u00e5som brand, olycksfall, strejk eller dylikt.<\/span><\/h6>\n<\/li>\n<\/ul>\n<ul>\n<li>\n<h6><span style=\"color: #333333;\">Genom att registrera dina uppgifter har du ocks\u00e5 accepterat villkoren som n\u00e4mns h\u00e4r. Villkoren i kampanjen kan \u00e4ven \u00e4ndras utan f\u00f6rvarning.<\/span><\/h6>\n<\/li>\n<\/ul>\n<ul>\n<li>\n<h6><span style=\"color: #333333;\">Fr\u00e5gor som r\u00f6r sj\u00e4lva leveransen av ostbrickan, dvs efter best\u00e4llning, st\u00e4lls direkt till info@sagaform.com. Alla \u00f6vriga fr\u00e5gor och synpunkter r\u00f6rande denna kampanj st\u00e4lls till European Loyalty Systems AB, tel kundservice 031-742 55 66 eller e-post info@elssverige.se.<\/span><\/h6>\n<\/li>\n<\/ul>\n<p>[\/vc_column_text][\/vc_column][vc_column width=&#8221;1\/4&#8243;][\/vc_column][\/vc_row]<\/p>\n","protected":false},"excerpt":{"rendered":"<p>[vc_row][vc_column width=&#8221;1\/4&#8243;][\/vc_column][vc_column width=&#8221;1\/2&#8243;][vc_column_text] L\u00e4s igenom erbjudandet och villkor noggrant innan anv\u00e4ndandet. Erbjudandet g\u00e4ller endast p\u00e5 de villkor som anges. Kampanjen g\u00e4ller en Taste ostbricka fr\u00e5n Sagaform (v\u00e4rde ca 149 kr).<\/p>\n","protected":false},"author":10,"featured_media":0,"parent":0,"menu_order":0,"comment_status":"open","ping_status":"open","template":"","meta":[],"_links":{"self":[{"href":"http:\/\/ww2.elsnordic.com\/vikabrod\/wp-json\/wp\/v2\/pages\/11272"}],"collection":[{"href":"http:\/\/ww2.elsnordic.com\/vikabrod\/wp-json\/wp\/v2\/pages"}],"about":[{"href":"http:\/\/ww2.elsnordic.com\/vikabrod\/wp-json\/wp\/v2\/types\/page"}],"author":[{"embeddable":true,"href":"http:\/\/ww2.elsnordic.com\/vikabrod\/wp-json\/wp\/v2\/users\/10"}],"replies":[{"embeddable":true,"href":"http:\/\/ww2.elsnordic.com\/vikabrod\/wp-json\/wp\/v2\/comments?post=11272"}],"version-history":[{"count":17,"href":"http:\/\/ww2.elsnordic.com\/vikabrod\/wp-json\/wp\/v2\/pages\/11272\/revisions"}],"predecessor-version":[{"id":11544,"href":"http:\/\/ww2.elsnordic.com\/vikabrod\/wp-json\/wp\/v2\/pages\/11272\/revisions\/11544"}],"wp:attachment":[{"href":"http:\/\/ww2.elsnordic.com\/vikabrod\/wp-json\/wp\/v2\/media?parent=11272"}],"curies":[{"name":"wp","href":"https:\/\/api.w.org\/{rel}","templated":true}]}}