{"id":11,"date":"2014-01-28T12:31:37","date_gmt":"2014-01-28T12:31:37","guid":{"rendered":"http:\/\/ww2.elsnordic.com\/godmorgon\/?page_id=11"},"modified":"2014-12-16T13:20:05","modified_gmt":"2014-12-16T13:20:05","slug":"kontakt","status":"publish","type":"page","link":"https:\/\/ww2.elsnordic.com\/godmorgon\/?page_id=11","title":{"rendered":""},"content":{"rendered":"<h3>Fr\u00e5gor om kampanjen?<\/h3>\n<p>Vid fr\u00e5gor eller synpunkter ang\u00e5ende anv\u00e4ndandet av v\u00e4rdebeviset fr\u00e5n Nestl\u00e9,\u00a0var god kontakta European Loyalty Systems AB<br \/>\nsom ansvarar f\u00f6r kampanjen och dess inneh\u00e5ll.<\/p>\n<p>European Loyalty Systems AB<br \/>\nM\u00f6lndalsv\u00e4gen 91<br \/>\n412 63 G\u00f6teborg<\/p>\n<p><strong>Telefon Kundtj\u00e4nst:<\/strong> 031-742 55 66<\/p>\n<p><strong>OBS! Skriv\u00a0&#8221;Godmorgon V\u00e4lling&#8221; i \u00e4mnesraden.<\/strong><br \/>\n<strong>E-post:<\/strong> info@elssverige.se<\/p>\n<p><strong>\u00d6ppettider:<\/strong> m\u00e5ndag-fredag kl. 09.00-17.00.<\/p>\n<p>&nbsp;<\/p>\n<p>&nbsp;<\/p>\n<p>&nbsp;<\/p>\n<p>&nbsp;<\/p>\n<p><img loading=\"lazy\" class=\"wp-image-310 alignleft\" src=\"http:\/\/ww2.elsnordic.com\/godmorgon\/wp-content\/uploads\/sites\/18\/2014\/01\/samlingslogotyp-e1392647350768.png\" alt=\"els_foretag\" width=\"122\" height=\"39\" data-id=\"310\" \/><\/p>\n<p>&nbsp;<\/p>\n<p>&nbsp;<\/p>\n<p>&nbsp;<\/p>\n<p>&nbsp;<\/p>\n<p>&nbsp;<\/p>\n<p>&nbsp;<\/p>\n<p>&nbsp;<\/p>\n<p>&nbsp;<\/p>\n<p>&nbsp;<\/p>\n","protected":false},"excerpt":{"rendered":"<p>Fr\u00e5gor om kampanjen? Vid fr\u00e5gor eller synpunkter ang\u00e5ende anv\u00e4ndandet av v\u00e4rdebeviset fr\u00e5n Nestl\u00e9,\u00a0var god kontakta European Loyalty Systems AB som ansvarar f\u00f6r kampanjen och dess inneh\u00e5ll. European Loyalty Systems AB M\u00f6lndalsv\u00e4gen 91 412 63 G\u00f6teborg Telefon Kundtj\u00e4nst: 031-742 55 66 OBS! Skriv\u00a0&#8221;Godmorgon V\u00e4lling&#8221; i \u00e4mnesraden. E-post: info@elssverige.se \u00d6ppettider: m\u00e5ndag-fredag kl. 09.00-17.00. &nbsp; &nbsp; &nbsp; &nbsp; &nbsp; &nbsp; &nbsp; &nbsp; &nbsp; &nbsp; &nbsp; &nbsp; &nbsp;<\/p>\n","protected":false},"author":3,"featured_media":0,"parent":0,"menu_order":0,"comment_status":"closed","ping_status":"closed","template":"","meta":[],"_links":{"self":[{"href":"https:\/\/ww2.elsnordic.com\/godmorgon\/index.php?rest_route=\/wp\/v2\/pages\/11"}],"collection":[{"href":"https:\/\/ww2.elsnordic.com\/godmorgon\/index.php?rest_route=\/wp\/v2\/pages"}],"about":[{"href":"https:\/\/ww2.elsnordic.com\/godmorgon\/index.php?rest_route=\/wp\/v2\/types\/page"}],"author":[{"embeddable":true,"href":"https:\/\/ww2.elsnordic.com\/godmorgon\/index.php?rest_route=\/wp\/v2\/users\/3"}],"replies":[{"embeddable":true,"href":"https:\/\/ww2.elsnordic.com\/godmorgon\/index.php?rest_route=%2Fwp%2Fv2%2Fcomments&post=11"}],"version-history":[{"count":45,"href":"https:\/\/ww2.elsnordic.com\/godmorgon\/index.php?rest_route=\/wp\/v2\/pages\/11\/revisions"}],"predecessor-version":[{"id":842,"href":"https:\/\/ww2.elsnordic.com\/godmorgon\/index.php?rest_route=\/wp\/v2\/pages\/11\/revisions\/842"}],"wp:attachment":[{"href":"https:\/\/ww2.elsnordic.com\/godmorgon\/index.php?rest_route=%2Fwp%2Fv2%2Fmedia&parent=11"}],"curies":[{"name":"wp","href":"https:\/\/api.w.org\/{rel}","templated":true}]}}