{"id":13,"date":"2014-01-28T12:31:52","date_gmt":"2014-01-28T12:31:52","guid":{"rendered":"http:\/\/ww2.elsnordic.com\/godmorgon\/?page_id=13"},"modified":"2014-12-16T13:15:10","modified_gmt":"2014-12-16T13:15:10","slug":"gor-sa-har","status":"publish","type":"page","link":"https:\/\/ww2.elsnordic.com\/godmorgon\/?page_id=13","title":{"rendered":"G\u00f6r s\u00e5 h\u00e4r"},"content":{"rendered":"<div class=\"row\"> <div class=\"col-md-6\">\n<p><strong>1.<\/strong>\u00a0K\u00f6p 2 valfria paket GODMORGON V\u00c4LLING\u00a0fr\u00e5n <a href=\"http:\/\/www.nestle.se\/brands\/godmorgonvalling\">Nestl\u00e9<\/a>.<\/p>\n<p><strong>2.<\/strong>\u00a0Fyll i dina kontaktuppgifter p\u00e5 kupongen som du hittar hos de flesta st\u00f6rre \u00e5terf\u00f6rs\u00e4ljare i Sverige och l\u00e4gg den tillsammans med kvittona p\u00e5 dina 2 paket GODMORGON V\u00c4LLING\u00a0i ett kuvert och skicka till:<\/p>\n<p>European Loyalty Systems AB<br \/>\nM\u00f6lndalsv\u00e4gen 91<br \/>\n412 63 G\u00f6teborg<\/p>\n<p>M\u00e4rk kuvertet \u201dGodmorgon\u201d.<\/p>\n<p><strong>Eller&#8230;<\/strong><\/p>\n<p><a title=\"registrera\" href=\"http:\/\/godmorgon.elscampaign.com\/\" target=\"_blank\">Klicka h\u00e4r<\/a> och registrera dina uppgifter och streckkoder p\u00e5 de 2 paket GODMORGON V\u00c4LLING\u00a0du har k\u00f6pt. Dina uppgifter ska vara oss tillhanda senast den 15\u00a0april 2015 och du kan endast v\u00e4lja ett av registreringsalternativen.<\/p>\n<p><strong>3.<\/strong> Inom 14 dagar fr\u00e5n att vi mottagit ditt kuvert eller din registrering, kommer ELS att skicka ut ett v\u00e4rdebevis till dig via E-mail. Detta ber\u00e4ttigar dig till \u201d2 f\u00f6r 1\u201d p\u00e5 en avkopplande hotellweekend. Se medverkande hotell <a href=\"http:\/\/ww2.elsnordic.com\/godmorgon\/?page_id=66\">h\u00e4r.<\/a><\/p>\n<p>Du bokar sedan in din hotellvistelse p\u00e5 egen hand. Vid bokning uppge ditt innehav av Nestl\u00e9s v\u00e4rdebevis f\u00f6r att ta del av erbjudandet.\u00a0Observera att v\u00e4rdebeviset \u00e4r personligt och din vistelse m\u00e5ste ske f\u00f6re <strong>30 juni 2015<\/strong>.\u00a0Sista m\u00f6jliga bokningsdag \u00e4r <strong>15 juni 2015<\/strong>.<br \/>\n<\/div><div class=\"col-md-6\">\n<p>&nbsp;<\/p>\n<p><a href=\"http:\/\/ww2.elsnordic.com\/godmorgon\/wp-content\/uploads\/sites\/18\/2014\/01\/gorsahar_bilder2.png\" rel=\"lightbox\" ><img loading=\"lazy\" class=\"alignleft size-full wp-image-413\" src=\"http:\/\/ww2.elsnordic.com\/godmorgon\/wp-content\/uploads\/sites\/18\/2014\/01\/gorsahar_bilder2.png\" alt=\"gorsahar_bilder2\" width=\"830\" height=\"500\" data-id=\"413\" srcset=\"https:\/\/ww2.elsnordic.com\/godmorgon\/wp-content\/uploads\/sites\/18\/2014\/01\/gorsahar_bilder2.png 830w, https:\/\/ww2.elsnordic.com\/godmorgon\/wp-content\/uploads\/sites\/18\/2014\/01\/gorsahar_bilder2-300x180.png 300w\" sizes=\"(max-width: 830px) 100vw, 830px\" \/><\/a><\/p>\n<p>&nbsp;<\/p>\n<p>&nbsp;<\/p>\n<p>&nbsp;<\/p>\n<\/div><\/div>\n<p>&nbsp;<\/p>\n<p>&nbsp;<\/p>\n","protected":false},"excerpt":{"rendered":"<p>&nbsp; &nbsp;<\/p>\n","protected":false},"author":3,"featured_media":0,"parent":0,"menu_order":0,"comment_status":"closed","ping_status":"closed","template":"page-fullwidth.php","meta":[],"_links":{"self":[{"href":"https:\/\/ww2.elsnordic.com\/godmorgon\/index.php?rest_route=\/wp\/v2\/pages\/13"}],"collection":[{"href":"https:\/\/ww2.elsnordic.com\/godmorgon\/index.php?rest_route=\/wp\/v2\/pages"}],"about":[{"href":"https:\/\/ww2.elsnordic.com\/godmorgon\/index.php?rest_route=\/wp\/v2\/types\/page"}],"author":[{"embeddable":true,"href":"https:\/\/ww2.elsnordic.com\/godmorgon\/index.php?rest_route=\/wp\/v2\/users\/3"}],"replies":[{"embeddable":true,"href":"https:\/\/ww2.elsnordic.com\/godmorgon\/index.php?rest_route=%2Fwp%2Fv2%2Fcomments&post=13"}],"version-history":[{"count":86,"href":"https:\/\/ww2.elsnordic.com\/godmorgon\/index.php?rest_route=\/wp\/v2\/pages\/13\/revisions"}],"predecessor-version":[{"id":840,"href":"https:\/\/ww2.elsnordic.com\/godmorgon\/index.php?rest_route=\/wp\/v2\/pages\/13\/revisions\/840"}],"wp:attachment":[{"href":"https:\/\/ww2.elsnordic.com\/godmorgon\/index.php?rest_route=%2Fwp%2Fv2%2Fmedia&parent=13"}],"curies":[{"name":"wp","href":"https:\/\/api.w.org\/{rel}","templated":true}]}}